{"id":1774,"date":"2019-05-06T09:40:31","date_gmt":"2019-05-06T09:40:31","guid":{"rendered":"https:\/\/arionapools.com\/expert"},"modified":"2019-06-09T15:04:35","modified_gmt":"2019-06-09T15:04:35","slug":"expert","status":"publish","type":"page","link":"https:\/\/arionapools.com\/en\/expert\/","title":{"rendered":"Expert"},"content":{"rendered":"<div id='av_section_1'  class='avia-section main_color avia-section-default avia-no-border-styling  avia-bg-style-scroll  avia-builder-el-0  el_before_av_section  avia-builder-el-first   container_wrap sidebar_right' style=' '  ><div class='container' ><main  role=\"main\" itemprop=\"mainContentOfPage\"  class='template-page content  av-content-small alpha units'><div class='post-entry post-entry-type-page post-entry-1774'><div class='entry-content-wrapper clearfix'>\n<div class=\"flex_column av_three_fifth  flex_column_div av-zero-column-padding first  avia-builder-el-1  el_before_av_two_fifth  avia-builder-el-first  \" style='border-radius:0px; '><section class=\"av_textblock_section \"  itemscope=\"itemscope\" itemtype=\"https:\/\/schema.org\/CreativeWork\" ><div class='avia_textblock  '   itemprop=\"text\" ><h1>Expert<\/h1>\n<p><strong>SELF PRIMING PUMP FOR SWIMMING POOLS<\/strong><\/p>\n<\/div><\/section><br \/>\n<div  style=' margin-top:0px; margin-bottom:10px;'  class='hr hr-custom hr-center hr-icon-no   avia-builder-el-3  el_after_av_textblock  el_before_av_textblock '><span class='hr-inner  inner-border-av-border-thin' style=' width:100%; border-color:#4488f5;' ><span class='hr-inner-style'><\/span><\/span><\/div><br \/>\n<section class=\"av_textblock_section \"  itemscope=\"itemscope\" itemtype=\"https:\/\/schema.org\/CreativeWork\" ><div class='avia_textblock  '   itemprop=\"text\" ><h4 class=\"p1\"><strong>CHARACTERISTICS<\/strong><\/h4>\n<\/div><\/section><br \/>\n<div  style=' margin-top:0px; margin-bottom:10px;'  class='hr hr-custom hr-center hr-icon-no   avia-builder-el-5  el_after_av_textblock  el_before_av_textblock '><span class='hr-inner  inner-border-av-border-thin' style=' width:100%; border-color:#4488f5;' ><span class='hr-inner-style'><\/span><\/span><\/div><br \/>\n<section class=\"av_textblock_section \"  itemscope=\"itemscope\" itemtype=\"https:\/\/schema.org\/CreativeWork\" ><div class='avia_textblock  '   itemprop=\"text\" ><p><strong>Electrical self priming pump for pools with large pre-filter. A filter with a transparent, polycarbonate lid with butterfly screws. Includes fittings kit for gluing. Pump casing, pump casing lid and diffuser in polypropylene, resistant to the chemical products and reinforced with glass fibre. Shaft in stainless steel AISI-316. Noryl impeller. Mechanical seal in stainless steel AISI-316 (ready to work with sea water). Bolts in AISI 304 Stainless Steel.<\/strong><\/p>\n<ul>\n<li><strong> Female threat of 2\u201d.<\/strong><\/li>\n<li><strong> Connection for PVC pipe \u00d8 63 to glue.<\/strong><\/li>\n<\/ul>\n<p><strong>Motor:<\/strong><\/p>\n<ul>\n<li><strong> Standard asynchronous motor, external ventilation.<\/strong><\/li>\n<li><strong> Protection IP-55. 50-60 Hz.<\/strong><\/li>\n<li><strong> Class F insulation.<\/strong><\/li>\n<\/ul>\n<\/div><\/section><\/p><\/div><div class=\"flex_column av_two_fifth  flex_column_div av-zero-column-padding   avia-builder-el-7  el_after_av_three_fifth  el_before_av_hr  \" style='border-radius:0px; '><p><div  class='avia-gallery  avia-gallery-1 avia_lazyload avia-gallery-animate avia_animate_when_visible  avia-builder-el-8  el_before_av_hr  avia-builder-el-first '  itemprop=\"image\" itemscope=\"itemscope\" itemtype=\"https:\/\/schema.org\/ImageObject\" ><a class='avia-gallery-big fakeLightbox lightbox avia-gallery-big-crop-thumb ' href='https:\/\/arionapools.com\/wp-content\/uploads\/2019\/05\/Expert_Ariona-Pools.png'  data-onclick='1' title='Expert_Ariona Pools' ><span class='avia-gallery-big-inner'  itemprop=\"thumbnailUrl\" ><img decoding=\"async\" class=\"wp-image-1368 avia-img-lazy-loading-not-1368\"  width=\"800\" height=\"600\" src=\"https:\/\/arionapools.com\/wp-content\/uploads\/2019\/05\/Expert_Ariona-Pools.png\" title='Expert_Ariona Pools' alt='' srcset=\"https:\/\/arionapools.com\/wp-content\/uploads\/2019\/05\/Expert_Ariona-Pools.png 800w, https:\/\/arionapools.com\/wp-content\/uploads\/2019\/05\/Expert_Ariona-Pools-300x225.png 300w, https:\/\/arionapools.com\/wp-content\/uploads\/2019\/05\/Expert_Ariona-Pools-768x576.png 768w, https:\/\/arionapools.com\/wp-content\/uploads\/2019\/05\/Expert_Ariona-Pools-705x529.png 705w, https:\/\/arionapools.com\/wp-content\/uploads\/2019\/05\/Expert_Ariona-Pools-450x338.png 450w\" sizes=\"(max-width: 800px) 100vw, 800px\" \/><\/span><\/a><div class='avia-gallery-thumb'> <a href='https:\/\/arionapools.com\/wp-content\/uploads\/2019\/05\/Expert_Ariona-Pools.png' data-rel='gallery-1' data-prev-img='https:\/\/arionapools.com\/wp-content\/uploads\/2019\/05\/Expert_Ariona-Pools.png' class='first_thumb lightbox ' data-onclick='1' title='Expert_Ariona Pools'  itemprop=\"thumbnailUrl\"  ><img decoding=\"async\" class=\"wp-image-1368 avia-img-lazy-loading-not-1368\"   src=\"https:\/\/arionapools.com\/wp-content\/uploads\/2019\/05\/Expert_Ariona-Pools.png\" width=\"800\" height=\"600\"  title='Expert_Ariona Pools' alt='' srcset=\"https:\/\/arionapools.com\/wp-content\/uploads\/2019\/05\/Expert_Ariona-Pools.png 800w, https:\/\/arionapools.com\/wp-content\/uploads\/2019\/05\/Expert_Ariona-Pools-300x225.png 300w, https:\/\/arionapools.com\/wp-content\/uploads\/2019\/05\/Expert_Ariona-Pools-768x576.png 768w, https:\/\/arionapools.com\/wp-content\/uploads\/2019\/05\/Expert_Ariona-Pools-705x529.png 705w, https:\/\/arionapools.com\/wp-content\/uploads\/2019\/05\/Expert_Ariona-Pools-450x338.png 450w\" sizes=\"(max-width: 800px) 100vw, 800px\" \/><\/a> <a href='https:\/\/arionapools.com\/wp-content\/uploads\/2019\/04\/Sello-IE3_ArionaPools.jpg' data-rel='gallery-1' data-prev-img='https:\/\/arionapools.com\/wp-content\/uploads\/2019\/04\/Sello-IE3_ArionaPools.jpg' class='lightbox ' data-onclick='2' title='Sello IE3_ArionaPools'  itemprop=\"thumbnailUrl\"  ><img decoding=\"async\" class=\"wp-image-1100 avia-img-lazy-loading-not-1100\"   src=\"https:\/\/arionapools.com\/wp-content\/uploads\/2019\/04\/Sello-IE3_ArionaPools.jpg\" width=\"800\" height=\"600\"  title='Sello IE3_ArionaPools' alt='' srcset=\"https:\/\/arionapools.com\/wp-content\/uploads\/2019\/04\/Sello-IE3_ArionaPools.jpg 800w, https:\/\/arionapools.com\/wp-content\/uploads\/2019\/04\/Sello-IE3_ArionaPools-300x225.jpg 300w, https:\/\/arionapools.com\/wp-content\/uploads\/2019\/04\/Sello-IE3_ArionaPools-768x576.jpg 768w, https:\/\/arionapools.com\/wp-content\/uploads\/2019\/04\/Sello-IE3_ArionaPools-705x529.jpg 705w, https:\/\/arionapools.com\/wp-content\/uploads\/2019\/04\/Sello-IE3_ArionaPools-450x338.jpg 450w\" sizes=\"(max-width: 800px) 100vw, 800px\" \/><\/a><\/div><\/div><br \/>\n<div  style='height:50px' class='hr hr-invisible   avia-builder-el-9  el_after_av_gallery  avia-builder-el-last '><span class='hr-inner ' ><span class='hr-inner-style'><\/span><\/span><\/div><\/p><\/div><div  style='height:50px' class='hr hr-invisible   avia-builder-el-10  el_after_av_two_fifth  el_before_av_one_full '><span class='hr-inner ' ><span class='hr-inner-style'><\/span><\/span><\/div>\n<div class=\"flex_column av_one_full  flex_column_div av-zero-column-padding first  avia-builder-el-11  el_after_av_hr  avia-builder-el-last  \" style='border-radius:0px; '><p><div  class='avia-image-container  av-styling-    avia-builder-el-12  el_before_av_image  avia-builder-el-first  avia-align-center '  itemprop=\"image\" itemscope=\"itemscope\" itemtype=\"https:\/\/schema.org\/ImageObject\"  ><div class='avia-image-container-inner'><div class='avia-image-overlay-wrap'><a href='https:\/\/arionapools.com\/wp-content\/uploads\/2019\/05\/3.-EXPERT-A-1030x631.png' class='avia_image'  ><img decoding=\"async\" width=\"1032\" height=\"632\" class='wp-image-1484 avia-img-lazy-loading-not-1484 avia_image' src=\"https:\/\/arionapools.com\/wp-content\/uploads\/2019\/05\/3.-EXPERT-A.png\" alt='' title='3. EXPERT A'  itemprop=\"thumbnailUrl\" srcset=\"https:\/\/arionapools.com\/wp-content\/uploads\/2019\/05\/3.-EXPERT-A.png 1032w, https:\/\/arionapools.com\/wp-content\/uploads\/2019\/05\/3.-EXPERT-A-300x184.png 300w, https:\/\/arionapools.com\/wp-content\/uploads\/2019\/05\/3.-EXPERT-A-768x470.png 768w, https:\/\/arionapools.com\/wp-content\/uploads\/2019\/05\/3.-EXPERT-A-1030x631.png 1030w, https:\/\/arionapools.com\/wp-content\/uploads\/2019\/05\/3.-EXPERT-A-705x432.png 705w, https:\/\/arionapools.com\/wp-content\/uploads\/2019\/05\/3.-EXPERT-A-450x276.png 450w\" sizes=\"(max-width: 1032px) 100vw, 1032px\" \/><\/a><\/div><\/div><\/div><br \/>\n<div  class='avia-image-container  av-styling-    avia-builder-el-13  el_after_av_image  avia-builder-el-last  avia-align-center '  itemprop=\"image\" itemscope=\"itemscope\" itemtype=\"https:\/\/schema.org\/ImageObject\"  ><div class='avia-image-container-inner'><div class='avia-image-overlay-wrap'><a href='https:\/\/arionapools.com\/wp-content\/uploads\/2019\/05\/3.-EXPERT-B.png' class='avia_image'  ><img decoding=\"async\" width=\"1029\" height=\"563\" class='wp-image-1487 avia-img-lazy-loading-not-1487 avia_image' src=\"https:\/\/arionapools.com\/wp-content\/uploads\/2019\/05\/3.-EXPERT-B.png\" alt='' title='3. EXPERT B'  itemprop=\"thumbnailUrl\" srcset=\"https:\/\/arionapools.com\/wp-content\/uploads\/2019\/05\/3.-EXPERT-B.png 1029w, https:\/\/arionapools.com\/wp-content\/uploads\/2019\/05\/3.-EXPERT-B-300x164.png 300w, https:\/\/arionapools.com\/wp-content\/uploads\/2019\/05\/3.-EXPERT-B-768x420.png 768w, https:\/\/arionapools.com\/wp-content\/uploads\/2019\/05\/3.-EXPERT-B-705x386.png 705w, https:\/\/arionapools.com\/wp-content\/uploads\/2019\/05\/3.-EXPERT-B-450x246.png 450w\" sizes=\"(max-width: 1029px) 100vw, 1029px\" \/><\/a><\/div><\/div><\/div><\/p><\/div><\/div><\/div><\/main><!-- close content main element --><\/div><\/div><div id='av_section_2'  class='avia-section main_color avia-section-default avia-no-border-styling  avia-full-stretch av-parallax-section avia-bg-style-parallax  avia-builder-el-14  el_after_av_section  avia-builder-el-last   container_wrap sidebar_right' style=' '  data-section-bg-repeat='stretch'><div class='av-parallax' data-avia-parallax-ratio='0.3' ><div class='av-parallax-inner main_color  avia-full-stretch' style = 'background-repeat: no-repeat; background-image: url(https:\/\/arionapools.com\/wp-content\/uploads\/2019\/03\/Ariona-Pools_Slider_01.jpg);background-attachment: scroll; background-position: center center; ' ><\/div><\/div><div class='container' ><div class='template-page content  av-content-small alpha units'><div class='post-entry post-entry-type-page post-entry-1774'><div class='entry-content-wrapper clearfix'>\n<div  style='height:400px' class='hr hr-invisible   avia-builder-el-15  avia-builder-el-no-sibling '><span class='hr-inner ' ><span class='hr-inner-style'><\/span><\/span><\/div>\n<\/div><\/div><\/div><!-- close content main div --><\/div><\/div><div id='after_section_2'  class='main_color av_default_container_wrap container_wrap sidebar_right' style=' '  ><div class='container' ><div class='template-page content  av-content-small alpha units'><div class='post-entry post-entry-type-page post-entry-1774'><div class='entry-content-wrapper clearfix'><\/p>\n","protected":false},"excerpt":{"rendered":"<p>Electrobomba autoaspirante para piscinas, con prefiltro incorporado de grandes dimensiones. Filtro con tapa transparente en policarbonato. Cuerpo bomba, disco portasello y difusor en polipropileno resistente a los productos qu\u00edmicos y reforzado con fibra de vidrio. Eje en acero inoxidable AISI-316. Turbina en Noryl. Tapa transparente en policarbonato. Cierre mec\u00e1nico en carb\u00f3n-cer\u00e1mica y acero inoxidable AISI 316. Torniller\u00eda en Acero Inoxidable AISI 304.<\/p>\n","protected":false},"author":1,"featured_media":1368,"parent":0,"menu_order":0,"comment_status":"closed","ping_status":"closed","template":"","meta":{"footnotes":""},"class_list":["post-1774","page","type-page","status-publish","has-post-thumbnail","hentry"],"_links":{"self":[{"href":"https:\/\/arionapools.com\/en\/wp-json\/wp\/v2\/pages\/1774","targetHints":{"allow":["GET"]}}],"collection":[{"href":"https:\/\/arionapools.com\/en\/wp-json\/wp\/v2\/pages"}],"about":[{"href":"https:\/\/arionapools.com\/en\/wp-json\/wp\/v2\/types\/page"}],"author":[{"embeddable":true,"href":"https:\/\/arionapools.com\/en\/wp-json\/wp\/v2\/users\/1"}],"replies":[{"embeddable":true,"href":"https:\/\/arionapools.com\/en\/wp-json\/wp\/v2\/comments?post=1774"}],"version-history":[{"count":5,"href":"https:\/\/arionapools.com\/en\/wp-json\/wp\/v2\/pages\/1774\/revisions"}],"predecessor-version":[{"id":2367,"href":"https:\/\/arionapools.com\/en\/wp-json\/wp\/v2\/pages\/1774\/revisions\/2367"}],"wp:featuredmedia":[{"embeddable":true,"href":"https:\/\/arionapools.com\/en\/wp-json\/wp\/v2\/media\/1368"}],"wp:attachment":[{"href":"https:\/\/arionapools.com\/en\/wp-json\/wp\/v2\/media?parent=1774"}],"curies":[{"name":"wp","href":"https:\/\/api.w.org\/{rel}","templated":true}]}}