{"id":5679,"date":"2026-04-09T11:47:28","date_gmt":"2026-04-09T10:47:28","guid":{"rendered":"https:\/\/arionapools.com\/dt-b\/"},"modified":"2026-04-09T12:44:14","modified_gmt":"2026-04-09T11:44:14","slug":"dt-b","status":"publish","type":"page","link":"https:\/\/arionapools.com\/en\/dt-b\/","title":{"rendered":"DT Range"},"content":{"rendered":"<div id='av_section_1'  class='avia-section main_color avia-section-default avia-no-border-styling  avia-bg-style-scroll  avia-builder-el-0  el_before_av_section  avia-builder-el-first   container_wrap sidebar_right' style=' '  ><div class='container' ><main  role=\"main\" itemprop=\"mainContentOfPage\"  class='template-page content  av-content-small alpha units'><div class='post-entry post-entry-type-page post-entry-5679'><div class='entry-content-wrapper clearfix'>\n<div class=\"flex_column av_three_fifth  flex_column_div av-zero-column-padding first  avia-builder-el-1  el_before_av_two_fifth  avia-builder-el-first  \" style='border-radius:0px; '><section class=\"av_textblock_section \"  itemscope=\"itemscope\" itemtype=\"https:\/\/schema.org\/CreativeWork\" ><div class='avia_textblock  '   itemprop=\"text\" ><h1>DT Electric Cleaners Range<\/h1>\n<\/div><\/section><br \/>\n<div  style=' margin-top:0px; margin-bottom:10px;'  class='hr hr-custom hr-center hr-icon-no   avia-builder-el-3  el_after_av_textblock  el_before_av_textblock '><span class='hr-inner  inner-border-av-border-thin' style=' width:100%; border-color:#4488f5;' ><span class='hr-inner-style'><\/span><\/span><\/div><br \/>\n<section class=\"av_textblock_section \"  itemscope=\"itemscope\" itemtype=\"https:\/\/schema.org\/CreativeWork\" ><div class='avia_textblock  '   itemprop=\"text\" ><h4 class=\"p1\"><strong>CHARACTERISTICS<\/strong><\/h4>\n<\/div><\/section><br \/>\n<div  style=' margin-top:0px; margin-bottom:10px;'  class='hr hr-custom hr-center hr-icon-no   avia-builder-el-5  el_after_av_textblock  el_before_av_textblock '><span class='hr-inner  inner-border-av-border-thin' style=' width:100%; border-color:#4488f5;' ><span class='hr-inner-style'><\/span><\/span><\/div><br \/>\n<section class=\"av_textblock_section \"  itemscope=\"itemscope\" itemtype=\"https:\/\/schema.org\/CreativeWork\" ><div class='avia_textblock  av_inherit_color '  style='color:#5595e8; '  itemprop=\"text\" ><p class=\"cvGsUA direction-ltr align-start para-style-body\"><span class=\"a_GcMg font-feature-liga-off font-feature-clig-off font-feature-calt-off text-decoration-none text-strikethrough-none\">Range of robots derived from underwater robotics, connected wirelessly or via mains power.<br \/>\n<\/span><span class=\"a_GcMg font-feature-liga-off font-feature-clig-off font-feature-calt-off text-decoration-none text-strikethrough-none\">Latest generation lithium-ion battery. 3 to 5 cleaning cycles: Automatic (bottom, walls, waterline), Bottom only, Walls only, ECO, Programming.<\/span><\/p>\n<p>Number of motors: 2 pumps, 1 drive motor. 2 high-powered suction pumps for maximum grip.<br \/>\nFilter basket with dual openings, top and bottom, for easy cleaning.<br \/>\nChlorine and salt resistant.<br \/>\nCompliant with CE and RoHS standards.<br \/>\nProtection rating: IP68.<\/p>\n<p class=\"cvGsUA direction-ltr align-start para-style-body\"><span class=\"a_GcMg font-feature-liga-off font-feature-clig-off font-feature-calt-off text-decoration-none text-strikethrough-none\">Ease of use<\/span><\/p>\n<p class=\"cvGsUA direction-ltr align-start para-style-body\"><span class=\"a_GcMg font-feature-liga-off font-feature-clig-off font-feature-calt-off text-decoration-none text-strikethrough-none\">\u2022 <\/span><span class=\"a_GcMg font-feature-liga-off font-feature-clig-off font-feature-calt-off text-decoration-none text-strikethrough-none\">Very easy cleaning of the filter basket.<\/span><\/p>\n<p class=\"cvGsUA direction-ltr align-start para-style-body\"><span class=\"a_GcMg font-feature-liga-off font-feature-clig-off font-feature-calt-off text-decoration-none text-strikethrough-none\">\u2022 <\/span><span class=\"a_GcMg font-feature-liga-off font-feature-clig-off font-feature-calt-off text-decoration-none text-strikethrough-none\">Connected, control of cleaning cycles via smartphone.<\/span><\/p>\n<\/div><\/section><\/p><\/div><div class=\"flex_column av_two_fifth  flex_column_div av-zero-column-padding   avia-builder-el-7  el_after_av_three_fifth  el_before_av_hr  \" style='border-radius:0px; '><div  class='avia-gallery  avia-gallery-1 avia_lazyload avia-gallery-animate avia_animate_when_visible  avia-builder-el-8  avia-builder-el-no-sibling '  itemprop=\"image\" itemscope=\"itemscope\" itemtype=\"https:\/\/schema.org\/ImageObject\" ><a class='avia-gallery-big fakeLightbox lightbox avia-gallery-big-crop-thumb ' href='https:\/\/arionapools.com\/wp-content\/uploads\/2026\/04\/DT-PRO-F.jpg'  data-onclick='1' title='DT-PRO F' ><span class='avia-gallery-big-inner'  itemprop=\"thumbnailUrl\" ><img decoding=\"async\" class=\"wp-image-5653 avia-img-lazy-loading-not-5653\"  width=\"800\" height=\"600\" src=\"https:\/\/arionapools.com\/wp-content\/uploads\/2026\/04\/DT-PRO-F.jpg\" title='DT-PRO F' alt='' srcset=\"https:\/\/arionapools.com\/wp-content\/uploads\/2026\/04\/DT-PRO-F.jpg 800w, https:\/\/arionapools.com\/wp-content\/uploads\/2026\/04\/DT-PRO-F-300x225.jpg 300w, https:\/\/arionapools.com\/wp-content\/uploads\/2026\/04\/DT-PRO-F-768x576.jpg 768w, https:\/\/arionapools.com\/wp-content\/uploads\/2026\/04\/DT-PRO-F-705x529.jpg 705w\" sizes=\"(max-width: 800px) 100vw, 800px\" \/><\/span><\/a><div class='avia-gallery-thumb'> <a href='https:\/\/arionapools.com\/wp-content\/uploads\/2026\/04\/DT-PRO-F.jpg' data-rel='gallery-1' data-prev-img='https:\/\/arionapools.com\/wp-content\/uploads\/2026\/04\/DT-PRO-F.jpg' class='first_thumb lightbox ' data-onclick='1' title='DT-PRO F'  itemprop=\"thumbnailUrl\"  ><img decoding=\"async\" class=\"wp-image-5653 avia-img-lazy-loading-not-5653\"   src=\"https:\/\/arionapools.com\/wp-content\/uploads\/2026\/04\/DT-PRO-F.jpg\" width=\"800\" height=\"600\"  title='DT-PRO F' alt='' srcset=\"https:\/\/arionapools.com\/wp-content\/uploads\/2026\/04\/DT-PRO-F.jpg 800w, https:\/\/arionapools.com\/wp-content\/uploads\/2026\/04\/DT-PRO-F-300x225.jpg 300w, https:\/\/arionapools.com\/wp-content\/uploads\/2026\/04\/DT-PRO-F-768x576.jpg 768w, https:\/\/arionapools.com\/wp-content\/uploads\/2026\/04\/DT-PRO-F-705x529.jpg 705w\" sizes=\"(max-width: 800px) 100vw, 800px\" \/><\/a> <a href='https:\/\/arionapools.com\/wp-content\/uploads\/2026\/04\/DT-B.jpg' data-rel='gallery-1' data-prev-img='https:\/\/arionapools.com\/wp-content\/uploads\/2026\/04\/DT-B.jpg' class='lightbox ' data-onclick='2' title='DT-B'  itemprop=\"thumbnailUrl\"  ><img decoding=\"async\" class=\"wp-image-5650 avia-img-lazy-loading-not-5650\"   src=\"https:\/\/arionapools.com\/wp-content\/uploads\/2026\/04\/DT-B.jpg\" width=\"800\" height=\"600\"  title='DT-B' alt='' srcset=\"https:\/\/arionapools.com\/wp-content\/uploads\/2026\/04\/DT-B.jpg 800w, https:\/\/arionapools.com\/wp-content\/uploads\/2026\/04\/DT-B-300x225.jpg 300w, https:\/\/arionapools.com\/wp-content\/uploads\/2026\/04\/DT-B-768x576.jpg 768w, https:\/\/arionapools.com\/wp-content\/uploads\/2026\/04\/DT-B-705x529.jpg 705w\" sizes=\"(max-width: 800px) 100vw, 800px\" \/><\/a><\/div><\/div><\/div><div  style='height:50px' class='hr hr-invisible   avia-builder-el-9  el_after_av_two_fifth  el_before_av_one_third '><span class='hr-inner ' ><span class='hr-inner-style'><\/span><\/span><\/div>\n<div class=\"flex_column av_one_third  flex_column_div av-zero-column-padding first  avia-builder-el-10  el_after_av_hr  el_before_av_two_third  \" style='border-radius:0px; '><p><section class=\"av_textblock_section \"  itemscope=\"itemscope\" itemtype=\"https:\/\/schema.org\/CreativeWork\" ><div class='avia_textblock  '   itemprop=\"text\" ><p><strong>DATOS T\u00c9CNICOS<\/strong><\/p>\n<p><strong>TECHNICAL DATA<\/strong><\/p>\n<p><strong>DONN\u00c9ES TECHNIQUES<\/strong><\/p>\n<\/div><\/section><br \/>\n<div  style=' margin-top:0px; margin-bottom:10px;'  class='hr hr-custom hr-center hr-icon-no   avia-builder-el-12  el_after_av_textblock  avia-builder-el-last '><span class='hr-inner  inner-border-av-border-thin' style=' width:100%; border-color:#4488f5;' ><span class='hr-inner-style'><\/span><\/span><\/div><\/p><\/div><div class=\"flex_column av_two_third  flex_column_div av-zero-column-padding   avia-builder-el-13  el_after_av_one_third  avia-builder-el-last  \" style='border-radius:0px; '><div  class='avia-image-container  av-styling-    avia-builder-el-14  avia-builder-el-no-sibling  avia-align-center '  itemprop=\"image\" itemscope=\"itemscope\" itemtype=\"https:\/\/schema.org\/ImageObject\"  ><div class='avia-image-container-inner'><div class='avia-image-overlay-wrap'><a href='https:\/\/arionapools.com\/wp-content\/uploads\/2026\/04\/DATOS-TECNICOS-LIMPIADORES-DT-2.jpg' class='avia_image'  ><img decoding=\"async\" width=\"750\" height=\"850\" class='wp-image-5671 avia-img-lazy-loading-not-5671 avia_image' src=\"https:\/\/arionapools.com\/wp-content\/uploads\/2026\/04\/DATOS-TECNICOS-LIMPIADORES-DT-2.jpg\" alt='' title='DATOS TE\u0301CNICOS LIMPIADORES DT (2)'  itemprop=\"thumbnailUrl\" srcset=\"https:\/\/arionapools.com\/wp-content\/uploads\/2026\/04\/DATOS-TECNICOS-LIMPIADORES-DT-2.jpg 750w, https:\/\/arionapools.com\/wp-content\/uploads\/2026\/04\/DATOS-TECNICOS-LIMPIADORES-DT-2-265x300.jpg 265w, https:\/\/arionapools.com\/wp-content\/uploads\/2026\/04\/DATOS-TECNICOS-LIMPIADORES-DT-2-622x705.jpg 622w\" sizes=\"(max-width: 750px) 100vw, 750px\" \/><\/a><\/div><\/div><\/div><\/div><\/div><\/div><\/main><!-- close content main element --><\/div><\/div><div id='av_section_2'  class='avia-section main_color avia-section-default avia-no-border-styling  avia-full-stretch av-parallax-section avia-bg-style-parallax  avia-builder-el-15  el_after_av_section  avia-builder-el-last   container_wrap sidebar_right' style=' '  data-section-bg-repeat='stretch'><div class='av-parallax' data-avia-parallax-ratio='0.3' ><div class='av-parallax-inner main_color  avia-full-stretch' style = 'background-repeat: no-repeat; background-image: url(https:\/\/arionapools.com\/wp-content\/uploads\/2019\/03\/Ariona-Pools_Slider_01.jpg);background-attachment: scroll; background-position: center center; ' ><\/div><\/div><div class='container' ><div class='template-page content  av-content-small alpha units'><div class='post-entry post-entry-type-page post-entry-5679'><div class='entry-content-wrapper clearfix'>\n<div  style='height:400px' class='hr hr-invisible   avia-builder-el-16  avia-builder-el-no-sibling '><span class='hr-inner ' ><span class='hr-inner-style'><\/span><\/span><\/div>\n<\/div><\/div><\/div><!-- close content main div --><\/div><\/div><div id='after_section_2'  class='main_color av_default_container_wrap container_wrap sidebar_right' style=' '  ><div class='container' ><div class='template-page content  av-content-small alpha units'><div class='post-entry post-entry-type-page post-entry-5679'><div class='entry-content-wrapper clearfix'><\/p>\n","protected":false},"excerpt":{"rendered":"<p>Nueva fuente de alimentaci\u00f3n sellada de alto rendimiento. Eliminaci\u00f3n de ventilaci\u00f3n por aire forzado: gran resistencia a atm\u00f3sferas corrosivas y disminuci\u00f3n notable de aver\u00edas. Nueva interfaz de manejo muy sencillo con pantalla LCD retro-iluminada.<\/p>\n","protected":false},"author":2,"featured_media":5653,"parent":0,"menu_order":0,"comment_status":"closed","ping_status":"closed","template":"","meta":{"footnotes":""},"class_list":["post-5679","page","type-page","status-publish","has-post-thumbnail","hentry"],"_links":{"self":[{"href":"https:\/\/arionapools.com\/en\/wp-json\/wp\/v2\/pages\/5679","targetHints":{"allow":["GET"]}}],"collection":[{"href":"https:\/\/arionapools.com\/en\/wp-json\/wp\/v2\/pages"}],"about":[{"href":"https:\/\/arionapools.com\/en\/wp-json\/wp\/v2\/types\/page"}],"author":[{"embeddable":true,"href":"https:\/\/arionapools.com\/en\/wp-json\/wp\/v2\/users\/2"}],"replies":[{"embeddable":true,"href":"https:\/\/arionapools.com\/en\/wp-json\/wp\/v2\/comments?post=5679"}],"version-history":[{"count":6,"href":"https:\/\/arionapools.com\/en\/wp-json\/wp\/v2\/pages\/5679\/revisions"}],"predecessor-version":[{"id":5695,"href":"https:\/\/arionapools.com\/en\/wp-json\/wp\/v2\/pages\/5679\/revisions\/5695"}],"wp:featuredmedia":[{"embeddable":true,"href":"https:\/\/arionapools.com\/en\/wp-json\/wp\/v2\/media\/5653"}],"wp:attachment":[{"href":"https:\/\/arionapools.com\/en\/wp-json\/wp\/v2\/media?parent=5679"}],"curies":[{"name":"wp","href":"https:\/\/api.w.org\/{rel}","templated":true}]}}