{"id":865,"date":"2019-04-21T17:08:27","date_gmt":"2019-04-21T17:08:27","guid":{"rendered":"https:\/\/arionapools.com\/modelos-industriales"},"modified":"2019-05-31T11:56:38","modified_gmt":"2019-05-31T11:56:38","slug":"comercial-models","status":"publish","type":"page","link":"https:\/\/arionapools.com\/en\/comercial-models\/","title":{"rendered":"Comercial Models"},"content":{"rendered":"<div id='av_section_1'  class='avia-section main_color avia-section-default avia-no-border-styling  avia-bg-style-scroll  avia-builder-el-0  el_before_av_section  avia-builder-el-first   container_wrap sidebar_right' style=' '  ><div class='container' ><main  role=\"main\" itemprop=\"mainContentOfPage\"  class='template-page content  av-content-small alpha units'><div class='post-entry post-entry-type-page post-entry-865'><div class='entry-content-wrapper clearfix'>\n<div class=\"flex_column av_three_fifth  flex_column_div av-zero-column-padding first  avia-builder-el-1  el_before_av_two_fifth  avia-builder-el-first  \" style='border-radius:0px; '><section class=\"av_textblock_section \"  itemscope=\"itemscope\" itemtype=\"https:\/\/schema.org\/CreativeWork\" ><div class='avia_textblock  '   itemprop=\"text\" ><h1><span style=\"font-weight: 400;\">COMMERCIAL MODELS<\/span><\/h1>\n<\/div><\/section><br \/>\n<div  style=' margin-top:0px; margin-bottom:10px;'  class='hr hr-custom hr-center hr-icon-no   avia-builder-el-3  el_after_av_textblock  el_before_av_textblock '><span class='hr-inner  inner-border-av-border-thin' style=' width:100%; border-color:#4488f5;' ><span class='hr-inner-style'><\/span><\/span><\/div><br \/>\n<section class=\"av_textblock_section \"  itemscope=\"itemscope\" itemtype=\"https:\/\/schema.org\/CreativeWork\" ><div class='avia_textblock  '   itemprop=\"text\" ><h4 class=\"p1\"><strong>CHARACTERISTICS<\/strong><\/h4>\n<\/div><\/section><br \/>\n<div  style=' margin-top:0px; margin-bottom:10px;'  class='hr hr-custom hr-center hr-icon-no   avia-builder-el-5  el_after_av_textblock  el_before_av_textblock '><span class='hr-inner  inner-border-av-border-thin' style=' width:100%; border-color:#4488f5;' ><span class='hr-inner-style'><\/span><\/span><\/div><br \/>\n<section class=\"av_textblock_section \"  itemscope=\"itemscope\" itemtype=\"https:\/\/schema.org\/CreativeWork\" ><div class='avia_textblock  '   itemprop=\"text\" ><p><strong>High performance electrochlorinators for intensive commercial exploitation and high capacity (public installations). Waterproof high power performance switch modes, without forced ventilation. Electronics 316 in stainless steel insulated cabinet without air external ventilation, highly resistant to <\/strong><strong>corrosive atmospheres. IP-65. Electronic current control. Temperature and waterflow control. Includes external control with 4-20 mA. Prepared for industrial control by CAN or Profibus bus. Extended salinity range: 500 &#8211; 35.000 ppm seawater.<\/strong><\/p>\n<p><strong>Compact mounting design with integrated cell &amp; housing. Methacrylate electrodes cassette to ease inspection. Reverse polarity cell easily accessible and of a low maintenance. Electrodes of a low current density and long life: 20.000 hours. Includes software and electronics for the optional pH control. Flow switch. Please consult our maintenance plans.<\/strong><\/p>\n<\/div><\/section><\/p><\/div><div class=\"flex_column av_two_fifth  flex_column_div av-zero-column-padding   avia-builder-el-7  el_after_av_three_fifth  el_before_av_hr  \" style='border-radius:0px; '><p><div  class='avia-gallery  avia-gallery-1 avia_lazyload avia-gallery-animate avia_animate_when_visible  avia-builder-el-8  el_before_av_hr  avia-builder-el-first '  itemprop=\"image\" itemscope=\"itemscope\" itemtype=\"https:\/\/schema.org\/ImageObject\" ><a class='avia-gallery-big fakeLightbox lightbox avia-gallery-big-crop-thumb ' href='https:\/\/arionapools.com\/wp-content\/uploads\/2019\/04\/MODELOS-INDUSTRIALES-1-ELECTROCLORACION-SALINA.png'  data-onclick='1' title='MODELOS-INDUSTRIALES-1-ELECTROCLORACION-SALINA' ><span class='avia-gallery-big-inner'  itemprop=\"thumbnailUrl\" ><img decoding=\"async\" class=\"wp-image-853 avia-img-lazy-loading-not-853\"  width=\"800\" height=\"600\" src=\"https:\/\/arionapools.com\/wp-content\/uploads\/2019\/04\/MODELOS-INDUSTRIALES-1-ELECTROCLORACION-SALINA.png\" title='MODELOS-INDUSTRIALES-1-ELECTROCLORACION-SALINA' alt='' srcset=\"https:\/\/arionapools.com\/wp-content\/uploads\/2019\/04\/MODELOS-INDUSTRIALES-1-ELECTROCLORACION-SALINA.png 800w, https:\/\/arionapools.com\/wp-content\/uploads\/2019\/04\/MODELOS-INDUSTRIALES-1-ELECTROCLORACION-SALINA-300x225.png 300w, https:\/\/arionapools.com\/wp-content\/uploads\/2019\/04\/MODELOS-INDUSTRIALES-1-ELECTROCLORACION-SALINA-768x576.png 768w, https:\/\/arionapools.com\/wp-content\/uploads\/2019\/04\/MODELOS-INDUSTRIALES-1-ELECTROCLORACION-SALINA-705x529.png 705w, https:\/\/arionapools.com\/wp-content\/uploads\/2019\/04\/MODELOS-INDUSTRIALES-1-ELECTROCLORACION-SALINA-450x338.png 450w\" sizes=\"(max-width: 800px) 100vw, 800px\" \/><\/span><\/a><div class='avia-gallery-thumb'> <a href='https:\/\/arionapools.com\/wp-content\/uploads\/2019\/04\/MODELOS-INDUSTRIALES-1-ELECTROCLORACION-SALINA.png' data-rel='gallery-1' data-prev-img='https:\/\/arionapools.com\/wp-content\/uploads\/2019\/04\/MODELOS-INDUSTRIALES-1-ELECTROCLORACION-SALINA.png' class='first_thumb lightbox ' data-onclick='1' title='MODELOS-INDUSTRIALES-1-ELECTROCLORACION-SALINA'  itemprop=\"thumbnailUrl\"  ><img decoding=\"async\" class=\"wp-image-853 avia-img-lazy-loading-not-853\"   src=\"https:\/\/arionapools.com\/wp-content\/uploads\/2019\/04\/MODELOS-INDUSTRIALES-1-ELECTROCLORACION-SALINA.png\" width=\"800\" height=\"600\"  title='MODELOS-INDUSTRIALES-1-ELECTROCLORACION-SALINA' alt='' srcset=\"https:\/\/arionapools.com\/wp-content\/uploads\/2019\/04\/MODELOS-INDUSTRIALES-1-ELECTROCLORACION-SALINA.png 800w, https:\/\/arionapools.com\/wp-content\/uploads\/2019\/04\/MODELOS-INDUSTRIALES-1-ELECTROCLORACION-SALINA-300x225.png 300w, https:\/\/arionapools.com\/wp-content\/uploads\/2019\/04\/MODELOS-INDUSTRIALES-1-ELECTROCLORACION-SALINA-768x576.png 768w, https:\/\/arionapools.com\/wp-content\/uploads\/2019\/04\/MODELOS-INDUSTRIALES-1-ELECTROCLORACION-SALINA-705x529.png 705w, https:\/\/arionapools.com\/wp-content\/uploads\/2019\/04\/MODELOS-INDUSTRIALES-1-ELECTROCLORACION-SALINA-450x338.png 450w\" sizes=\"(max-width: 800px) 100vw, 800px\" \/><\/a> <a href='https:\/\/arionapools.com\/wp-content\/uploads\/2019\/04\/MODELOS-INDUSTRIALES-2-ELECTROCLORACION-SALINA.png' data-rel='gallery-1' data-prev-img='https:\/\/arionapools.com\/wp-content\/uploads\/2019\/04\/MODELOS-INDUSTRIALES-2-ELECTROCLORACION-SALINA.png' class='lightbox ' data-onclick='2' title='MODELOS-INDUSTRIALES-2-ELECTROCLORACION-SALINA'  itemprop=\"thumbnailUrl\"  ><img decoding=\"async\" class=\"wp-image-856 avia-img-lazy-loading-not-856\"   src=\"https:\/\/arionapools.com\/wp-content\/uploads\/2019\/04\/MODELOS-INDUSTRIALES-2-ELECTROCLORACION-SALINA.png\" width=\"800\" height=\"600\"  title='MODELOS-INDUSTRIALES-2-ELECTROCLORACION-SALINA' alt='' srcset=\"https:\/\/arionapools.com\/wp-content\/uploads\/2019\/04\/MODELOS-INDUSTRIALES-2-ELECTROCLORACION-SALINA.png 800w, https:\/\/arionapools.com\/wp-content\/uploads\/2019\/04\/MODELOS-INDUSTRIALES-2-ELECTROCLORACION-SALINA-300x225.png 300w, https:\/\/arionapools.com\/wp-content\/uploads\/2019\/04\/MODELOS-INDUSTRIALES-2-ELECTROCLORACION-SALINA-768x576.png 768w, https:\/\/arionapools.com\/wp-content\/uploads\/2019\/04\/MODELOS-INDUSTRIALES-2-ELECTROCLORACION-SALINA-705x529.png 705w, https:\/\/arionapools.com\/wp-content\/uploads\/2019\/04\/MODELOS-INDUSTRIALES-2-ELECTROCLORACION-SALINA-450x338.png 450w\" sizes=\"(max-width: 800px) 100vw, 800px\" \/><\/a> <a href='https:\/\/arionapools.com\/wp-content\/uploads\/2019\/04\/MODELOS-INDUSTRIALES-3-ELECTROCLORACION-SALINA.png' data-rel='gallery-1' data-prev-img='https:\/\/arionapools.com\/wp-content\/uploads\/2019\/04\/MODELOS-INDUSTRIALES-3-ELECTROCLORACION-SALINA.png' class='lightbox ' data-onclick='3' title='MODELOS-INDUSTRIALES-3-ELECTROCLORACION-SALINA'  itemprop=\"thumbnailUrl\"  ><img decoding=\"async\" class=\"wp-image-859 avia-img-lazy-loading-not-859\"   src=\"https:\/\/arionapools.com\/wp-content\/uploads\/2019\/04\/MODELOS-INDUSTRIALES-3-ELECTROCLORACION-SALINA.png\" width=\"800\" height=\"600\"  title='MODELOS-INDUSTRIALES-3-ELECTROCLORACION-SALINA' alt='' srcset=\"https:\/\/arionapools.com\/wp-content\/uploads\/2019\/04\/MODELOS-INDUSTRIALES-3-ELECTROCLORACION-SALINA.png 800w, https:\/\/arionapools.com\/wp-content\/uploads\/2019\/04\/MODELOS-INDUSTRIALES-3-ELECTROCLORACION-SALINA-300x225.png 300w, https:\/\/arionapools.com\/wp-content\/uploads\/2019\/04\/MODELOS-INDUSTRIALES-3-ELECTROCLORACION-SALINA-768x576.png 768w, https:\/\/arionapools.com\/wp-content\/uploads\/2019\/04\/MODELOS-INDUSTRIALES-3-ELECTROCLORACION-SALINA-705x529.png 705w, https:\/\/arionapools.com\/wp-content\/uploads\/2019\/04\/MODELOS-INDUSTRIALES-3-ELECTROCLORACION-SALINA-450x338.png 450w\" sizes=\"(max-width: 800px) 100vw, 800px\" \/><\/a><\/div><\/div><br \/>\n<div  style='height:50px' class='hr hr-invisible   avia-builder-el-9  el_after_av_gallery  avia-builder-el-last '><span class='hr-inner ' ><span class='hr-inner-style'><\/span><\/span><\/div><\/p><\/div><div  style='height:50px' class='hr hr-invisible   avia-builder-el-10  el_after_av_two_fifth  el_before_av_one_third '><span class='hr-inner ' ><span class='hr-inner-style'><\/span><\/span><\/div>\n<div class=\"flex_column av_one_third  flex_column_div av-zero-column-padding first  avia-builder-el-11  el_after_av_hr  el_before_av_two_third  \" style='border-radius:0px; '><p><section class=\"av_textblock_section \"  itemscope=\"itemscope\" itemtype=\"https:\/\/schema.org\/CreativeWork\" ><div class='avia_textblock  '   itemprop=\"text\" ><p><strong>DATOS T\u00c9CNICOS<\/strong><\/p>\n<p><strong>TECHNICAL DATA<\/strong><\/p>\n<p><strong>DONN\u00c9ES TECHNIQUES<\/strong><\/p>\n<\/div><\/section><br \/>\n<div  style=' margin-top:0px; margin-bottom:10px;'  class='hr hr-custom hr-center hr-icon-no   avia-builder-el-13  el_after_av_textblock  avia-builder-el-last '><span class='hr-inner  inner-border-av-border-thin' style=' width:100%; border-color:#4488f5;' ><span class='hr-inner-style'><\/span><\/span><\/div><\/p><\/div><div class=\"flex_column av_two_third  flex_column_div av-zero-column-padding   avia-builder-el-14  el_after_av_one_third  el_before_av_one_full  \" style='border-radius:0px; '><div  class='avia-image-container  av-styling-    avia-builder-el-15  avia-builder-el-no-sibling  avia-align-center '  itemprop=\"image\" itemscope=\"itemscope\" itemtype=\"https:\/\/schema.org\/ImageObject\"  ><div class='avia-image-container-inner'><div class='avia-image-overlay-wrap'><a href='https:\/\/arionapools.com\/wp-content\/uploads\/2019\/05\/4A.MODELOS-INDUSTRIALES-CUADRO-ARIONA-POOLS_WEB-1030x303.png' class='avia_image'  ><img decoding=\"async\" width=\"1234\" height=\"363\" class='wp-image-1620 avia-img-lazy-loading-not-1620 avia_image' src=\"https:\/\/arionapools.com\/wp-content\/uploads\/2019\/05\/4A.MODELOS-INDUSTRIALES-CUADRO-ARIONA-POOLS_WEB.png\" alt='' title='4A.MODELOS-INDUSTRIALES-CUADRO-ARIONA-POOLS_WEB'  itemprop=\"thumbnailUrl\" srcset=\"https:\/\/arionapools.com\/wp-content\/uploads\/2019\/05\/4A.MODELOS-INDUSTRIALES-CUADRO-ARIONA-POOLS_WEB.png 1234w, https:\/\/arionapools.com\/wp-content\/uploads\/2019\/05\/4A.MODELOS-INDUSTRIALES-CUADRO-ARIONA-POOLS_WEB-300x88.png 300w, https:\/\/arionapools.com\/wp-content\/uploads\/2019\/05\/4A.MODELOS-INDUSTRIALES-CUADRO-ARIONA-POOLS_WEB-768x226.png 768w, https:\/\/arionapools.com\/wp-content\/uploads\/2019\/05\/4A.MODELOS-INDUSTRIALES-CUADRO-ARIONA-POOLS_WEB-1030x303.png 1030w, https:\/\/arionapools.com\/wp-content\/uploads\/2019\/05\/4A.MODELOS-INDUSTRIALES-CUADRO-ARIONA-POOLS_WEB-705x207.png 705w, https:\/\/arionapools.com\/wp-content\/uploads\/2019\/05\/4A.MODELOS-INDUSTRIALES-CUADRO-ARIONA-POOLS_WEB-450x132.png 450w\" sizes=\"(max-width: 1234px) 100vw, 1234px\" \/><\/a><\/div><\/div><\/div><\/div><div class=\"flex_column av_one_full  flex_column_div av-zero-column-padding first  avia-builder-el-16  el_after_av_two_third  avia-builder-el-last  column-top-margin\" style='border-radius:0px; '><p><div  class='avia-image-container  av-styling-    avia-builder-el-17  el_before_av_image  avia-builder-el-first  avia-align-center '  itemprop=\"image\" itemscope=\"itemscope\" itemtype=\"https:\/\/schema.org\/ImageObject\"  ><div class='avia-image-container-inner'><div class='avia-image-overlay-wrap'><img decoding=\"async\" class='wp-image-0 avia-img-lazy-loading-not-0 avia_image' src=\"https:\/\/arionapools.com\/wp-content\/uploads\/2019\/04\/BALTICO-A-1030x518.png\" alt='' title=''   itemprop=\"thumbnailUrl\"  \/><\/div><\/div><\/div><br \/>\n<div  class='avia-image-container  av-styling-    avia-builder-el-18  el_after_av_image  el_before_av_image  avia-align-center '  itemprop=\"image\" itemscope=\"itemscope\" itemtype=\"https:\/\/schema.org\/ImageObject\"  ><div class='avia-image-container-inner'><div class='avia-image-overlay-wrap'><a href='https:\/\/arionapools.com\/wp-content\/uploads\/2019\/05\/4B.-MODELOS-INDUSTRIALES-CIRCUITO-ARIONA-POOLS_WEB-1030x649.png' class='avia_image'  ><img decoding=\"async\" width=\"1221\" height=\"769\" class='wp-image-1623 avia-img-lazy-loading-not-1623 avia_image' src=\"https:\/\/arionapools.com\/wp-content\/uploads\/2019\/05\/4B.-MODELOS-INDUSTRIALES-CIRCUITO-ARIONA-POOLS_WEB.png\" alt='' title='4B. MODELOS-INDUSTRIALES-CIRCUITO-ARIONA-POOLS_WEB'  itemprop=\"thumbnailUrl\" srcset=\"https:\/\/arionapools.com\/wp-content\/uploads\/2019\/05\/4B.-MODELOS-INDUSTRIALES-CIRCUITO-ARIONA-POOLS_WEB.png 1221w, https:\/\/arionapools.com\/wp-content\/uploads\/2019\/05\/4B.-MODELOS-INDUSTRIALES-CIRCUITO-ARIONA-POOLS_WEB-300x189.png 300w, https:\/\/arionapools.com\/wp-content\/uploads\/2019\/05\/4B.-MODELOS-INDUSTRIALES-CIRCUITO-ARIONA-POOLS_WEB-768x484.png 768w, https:\/\/arionapools.com\/wp-content\/uploads\/2019\/05\/4B.-MODELOS-INDUSTRIALES-CIRCUITO-ARIONA-POOLS_WEB-1030x649.png 1030w, https:\/\/arionapools.com\/wp-content\/uploads\/2019\/05\/4B.-MODELOS-INDUSTRIALES-CIRCUITO-ARIONA-POOLS_WEB-705x444.png 705w, https:\/\/arionapools.com\/wp-content\/uploads\/2019\/05\/4B.-MODELOS-INDUSTRIALES-CIRCUITO-ARIONA-POOLS_WEB-450x283.png 450w\" sizes=\"(max-width: 1221px) 100vw, 1221px\" \/><\/a><\/div><\/div><\/div><br \/>\n<div  class='avia-image-container  av-styling-    avia-builder-el-19  el_after_av_image  avia-builder-el-last  avia-align-center '  itemprop=\"image\" itemscope=\"itemscope\" itemtype=\"https:\/\/schema.org\/ImageObject\"  ><div class='avia-image-container-inner'><div class='avia-image-overlay-wrap'><a href='https:\/\/arionapools.com\/wp-content\/uploads\/2019\/05\/4C.-MODELOS-INDUSTRIALES-CIRCUITO-ARIONA-POOLS_WEB.png' class='avia_image'  ><img decoding=\"async\" width=\"818\" height=\"618\" class='wp-image-1626 avia-img-lazy-loading-not-1626 avia_image' src=\"https:\/\/arionapools.com\/wp-content\/uploads\/2019\/05\/4C.-MODELOS-INDUSTRIALES-CIRCUITO-ARIONA-POOLS_WEB.png\" alt='' title='4C. MODELOS-INDUSTRIALES-CIRCUITO-ARIONA-POOLS_WEB'  itemprop=\"thumbnailUrl\" srcset=\"https:\/\/arionapools.com\/wp-content\/uploads\/2019\/05\/4C.-MODELOS-INDUSTRIALES-CIRCUITO-ARIONA-POOLS_WEB.png 818w, https:\/\/arionapools.com\/wp-content\/uploads\/2019\/05\/4C.-MODELOS-INDUSTRIALES-CIRCUITO-ARIONA-POOLS_WEB-300x227.png 300w, https:\/\/arionapools.com\/wp-content\/uploads\/2019\/05\/4C.-MODELOS-INDUSTRIALES-CIRCUITO-ARIONA-POOLS_WEB-768x580.png 768w, https:\/\/arionapools.com\/wp-content\/uploads\/2019\/05\/4C.-MODELOS-INDUSTRIALES-CIRCUITO-ARIONA-POOLS_WEB-705x533.png 705w, https:\/\/arionapools.com\/wp-content\/uploads\/2019\/05\/4C.-MODELOS-INDUSTRIALES-CIRCUITO-ARIONA-POOLS_WEB-450x340.png 450w\" sizes=\"(max-width: 818px) 100vw, 818px\" \/><\/a><\/div><\/div><\/div><\/p><\/div><\/div><\/div><\/main><!-- close content main element --><\/div><\/div><div id='av_section_2'  class='avia-section main_color avia-section-default avia-no-border-styling  avia-full-stretch av-parallax-section avia-bg-style-parallax  avia-builder-el-20  el_after_av_section  avia-builder-el-last   container_wrap sidebar_right' style=' '  data-section-bg-repeat='stretch'><div class='av-parallax' data-avia-parallax-ratio='0.3' ><div class='av-parallax-inner main_color  avia-full-stretch' style = 'background-repeat: no-repeat; background-image: url(https:\/\/arionapools.com\/wp-content\/uploads\/2019\/03\/Ariona-Pools_Slider_01.jpg);background-attachment: scroll; background-position: center center; ' ><\/div><\/div><div class='container' ><div class='template-page content  av-content-small alpha units'><div class='post-entry post-entry-type-page post-entry-865'><div class='entry-content-wrapper clearfix'>\n<div  style='height:400px' class='hr hr-invisible   avia-builder-el-21  avia-builder-el-no-sibling '><span class='hr-inner ' ><span class='hr-inner-style'><\/span><\/span><\/div>\n<\/div><\/div><\/div><!-- close content main div --><\/div><\/div><div id='after_section_2'  class='main_color av_default_container_wrap container_wrap sidebar_right' style=' '  ><div class='container' ><div class='template-page content  av-content-small alpha units'><div class='post-entry post-entry-type-page post-entry-865'><div class='entry-content-wrapper clearfix'><\/p>\n","protected":false},"excerpt":{"rendered":"<p>Nueva fuente de alimentaci\u00f3n sellada de alto rendimiento. Eliminaci\u00f3n de ventilaci\u00f3n por aire forzado: gran resistencia a atm\u00f3sferas corrosivas y disminuci\u00f3n notable de aver\u00edas. Nueva interfaz de manejo muy sencillo con pantalla LCD retro-iluminada.<\/p>\n","protected":false},"author":1,"featured_media":856,"parent":0,"menu_order":0,"comment_status":"closed","ping_status":"closed","template":"","meta":{"footnotes":""},"class_list":["post-865","page","type-page","status-publish","has-post-thumbnail","hentry"],"_links":{"self":[{"href":"https:\/\/arionapools.com\/en\/wp-json\/wp\/v2\/pages\/865","targetHints":{"allow":["GET"]}}],"collection":[{"href":"https:\/\/arionapools.com\/en\/wp-json\/wp\/v2\/pages"}],"about":[{"href":"https:\/\/arionapools.com\/en\/wp-json\/wp\/v2\/types\/page"}],"author":[{"embeddable":true,"href":"https:\/\/arionapools.com\/en\/wp-json\/wp\/v2\/users\/1"}],"replies":[{"embeddable":true,"href":"https:\/\/arionapools.com\/en\/wp-json\/wp\/v2\/comments?post=865"}],"version-history":[{"count":7,"href":"https:\/\/arionapools.com\/en\/wp-json\/wp\/v2\/pages\/865\/revisions"}],"predecessor-version":[{"id":2104,"href":"https:\/\/arionapools.com\/en\/wp-json\/wp\/v2\/pages\/865\/revisions\/2104"}],"wp:featuredmedia":[{"embeddable":true,"href":"https:\/\/arionapools.com\/en\/wp-json\/wp\/v2\/media\/856"}],"wp:attachment":[{"href":"https:\/\/arionapools.com\/en\/wp-json\/wp\/v2\/media?parent=865"}],"curies":[{"name":"wp","href":"https:\/\/api.w.org\/{rel}","templated":true}]}}