{"id":964,"date":"2019-04-21T16:54:57","date_gmt":"2019-04-21T16:54:57","guid":{"rendered":"https:\/\/arionapools.com\/modelos-domesticos-ph-wireles"},"modified":"2019-05-31T11:52:39","modified_gmt":"2019-05-31T11:52:39","slug":"domestic-models-ph-wireless","status":"publish","type":"page","link":"https:\/\/arionapools.com\/en\/domestic-models-ph-wireless\/","title":{"rendered":"Domestic models + PH Wireless"},"content":{"rendered":"<div id='av_section_1'  class='avia-section main_color avia-section-default avia-no-border-styling  avia-bg-style-scroll  avia-builder-el-0  el_before_av_section  avia-builder-el-first   container_wrap sidebar_right' style=' '  ><div class='container' ><main  role=\"main\" itemprop=\"mainContentOfPage\"  class='template-page content  av-content-small alpha units'><div class='post-entry post-entry-type-page post-entry-964'><div class='entry-content-wrapper clearfix'>\n<div class=\"flex_column av_three_fifth  flex_column_div av-zero-column-padding first  avia-builder-el-1  el_before_av_two_fifth  avia-builder-el-first  \" style='border-radius:0px; '><section class=\"av_textblock_section \"  itemscope=\"itemscope\" itemtype=\"https:\/\/schema.org\/CreativeWork\" ><div class='avia_textblock  '   itemprop=\"text\" ><h1><span style=\"font-weight: 400;\">DOMESTIC MODELS + PH WIRELESS<\/span><\/h1>\n<\/div><\/section><br \/>\n<div  style=' margin-top:0px; margin-bottom:10px;'  class='hr hr-custom hr-center hr-icon-no   avia-builder-el-3  el_after_av_textblock  el_before_av_textblock '><span class='hr-inner  inner-border-av-border-thin' style=' width:100%; border-color:#4488f5;' ><span class='hr-inner-style'><\/span><\/span><\/div><br \/>\n<section class=\"av_textblock_section \"  itemscope=\"itemscope\" itemtype=\"https:\/\/schema.org\/CreativeWork\" ><div class='avia_textblock  '   itemprop=\"text\" ><h4 class=\"p1\"><strong>CHARACTERISTICS<\/strong><\/h4>\n<\/div><\/section><br \/>\n<div  style=' margin-top:0px; margin-bottom:10px;'  class='hr hr-custom hr-center hr-icon-no   avia-builder-el-5  el_after_av_textblock  el_before_av_textblock '><span class='hr-inner  inner-border-av-border-thin' style=' width:100%; border-color:#4488f5;' ><span class='hr-inner-style'><\/span><\/span><\/div><br \/>\n<section class=\"av_textblock_section \"  itemscope=\"itemscope\" itemtype=\"https:\/\/schema.org\/CreativeWork\" ><div class='avia_textblock  '   itemprop=\"text\" ><p><strong>Chlorinator<\/strong><\/p>\n<p><strong>Sealed power supply of high performance. Elimination of forced air ventilation: high resistance to corrosive atmospheres, notable decrease faults. Easy user interface with Backlit LCD display. Wall mounting with independent stainless steel bracket. Detachable lead plug that allows faster and easier technical service installation. Self cleaning cell. Cell connection without nuts, <\/strong><strong>using thermo rubber waterproof connector.<\/strong><\/p>\n<p><strong>Wireless pump<\/strong><\/p>\n<p><strong>Standalone Wireless controlled longe range dosing pump. Allows its installation move away from the chlorinator or outside the filtration room to avoid damages by the acid. Quick and easy installation. Easy calibration and configuration through the chlorinator LCD. Proportional dosage control. Flow: 4 l\/min. Pressure: 2.5 bar. Acid level control. Manual push button.<\/strong><\/p>\n<\/div><\/section><\/p><\/div><div class=\"flex_column av_two_fifth  flex_column_div av-zero-column-padding   avia-builder-el-7  el_after_av_three_fifth  el_before_av_hr  \" style='border-radius:0px; '><p><div  class='avia-gallery  avia-gallery-1 avia_lazyload avia-gallery-animate avia_animate_when_visible  avia-builder-el-8  el_before_av_hr  avia-builder-el-first '  itemprop=\"image\" itemscope=\"itemscope\" itemtype=\"https:\/\/schema.org\/ImageObject\" ><a class='avia-gallery-big fakeLightbox lightbox avia-gallery-big-crop-thumb ' href='https:\/\/arionapools.com\/wp-content\/uploads\/2019\/04\/MODELOS-DOMESTICOS-PH-WIRELESS-1-ELECTROCLORACION-SALINA.png'  data-onclick='1' title='MODELOS-DOMESTICOS-PH-WIRELESS-1-ELECTROCLORACION-SALINA' ><span class='avia-gallery-big-inner'  itemprop=\"thumbnailUrl\" ><img decoding=\"async\" class=\"wp-image-828 avia-img-lazy-loading-not-828\"  width=\"800\" height=\"600\" src=\"https:\/\/arionapools.com\/wp-content\/uploads\/2019\/04\/MODELOS-DOMESTICOS-PH-WIRELESS-1-ELECTROCLORACION-SALINA.png\" title='MODELOS-DOMESTICOS-PH-WIRELESS-1-ELECTROCLORACION-SALINA' alt='' srcset=\"https:\/\/arionapools.com\/wp-content\/uploads\/2019\/04\/MODELOS-DOMESTICOS-PH-WIRELESS-1-ELECTROCLORACION-SALINA.png 800w, https:\/\/arionapools.com\/wp-content\/uploads\/2019\/04\/MODELOS-DOMESTICOS-PH-WIRELESS-1-ELECTROCLORACION-SALINA-300x225.png 300w, https:\/\/arionapools.com\/wp-content\/uploads\/2019\/04\/MODELOS-DOMESTICOS-PH-WIRELESS-1-ELECTROCLORACION-SALINA-768x576.png 768w, https:\/\/arionapools.com\/wp-content\/uploads\/2019\/04\/MODELOS-DOMESTICOS-PH-WIRELESS-1-ELECTROCLORACION-SALINA-705x529.png 705w, https:\/\/arionapools.com\/wp-content\/uploads\/2019\/04\/MODELOS-DOMESTICOS-PH-WIRELESS-1-ELECTROCLORACION-SALINA-450x338.png 450w\" sizes=\"(max-width: 800px) 100vw, 800px\" \/><\/span><\/a><div class='avia-gallery-thumb'> <a href='https:\/\/arionapools.com\/wp-content\/uploads\/2019\/04\/MODELOS-DOMESTICOS-PH-WIRELESS-1-ELECTROCLORACION-SALINA.png' data-rel='gallery-1' data-prev-img='https:\/\/arionapools.com\/wp-content\/uploads\/2019\/04\/MODELOS-DOMESTICOS-PH-WIRELESS-1-ELECTROCLORACION-SALINA.png' class='first_thumb lightbox ' data-onclick='1' title='MODELOS-DOMESTICOS-PH-WIRELESS-1-ELECTROCLORACION-SALINA'  itemprop=\"thumbnailUrl\"  ><img decoding=\"async\" class=\"wp-image-828 avia-img-lazy-loading-not-828\"   src=\"https:\/\/arionapools.com\/wp-content\/uploads\/2019\/04\/MODELOS-DOMESTICOS-PH-WIRELESS-1-ELECTROCLORACION-SALINA.png\" width=\"800\" height=\"600\"  title='MODELOS-DOMESTICOS-PH-WIRELESS-1-ELECTROCLORACION-SALINA' alt='' srcset=\"https:\/\/arionapools.com\/wp-content\/uploads\/2019\/04\/MODELOS-DOMESTICOS-PH-WIRELESS-1-ELECTROCLORACION-SALINA.png 800w, https:\/\/arionapools.com\/wp-content\/uploads\/2019\/04\/MODELOS-DOMESTICOS-PH-WIRELESS-1-ELECTROCLORACION-SALINA-300x225.png 300w, https:\/\/arionapools.com\/wp-content\/uploads\/2019\/04\/MODELOS-DOMESTICOS-PH-WIRELESS-1-ELECTROCLORACION-SALINA-768x576.png 768w, https:\/\/arionapools.com\/wp-content\/uploads\/2019\/04\/MODELOS-DOMESTICOS-PH-WIRELESS-1-ELECTROCLORACION-SALINA-705x529.png 705w, https:\/\/arionapools.com\/wp-content\/uploads\/2019\/04\/MODELOS-DOMESTICOS-PH-WIRELESS-1-ELECTROCLORACION-SALINA-450x338.png 450w\" sizes=\"(max-width: 800px) 100vw, 800px\" \/><\/a> <a href='https:\/\/arionapools.com\/wp-content\/uploads\/2019\/04\/MODELOS-DOMESTICOS-PH-WIRELESS-2-ELECTROCLORACION-SALINA-ARIONA-POOLS.png' data-rel='gallery-1' data-prev-img='https:\/\/arionapools.com\/wp-content\/uploads\/2019\/04\/MODELOS-DOMESTICOS-PH-WIRELESS-2-ELECTROCLORACION-SALINA-ARIONA-POOLS.png' class='lightbox ' data-onclick='2' title='MODELOS-DOMESTICOS-PH-WIRELESS-2-ELECTROCLORACION-SALINA-ARIONA-POOLS'  itemprop=\"thumbnailUrl\"  ><img decoding=\"async\" class=\"wp-image-831 avia-img-lazy-loading-not-831\"   src=\"https:\/\/arionapools.com\/wp-content\/uploads\/2019\/04\/MODELOS-DOMESTICOS-PH-WIRELESS-2-ELECTROCLORACION-SALINA-ARIONA-POOLS.png\" width=\"800\" height=\"600\"  title='MODELOS-DOMESTICOS-PH-WIRELESS-2-ELECTROCLORACION-SALINA-ARIONA-POOLS' alt='' srcset=\"https:\/\/arionapools.com\/wp-content\/uploads\/2019\/04\/MODELOS-DOMESTICOS-PH-WIRELESS-2-ELECTROCLORACION-SALINA-ARIONA-POOLS.png 800w, https:\/\/arionapools.com\/wp-content\/uploads\/2019\/04\/MODELOS-DOMESTICOS-PH-WIRELESS-2-ELECTROCLORACION-SALINA-ARIONA-POOLS-300x225.png 300w, https:\/\/arionapools.com\/wp-content\/uploads\/2019\/04\/MODELOS-DOMESTICOS-PH-WIRELESS-2-ELECTROCLORACION-SALINA-ARIONA-POOLS-768x576.png 768w, https:\/\/arionapools.com\/wp-content\/uploads\/2019\/04\/MODELOS-DOMESTICOS-PH-WIRELESS-2-ELECTROCLORACION-SALINA-ARIONA-POOLS-705x529.png 705w, https:\/\/arionapools.com\/wp-content\/uploads\/2019\/04\/MODELOS-DOMESTICOS-PH-WIRELESS-2-ELECTROCLORACION-SALINA-ARIONA-POOLS-450x338.png 450w\" sizes=\"(max-width: 800px) 100vw, 800px\" \/><\/a> <a href='https:\/\/arionapools.com\/wp-content\/uploads\/2019\/04\/MODELOS-DOMESTICOS-PH-WIRELESS-3-ELECTROCLORACION-SALINA-ARIONA-POOLS.png' data-rel='gallery-1' data-prev-img='https:\/\/arionapools.com\/wp-content\/uploads\/2019\/04\/MODELOS-DOMESTICOS-PH-WIRELESS-3-ELECTROCLORACION-SALINA-ARIONA-POOLS.png' class='lightbox ' data-onclick='3' title='MODELOS-DOMESTICOS-PH-WIRELESS-3-ELECTROCLORACION-SALINA-ARIONA-POOLS'  itemprop=\"thumbnailUrl\"  ><img decoding=\"async\" class=\"wp-image-834 avia-img-lazy-loading-not-834\"   src=\"https:\/\/arionapools.com\/wp-content\/uploads\/2019\/04\/MODELOS-DOMESTICOS-PH-WIRELESS-3-ELECTROCLORACION-SALINA-ARIONA-POOLS.png\" width=\"800\" height=\"600\"  title='MODELOS-DOMESTICOS-PH-WIRELESS-3-ELECTROCLORACION-SALINA-ARIONA-POOLS' alt='' srcset=\"https:\/\/arionapools.com\/wp-content\/uploads\/2019\/04\/MODELOS-DOMESTICOS-PH-WIRELESS-3-ELECTROCLORACION-SALINA-ARIONA-POOLS.png 800w, https:\/\/arionapools.com\/wp-content\/uploads\/2019\/04\/MODELOS-DOMESTICOS-PH-WIRELESS-3-ELECTROCLORACION-SALINA-ARIONA-POOLS-300x225.png 300w, https:\/\/arionapools.com\/wp-content\/uploads\/2019\/04\/MODELOS-DOMESTICOS-PH-WIRELESS-3-ELECTROCLORACION-SALINA-ARIONA-POOLS-768x576.png 768w, https:\/\/arionapools.com\/wp-content\/uploads\/2019\/04\/MODELOS-DOMESTICOS-PH-WIRELESS-3-ELECTROCLORACION-SALINA-ARIONA-POOLS-705x529.png 705w, https:\/\/arionapools.com\/wp-content\/uploads\/2019\/04\/MODELOS-DOMESTICOS-PH-WIRELESS-3-ELECTROCLORACION-SALINA-ARIONA-POOLS-450x338.png 450w\" sizes=\"(max-width: 800px) 100vw, 800px\" \/><\/a><\/div><\/div><br \/>\n<div  style='height:50px' class='hr hr-invisible   avia-builder-el-9  el_after_av_gallery  avia-builder-el-last '><span class='hr-inner ' ><span class='hr-inner-style'><\/span><\/span><\/div><\/p><\/div><div  style='height:50px' class='hr hr-invisible   avia-builder-el-10  el_after_av_two_fifth  el_before_av_one_third '><span class='hr-inner ' ><span class='hr-inner-style'><\/span><\/span><\/div>\n<div class=\"flex_column av_one_third  flex_column_div av-zero-column-padding first  avia-builder-el-11  el_after_av_hr  el_before_av_two_third  \" style='border-radius:0px; '><p><section class=\"av_textblock_section \"  itemscope=\"itemscope\" itemtype=\"https:\/\/schema.org\/CreativeWork\" ><div class='avia_textblock  '   itemprop=\"text\" ><p><strong>DATOS T\u00c9CNICOS<\/strong><\/p>\n<p><strong>TECHNICAL DATA<\/strong><\/p>\n<p><strong>DONN\u00c9ES TECHNIQUES<\/strong><\/p>\n<\/div><\/section><br \/>\n<div  style=' margin-top:0px; margin-bottom:10px;'  class='hr hr-custom hr-center hr-icon-no   avia-builder-el-13  el_after_av_textblock  avia-builder-el-last '><span class='hr-inner  inner-border-av-border-thin' style=' width:100%; border-color:#4488f5;' ><span class='hr-inner-style'><\/span><\/span><\/div><\/p><\/div><div class=\"flex_column av_two_third  flex_column_div av-zero-column-padding   avia-builder-el-14  el_after_av_one_third  el_before_av_one_full  \" style='border-radius:0px; '><div  class='avia-image-container  av-styling-    avia-builder-el-15  avia-builder-el-no-sibling  avia-align-center '  itemprop=\"image\" itemscope=\"itemscope\" itemtype=\"https:\/\/schema.org\/ImageObject\"  ><div class='avia-image-container-inner'><div class='avia-image-overlay-wrap'><a href='https:\/\/arionapools.com\/wp-content\/uploads\/2019\/05\/2A.MODELO-DOMESTICO-PH-WIRELESS.png' class='avia_image'  ><img decoding=\"async\" width=\"790\" height=\"343\" class='wp-image-1608 avia-img-lazy-loading-not-1608 avia_image' src=\"https:\/\/arionapools.com\/wp-content\/uploads\/2019\/05\/2A.MODELO-DOMESTICO-PH-WIRELESS.png\" alt='' title='2A.MODELO-DOMESTICO-PH-WIRELESS'  itemprop=\"thumbnailUrl\" srcset=\"https:\/\/arionapools.com\/wp-content\/uploads\/2019\/05\/2A.MODELO-DOMESTICO-PH-WIRELESS.png 790w, https:\/\/arionapools.com\/wp-content\/uploads\/2019\/05\/2A.MODELO-DOMESTICO-PH-WIRELESS-300x130.png 300w, https:\/\/arionapools.com\/wp-content\/uploads\/2019\/05\/2A.MODELO-DOMESTICO-PH-WIRELESS-768x333.png 768w, https:\/\/arionapools.com\/wp-content\/uploads\/2019\/05\/2A.MODELO-DOMESTICO-PH-WIRELESS-705x306.png 705w, https:\/\/arionapools.com\/wp-content\/uploads\/2019\/05\/2A.MODELO-DOMESTICO-PH-WIRELESS-450x195.png 450w\" sizes=\"(max-width: 790px) 100vw, 790px\" \/><\/a><\/div><\/div><\/div><\/div><div class=\"flex_column av_one_full  flex_column_div av-zero-column-padding first  avia-builder-el-16  el_after_av_two_third  avia-builder-el-last  column-top-margin\" style='border-radius:0px; '><div  class='avia-image-container  av-styling-    avia-builder-el-17  avia-builder-el-no-sibling  avia-align-center '  itemprop=\"image\" itemscope=\"itemscope\" itemtype=\"https:\/\/schema.org\/ImageObject\"  ><div class='avia-image-container-inner'><div class='avia-image-overlay-wrap'><a href='https:\/\/arionapools.com\/wp-content\/uploads\/2019\/05\/2B.MODELO-DOMESTICO-PH-WIRELESS-1030x349.png' class='avia_image'  ><img decoding=\"async\" width=\"1300\" height=\"440\" class='wp-image-1611 avia-img-lazy-loading-not-1611 avia_image' src=\"https:\/\/arionapools.com\/wp-content\/uploads\/2019\/05\/2B.MODELO-DOMESTICO-PH-WIRELESS.png\" alt='' title='2B.MODELO-DOMESTICO-PH-WIRELESS'  itemprop=\"thumbnailUrl\" srcset=\"https:\/\/arionapools.com\/wp-content\/uploads\/2019\/05\/2B.MODELO-DOMESTICO-PH-WIRELESS.png 1300w, https:\/\/arionapools.com\/wp-content\/uploads\/2019\/05\/2B.MODELO-DOMESTICO-PH-WIRELESS-300x102.png 300w, https:\/\/arionapools.com\/wp-content\/uploads\/2019\/05\/2B.MODELO-DOMESTICO-PH-WIRELESS-768x260.png 768w, https:\/\/arionapools.com\/wp-content\/uploads\/2019\/05\/2B.MODELO-DOMESTICO-PH-WIRELESS-1030x349.png 1030w, https:\/\/arionapools.com\/wp-content\/uploads\/2019\/05\/2B.MODELO-DOMESTICO-PH-WIRELESS-705x239.png 705w, https:\/\/arionapools.com\/wp-content\/uploads\/2019\/05\/2B.MODELO-DOMESTICO-PH-WIRELESS-450x152.png 450w\" sizes=\"(max-width: 1300px) 100vw, 1300px\" \/><\/a><\/div><\/div><\/div><\/div><\/div><\/div><\/main><!-- close content main element --><\/div><\/div><div id='av_section_2'  class='avia-section main_color avia-section-default avia-no-border-styling  avia-full-stretch av-parallax-section avia-bg-style-parallax  avia-builder-el-18  el_after_av_section  avia-builder-el-last   container_wrap sidebar_right' style=' '  data-section-bg-repeat='stretch'><div class='av-parallax' data-avia-parallax-ratio='0.3' ><div class='av-parallax-inner main_color  avia-full-stretch' style = 'background-repeat: no-repeat; background-image: url(https:\/\/arionapools.com\/wp-content\/uploads\/2019\/03\/Ariona-Pools_Slider_01.jpg);background-attachment: scroll; background-position: center center; ' ><\/div><\/div><div class='container' ><div class='template-page content  av-content-small alpha units'><div class='post-entry post-entry-type-page post-entry-964'><div class='entry-content-wrapper clearfix'>\n<div  style='height:400px' class='hr hr-invisible   avia-builder-el-19  avia-builder-el-no-sibling '><span class='hr-inner ' ><span class='hr-inner-style'><\/span><\/span><\/div>\n<\/div><\/div><\/div><!-- close content main div --><\/div><\/div><div id='after_section_2'  class='main_color av_default_container_wrap container_wrap sidebar_right' style=' '  ><div class='container' ><div class='template-page content  av-content-small alpha units'><div class='post-entry post-entry-type-page post-entry-964'><div class='entry-content-wrapper clearfix'><\/p>\n","protected":false},"excerpt":{"rendered":"<p>Nueva fuente de alimentaci\u00f3n sellada de alto rendimiento. Eliminaci\u00f3n de ventilaci\u00f3n por aire forzado: gran resistencia a atm\u00f3sferas corrosivas y disminuci\u00f3n notable de aver\u00edas. Nueva interfaz de manejo muy sencillo con pantalla LCD retro-iluminada.<\/p>\n","protected":false},"author":1,"featured_media":828,"parent":0,"menu_order":0,"comment_status":"closed","ping_status":"closed","template":"","meta":{"footnotes":""},"class_list":["post-964","page","type-page","status-publish","has-post-thumbnail","hentry"],"_links":{"self":[{"href":"https:\/\/arionapools.com\/en\/wp-json\/wp\/v2\/pages\/964","targetHints":{"allow":["GET"]}}],"collection":[{"href":"https:\/\/arionapools.com\/en\/wp-json\/wp\/v2\/pages"}],"about":[{"href":"https:\/\/arionapools.com\/en\/wp-json\/wp\/v2\/types\/page"}],"author":[{"embeddable":true,"href":"https:\/\/arionapools.com\/en\/wp-json\/wp\/v2\/users\/1"}],"replies":[{"embeddable":true,"href":"https:\/\/arionapools.com\/en\/wp-json\/wp\/v2\/comments?post=964"}],"version-history":[{"count":9,"href":"https:\/\/arionapools.com\/en\/wp-json\/wp\/v2\/pages\/964\/revisions"}],"predecessor-version":[{"id":2099,"href":"https:\/\/arionapools.com\/en\/wp-json\/wp\/v2\/pages\/964\/revisions\/2099"}],"wp:featuredmedia":[{"embeddable":true,"href":"https:\/\/arionapools.com\/en\/wp-json\/wp\/v2\/media\/828"}],"wp:attachment":[{"href":"https:\/\/arionapools.com\/en\/wp-json\/wp\/v2\/media?parent=964"}],"curies":[{"name":"wp","href":"https:\/\/api.w.org\/{rel}","templated":true}]}}