{"id":977,"date":"2019-04-21T13:44:19","date_gmt":"2019-04-21T13:44:19","guid":{"rendered":"https:\/\/arionapools.com\/ocean-industrial"},"modified":"2025-10-09T11:28:41","modified_gmt":"2025-10-09T11:28:41","slug":"ocean-industrial","status":"publish","type":"page","link":"https:\/\/arionapools.com\/en\/ocean-industrial\/","title":{"rendered":"Ocean Industrial"},"content":{"rendered":"<div id='av_section_1'  class='avia-section main_color avia-section-default avia-no-border-styling  avia-bg-style-scroll  avia-builder-el-0  el_before_av_section  avia-builder-el-first   container_wrap sidebar_right' style=' '  ><div class='container' ><main  role=\"main\" itemprop=\"mainContentOfPage\"  class='template-page content  av-content-small alpha units'><div class='post-entry post-entry-type-page post-entry-977'><div class='entry-content-wrapper clearfix'>\n<div class=\"flex_column av_three_fifth  flex_column_div av-zero-column-padding first  avia-builder-el-1  el_before_av_two_fifth  avia-builder-el-first  \" style='border-radius:0px; '><section class=\"av_textblock_section \"  itemscope=\"itemscope\" itemtype=\"https:\/\/schema.org\/CreativeWork\" ><div class='avia_textblock  '   itemprop=\"text\" ><h1>Ocean Industrial<\/h1>\n<p class=\"p1\"><b>COMMERCIAL FILTER<\/b><\/p>\n<\/div><\/section><br \/>\n<div  style=' margin-top:0px; margin-bottom:10px;'  class='hr hr-custom hr-center hr-icon-no   avia-builder-el-3  el_after_av_textblock  el_before_av_textblock '><span class='hr-inner  inner-border-av-border-thin' style=' width:100%; border-color:#4488f5;' ><span class='hr-inner-style'><\/span><\/span><\/div><br \/>\n<section class=\"av_textblock_section \"  itemscope=\"itemscope\" itemtype=\"https:\/\/schema.org\/CreativeWork\" ><div class='avia_textblock  '   itemprop=\"text\" ><h4 class=\"p1\"><strong>CHARACTERISTICS<\/strong><\/h4>\n<\/div><\/section><br \/>\n<div  style=' margin-top:0px; margin-bottom:10px;'  class='hr hr-custom hr-center hr-icon-no   avia-builder-el-5  el_after_av_textblock  el_before_av_textblock '><span class='hr-inner  inner-border-av-border-thin' style=' width:100%; border-color:#4488f5;' ><span class='hr-inner-style'><\/span><\/span><\/div><br \/>\n<section class=\"av_textblock_section \"  itemscope=\"itemscope\" itemtype=\"https:\/\/schema.org\/CreativeWork\" ><div class='avia_textblock  '   itemprop=\"text\" ><p><strong>Commercial filter for public pool, made with industrial standards, reinforced fiberglass tank, UV resistant. Equipped as standard with an overpressure safety valve.<\/strong><span style=\"font-weight: 400;\"><br \/>\n<\/span><\/p>\n<ul>\n<li><strong>Filtration bed depth: 1 meter.<\/strong><\/li>\n<li><strong>Top lid diameter 400mm, made in reinforced fiberglass.<\/strong><\/li>\n<li><strong>Drain set dia 75mm. plug 1\u201d.<\/strong><\/li>\n<li><strong>PVC connection flanges.<\/strong><\/li>\n<li><strong>Filter with special ozone treatment available under request.<\/strong><\/li>\n<li><strong>OPTIONAL: 5 ways PVC valve battery with flanges connections.<\/strong><\/li>\n<li><strong>OPTIONAL: Side ManHole FIBHL400 and Sight Glass FIMIR400 (2 units) <\/strong><\/li>\n<\/ul>\n<\/div><\/section><\/p><\/div><div class=\"flex_column av_two_fifth  flex_column_div av-zero-column-padding   avia-builder-el-7  el_after_av_three_fifth  el_before_av_one_full  \" style='border-radius:0px; '><div  class='avia-gallery  avia-gallery-1 avia_lazyload avia-gallery-animate avia_animate_when_visible  avia-builder-el-8  avia-builder-el-no-sibling '  itemprop=\"image\" itemscope=\"itemscope\" itemtype=\"https:\/\/schema.org\/ImageObject\" ><a class='avia-gallery-big fakeLightbox lightbox avia-gallery-big-crop-thumb ' href='https:\/\/arionapools.com\/wp-content\/uploads\/2019\/09\/Ocean_Industrial_Ariona-Pools.jpg'  data-onclick='1' title='Ocean_Industrial_Ariona Pools' ><span class='avia-gallery-big-inner'  itemprop=\"thumbnailUrl\" ><img decoding=\"async\" class=\"wp-image-2567 avia-img-lazy-loading-not-2567\"  width=\"800\" height=\"600\" src=\"https:\/\/arionapools.com\/wp-content\/uploads\/2019\/09\/Ocean_Industrial_Ariona-Pools.jpg\" title='Ocean_Industrial_Ariona Pools' alt='' srcset=\"https:\/\/arionapools.com\/wp-content\/uploads\/2019\/09\/Ocean_Industrial_Ariona-Pools.jpg 800w, https:\/\/arionapools.com\/wp-content\/uploads\/2019\/09\/Ocean_Industrial_Ariona-Pools-300x225.jpg 300w, https:\/\/arionapools.com\/wp-content\/uploads\/2019\/09\/Ocean_Industrial_Ariona-Pools-768x576.jpg 768w, https:\/\/arionapools.com\/wp-content\/uploads\/2019\/09\/Ocean_Industrial_Ariona-Pools-705x529.jpg 705w, https:\/\/arionapools.com\/wp-content\/uploads\/2019\/09\/Ocean_Industrial_Ariona-Pools-600x450.jpg 600w\" sizes=\"(max-width: 800px) 100vw, 800px\" \/><\/span><\/a><div class='avia-gallery-thumb'> <a href='https:\/\/arionapools.com\/wp-content\/uploads\/2019\/09\/Ocean_Industrial_Ariona-Pools.jpg' data-rel='gallery-1' data-prev-img='https:\/\/arionapools.com\/wp-content\/uploads\/2019\/09\/Ocean_Industrial_Ariona-Pools.jpg' class='first_thumb lightbox ' data-onclick='1' title='Ocean_Industrial_Ariona Pools'  itemprop=\"thumbnailUrl\"  ><img decoding=\"async\" class=\"wp-image-2567 avia-img-lazy-loading-not-2567\"   src=\"https:\/\/arionapools.com\/wp-content\/uploads\/2019\/09\/Ocean_Industrial_Ariona-Pools.jpg\" width=\"800\" height=\"600\"  title='Ocean_Industrial_Ariona Pools' alt='' srcset=\"https:\/\/arionapools.com\/wp-content\/uploads\/2019\/09\/Ocean_Industrial_Ariona-Pools.jpg 800w, https:\/\/arionapools.com\/wp-content\/uploads\/2019\/09\/Ocean_Industrial_Ariona-Pools-300x225.jpg 300w, https:\/\/arionapools.com\/wp-content\/uploads\/2019\/09\/Ocean_Industrial_Ariona-Pools-768x576.jpg 768w, https:\/\/arionapools.com\/wp-content\/uploads\/2019\/09\/Ocean_Industrial_Ariona-Pools-705x529.jpg 705w, https:\/\/arionapools.com\/wp-content\/uploads\/2019\/09\/Ocean_Industrial_Ariona-Pools-600x450.jpg 600w\" sizes=\"(max-width: 800px) 100vw, 800px\" \/><\/a> <a href='https:\/\/arionapools.com\/wp-content\/uploads\/2019\/04\/OCEAN-INDUSTRIAL-INDUSTRIALES-BATERIA-ARIONA-POOLS.png' data-rel='gallery-1' data-prev-img='https:\/\/arionapools.com\/wp-content\/uploads\/2019\/04\/OCEAN-INDUSTRIAL-INDUSTRIALES-BATERIA-ARIONA-POOLS.png' class='lightbox ' data-onclick='2' title='OCEAN-INDUSTRIAL-INDUSTRIALES-BATERIA-ARIONA-POOLS'  itemprop=\"thumbnailUrl\"  ><img decoding=\"async\" class=\"wp-image-537 avia-img-lazy-loading-not-537\"   src=\"https:\/\/arionapools.com\/wp-content\/uploads\/2019\/04\/OCEAN-INDUSTRIAL-INDUSTRIALES-BATERIA-ARIONA-POOLS.png\" width=\"800\" height=\"600\"  title='OCEAN-INDUSTRIAL-INDUSTRIALES-BATERIA-ARIONA-POOLS' alt='' srcset=\"https:\/\/arionapools.com\/wp-content\/uploads\/2019\/04\/OCEAN-INDUSTRIAL-INDUSTRIALES-BATERIA-ARIONA-POOLS.png 800w, https:\/\/arionapools.com\/wp-content\/uploads\/2019\/04\/OCEAN-INDUSTRIAL-INDUSTRIALES-BATERIA-ARIONA-POOLS-300x225.png 300w, https:\/\/arionapools.com\/wp-content\/uploads\/2019\/04\/OCEAN-INDUSTRIAL-INDUSTRIALES-BATERIA-ARIONA-POOLS-768x576.png 768w, https:\/\/arionapools.com\/wp-content\/uploads\/2019\/04\/OCEAN-INDUSTRIAL-INDUSTRIALES-BATERIA-ARIONA-POOLS-705x529.png 705w, https:\/\/arionapools.com\/wp-content\/uploads\/2019\/04\/OCEAN-INDUSTRIAL-INDUSTRIALES-BATERIA-ARIONA-POOLS-450x338.png 450w\" sizes=\"(max-width: 800px) 100vw, 800px\" \/><\/a><\/div><\/div><\/div><div class=\"flex_column av_one_full  flex_column_div av-zero-column-padding first  avia-builder-el-9  el_after_av_two_fifth  avia-builder-el-last  \" style='border-radius:0px; '><p><div  style='height:50px' class='hr hr-invisible   avia-builder-el-10  el_before_av_image  avia-builder-el-first '><span class='hr-inner ' ><span class='hr-inner-style'><\/span><\/span><\/div><br \/>\n<div  class='avia-image-container  av-styling-    avia-builder-el-11  el_after_av_hr  avia-builder-el-last  avia-align-left '  itemprop=\"image\" itemscope=\"itemscope\" itemtype=\"https:\/\/schema.org\/ImageObject\"  ><div class='avia-image-container-inner'><div class='avia-image-overlay-wrap'><img decoding=\"async\" class='wp-image-5224 avia-img-lazy-loading-not-5224 avia_image' src=\"https:\/\/arionapools.com\/wp-content\/uploads\/2025\/10\/OCEAN-INDUSTRIAL-DATA.jpg\" alt='' title='OCEAN INDUSTRIAL DATA' height=\"1140\" width=\"1000\"  itemprop=\"thumbnailUrl\" srcset=\"https:\/\/arionapools.com\/wp-content\/uploads\/2025\/10\/OCEAN-INDUSTRIAL-DATA.jpg 1000w, https:\/\/arionapools.com\/wp-content\/uploads\/2025\/10\/OCEAN-INDUSTRIAL-DATA-263x300.jpg 263w, https:\/\/arionapools.com\/wp-content\/uploads\/2025\/10\/OCEAN-INDUSTRIAL-DATA-904x1030.jpg 904w, https:\/\/arionapools.com\/wp-content\/uploads\/2025\/10\/OCEAN-INDUSTRIAL-DATA-768x876.jpg 768w, https:\/\/arionapools.com\/wp-content\/uploads\/2025\/10\/OCEAN-INDUSTRIAL-DATA-618x705.jpg 618w\" sizes=\"(max-width: 1000px) 100vw, 1000px\" \/><\/div><\/div><\/div><\/p><\/div><\/div><\/div><\/main><!-- close content main element --><\/div><\/div><div id='av_section_2'  class='avia-section main_color avia-section-default avia-no-border-styling  avia-full-stretch av-parallax-section avia-bg-style-parallax  avia-builder-el-12  el_after_av_section  avia-builder-el-last   container_wrap sidebar_right' style=' '  data-section-bg-repeat='stretch'><div class='av-parallax' data-avia-parallax-ratio='0.3' ><div class='av-parallax-inner main_color  avia-full-stretch' style = 'background-repeat: no-repeat; background-image: url(https:\/\/arionapools.com\/wp-content\/uploads\/2019\/03\/Ariona-Pools_Slider_01.jpg);background-attachment: scroll; background-position: center center; ' ><\/div><\/div><div class='container' ><div class='template-page content  av-content-small alpha units'><div class='post-entry post-entry-type-page post-entry-977'><div class='entry-content-wrapper clearfix'>\n<div  style='height:400px' class='hr hr-invisible   avia-builder-el-13  avia-builder-el-no-sibling '><span class='hr-inner ' ><span class='hr-inner-style'><\/span><\/span><\/div>\n<\/div><\/div><\/div><!-- close content main div --><\/div><\/div><div id='after_section_2'  class='main_color av_default_container_wrap container_wrap sidebar_right' style=' '  ><div class='container' ><div class='template-page content  av-content-small alpha units'><div class='post-entry post-entry-type-page post-entry-977'><div class='entry-content-wrapper clearfix'><\/p>\n","protected":false},"excerpt":{"rendered":"<p>Filtro para piscina p\u00fablica, fabricado con est\u00e1ndares industriales, tanque en fibra de vidrio reforzado. Resistente a los rayos UV. Equipado de serie con v\u00e1lvula de seguridad de sobrepresi\u00f3n.<\/p>\n","protected":false},"author":1,"featured_media":2567,"parent":0,"menu_order":0,"comment_status":"closed","ping_status":"closed","template":"","meta":{"footnotes":""},"class_list":["post-977","page","type-page","status-publish","has-post-thumbnail","hentry"],"_links":{"self":[{"href":"https:\/\/arionapools.com\/en\/wp-json\/wp\/v2\/pages\/977","targetHints":{"allow":["GET"]}}],"collection":[{"href":"https:\/\/arionapools.com\/en\/wp-json\/wp\/v2\/pages"}],"about":[{"href":"https:\/\/arionapools.com\/en\/wp-json\/wp\/v2\/types\/page"}],"author":[{"embeddable":true,"href":"https:\/\/arionapools.com\/en\/wp-json\/wp\/v2\/users\/1"}],"replies":[{"embeddable":true,"href":"https:\/\/arionapools.com\/en\/wp-json\/wp\/v2\/comments?post=977"}],"version-history":[{"count":15,"href":"https:\/\/arionapools.com\/en\/wp-json\/wp\/v2\/pages\/977\/revisions"}],"predecessor-version":[{"id":5229,"href":"https:\/\/arionapools.com\/en\/wp-json\/wp\/v2\/pages\/977\/revisions\/5229"}],"wp:featuredmedia":[{"embeddable":true,"href":"https:\/\/arionapools.com\/en\/wp-json\/wp\/v2\/media\/2567"}],"wp:attachment":[{"href":"https:\/\/arionapools.com\/en\/wp-json\/wp\/v2\/media?parent=977"}],"curies":[{"name":"wp","href":"https:\/\/api.w.org\/{rel}","templated":true}]}}