{"id":1009,"date":"2019-03-28T11:21:09","date_gmt":"2019-03-28T11:21:09","guid":{"rendered":"https:\/\/arionapools.com\/politica-de-privacidad"},"modified":"2019-06-03T17:30:19","modified_gmt":"2019-06-03T17:30:19","slug":"terminos-y-condiciones","status":"publish","type":"page","link":"https:\/\/arionapools.com\/fr\/terminos-y-condiciones\/","title":{"rendered":"T\u00e9rminos y condiciones"},"content":{"rendered":"<div id='av_section_1'  class='avia-section main_color avia-section-default avia-no-border-styling  avia-bg-style-scroll  avia-builder-el-0  avia-builder-el-no-sibling   container_wrap sidebar_right' style=' '  ><div class='container' ><main  role=\"main\" itemprop=\"mainContentOfPage\"  class='template-page content  av-content-small alpha units'><div class='post-entry post-entry-type-page post-entry-1009'><div class='entry-content-wrapper clearfix'>\n<div class=\"flex_column av_one_full  flex_column_div av-zero-column-padding first  avia-builder-el-1  avia-builder-el-no-sibling  \" style='border-radius:0px; '><section class=\"av_textblock_section \"  itemscope=\"itemscope\" itemtype=\"https:\/\/schema.org\/CreativeWork\" ><div class='avia_textblock  '   itemprop=\"text\" ><h1><span style=\"font-weight: 400;\">TERMES ET CONDITIONS<\/span><\/h1>\n<h2><strong>REGULATION DE L&rsquo;ACCES ET DE L&rsquo;UTILISATION DU WEB WWW.ARIONAPOOLS.COM<\/strong><\/h2>\n<h2><strong>TITULAIRE DE LA SOCI\u00c9T\u00c9.<\/strong><\/h2>\n<p><span style=\"font-weight: 400;\">Ce site Web appartient \u00e0 BLUE OCEAN POOLS, SL, une soci\u00e9t\u00e9 domicili\u00e9e \u00e0 Egiburuberri Pasealekua, 13, 20100, Errenteria, GUIPOZKOA et au FNI B-75202531.<\/span><\/p>\n<h2><strong>QUESTIONS G\u00c9N\u00c9RALES<\/strong><\/h2>\n<p><span style=\"font-weight: 400;\">L&rsquo;acc\u00e8s au WEB WWW.ARIONAPOOLS.COM est soumis \u00e0 la lecture pr\u00e9alable et au pr\u00e9sent R\u00e8glement en mati\u00e8re d&rsquo;acc\u00e8s et d&rsquo;utilisation ainsi qu&rsquo;aux autres mentions et mentions l\u00e9gales contenues dans cette page WEB.<\/span><\/p>\n<p><span style=\"font-weight: 400;\">L&rsquo;utilisateur du site Web WWW.ARIONAPOOLS.COM est consid\u00e9r\u00e9 comme toute personne ayant acc\u00e8s au contenu du site Web WWW.ARIONAPOOLS.COM.<\/span><\/p>\n<p><span style=\"font-weight: 400;\">L&rsquo;acc\u00e8s et l&rsquo;utilisation ult\u00e9rieure du WEB par l&rsquo;utilisateur impliquent son accord explicite, complet et sans r\u00e9serve, avec la totalit\u00e9 de son contenu. Si l&rsquo;utilisateur n&rsquo;est pas d&rsquo;accord avec le contenu de ce r\u00e8glement de navigation et d&rsquo;utilisation, il doit quitter ce site WEB sans pouvoir acc\u00e9der aux services qu&rsquo;il propose ni en disposer. De m\u00eame, il accepte express\u00e9ment et sans exception que l&rsquo;acc\u00e8s et l&rsquo;utilisation de ce site WEB, de ses services et du contenu de ces services s&rsquo;effectuent sous sa seule et exclusive responsabilit\u00e9.<\/span><\/p>\n<p><span style=\"font-weight: 400;\">L&rsquo;acc\u00e8s \u00e0 ce site Web est gratuit et sa visualisation ne n\u00e9cessite pas d&rsquo;abonnement ni d&rsquo;inscription pr\u00e9alable.<\/span><\/p>\n<p><span style=\"font-weight: 400;\">Toute utilisation de ce site Internet non soumise aux dispositions du pr\u00e9sent r\u00e8glement en mati\u00e8re d&rsquo;acc\u00e8s et d&rsquo;utilisation est express\u00e9ment interdite, le propri\u00e9taire de toutes les actions en justice pouvant, le cas \u00e9ch\u00e9ant, aider au d\u00e9blocage des responsabilit\u00e9s correspondantes qui pourraient en d\u00e9couler. d&rsquo;utilisation non conforme au pr\u00e9sent r\u00e8glement.<\/span><\/p>\n<h2><strong>DROITS ET OBLIGATIONS DE WWW.ARIONAPOOLS.COM.<\/strong><\/h2>\n<p><span style=\"font-weight: 400;\">En tant que fournisseur de services, WWW.ARIONAPOOLS.COM fournira les services offerts par ce site Web, garantira efficacement le secret des communications pouvant exister avec l&rsquo;utilisateur, et r\u00e9pondra \u00e0 toute plainte susceptible de survenir.<\/span><\/p>\n<p><span style=\"font-weight: 400;\">En cas d\u2019entretien, de r\u00e9paration, de mise \u00e0 jour ou d\u2019am\u00e9lioration des services, WWW.ARIONAPOOLS.COM peut suspendre temporairement l\u2019acc\u00e8s \u00e0 ce site sans pr\u00e9avis, ainsi que se r\u00e9server le droit de fournir ou d\u2019annuler des services. , sans pr\u00e9judice de ce qu\u2019il tentera de mettre \u00e0 la connaissance des Utilisateurs, chaque fois que les circonstances le permettront.<\/span><\/p>\n<p><span style=\"font-weight: 400;\">L&rsquo;utilisation que les utilisateurs peuvent ex\u00e9cuter les services et \/ ou des donn\u00e9es et \/ ou des informations qui leur sont fournis par ce site se fait \u00e0 vos propres risques. WWW.ARIONAPOOLS.COM ne garantit pas l&rsquo;opportunit\u00e9 ou la pertinence des informations fournies aux utilisateurs de destination ou toute autre personne le faire.<\/span><\/p>\n<p><span style=\"font-weight: 400;\">WWW.ARIONAPOOLS.COM peut modifier unilat\u00e9ralement, \u00e0 tout moment, la configuration de ce WEB et de ses r\u00e8glements et \/ ou contenus, de m\u00eame que les \u00e9liminer, les limiter ou les suspendre temporairement ou d\u00e9finitivement, ainsi que d&#8217;emp\u00eacher l&rsquo;acc\u00e8s \u00e0 le m\u00eame essayant d&rsquo;informer l&rsquo;utilisateur de ce changement, \u00e0 condition que les circonstances le permettent, par son annonce sur la page WEB.<\/span><\/p>\n<h2><strong>DROITS ET OBLIGATIONS DE L\u2019UTILISATEUR.<\/strong><\/h2>\n<p><span style=\"font-weight: 400;\">En tout temps, l&rsquo;utilisateur doit faire un usage l\u00e9gal des services de ce site Web conform\u00e9ment \u00e0 la l\u00e9gislation en vigueur, en respectant les droits de propri\u00e9t\u00e9 intellectuelle de WWW.ARIONAPOOLS.COM et \/ ou de tiers.<\/span><\/p>\n<p><span style=\"font-weight: 400;\">L&rsquo;utilisateur ne r\u00e9alisera pas, via les services mis \u00e0 disposition par WWW.ARIONAPOOLS.COM, aucune action causant des dommages ou alt\u00e9rations au contenu, ni emp\u00eachant le bon fonctionnement du WEB, ne causant pas de probl\u00e8mes techniques, ni d&rsquo;\u00e9l\u00e9ments de transfert. susceptibles de transporter des virus informatiques ou d&rsquo;endommager, interf\u00e9rer ou intercepter tout ou partie de ce site et de ne pas intervenir ou modifier l&rsquo;e-mail d&rsquo;autres utilisateurs.<\/span><\/p>\n<p><span style=\"font-weight: 400;\">L&rsquo;Utilisateur est seul responsable de l&rsquo;exactitude des donn\u00e9es fournies. En cas d&rsquo;informations fausses ou inexactes, WWW.ARIONAPOOLS.COM se r\u00e9serve le droit d&rsquo;interdire \u00e0 l&rsquo;Utilisateur d&rsquo;acc\u00e9der \u00e0 ce SITE WEB, en plus de l&rsquo;impossibilit\u00e9 \u00e9ventuelle fournir le service demand\u00e9 et \/ ou r\u00e9pondre \u00e0 vos demandes et \/ ou \u00e0 vos correspondances.<\/span><\/p>\n<p><span style=\"font-weight: 400;\">WWW.ARIONAPOOLS.COM se r\u00e9serve le droit d&rsquo;exercer toute action lui permettant, le cas \u00e9ch\u00e9ant, de poursuivre les utilisations de ce SITE WEB en violation de la r\u00e9glementation en vigueur et \/ ou de tout type de dommage et \/ ou de dommage \u00e0 WWW.ARIONAPOOLS.COM et \/ ou ses collaborateurs et \/ ou tiers.<\/span><\/p>\n<h2><strong>GARANTIES ET RESPONSABILIT\u00c9 DE L\u2019EXPLOITATION DE WWW.ARIONAPOOLS.COM<\/strong><\/h2>\n<p><span style=\"font-weight: 400;\">WWW.ARIONAPOOLS.COM ne garantit pas la disponibilit\u00e9 et la continuit\u00e9 du fonctionnement de ce site Web et de ses services. Dans tous les cas, WWW.ARIONAPOOLS.COM fera ses meilleurs efforts pour maintenir la disponibilit\u00e9 continue de ce WEB.<\/span><\/p>\n<p><span style=\"font-weight: 400;\">WWW.ARIONAPOOLS.COM a mis en \u0153uvre toutes les mesures de s\u00e9curit\u00e9 techniques et organisationnelles n\u00e9cessaires garantissant l&rsquo;int\u00e9grit\u00e9, la confidentialit\u00e9 et la disponibilit\u00e9 des donn\u00e9es \u00e0 caract\u00e8re personnel fournies par l&rsquo;utilisateur.<\/span><\/p>\n<p><span style=\"font-weight: 400;\">WWW.ARIONAPOOLS.COM ne contr\u00f4le ni ne garantit l&rsquo;absence de virus ou d&rsquo;autres \u00e9l\u00e9ments dans le contenu de cette page Web susceptibles de modifier le syst\u00e8me (logiciel et mat\u00e9riel) de l&rsquo;utilisateur, ni les documents et fichiers \u00e9lectroniques qui y sont stock\u00e9s. votre syst\u00e8me informatique. WWW.ARIONAPOOLS.COM d\u00e9cline toute responsabilit\u00e9 pour les dommages de toute nature pouvant \u00eatre dus \u00e0 la pr\u00e9sence de virus dans le contenu susceptibles de provoquer des modifications du syst\u00e8me informatique, des documents \u00e9lectroniques, des fichiers, etc.<\/span><\/p>\n<p><span style=\"font-weight: 400;\">WWW.ARIONAPOOLS.COM n&rsquo;a aucune obligation et ne contr\u00f4le pas l&rsquo;utilisation que les utilisateurs font de ce site Web, des services et de son contenu et n&rsquo;a pas l&rsquo;obligation de v\u00e9rifier et ne v\u00e9rifie pas l&rsquo;identit\u00e9 des utilisateurs ni la v\u00e9racit\u00e9. , validit\u00e9, exhaustivit\u00e9 et \/ ou authenticit\u00e9 des donn\u00e9es qu\u2019ils fournissent d\u2019autres utilisateurs \u00e0 leur sujet.<\/span><\/p>\n<p><span style=\"font-weight: 400;\">L&rsquo;utilisateur accepte que le portail a \u00e9t\u00e9 cr\u00e9\u00e9 et d\u00e9velopp\u00e9 de bonne foi par WWW.ARIONAPOOLS.COM avec des informations provenant de sources internes et externes et les offre dans son \u00e9tat actuel aux utilisateurs, ce qui peut contenir des inexactitudes ou des erreurs. Par cons\u00e9quent, WWW.ARIONAPOOLS.COM n&rsquo;est pas responsable de l&rsquo;absence d&rsquo;utilit\u00e9 ou de la fausse attente que le portail pourrait g\u00e9n\u00e9rer pour l&rsquo;utilisateur tout en naviguant sur le Web.<\/span><\/p>\n<h2><strong>PROPRI\u00c9T\u00c9 INTELLECTUELLE.<\/strong><\/h2>\n<p><span style=\"font-weight: 400;\">Tous les droits de propri\u00e9t\u00e9 intellectuelle sur le contenu de ce site Web appartiennent \u00e0 WWW.ARIONAPOOLS.COM, \u00e0 l&rsquo;exception de ceux des soci\u00e9t\u00e9s avec lesquelles elle a sign\u00e9 le contrat correspondant pour la fourniture de contenu.<\/span><\/p>\n<p><span style=\"font-weight: 400;\">Le dessin, les images, les cartes, les graphiques, les marques, les \u00e9tiquettes, les signes distinctifs ou les logos de WWW.ARIONAPOOLS.COM, les cadres, les banni\u00e8res, le logiciel et ses divers codes, la source et l&rsquo;objet, etc. de ce site Web appartiennent \u00e0 WWW.ARIONAPOOLS.COM, qui d\u00e9tient l\u00e9gitimement des droits d\u2019exploitation exclusifs, et \/ ou \u00e0 des soci\u00e9t\u00e9s collaborant avec une tierce partie.<\/span><\/p>\n<p><span style=\"font-weight: 400;\">L&rsquo;utilisateur acc\u00e9dant \u00e0 ce site Web ne peut pas copier, modifier, distribuer, transmettre, reproduire, publier, c\u00e9der, vendre aucun des \u00e9l\u00e9ments susmentionn\u00e9s ou cr\u00e9er de nouveaux produits ou services d\u00e9riv\u00e9s des informations obtenues.<\/span><\/p>\n<p><span style=\"font-weight: 400;\">L&rsquo;utilisateur n&rsquo;est autoris\u00e9 \u00e0 visualiser et \u00e0 t\u00e9l\u00e9charger que pour un usage personnel et non commercial, et il sera strictement interdit de modifier ce site Web qui pourrait affecter \u00e0 la fois son fonctionnement et son contenu, des liens (ou des liens) et similaires.<\/span><\/p>\n<p><span style=\"font-weight: 400;\">WWW.ARIONAPOOLS.COM poursuivra toute atteinte \u00e0 ses droits de propri\u00e9t\u00e9 intellectuelle et, \u00e0 cette fin, se r\u00e9serve le droit d&rsquo;engager toute action en justice qui pourrait lui correspondre, y compris l&rsquo;action en indemnisation, afin de purger les responsabilit\u00e9s du contrefacteur.<\/span><\/p>\n<h1><\/h1>\n<h2><strong>PROTECTION DES DONN\u00c9ES PERSONNELLES.<\/strong><\/h2>\n<h1><\/h1>\n<p><span style=\"font-weight: 400;\">Les donn\u00e9es personnelles que l&rsquo;utilisateur pourrait fournir via la page Web WWW.ARIONAPOOLS.COM seront incluses, en fonction de la finalit\u00e9 pour laquelle l&rsquo;utilisateur les a fournies, dans les fichiers CLIENTES ON LINE et \/ ou CONSULTATION, d\u00fbment enregistr\u00e9e aupr\u00e8s de l&rsquo;Agence espagnole pour la protection des donn\u00e9es, propri\u00e9t\u00e9 et responsabilit\u00e9 de BLUE OCEAN POOLS, SL, soci\u00e9t\u00e9 domicili\u00e9e \u00e0 Egiburuberri Pasealekua, 13, 20100, Errenteria, GUIPOZKOA et au NIF B-75202531.<\/span><\/p>\n<p><span style=\"font-weight: 400;\">Les donn\u00e9es personnelles incluses dans le fichier CONTACT seront utilis\u00e9es dans le seul but de vendre, g\u00e9rer et envoyer les \u00e9l\u00e9ments que l&rsquo;utilisateur a demand\u00e9s via WWW.ARIONAPOOLS.COM, ainsi que les donn\u00e9es du fichier CONTACT collect\u00e9es. via le formulaire de contact pour r\u00e9pondre \u00e0 la communication que l&rsquo;utilisateur envoie via WWW.ARIONAPOOLS.COM.<\/span><\/p>\n<p><span style=\"font-weight: 400;\">L&rsquo;utilisateur peut exercer ses droits d&rsquo;acc\u00e8s, de rectification, annulation et opposition en envoyant un courrier \u00e9lectronique \u00e0: info@arionapools.com<\/span><\/p>\n<p><span style=\"font-weight: 400;\">Seulement dans les cas o\u00f9 l&rsquo;utilisateur de la page Web WWW.ARIONAPOOLS.COM a coch\u00e9 la case pr\u00e9vue \u00e0 cet effet, accordant son consentement, WWW.ARIONAPOOLS.COM lui enverra par courrier postal et \u00e9lectronique et SMS, communications commerciales relatives \u00e0 vos produits et \/ ou services et \/ ou aux produits et \/ ou services de tiers, que vous consid\u00e9rez comme pouvant pr\u00e9senter un int\u00e9r\u00eat pour l&rsquo;utilisateur.<\/span><\/p>\n<p><span style=\"font-weight: 400;\">WWW.ARIONAPOOLS.COM a adopt\u00e9 les mesures techniques et organisationnelles n\u00e9cessaires et appropri\u00e9es au type de donn\u00e9es collect\u00e9es par le biais de ce site Web WWW.ARIONAPOOLS.COM, afin d&rsquo;en assurer la s\u00e9curit\u00e9 et l&rsquo;int\u00e9grit\u00e9, ainsi que d&#8217;emp\u00eacher leur alt\u00e9ration, , traitement ou acc\u00e8s non autoris\u00e9.<\/span><\/p>\n<p><span style=\"font-weight: 400;\">L&rsquo;acc\u00e8s au site Web WWW.ARIONAPOOLS.COM par l&rsquo;utilisateur peut impliquer l&rsquo;utilisation de cookies. Les cookies sont de petites quantit\u00e9s d&rsquo;informations stock\u00e9es dans le navigateur utilis\u00e9 par l&rsquo;utilisateur pour que le serveur se souvienne de certaines informations pouvant \u00eatre utilis\u00e9es ult\u00e9rieurement.<\/span><\/p>\n<p><span style=\"font-weight: 400;\">Ces informations vous permettent de sauvegarder les pr\u00e9f\u00e9rences de l&rsquo;utilisateur qui acc\u00e8de au Web, ainsi que des informations techniques telles que, par exemple, les visites effectu\u00e9es ou les pages sp\u00e9cifiques consult\u00e9es.<\/span><\/p>\n<p><span style=\"font-weight: 400;\">Les utilisateurs qui ne souhaitent pas recevoir de cookies ou souhaitent \u00eatre inform\u00e9s avant que les cookies ne soient stock\u00e9s sur leur ordinateur devront configurer leur navigateur \u00e0 cet effet sans pour cela avoir aucune obligation sur WWW.ARIONAPOOLS.COM.<\/span><\/p>\n<h1><\/h1>\n<h2><strong>LIENS OU LIENS HYPERTEXTES.<\/strong><\/h2>\n<h1><\/h1>\n<p><span style=\"font-weight: 400;\">Aucun lien vers le portail ne peut \u00eatre \u00e9tabli \u00e0 partir d&rsquo;un autre site Web sans le consentement pr\u00e9alable et expr\u00e8s de WWW.ARIONAPOOLS.COM. Si cette page Web contient des liens ou des liens vers d&rsquo;autres portails ou sites Web non g\u00e9r\u00e9s par WWW.ARIONAPOOLS.COM, cette soci\u00e9t\u00e9 d\u00e9clare qu&rsquo;elle n&rsquo;a aucun contr\u00f4le sur ces portails ou sites Web, et qu&rsquo;elle n&rsquo;est pas responsable du contenu de ces sites. les m\u00eames.<\/span><\/p>\n<p><span style=\"font-weight: 400;\">Les liens inclus par WWW.ARIONAPOOLS.COM sur ce site Web ne seront propos\u00e9s qu\u2019\u00e0 titre de r\u00e9f\u00e9rence informative, sans aucune forme d\u2019\u00e9valuation ni de responsabilit\u00e9 sur les contenus, propri\u00e9taires, services ou produits propos\u00e9s par eux. WWW.ARIONAPOOLS.COM ne pourra en aucun cas \u00eatre tenu responsable des dommages caus\u00e9s par les services fournis par des tiers.<\/span><\/p>\n<h1><\/h1>\n<h2><strong>DROIT APPLICABLE ET JURIDICTION.<\/strong><\/h2>\n<h1><\/h1>\n<p><span style=\"font-weight: 400;\">Ce r\u00e8glement d&rsquo;utilisation et de navigation est r\u00e9gi par la l\u00e9gislation espagnole. Pour tout litige d\u00e9coulant de l&rsquo;existence ou du contenu du pr\u00e9sent r\u00e8glement ou de la relation entre l&rsquo;utilisateur et WWW.ARIONAPOOLS.COM, renon\u00e7ant express\u00e9ment \u00e0 toute autre juridiction susceptible de s&rsquo;appliquer, se soumettront \u00e0 la comp\u00e9tence exclusive des tribunaux. et tribunaux de Donostia-Saint-S\u00e9bastien.<\/span><\/p>\n<h1 id=\"page-title-texto\"><\/h1>\n<div class=\"field field-name-body field-type-text-with-summary field-label-hidden field-wrapper body field\"><\/div>\n<\/div><\/section><\/div><\/div><\/div><\/main><!-- close content main element --><\/div><\/div><div id='after_section_1'  class='main_color av_default_container_wrap container_wrap sidebar_right' style=' '  ><div class='container' ><div class='template-page content  av-content-small alpha units'><div class='post-entry post-entry-type-page post-entry-1009'><div class='entry-content-wrapper clearfix'>\n","protected":false},"excerpt":{"rendered":"<p>Nuestra politica de privacidad<\/p>\n","protected":false},"author":1,"featured_media":890,"parent":0,"menu_order":0,"comment_status":"closed","ping_status":"closed","template":"","meta":{"footnotes":""},"class_list":["post-1009","page","type-page","status-publish","has-post-thumbnail","hentry"],"_links":{"self":[{"href":"https:\/\/arionapools.com\/fr\/wp-json\/wp\/v2\/pages\/1009","targetHints":{"allow":["GET"]}}],"collection":[{"href":"https:\/\/arionapools.com\/fr\/wp-json\/wp\/v2\/pages"}],"about":[{"href":"https:\/\/arionapools.com\/fr\/wp-json\/wp\/v2\/types\/page"}],"author":[{"embeddable":true,"href":"https:\/\/arionapools.com\/fr\/wp-json\/wp\/v2\/users\/1"}],"replies":[{"embeddable":true,"href":"https:\/\/arionapools.com\/fr\/wp-json\/wp\/v2\/comments?post=1009"}],"version-history":[{"count":7,"href":"https:\/\/arionapools.com\/fr\/wp-json\/wp\/v2\/pages\/1009\/revisions"}],"predecessor-version":[{"id":2248,"href":"https:\/\/arionapools.com\/fr\/wp-json\/wp\/v2\/pages\/1009\/revisions\/2248"}],"wp:featuredmedia":[{"embeddable":true,"href":"https:\/\/arionapools.com\/fr\/wp-json\/wp\/v2\/media\/890"}],"wp:attachment":[{"href":"https:\/\/arionapools.com\/fr\/wp-json\/wp\/v2\/media?parent=1009"}],"curies":[{"name":"wp","href":"https:\/\/api.w.org\/{rel}","templated":true}]}}