{"id":1014,"date":"2019-03-28T11:45:02","date_gmt":"2019-03-28T11:45:02","guid":{"rendered":"https:\/\/arionapools.com\/politica-de-cookies"},"modified":"2019-06-07T11:19:03","modified_gmt":"2019-06-07T11:19:03","slug":"politique-de-cookie","status":"publish","type":"page","link":"https:\/\/arionapools.com\/fr\/politique-de-cookie\/","title":{"rendered":"Politique de cookie"},"content":{"rendered":"<div id='av_section_1'  class='avia-section main_color avia-section-default avia-no-border-styling  avia-bg-style-scroll  avia-builder-el-0  avia-builder-el-no-sibling   container_wrap sidebar_right' style=' '  ><div class='container' ><main  role=\"main\" itemprop=\"mainContentOfPage\"  class='template-page content  av-content-small alpha units'><div class='post-entry post-entry-type-page post-entry-1014'><div class='entry-content-wrapper clearfix'>\n<div class=\"flex_column av_one_full  flex_column_div av-zero-column-padding first  avia-builder-el-1  avia-builder-el-no-sibling  \" style='border-radius:0px; '><section class=\"av_textblock_section \"  itemscope=\"itemscope\" itemtype=\"https:\/\/schema.org\/CreativeWork\" ><div class='avia_textblock  '   itemprop=\"text\" ><h1>POLITIQUE DE COOKIE<\/h1>\n<p><span style=\"font-weight: 400;\">Un cookie est un petit fichier texte qui est stock\u00e9 dans votre navigateur lorsque vous visitez presque n&rsquo;importe quelle page Web. Son utilit\u00e9 est que le Web est capable de m\u00e9moriser votre visite lorsque vous revenez sur cette page. Les cookies stockent g\u00e9n\u00e9ralement des informations de nature technique, pr\u00e9f\u00e9rences personnelles, personnalisation de contenu, statistiques d&rsquo;utilisation, liens vers des r\u00e9seaux sociaux, acc\u00e8s \u00e0 des comptes d&rsquo;utilisateurs, etc. Le cookie a pour objectif d\u2019adapter le contenu du Web \u00e0 votre profil et \u00e0 vos besoins. Sans cookies, les services propos\u00e9s par n\u2019importe quelle page seraient consid\u00e9rablement r\u00e9duits. Si vous souhaitez consulter plus d&rsquo;informations sur ce que sont les cookies, ce qu&rsquo;ils stockent, comment les supprimer, les d\u00e9sactiver, etc., <\/span> <a href=\"https:\/\/arionapools.com\/fr\/mas-informacion-sobre-las-cookies\">veuillez cliquer sur ce lien.<\/a><\/p>\n<h2><strong>COOKIES UTILIS\u00c9S SUR CE SITE WEB<\/strong><\/h2>\n<p><span style=\"font-weight: 400;\">Conform\u00e9ment aux directives de l&rsquo;Agence espagnole pour la protection des donn\u00e9es, nous d\u00e9taillons l&rsquo;utilisation des cookies de ce site afin de vous informer le plus pr\u00e9cis\u00e9ment possible.<\/span><\/p>\n<p><span style=\"font-weight: 400;\">Ce site utilise les propres cookies suivants:<\/span><\/p>\n<ul>\n<li><span style=\"font-weight: 400;\">Les cookies de session, pour garantir que les utilisateurs qui \u00e9crivent des commentaires sur le blog sont des applications humaines et non automatis\u00e9es. De cette fa\u00e7on, le spam est combattu.<\/span><\/li>\n<\/ul>\n<p><span style=\"font-weight: 400;\">Ce site utilise les cookies tiers suivants:<\/span><\/p>\n<ul>\n<li><span style=\"font-weight: 400;\">Google Analytics: stocke les cookies pour pouvoir compiler des statistiques sur le trafic et le volume de visites sur ce site. En utilisant ce site Web, vous consentez express\u00e9ment au traitement des informations vous concernant par Google. Par cons\u00e9quent, l&rsquo;exercice de tout droit en ce sens doit le faire en communiquant directement avec Google.<\/span><\/li>\n<li><span style=\"font-weight: 400;\">R\u00e9seaux sociaux: chaque r\u00e9seau social utilise ses propres cookies pour que vous puissiez cliquer sur les boutons J&rsquo;aime ou Partager.<\/span><\/li>\n<\/ul>\n<h2><strong>DESACTIVATION OU ELIMINATION DE COOKIES<\/strong><\/h2>\n<p><span style=\"font-weight: 400;\">\u00c0 tout moment, vous pouvez exercer votre droit de d\u00e9sactiver ou d&rsquo;\u00e9liminer les cookies de ce site. Ces actions sont effectu\u00e9es diff\u00e9remment selon le navigateur que vous utilisez.<\/span> <a href=\"https:\/\/arionapools.com\/fr\/mas-informacion-sobre-las-cookies#navegadoresmas-informacion-sobre-las-cookies#navegadores\">Voici un guide rapide pour les navigateurs les plus populaires.<\/a>.<\/p>\n<h2><strong>NOTES COMPLEMENTAIRES<\/strong><\/h2>\n<ul>\n<li><span style=\"font-weight: 400;\">Ni ce site Web ni ses repr\u00e9sentants l\u00e9gaux ne sont responsables du contenu ou de la v\u00e9racit\u00e9 des politiques de confidentialit\u00e9 pouvant \u00eatre appliqu\u00e9es par les tiers mentionn\u00e9s dans cette politique de cookie.<\/span><\/li>\n<li><span style=\"font-weight: 400;\">Les navigateurs Web sont les outils charg\u00e9s de stocker les cookies et \u00e0 partir de cet endroit, vous devez exercer votre droit de les \u00e9liminer ou de les d\u00e9sactiver. Ni ce site ni ses repr\u00e9sentants l\u00e9gaux ne peuvent garantir la manipulation correcte ou incorrecte des cookies par les navigateurs susmentionn\u00e9s.<\/span><\/li>\n<li><span style=\"font-weight: 400;\">Dans certains cas, il est n\u00e9cessaire d&rsquo;installer des cookies pour que le navigateur n&rsquo;oublie pas sa d\u00e9cision de ne pas les accepter.<\/span><\/li>\n<li><span style=\"font-weight: 400;\">Dans le cas des cookies de Google Analytics, cette soci\u00e9t\u00e9 stocke les cookies sur des serveurs situ\u00e9s aux \u00c9tats-Unis et s&rsquo;engage \u00e0 ne pas les partager avec des tiers, sauf dans les cas o\u00f9 cela est n\u00e9cessaire au fonctionnement du syst\u00e8me ou lorsque la loi l&rsquo;exige. tel effet. Selon Google ne pas enregistrer votre adresse IP. Google Inc. est une soci\u00e9t\u00e9 adh\u00e9rant au Safe Harbor Agreement qui garantit que toutes les donn\u00e9es transf\u00e9r\u00e9es seront trait\u00e9es avec un niveau de protection conforme \u00e0 la r\u00e9glementation europ\u00e9enne. Vous pouvez consulter des informations d\u00e9taill\u00e9es \u00e0 cet \u00e9gard <\/span><a href=\"http:\/\/safeharbor.export.gov\/companyinfo.aspx?id=16626\" target=\"_blank\" rel=\"noopener noreferrer\">sur ce lien. <\/a><span style=\"font-weight: 400;\">Si vous souhaitez des informations sur l&rsquo;utilisation que Google donne aux cookies, <\/span><a href=\"https:\/\/developers.google.com\/analytics\/devguides\/collection\/analyticsjs\/cookie-usage?hl=es&amp;csw=1\" target=\"_blank\" rel=\"noopener noreferrer\">nous joignons cet autre lien.<\/a>.<\/li>\n<li><span style=\"font-weight: 400;\">Pour toute question ou demande concernant cette politique en mati\u00e8re de cookies, n&rsquo;h\u00e9sitez pas \u00e0 nous contacter via la section contact.<\/span><\/li>\n<\/ul>\n<\/div><\/section><\/div><\/div><\/div><\/main><!-- close content main element --><\/div><\/div><div id='after_section_1'  class='main_color av_default_container_wrap container_wrap sidebar_right' style=' '  ><div class='container' ><div class='template-page content  av-content-small alpha units'><div class='post-entry post-entry-type-page post-entry-1014'><div class='entry-content-wrapper clearfix'>\n","protected":false},"excerpt":{"rendered":"<p>Nuestra politica de cookies<\/p>\n","protected":false},"author":1,"featured_media":890,"parent":0,"menu_order":0,"comment_status":"closed","ping_status":"closed","template":"","meta":{"footnotes":""},"class_list":["post-1014","page","type-page","status-publish","has-post-thumbnail","hentry"],"_links":{"self":[{"href":"https:\/\/arionapools.com\/fr\/wp-json\/wp\/v2\/pages\/1014","targetHints":{"allow":["GET"]}}],"collection":[{"href":"https:\/\/arionapools.com\/fr\/wp-json\/wp\/v2\/pages"}],"about":[{"href":"https:\/\/arionapools.com\/fr\/wp-json\/wp\/v2\/types\/page"}],"author":[{"embeddable":true,"href":"https:\/\/arionapools.com\/fr\/wp-json\/wp\/v2\/users\/1"}],"replies":[{"embeddable":true,"href":"https:\/\/arionapools.com\/fr\/wp-json\/wp\/v2\/comments?post=1014"}],"version-history":[{"count":8,"href":"https:\/\/arionapools.com\/fr\/wp-json\/wp\/v2\/pages\/1014\/revisions"}],"predecessor-version":[{"id":2353,"href":"https:\/\/arionapools.com\/fr\/wp-json\/wp\/v2\/pages\/1014\/revisions\/2353"}],"wp:featuredmedia":[{"embeddable":true,"href":"https:\/\/arionapools.com\/fr\/wp-json\/wp\/v2\/media\/890"}],"wp:attachment":[{"href":"https:\/\/arionapools.com\/fr\/wp-json\/wp\/v2\/media?parent=1014"}],"curies":[{"name":"wp","href":"https:\/\/api.w.org\/{rel}","templated":true}]}}