{"id":3620,"date":"2023-05-10T10:28:15","date_gmt":"2023-05-10T10:28:15","guid":{"rendered":"https:\/\/arionapools.com\/timor-plus\/"},"modified":"2025-10-09T09:25:08","modified_gmt":"2025-10-09T09:25:08","slug":"timor-plus","status":"publish","type":"page","link":"https:\/\/arionapools.com\/fr\/timor-plus\/","title":{"rendered":"Timor Plus"},"content":{"rendered":"<div id='av_section_1'  class='avia-section main_color avia-section-default avia-no-border-styling  avia-bg-style-scroll  avia-builder-el-0  el_before_av_section  avia-builder-el-first   container_wrap sidebar_right' style=' '  ><div class='container' ><main  role=\"main\" itemprop=\"mainContentOfPage\"  class='template-page content  av-content-small alpha units'><div class='post-entry post-entry-type-page post-entry-3620'><div class='entry-content-wrapper clearfix'>\n<div class=\"flex_column av_three_fifth  flex_column_div av-zero-column-padding first  avia-builder-el-1  el_before_av_two_fifth  avia-builder-el-first  \" style='border-radius:0px; '><section class=\"av_textblock_section \"  itemscope=\"itemscope\" itemtype=\"https:\/\/schema.org\/CreativeWork\" ><div class='avia_textblock  '   itemprop=\"text\" ><h1>Timor Plus<\/h1>\n<p class=\"p1\"><strong>Filtre pour piscine priv\u00e9e (Nouveau)<\/strong><\/p>\n<\/div><\/section><br \/>\n<div  style=' margin-top:0px; margin-bottom:10px;'  class='hr hr-custom hr-center hr-icon-no   avia-builder-el-3  el_after_av_textblock  el_before_av_textblock '><span class='hr-inner  inner-border-av-border-thin' style=' width:100%; border-color:#4488f5;' ><span class='hr-inner-style'><\/span><\/span><\/div><br \/>\n<section class=\"av_textblock_section \"  itemscope=\"itemscope\" itemtype=\"https:\/\/schema.org\/CreativeWork\" ><div class='avia_textblock  '   itemprop=\"text\" ><h4 class=\"p1\"><strong>CARACT\u00c9RISTIQUES<\/strong><\/h4>\n<\/div><\/section><br \/>\n<div  style=' margin-top:0px; margin-bottom:10px;'  class='hr hr-custom hr-center hr-icon-no   avia-builder-el-5  el_after_av_textblock  el_before_av_textblock '><span class='hr-inner  inner-border-av-border-thin' style=' width:100%; border-color:#4488f5;' ><span class='hr-inner-style'><\/span><\/span><\/div><br \/>\n<section class=\"av_textblock_section \"  itemscope=\"itemscope\" itemtype=\"https:\/\/schema.org\/CreativeWork\" ><div class='avia_textblock  '   itemprop=\"text\" ><p><strong>Filtre pour piscine priv\u00e9e, fabriqu\u00e9 selon les normes industrielles, avec cuve en fibre de verre renforc\u00e9e et r\u00e9sistante aux UV. Hauteur du lit filtrant augment\u00e9e. Qualit\u00e9 de filtration sup\u00e9rieure.<\/strong><\/p>\n<p><strong>Diam\u00e8tres du filtre\u00a0: 510, 620, 750, 900 et 990\u00a0mm. Comprend un manom\u00e8tre et une vanne 6\u00a0voies\u00a0: 1\u00a01\/2\u00a0po pour les diam\u00e8tres de 510 et 620\u00a0mm, 2\u00a0po pour les diam\u00e8tres de 620, 750 et 900\u00a0mm et 2,5\u00a0po pour le diam\u00e8tre de 990\u00a0mm.<\/strong><\/p>\n<p><strong>\u2022 Couvercle en m\u00e9thacrylate transparent avec 8\u00a0vis.<\/strong><br \/>\n<strong>\u2022 Diffuseur pliable pour un chargement facile du m\u00e9dia filtrant.<\/strong><br \/>\n<strong>\u2022 Syst\u00e8me de vidange con\u00e7u pour faciliter l\u2019\u00e9vacuation de l\u2019eau et du sable.<\/strong><br \/>\n<strong>\u2022 Purgeur d\u2019air interne pour \u00e9viter la formation de bulles d\u2019air \u00e0 l\u2019int\u00e9rieur du r\u00e9servoir.<\/strong><\/p>\n<\/div><\/section><\/p><\/div><div class=\"flex_column av_two_fifth  flex_column_div av-zero-column-padding   avia-builder-el-7  el_after_av_three_fifth  el_before_av_one_full  \" style='border-radius:0px; '><p><div  class='avia-image-container  av-styling-    avia-builder-el-8  el_before_av_image  avia-builder-el-first  avia-align-left '  itemprop=\"image\" itemscope=\"itemscope\" itemtype=\"https:\/\/schema.org\/ImageObject\"  ><div class='avia-image-container-inner'><div class='avia-image-overlay-wrap'><img decoding=\"async\" class='wp-image-2814 avia-img-lazy-loading-not-2814 avia_image' src=\"https:\/\/arionapools.com\/wp-content\/uploads\/2020\/03\/1-poner-EN-BOMBA-BRAVIA-Y-SUPREME-Y-CASETA-80x80.png\" alt='' title='1 poner EN BOMBA BRAVIA Y SUPREME Y CASETA' height=\"80\" width=\"80\"  itemprop=\"thumbnailUrl\" srcset=\"https:\/\/arionapools.com\/wp-content\/uploads\/2020\/03\/1-poner-EN-BOMBA-BRAVIA-Y-SUPREME-Y-CASETA-80x80.png 80w, https:\/\/arionapools.com\/wp-content\/uploads\/2020\/03\/1-poner-EN-BOMBA-BRAVIA-Y-SUPREME-Y-CASETA-36x36.png 36w, https:\/\/arionapools.com\/wp-content\/uploads\/2020\/03\/1-poner-EN-BOMBA-BRAVIA-Y-SUPREME-Y-CASETA-100x100.png 100w\" sizes=\"(max-width: 80px) 100vw, 80px\" \/><\/div><\/div><\/div><br \/>\n<div  class='avia-image-container  av-styling-    avia-builder-el-9  el_after_av_image  el_before_av_image  avia-align-center '  itemprop=\"image\" itemscope=\"itemscope\" itemtype=\"https:\/\/schema.org\/ImageObject\"  ><div class='avia-image-container-inner'><div class='avia-image-overlay-wrap'><img decoding=\"async\" class='wp-image-3611 avia-img-lazy-loading-not-3611 avia_image' src=\"https:\/\/arionapools.com\/wp-content\/uploads\/2023\/05\/Timor-Plus-01_Ariona-Pools.jpeg\" alt='' title='Timor Plus 01_Ariona Pools' height=\"600\" width=\"800\"  itemprop=\"thumbnailUrl\" srcset=\"https:\/\/arionapools.com\/wp-content\/uploads\/2023\/05\/Timor-Plus-01_Ariona-Pools.jpeg 800w, https:\/\/arionapools.com\/wp-content\/uploads\/2023\/05\/Timor-Plus-01_Ariona-Pools-300x225.jpeg 300w, https:\/\/arionapools.com\/wp-content\/uploads\/2023\/05\/Timor-Plus-01_Ariona-Pools-768x576.jpeg 768w, https:\/\/arionapools.com\/wp-content\/uploads\/2023\/05\/Timor-Plus-01_Ariona-Pools-705x529.jpeg 705w\" sizes=\"(max-width: 800px) 100vw, 800px\" \/><\/div><\/div><\/div><br \/>\n<div  class='avia-image-container  av-styling-    avia-builder-el-10  el_after_av_image  avia-builder-el-last  avia-align-center '  itemprop=\"image\" itemscope=\"itemscope\" itemtype=\"https:\/\/schema.org\/ImageObject\"  ><div class='avia-image-container-inner'><div class='avia-image-overlay-wrap'><img decoding=\"async\" class='wp-image-4760 avia-img-lazy-loading-not-4760 avia_image' src=\"https:\/\/arionapools.com\/wp-content\/uploads\/2025\/09\/HAGEN-400-MM-12-couvercle.jpg\" alt='RHIN 400 MM 12 couvercle' title='RHIN 400 MM 12 couvercle' height=\"225\" width=\"300\"  itemprop=\"thumbnailUrl\"  \/><\/div><\/div><\/div><\/p><\/div><div class=\"flex_column av_one_full  flex_column_div av-zero-column-padding first  avia-builder-el-11  el_after_av_two_fifth  avia-builder-el-last  \" style='border-radius:0px; '><p><div  style='height:50px' class='hr hr-invisible   avia-builder-el-12  el_before_av_image  avia-builder-el-first '><span class='hr-inner ' ><span class='hr-inner-style'><\/span><\/span><\/div><br \/>\n<div  class='avia-image-container  av-styling-    avia-builder-el-13  el_after_av_hr  avia-builder-el-last  avia-align-left '  itemprop=\"image\" itemscope=\"itemscope\" itemtype=\"https:\/\/schema.org\/ImageObject\"  ><div class='avia-image-container-inner'><div class='avia-image-overlay-wrap'><img decoding=\"async\" class='wp-image-5109 avia-img-lazy-loading-not-5109 avia_image' src=\"https:\/\/arionapools.com\/wp-content\/uploads\/2025\/10\/TIMOR-PLUS.jpg\" alt='' title='Timor Plus filter data' height=\"1140\" width=\"1000\"  itemprop=\"thumbnailUrl\" srcset=\"https:\/\/arionapools.com\/wp-content\/uploads\/2025\/10\/TIMOR-PLUS.jpg 1000w, https:\/\/arionapools.com\/wp-content\/uploads\/2025\/10\/TIMOR-PLUS-263x300.jpg 263w, https:\/\/arionapools.com\/wp-content\/uploads\/2025\/10\/TIMOR-PLUS-904x1030.jpg 904w, https:\/\/arionapools.com\/wp-content\/uploads\/2025\/10\/TIMOR-PLUS-768x876.jpg 768w, https:\/\/arionapools.com\/wp-content\/uploads\/2025\/10\/TIMOR-PLUS-618x705.jpg 618w\" sizes=\"(max-width: 1000px) 100vw, 1000px\" \/><\/div><\/div><\/div><\/p><\/div><\/div><\/div><\/main><!-- close content main element --><\/div><\/div><div id='av_section_2'  class='avia-section main_color avia-section-default avia-no-border-styling  avia-full-stretch av-parallax-section avia-bg-style-parallax  avia-builder-el-14  el_after_av_section  avia-builder-el-last   container_wrap sidebar_right' style=' '  data-section-bg-repeat='stretch'><div class='av-parallax' data-avia-parallax-ratio='0.3' ><div class='av-parallax-inner main_color  avia-full-stretch' style = 'background-repeat: no-repeat; background-image: url(https:\/\/arionapools.com\/wp-content\/uploads\/2019\/03\/Ariona-Pools_Slider_01.jpg);background-attachment: scroll; background-position: center center; ' ><\/div><\/div><div class='container' ><div class='template-page content  av-content-small alpha units'><div class='post-entry post-entry-type-page post-entry-3620'><div class='entry-content-wrapper clearfix'>\n<div  style='height:400px' class='hr hr-invisible   avia-builder-el-15  avia-builder-el-no-sibling '><span class='hr-inner ' ><span class='hr-inner-style'><\/span><\/span><\/div>\n<\/div><\/div><\/div><!-- close content main div --><\/div><\/div><div id='after_section_2'  class='main_color av_default_container_wrap container_wrap sidebar_right' style=' '  ><div class='container' ><div class='template-page content  av-content-small alpha units'><div class='post-entry post-entry-type-page post-entry-3620'><div class='entry-content-wrapper clearfix'><\/p>\n","protected":false},"excerpt":{"rendered":"","protected":false},"author":1,"featured_media":4605,"parent":0,"menu_order":0,"comment_status":"closed","ping_status":"closed","template":"","meta":{"footnotes":""},"class_list":["post-3620","page","type-page","status-publish","has-post-thumbnail","hentry"],"_links":{"self":[{"href":"https:\/\/arionapools.com\/fr\/wp-json\/wp\/v2\/pages\/3620","targetHints":{"allow":["GET"]}}],"collection":[{"href":"https:\/\/arionapools.com\/fr\/wp-json\/wp\/v2\/pages"}],"about":[{"href":"https:\/\/arionapools.com\/fr\/wp-json\/wp\/v2\/types\/page"}],"author":[{"embeddable":true,"href":"https:\/\/arionapools.com\/fr\/wp-json\/wp\/v2\/users\/1"}],"replies":[{"embeddable":true,"href":"https:\/\/arionapools.com\/fr\/wp-json\/wp\/v2\/comments?post=3620"}],"version-history":[{"count":6,"href":"https:\/\/arionapools.com\/fr\/wp-json\/wp\/v2\/pages\/3620\/revisions"}],"predecessor-version":[{"id":5122,"href":"https:\/\/arionapools.com\/fr\/wp-json\/wp\/v2\/pages\/3620\/revisions\/5122"}],"wp:featuredmedia":[{"embeddable":true,"href":"https:\/\/arionapools.com\/fr\/wp-json\/wp\/v2\/media\/4605"}],"wp:attachment":[{"href":"https:\/\/arionapools.com\/fr\/wp-json\/wp\/v2\/media?parent=3620"}],"curies":[{"name":"wp","href":"https:\/\/api.w.org\/{rel}","templated":true}]}}