{"id":4483,"date":"2025-03-19T12:18:40","date_gmt":"2025-03-19T12:18:40","guid":{"rendered":"https:\/\/arionapools.com\/?page_id=4483"},"modified":"2025-03-19T12:18:40","modified_gmt":"2025-03-19T12:18:40","slug":"blog","status":"publish","type":"page","link":"https:\/\/arionapools.com\/fr\/blog\/","title":{"rendered":"Blog"},"content":{"rendered":"<div   data-autoplay=''  data-interval='5'  data-animation='fade'  data-show_slide_delay='90'  class='avia-content-slider avia-content-grid-active avia-content-slider1 avia-content-slider-odd  avia-builder-el-0  avia-builder-el-no-sibling  '  itemscope=\"itemscope\" itemtype=\"https:\/\/schema.org\/Blog\" ><div class='avia-content-slider-inner'><div class='slide-entry-wrap'><article class='slide-entry flex_column  post-entry post-entry-4493 slide-entry-overview slide-loop-1 slide-parity-odd  av_one_third first real-thumbnail post-format-standard'  itemscope=\"itemscope\" itemtype=\"https:\/\/schema.org\/CreativeWork\" ><a href='https:\/\/arionapools.com\/fr\/la-methode-kaizen-chez-ariona-pools\/' data-rel='slide-1' class='slide-image' title='La m\u00e9thode Kaizen chez Ariona Pools'><img decoding=\"async\" width=\"495\" height=\"400\" src=\"https:\/\/arionapools.com\/wp-content\/uploads\/2025\/03\/DISENOS-PROPIOS-1-PPAL-495x400.png\" class=\"wp-image-4463 avia-img-lazy-loading-not-4463 attachment-portfolio size-portfolio wp-post-image\" alt=\"\" \/><\/a><div class='slide-content'><header class=\"entry-content-header\"><h3 class='slide-entry-title entry-title '  itemprop=\"headline\" ><a href='https:\/\/arionapools.com\/fr\/la-methode-kaizen-chez-ariona-pools\/' title='La m\u00e9thode Kaizen chez Ariona Pools'>La m\u00e9thode Kaizen chez Ariona Pools<\/a><\/h3><span class=\"av-vertical-delimiter\"><\/span><\/header><div class='slide-meta'><time class='slide-meta-time updated'  itemprop=\"datePublished\" datetime=\"2025-03-19T12:14:32+01:00\" >19 mars 2025<\/time><\/div><div class='slide-entry-excerpt entry-content'  itemprop=\"text\" >Conceptions et innovations propres\r\n\r\n\r\nChez Ariona Pools, nous\u2026<div class=\"read-more-link\"><a href=\"https:\/\/arionapools.com\/fr\/la-methode-kaizen-chez-ariona-pools\/\" class=\"more-link\">Lire la suite<span class=\"more-link-arrow\"><\/span><\/a><\/div><\/div><\/div><footer class=\"entry-footer\"><\/footer><span class='hidden'>\n\t\t\t\t<span class='av-structured-data'  itemprop=\"image\" itemscope=\"itemscope\" itemtype=\"https:\/\/schema.org\/ImageObject\" >\n\t\t\t\t\t\t<span itemprop='url'>https:\/\/arionapools.com\/wp-content\/uploads\/2025\/03\/DISENOS-PROPIOS-1-PPAL.png<\/span>\n\t\t\t\t\t\t<span itemprop='height'>600<\/span>\n\t\t\t\t\t\t<span itemprop='width'>800<\/span>\n\t\t\t\t<\/span>\n\t\t\t\t<span class='av-structured-data'  itemprop=\"publisher\" itemtype=\"https:\/\/schema.org\/Organization\" itemscope=\"itemscope\" >\n\t\t\t\t\t\t<span itemprop='name'>Ariona Pools<\/span>\n\t\t\t\t\t\t<span itemprop='logo' itemscope itemtype='https:\/\/schema.org\/ImageObject'>\n\t\t\t\t\t\t\t<span itemprop='url'>https:\/\/arionapools.com\/wp-content\/uploads\/2019\/03\/logo-ariona_web-300x138.png<\/span>\n\t\t\t\t\t\t <\/span>\n\t\t\t\t<\/span><span class='av-structured-data'  itemprop=\"author\" itemscope=\"itemscope\" itemtype=\"https:\/\/schema.org\/Person\" ><span itemprop='name'>Ariona Pools<\/span><\/span><span class='av-structured-data'  itemprop=\"datePublished\" datetime=\"2025-03-19T12:18:40+01:00\" >2025-03-19 12:14:32<\/span><span class='av-structured-data'  itemprop=\"dateModified\" itemtype=\"https:\/\/schema.org\/dateModified\" >2025-09-30 18:11:33<\/span><span class='av-structured-data'  itemprop=\"mainEntityOfPage\" itemtype=\"https:\/\/schema.org\/mainEntityOfPage\" ><span itemprop='name'>La m\u00e9thode Kaizen chez Ariona Pools<\/span><\/span><\/span><\/article><article class='slide-entry flex_column  post-entry post-entry-4448 slide-entry-overview slide-loop-2 slide-parity-even  av_one_third  real-thumbnail post-format-standard'  itemscope=\"itemscope\" itemtype=\"https:\/\/schema.org\/CreativeWork\" ><a href='https:\/\/arionapools.com\/fr\/comment-faire-evoluer-lentretien-de-la-piscine-vers-lavenir\/' data-rel='slide-1' class='slide-image' title='Comment faire \u00e9voluer l&rsquo;entretien de la piscine vers l&rsquo;avenir'><img decoding=\"async\" width=\"495\" height=\"400\" src=\"https:\/\/arionapools.com\/wp-content\/uploads\/2025\/03\/MANT-PPAL-495x400.png\" class=\"wp-image-4439 avia-img-lazy-loading-not-4439 attachment-portfolio size-portfolio wp-post-image\" alt=\"\" \/><\/a><div class='slide-content'><header class=\"entry-content-header\"><h3 class='slide-entry-title entry-title '  itemprop=\"headline\" ><a href='https:\/\/arionapools.com\/fr\/comment-faire-evoluer-lentretien-de-la-piscine-vers-lavenir\/' title='Comment faire \u00e9voluer l&rsquo;entretien de la piscine vers l&rsquo;avenir'>Comment faire \u00e9voluer l&rsquo;entretien de la piscine vers l&rsquo;avenir<\/a><\/h3><span class=\"av-vertical-delimiter\"><\/span><\/header><div class='slide-meta'><time class='slide-meta-time updated'  itemprop=\"datePublished\" datetime=\"2025-02-10T11:43:13+01:00\" >10 f\u00e9vrier 2025<\/time><\/div><div class='slide-entry-excerpt entry-content'  itemprop=\"text\" >10La filtration intelligente est la cl\u00e9 pour des piscines plus\u2026<div class=\"read-more-link\"><a href=\"https:\/\/arionapools.com\/fr\/comment-faire-evoluer-lentretien-de-la-piscine-vers-lavenir\/\" class=\"more-link\">Lire la suite<span class=\"more-link-arrow\"><\/span><\/a><\/div><\/div><\/div><footer class=\"entry-footer\"><\/footer><span class='hidden'>\n\t\t\t\t<span class='av-structured-data'  itemprop=\"image\" itemscope=\"itemscope\" itemtype=\"https:\/\/schema.org\/ImageObject\" >\n\t\t\t\t\t\t<span itemprop='url'>https:\/\/arionapools.com\/wp-content\/uploads\/2025\/03\/MANT-PPAL.png<\/span>\n\t\t\t\t\t\t<span itemprop='height'>600<\/span>\n\t\t\t\t\t\t<span itemprop='width'>800<\/span>\n\t\t\t\t<\/span>\n\t\t\t\t<span class='av-structured-data'  itemprop=\"publisher\" itemtype=\"https:\/\/schema.org\/Organization\" itemscope=\"itemscope\" >\n\t\t\t\t\t\t<span itemprop='name'>Ariona Pools<\/span>\n\t\t\t\t\t\t<span itemprop='logo' itemscope itemtype='https:\/\/schema.org\/ImageObject'>\n\t\t\t\t\t\t\t<span itemprop='url'>https:\/\/arionapools.com\/wp-content\/uploads\/2019\/03\/logo-ariona_web-300x138.png<\/span>\n\t\t\t\t\t\t <\/span>\n\t\t\t\t<\/span><span class='av-structured-data'  itemprop=\"author\" itemscope=\"itemscope\" itemtype=\"https:\/\/schema.org\/Person\" ><span itemprop='name'>Ariona Pools<\/span><\/span><span class='av-structured-data'  itemprop=\"datePublished\" datetime=\"2025-03-19T12:18:40+01:00\" >2025-02-10 11:43:13<\/span><span class='av-structured-data'  itemprop=\"dateModified\" itemtype=\"https:\/\/schema.org\/dateModified\" >2025-09-30 18:21:16<\/span><span class='av-structured-data'  itemprop=\"mainEntityOfPage\" itemtype=\"https:\/\/schema.org\/mainEntityOfPage\" ><span itemprop='name'>Comment faire \u00e9voluer l&rsquo;entretien de la piscine vers l&rsquo;avenir<\/span><\/span><\/span><\/article><article class='slide-entry flex_column  post-entry post-entry-4392 slide-entry-overview slide-loop-3 slide-parity-odd  av_one_third  real-thumbnail post-format-standard'  itemscope=\"itemscope\" itemtype=\"https:\/\/schema.org\/CreativeWork\" ><a href='https:\/\/arionapools.com\/fr\/transformer-lavenir-des-piscines\/' data-rel='slide-1' class='slide-image' title='Transformer l&rsquo;avenir des piscines'><img decoding=\"async\" width=\"495\" height=\"400\" src=\"https:\/\/arionapools.com\/wp-content\/uploads\/2025\/01\/EL-MANANA-PPAL-495x400.png\" class=\"wp-image-4188 avia-img-lazy-loading-not-4188 attachment-portfolio size-portfolio wp-post-image\" alt=\"\" \/><\/a><div class='slide-content'><header class=\"entry-content-header\"><h3 class='slide-entry-title entry-title '  itemprop=\"headline\" ><a href='https:\/\/arionapools.com\/fr\/transformer-lavenir-des-piscines\/' title='Transformer l&rsquo;avenir des piscines'>Transformer l&rsquo;avenir des piscines<\/a><\/h3><span class=\"av-vertical-delimiter\"><\/span><\/header><div class='slide-meta'><time class='slide-meta-time updated'  itemprop=\"datePublished\" datetime=\"2025-01-21T16:51:49+01:00\" >21 janvier 2025<\/time><\/div><div class='slide-entry-excerpt entry-content'  itemprop=\"text\" >Les innovations en mati\u00e8re d'\u00e9conomie d'eau d'Ariona Pools\r\nChez\u2026<div class=\"read-more-link\"><a href=\"https:\/\/arionapools.com\/fr\/transformer-lavenir-des-piscines\/\" class=\"more-link\">Lire la suite<span class=\"more-link-arrow\"><\/span><\/a><\/div><\/div><\/div><footer class=\"entry-footer\"><\/footer><span class='hidden'>\n\t\t\t\t<span class='av-structured-data'  itemprop=\"image\" itemscope=\"itemscope\" itemtype=\"https:\/\/schema.org\/ImageObject\" >\n\t\t\t\t\t\t<span itemprop='url'>https:\/\/arionapools.com\/wp-content\/uploads\/2025\/01\/EL-MANANA-PPAL-e1737478758970.png<\/span>\n\t\t\t\t\t\t<span itemprop='height'>600<\/span>\n\t\t\t\t\t\t<span itemprop='width'>800<\/span>\n\t\t\t\t<\/span>\n\t\t\t\t<span class='av-structured-data'  itemprop=\"publisher\" itemtype=\"https:\/\/schema.org\/Organization\" itemscope=\"itemscope\" >\n\t\t\t\t\t\t<span itemprop='name'>Ariona Pools<\/span>\n\t\t\t\t\t\t<span itemprop='logo' itemscope itemtype='https:\/\/schema.org\/ImageObject'>\n\t\t\t\t\t\t\t<span itemprop='url'>https:\/\/arionapools.com\/wp-content\/uploads\/2019\/03\/logo-ariona_web-300x138.png<\/span>\n\t\t\t\t\t\t <\/span>\n\t\t\t\t<\/span><span class='av-structured-data'  itemprop=\"author\" itemscope=\"itemscope\" itemtype=\"https:\/\/schema.org\/Person\" ><span itemprop='name'>Ariona Pools<\/span><\/span><span class='av-structured-data'  itemprop=\"datePublished\" datetime=\"2025-03-19T12:18:40+01:00\" >2025-01-21 16:51:49<\/span><span class='av-structured-data'  itemprop=\"dateModified\" itemtype=\"https:\/\/schema.org\/dateModified\" >2025-03-14 11:51:30<\/span><span class='av-structured-data'  itemprop=\"mainEntityOfPage\" itemtype=\"https:\/\/schema.org\/mainEntityOfPage\" ><span itemprop='name'>Transformer l&rsquo;avenir des piscines<\/span><\/span><\/span><\/article><\/div><div class='slide-entry-wrap'><article class='slide-entry flex_column  post-entry post-entry-4389 slide-entry-overview slide-loop-4 slide-parity-odd  av_one_third first real-thumbnail post-format-standard'  itemscope=\"itemscope\" itemtype=\"https:\/\/schema.org\/CreativeWork\" ><a href='https:\/\/arionapools.com\/fr\/2-innovations-cles-pour-un-environnement-sur\/' data-rel='slide-1' class='slide-image' title='2 innovations cl\u00e9s pour un environnement s\u00fbr'><img decoding=\"async\" width=\"495\" height=\"400\" src=\"https:\/\/arionapools.com\/wp-content\/uploads\/2025\/01\/SEGURIDAD-PPAL-495x400.png\" class=\"wp-image-4182 avia-img-lazy-loading-not-4182 attachment-portfolio size-portfolio wp-post-image\" alt=\"\" \/><\/a><div class='slide-content'><header class=\"entry-content-header\"><h3 class='slide-entry-title entry-title '  itemprop=\"headline\" ><a href='https:\/\/arionapools.com\/fr\/2-innovations-cles-pour-un-environnement-sur\/' title='2 innovations cl\u00e9s pour un environnement s\u00fbr'>2 innovations cl\u00e9s pour un environnement s\u00fbr<\/a><\/h3><span class=\"av-vertical-delimiter\"><\/span><\/header><div class='slide-meta'><time class='slide-meta-time updated'  itemprop=\"datePublished\" datetime=\"2024-12-21T16:50:55+01:00\" >21 d\u00e9cembre 2024<\/time><\/div><div class='slide-entry-excerpt entry-content'  itemprop=\"text\" >\u00a0Am\u00e9lioration de la s\u00e9curit\u00e9 dans les piscines\r\nLa s\u00e9curit\u00e9\u2026<div class=\"read-more-link\"><a href=\"https:\/\/arionapools.com\/fr\/2-innovations-cles-pour-un-environnement-sur\/\" class=\"more-link\">Lire la suite<span class=\"more-link-arrow\"><\/span><\/a><\/div><\/div><\/div><footer class=\"entry-footer\"><\/footer><span class='hidden'>\n\t\t\t\t<span class='av-structured-data'  itemprop=\"image\" itemscope=\"itemscope\" itemtype=\"https:\/\/schema.org\/ImageObject\" >\n\t\t\t\t\t\t<span itemprop='url'>https:\/\/arionapools.com\/wp-content\/uploads\/2025\/01\/SEGURIDAD-PPAL.png<\/span>\n\t\t\t\t\t\t<span itemprop='height'>600<\/span>\n\t\t\t\t\t\t<span itemprop='width'>800<\/span>\n\t\t\t\t<\/span>\n\t\t\t\t<span class='av-structured-data'  itemprop=\"publisher\" itemtype=\"https:\/\/schema.org\/Organization\" itemscope=\"itemscope\" >\n\t\t\t\t\t\t<span itemprop='name'>Ariona Pools<\/span>\n\t\t\t\t\t\t<span itemprop='logo' itemscope itemtype='https:\/\/schema.org\/ImageObject'>\n\t\t\t\t\t\t\t<span itemprop='url'>https:\/\/arionapools.com\/wp-content\/uploads\/2019\/03\/logo-ariona_web-300x138.png<\/span>\n\t\t\t\t\t\t <\/span>\n\t\t\t\t<\/span><span class='av-structured-data'  itemprop=\"author\" itemscope=\"itemscope\" itemtype=\"https:\/\/schema.org\/Person\" ><span itemprop='name'>Ariona Pools<\/span><\/span><span class='av-structured-data'  itemprop=\"datePublished\" datetime=\"2025-03-19T12:18:40+01:00\" >2024-12-21 16:50:55<\/span><span class='av-structured-data'  itemprop=\"dateModified\" itemtype=\"https:\/\/schema.org\/dateModified\" >2025-03-14 12:01:31<\/span><span class='av-structured-data'  itemprop=\"mainEntityOfPage\" itemtype=\"https:\/\/schema.org\/mainEntityOfPage\" ><span itemprop='name'>2 innovations cl\u00e9s pour un environnement s\u00fbr<\/span><\/span><\/span><\/article><article class='slide-entry flex_column  post-entry post-entry-4384 slide-entry-overview slide-loop-5 slide-parity-even  post-entry-last  av_one_third  real-thumbnail post-format-standard'  itemscope=\"itemscope\" itemtype=\"https:\/\/schema.org\/CreativeWork\" ><a href='https:\/\/arionapools.com\/fr\/les-6-principaux-avantages-dune-piscine-deau-salee\/' data-rel='slide-1' class='slide-image' title='Les 6 principaux avantages d\u2019une piscine d\u2019eau sal\u00e9e'><img decoding=\"async\" width=\"495\" height=\"400\" src=\"https:\/\/arionapools.com\/wp-content\/uploads\/2025\/01\/AGUA-SALADA-PPAL-495x400.png\" class=\"wp-image-4177 avia-img-lazy-loading-not-4177 attachment-portfolio size-portfolio wp-post-image\" alt=\"\" \/><\/a><div class='slide-content'><header class=\"entry-content-header\"><h3 class='slide-entry-title entry-title '  itemprop=\"headline\" ><a href='https:\/\/arionapools.com\/fr\/les-6-principaux-avantages-dune-piscine-deau-salee\/' title='Les 6 principaux avantages d\u2019une piscine d\u2019eau sal\u00e9e'>Les 6 principaux avantages d\u2019une piscine d\u2019eau sal\u00e9e<\/a><\/h3><span class=\"av-vertical-delimiter\"><\/span><\/header><div class='slide-meta'><time class='slide-meta-time updated'  itemprop=\"datePublished\" datetime=\"2024-11-21T15:43:56+01:00\" >21 novembre 2024<\/time><\/div><div class='slide-entry-excerpt entry-content'  itemprop=\"text\" >La r\u00e9surgence des piscines d'eau sal\u00e9e\r\nAvantages et tendances\r\nCes\u2026<div class=\"read-more-link\"><a href=\"https:\/\/arionapools.com\/fr\/les-6-principaux-avantages-dune-piscine-deau-salee\/\" class=\"more-link\">Lire la suite<span class=\"more-link-arrow\"><\/span><\/a><\/div><\/div><\/div><footer class=\"entry-footer\"><\/footer><span class='hidden'>\n\t\t\t\t<span class='av-structured-data'  itemprop=\"image\" itemscope=\"itemscope\" itemtype=\"https:\/\/schema.org\/ImageObject\" >\n\t\t\t\t\t\t<span itemprop='url'>https:\/\/arionapools.com\/wp-content\/uploads\/2025\/01\/AGUA-SALADA-PPAL.png<\/span>\n\t\t\t\t\t\t<span itemprop='height'>600<\/span>\n\t\t\t\t\t\t<span itemprop='width'>800<\/span>\n\t\t\t\t<\/span>\n\t\t\t\t<span class='av-structured-data'  itemprop=\"publisher\" itemtype=\"https:\/\/schema.org\/Organization\" itemscope=\"itemscope\" >\n\t\t\t\t\t\t<span itemprop='name'>Ariona Pools<\/span>\n\t\t\t\t\t\t<span itemprop='logo' itemscope itemtype='https:\/\/schema.org\/ImageObject'>\n\t\t\t\t\t\t\t<span itemprop='url'>https:\/\/arionapools.com\/wp-content\/uploads\/2019\/03\/logo-ariona_web-300x138.png<\/span>\n\t\t\t\t\t\t <\/span>\n\t\t\t\t<\/span><span class='av-structured-data'  itemprop=\"author\" itemscope=\"itemscope\" itemtype=\"https:\/\/schema.org\/Person\" ><span itemprop='name'>Ariona Pools<\/span><\/span><span class='av-structured-data'  itemprop=\"datePublished\" datetime=\"2025-03-19T12:18:40+01:00\" >2024-11-21 15:43:56<\/span><span class='av-structured-data'  itemprop=\"dateModified\" itemtype=\"https:\/\/schema.org\/dateModified\" >2025-03-14 12:09:05<\/span><span class='av-structured-data'  itemprop=\"mainEntityOfPage\" itemtype=\"https:\/\/schema.org\/mainEntityOfPage\" ><span itemprop='name'>Les 6 principaux avantages d\u2019une piscine d\u2019eau sal\u00e9e<\/span><\/span><\/span><\/article><\/div><\/div><\/div>\n","protected":false},"excerpt":{"rendered":"","protected":false},"author":1,"featured_media":0,"parent":0,"menu_order":0,"comment_status":"closed","ping_status":"closed","template":"","meta":{"footnotes":""},"class_list":["post-4483","page","type-page","status-publish","hentry"],"_links":{"self":[{"href":"https:\/\/arionapools.com\/fr\/wp-json\/wp\/v2\/pages\/4483","targetHints":{"allow":["GET"]}}],"collection":[{"href":"https:\/\/arionapools.com\/fr\/wp-json\/wp\/v2\/pages"}],"about":[{"href":"https:\/\/arionapools.com\/fr\/wp-json\/wp\/v2\/types\/page"}],"author":[{"embeddable":true,"href":"https:\/\/arionapools.com\/fr\/wp-json\/wp\/v2\/users\/1"}],"replies":[{"embeddable":true,"href":"https:\/\/arionapools.com\/fr\/wp-json\/wp\/v2\/comments?post=4483"}],"version-history":[{"count":1,"href":"https:\/\/arionapools.com\/fr\/wp-json\/wp\/v2\/pages\/4483\/revisions"}],"predecessor-version":[{"id":4485,"href":"https:\/\/arionapools.com\/fr\/wp-json\/wp\/v2\/pages\/4483\/revisions\/4485"}],"wp:attachment":[{"href":"https:\/\/arionapools.com\/fr\/wp-json\/wp\/v2\/media?parent=4483"}],"curies":[{"name":"wp","href":"https:\/\/api.w.org\/{rel}","templated":true}]}}