{"id":4736,"date":"2025-09-18T11:02:09","date_gmt":"2025-09-18T11:02:09","guid":{"rendered":"https:\/\/arionapools.com\/barent-plus\/"},"modified":"2025-10-09T09:54:09","modified_gmt":"2025-10-09T09:54:09","slug":"barent-plus","status":"publish","type":"page","link":"https:\/\/arionapools.com\/fr\/barent-plus\/","title":{"rendered":"Barent Plus"},"content":{"rendered":"<div id='av_section_1'  class='avia-section main_color avia-section-default avia-no-border-styling  avia-bg-style-scroll  avia-builder-el-0  el_before_av_section  avia-builder-el-first   container_wrap sidebar_right' style=' '  ><div class='container' ><main  role=\"main\" itemprop=\"mainContentOfPage\"  class='template-page content  av-content-small alpha units'><div class='post-entry post-entry-type-page post-entry-4736'><div class='entry-content-wrapper clearfix'>\n<div class=\"flex_column av_three_fifth  flex_column_div av-zero-column-padding first  avia-builder-el-1  el_before_av_two_fifth  avia-builder-el-first  \" style='border-radius:0px; '><section class=\"av_textblock_section \"  itemscope=\"itemscope\" itemtype=\"https:\/\/schema.org\/CreativeWork\" ><div class='avia_textblock  '   itemprop=\"text\" ><h1>Barent Plus<\/h1>\n<p class=\"p1\"><b>FILTRE POUR PISCINES PRIV\u00c9ES<\/b><\/p>\n<\/div><\/section><br \/>\n<div  style=' margin-top:0px; margin-bottom:10px;'  class='hr hr-custom hr-center hr-icon-no   avia-builder-el-3  el_after_av_textblock  el_before_av_textblock '><span class='hr-inner  inner-border-av-border-thin' style=' width:100%; border-color:#4488f5;' ><span class='hr-inner-style'><\/span><\/span><\/div><br \/>\n<section class=\"av_textblock_section \"  itemscope=\"itemscope\" itemtype=\"https:\/\/schema.org\/CreativeWork\" ><div class='avia_textblock  '   itemprop=\"text\" ><h4 class=\"p1\"><strong>CARACTER\u00cdSTICAS<\/strong><\/h4>\n<\/div><\/section><br \/>\n<div  style=' margin-top:0px; margin-bottom:10px;'  class='hr hr-custom hr-center hr-icon-no   avia-builder-el-5  el_after_av_textblock  el_before_av_textblock '><span class='hr-inner  inner-border-av-border-thin' style=' width:100%; border-color:#4488f5;' ><span class='hr-inner-style'><\/span><\/span><\/div><br \/>\n<section class=\"av_textblock_section \"  itemscope=\"itemscope\" itemtype=\"https:\/\/schema.org\/CreativeWork\" ><div class='avia_textblock  '   itemprop=\"text\" ><div class=\"page\" title=\"Page 18\">\n<div class=\"layoutArea\">\n<div class=\"column\">\n<p><strong>Filtre pour piscine priv\u00e9e, fabriqu\u00e9 selon les normes industrielles, avec cuve en fibre de verre renforc\u00e9e r\u00e9sistante aux UV. Avec entr\u00e9e lat\u00e9rale et hublot transparent. Raccordement de 2&Prime;.<\/strong><\/p>\n<p><strong>Diam\u00e8tres du filtre\u00a0: 620, 750 et 900\u00a0mm. Manom\u00e8tre et vanne 6 voies de 2&Prime;. Lit filtrant\u00a0: 1\u00a0m\u00e8tre.<\/strong><br \/>\n<strong>Versions disponibles avec bras collecteurs ou plaque inf\u00e9rieure.<\/strong><\/p>\n<p><strong>\u2022 Couvercles sup\u00e9rieur et lat\u00e9raux en m\u00e9thacrylate transparent avec 8\u00a0vis.<\/strong><br \/>\n<strong>\u2022 Diffuseur pliable pour un chargement facile du m\u00e9dia filtrant.<\/strong><br \/>\n<strong>\u2022 Couvercle lat\u00e9ral pour un acc\u00e8s facile aux pi\u00e8ces internes et \u00e0 l\u2019\u00e9vacuation du m\u00e9dia filtrant.<\/strong><br \/>\n<strong>\u2022 Syst\u00e8me de vidange con\u00e7u pour faciliter l\u2019\u00e9vacuation de l\u2019eau et du sable.<\/strong><br \/>\n<strong>\u2022 Purgeur d\u2019air interne pour \u00e9viter la formation de bulles d\u2019air \u00e0 l\u2019int\u00e9rieur du r\u00e9servoir.<\/strong><\/p>\n<\/div>\n<\/div>\n<\/div>\n<\/div><\/section><\/p><\/div><div class=\"flex_column av_two_fifth  flex_column_div av-zero-column-padding   avia-builder-el-7  el_after_av_three_fifth  el_before_av_one_full  \" style='border-radius:0px; '><p><div  class='avia-image-container  av-styling-    avia-builder-el-8  el_before_av_image  avia-builder-el-first  avia-align-center '  itemprop=\"image\" itemscope=\"itemscope\" itemtype=\"https:\/\/schema.org\/ImageObject\"  ><div class='avia-image-container-inner'><div class='avia-image-overlay-wrap'><a href='https:\/\/arionapools.com\/wp-content\/uploads\/2025\/09\/BARENT-PLUS-ARIONA-POOLS.jpeg' class='avia_image'  ><img decoding=\"async\" width=\"800\" height=\"600\" class='wp-image-4516 avia-img-lazy-loading-not-4516 avia_image' src=\"https:\/\/arionapools.com\/wp-content\/uploads\/2025\/09\/BARENT-PLUS-ARIONA-POOLS.jpeg\" alt='' title='BARENT PLUS ARIONA POOLS'  itemprop=\"thumbnailUrl\" srcset=\"https:\/\/arionapools.com\/wp-content\/uploads\/2025\/09\/BARENT-PLUS-ARIONA-POOLS.jpeg 800w, https:\/\/arionapools.com\/wp-content\/uploads\/2025\/09\/BARENT-PLUS-ARIONA-POOLS-300x225.jpeg 300w, https:\/\/arionapools.com\/wp-content\/uploads\/2025\/09\/BARENT-PLUS-ARIONA-POOLS-768x576.jpeg 768w, https:\/\/arionapools.com\/wp-content\/uploads\/2025\/09\/BARENT-PLUS-ARIONA-POOLS-705x529.jpeg 705w\" sizes=\"(max-width: 800px) 100vw, 800px\" \/><\/a><\/div><\/div><\/div><br \/>\n<div  class='avia-image-container  av-styling-    avia-builder-el-9  el_after_av_image  avia-builder-el-last  avia-align-center '  itemprop=\"image\" itemscope=\"itemscope\" itemtype=\"https:\/\/schema.org\/ImageObject\"  ><div class='avia-image-container-inner'><div class='avia-image-overlay-wrap'><a href='https:\/\/arionapools.com\/wp-content\/uploads\/2025\/09\/PACIFIC-PLUS-METHACRYLATE-LID-8-couvercle.jpg' class='avia_image'  ><img decoding=\"async\" width=\"300\" height=\"225\" class='wp-image-4751 avia-img-lazy-loading-not-4751 avia_image' src=\"https:\/\/arionapools.com\/wp-content\/uploads\/2025\/09\/PACIFIC-PLUS-METHACRYLATE-LID-8-couvercle.jpg\" alt='' title='METHACRYLATE COUVERCLE 8 VIS'  itemprop=\"thumbnailUrl\"  \/><\/a><\/div><\/div><\/div><\/p><\/div><div class=\"flex_column av_one_full  flex_column_div av-zero-column-padding first  avia-builder-el-10  el_after_av_two_fifth  avia-builder-el-last  \" style='border-radius:0px; '><p><div  style='height:50px' class='hr hr-invisible   avia-builder-el-11  el_before_av_image  avia-builder-el-first '><span class='hr-inner ' ><span class='hr-inner-style'><\/span><\/span><\/div><br \/>\n<div  class='avia-image-container  av-styling-    avia-builder-el-12  el_after_av_hr  avia-builder-el-last  avia-align-left '  itemprop=\"image\" itemscope=\"itemscope\" itemtype=\"https:\/\/schema.org\/ImageObject\"  ><div class='avia-image-container-inner'><div class='avia-image-overlay-wrap'><img decoding=\"async\" class='wp-image-5004 avia-img-lazy-loading-not-5004 avia_image' src=\"https:\/\/arionapools.com\/wp-content\/uploads\/2025\/10\/BARENT-PLUS-DATA-3.jpg\" alt='' title='Barent Plus data' height=\"1140\" width=\"1000\"  itemprop=\"thumbnailUrl\" srcset=\"https:\/\/arionapools.com\/wp-content\/uploads\/2025\/10\/BARENT-PLUS-DATA-3.jpg 1000w, https:\/\/arionapools.com\/wp-content\/uploads\/2025\/10\/BARENT-PLUS-DATA-3-263x300.jpg 263w, https:\/\/arionapools.com\/wp-content\/uploads\/2025\/10\/BARENT-PLUS-DATA-3-904x1030.jpg 904w, https:\/\/arionapools.com\/wp-content\/uploads\/2025\/10\/BARENT-PLUS-DATA-3-768x876.jpg 768w, https:\/\/arionapools.com\/wp-content\/uploads\/2025\/10\/BARENT-PLUS-DATA-3-618x705.jpg 618w\" sizes=\"(max-width: 1000px) 100vw, 1000px\" \/><\/div><\/div><\/div><\/p><\/div><\/div><\/div><\/main><!-- close content main element --><\/div><\/div><div id='av_section_2'  class='avia-section main_color avia-section-default avia-no-border-styling  avia-full-stretch av-parallax-section avia-bg-style-parallax  avia-builder-el-13  el_after_av_section  avia-builder-el-last   container_wrap sidebar_right' style=' '  data-section-bg-repeat='stretch'><div class='av-parallax' data-avia-parallax-ratio='0.3' ><div class='av-parallax-inner main_color  avia-full-stretch' style = 'background-repeat: no-repeat; background-image: url(https:\/\/arionapools.com\/wp-content\/uploads\/2019\/03\/Ariona-Pools_Slider_01.jpg);background-attachment: scroll; background-position: center center; ' ><\/div><\/div><div class='container' ><div class='template-page content  av-content-small alpha units'><div class='post-entry post-entry-type-page post-entry-4736'><div class='entry-content-wrapper clearfix'>\n<div  style='height:400px' class='hr hr-invisible   avia-builder-el-14  avia-builder-el-no-sibling '><span class='hr-inner ' ><span class='hr-inner-style'><\/span><\/span><\/div>\n<\/div><\/div><\/div><!-- close content main div --><\/div><\/div><div id='after_section_2'  class='main_color av_default_container_wrap container_wrap sidebar_right' style=' '  ><div class='container' ><div class='template-page content  av-content-small alpha units'><div class='post-entry post-entry-type-page post-entry-4736'><div class='entry-content-wrapper clearfix'><\/p>\n","protected":false},"excerpt":{"rendered":"<p>Filtro para piscina privada, fabricado con est\u00e1ndares industriales, tanque en fibra de vidrio reforzado, resistente a rayos UV. Con boca lateral y visor transparente. Conexi\u00f3n 2\u201d.<\/p>\n","protected":false},"author":1,"featured_media":4516,"parent":0,"menu_order":0,"comment_status":"closed","ping_status":"closed","template":"","meta":{"footnotes":""},"class_list":["post-4736","page","type-page","status-publish","has-post-thumbnail","hentry"],"_links":{"self":[{"href":"https:\/\/arionapools.com\/fr\/wp-json\/wp\/v2\/pages\/4736","targetHints":{"allow":["GET"]}}],"collection":[{"href":"https:\/\/arionapools.com\/fr\/wp-json\/wp\/v2\/pages"}],"about":[{"href":"https:\/\/arionapools.com\/fr\/wp-json\/wp\/v2\/types\/page"}],"author":[{"embeddable":true,"href":"https:\/\/arionapools.com\/fr\/wp-json\/wp\/v2\/users\/1"}],"replies":[{"embeddable":true,"href":"https:\/\/arionapools.com\/fr\/wp-json\/wp\/v2\/comments?post=4736"}],"version-history":[{"count":10,"href":"https:\/\/arionapools.com\/fr\/wp-json\/wp\/v2\/pages\/4736\/revisions"}],"predecessor-version":[{"id":5167,"href":"https:\/\/arionapools.com\/fr\/wp-json\/wp\/v2\/pages\/4736\/revisions\/5167"}],"wp:featuredmedia":[{"embeddable":true,"href":"https:\/\/arionapools.com\/fr\/wp-json\/wp\/v2\/media\/4516"}],"wp:attachment":[{"href":"https:\/\/arionapools.com\/fr\/wp-json\/wp\/v2\/media?parent=4736"}],"curies":[{"name":"wp","href":"https:\/\/api.w.org\/{rel}","templated":true}]}}