{"id":5318,"date":"2025-10-09T16:46:14","date_gmt":"2025-10-09T16:46:14","guid":{"rendered":"https:\/\/arionapools.com\/?page_id=5318"},"modified":"2025-10-09T17:02:45","modified_gmt":"2025-10-09T17:02:45","slug":"i-eco","status":"publish","type":"page","link":"https:\/\/arionapools.com\/fr\/i-eco\/","title":{"rendered":"I-ECO"},"content":{"rendered":"<div id='av_section_1'  class='avia-section main_color avia-section-default avia-no-border-styling  avia-bg-style-scroll  avia-builder-el-0  el_before_av_section  avia-builder-el-first   container_wrap sidebar_right' style=' '  ><div class='container' ><main  role=\"main\" itemprop=\"mainContentOfPage\"  class='template-page content  av-content-small alpha units'><div class='post-entry post-entry-type-page post-entry-5318'><div class='entry-content-wrapper clearfix'>\n<div class=\"flex_column av_three_fifth  flex_column_div av-zero-column-padding first  avia-builder-el-1  el_before_av_two_fifth  avia-builder-el-first  \" style='border-radius:0px; '><section class=\"av_textblock_section \"  itemscope=\"itemscope\" itemtype=\"https:\/\/schema.org\/CreativeWork\" ><div class='avia_textblock  '   itemprop=\"text\" ><h1>I-ECO<\/h1>\n<p class=\"p1\"><b>POMPE<\/b> <b>DE<\/b> <b>PISCINE<\/b> <b>\u00c1<\/b> <b>VITESSE<\/b> <b>VARIABLE<\/b> <b>(IE4)<\/b><\/p>\n<\/div><\/section><br \/>\n<div  style=' margin-top:0px; margin-bottom:10px;'  class='hr hr-custom hr-center hr-icon-no   avia-builder-el-3  el_after_av_textblock  el_before_av_textblock '><span class='hr-inner  inner-border-av-border-thin' style=' width:100%; border-color:#4488f5;' ><span class='hr-inner-style'><\/span><\/span><\/div><br \/>\n<section class=\"av_textblock_section \"  itemscope=\"itemscope\" itemtype=\"https:\/\/schema.org\/CreativeWork\" ><div class='avia_textblock  '   itemprop=\"text\" ><h4 class=\"p1\"><strong>CARACT\u00c9RISTIQUES<\/strong><\/h4>\n<\/div><\/section><br \/>\n<div  style=' margin-top:0px; margin-bottom:10px;'  class='hr hr-custom hr-center hr-icon-no   avia-builder-el-5  el_after_av_textblock  el_before_av_textblock '><span class='hr-inner  inner-border-av-border-thin' style=' width:100%; border-color:#4488f5;' ><span class='hr-inner-style'><\/span><\/span><\/div><br \/>\n<section class=\"av_textblock_section \"  itemscope=\"itemscope\" itemtype=\"https:\/\/schema.org\/CreativeWork\" ><div class='avia_textblock  '   itemprop=\"text\" ><div class=\"page\" title=\"Page 27\">\n<div class=\"section\">\n<div class=\"layoutArea\">\n<div class=\"column\">\n<p><strong>Gr\u00e2ce \u00e0 la technologie InverSilence, la vitesse du moteur est contr\u00f4l\u00e9e avec pr\u00e9cision. En cas de contre-lavage, la pompe peut fonctionner \u00e0 100 % de sa capacit\u00e9. Pour les besoins de filtration quotidiens, n\u00e9cessitant un faible d\u00e9bit, la pompe peut fonctionner \u00e0 basse vitesse, tout en restant extr\u00eamement silencieuse et \u00e9conome en \u00e9nergie.<\/strong><\/p>\n<p><strong>\u2022 \u00c9cran tactile circulaire.<\/strong><br \/>\n<strong>\u2022 4 minuteries de fonctionnement.<\/strong><br \/>\n<strong>\u2022 Affichage de la consommation d&rsquo;\u00e9nergie.<\/strong><br \/>\n<strong>\u2022 Capacit\u00e9 de fonctionnement de 30 % \u00e0 100 %.<\/strong><br \/>\n<strong>\u2022 D\u00e9marrage progressif\u00a0: protection du syst\u00e8me \u00e9lectrique.<\/strong><br \/>\n<strong>\u2022 Classe d&rsquo;efficacit\u00e9 du moteur IE4.<\/strong><br \/>\n<strong>\u2022 Commandes externes en option.<\/strong><br \/>\n<strong>\u2022 Contre-lavage en un clic.<\/strong><\/p>\n<\/div>\n<\/div>\n<\/div>\n<\/div>\n<\/div><\/section><\/p><\/div><div class=\"flex_column av_two_fifth  flex_column_div av-zero-column-padding   avia-builder-el-7  el_after_av_three_fifth  el_before_av_hr  \" style='border-radius:0px; '><div  class='avia-image-container  av-styling-    avia-builder-el-8  avia-builder-el-no-sibling  avia-align-center '  itemprop=\"image\" itemscope=\"itemscope\" itemtype=\"https:\/\/schema.org\/ImageObject\"  ><div class='avia-image-container-inner'><div class='avia-image-overlay-wrap'><img decoding=\"async\" class='wp-image-5313 avia-img-lazy-loading-not-5313 avia_image' src=\"https:\/\/arionapools.com\/wp-content\/uploads\/2025\/10\/I-ECO-495x400.jpg\" alt='' title='I-ECO' height=\"400\" width=\"495\"  itemprop=\"thumbnailUrl\"  \/><\/div><\/div><\/div><\/div><div  style='height:50px' class='hr hr-invisible   avia-builder-el-9  el_after_av_two_fifth  el_before_av_one_full '><span class='hr-inner ' ><span class='hr-inner-style'><\/span><\/span><\/div>\n<div class=\"flex_column av_one_full  flex_column_div av-zero-column-padding first  avia-builder-el-10  el_after_av_hr  avia-builder-el-last  \" style='border-radius:0px; '><div  class='avia-image-container  av-styling-    avia-builder-el-11  avia-builder-el-no-sibling  avia-align-left '  itemprop=\"image\" itemscope=\"itemscope\" itemtype=\"https:\/\/schema.org\/ImageObject\"  ><div class='avia-image-container-inner'><div class='avia-image-overlay-wrap'><a href='https:\/\/arionapools.com\/wp-content\/uploads\/2025\/10\/I-ECO-DATA-904x1030.jpg' class='avia_image'  ><img decoding=\"async\" width=\"1000\" height=\"1140\" class='wp-image-5310 avia-img-lazy-loading-not-5310 avia_image' src=\"https:\/\/arionapools.com\/wp-content\/uploads\/2025\/10\/I-ECO-DATA.jpg\" alt='' title='I-ECO DATA'  itemprop=\"thumbnailUrl\" srcset=\"https:\/\/arionapools.com\/wp-content\/uploads\/2025\/10\/I-ECO-DATA.jpg 1000w, https:\/\/arionapools.com\/wp-content\/uploads\/2025\/10\/I-ECO-DATA-263x300.jpg 263w, https:\/\/arionapools.com\/wp-content\/uploads\/2025\/10\/I-ECO-DATA-904x1030.jpg 904w, https:\/\/arionapools.com\/wp-content\/uploads\/2025\/10\/I-ECO-DATA-768x876.jpg 768w, https:\/\/arionapools.com\/wp-content\/uploads\/2025\/10\/I-ECO-DATA-618x705.jpg 618w\" sizes=\"(max-width: 1000px) 100vw, 1000px\" \/><\/a><\/div><\/div><\/div><\/div><\/div><\/div><\/main><!-- close content main element --><\/div><\/div><div id='av_section_2'  class='avia-section main_color avia-section-default avia-no-border-styling  avia-full-stretch av-parallax-section avia-bg-style-parallax  avia-builder-el-12  el_after_av_section  avia-builder-el-last   container_wrap sidebar_right' style=' '  data-section-bg-repeat='stretch'><div class='av-parallax' data-avia-parallax-ratio='0.3' ><div class='av-parallax-inner main_color  avia-full-stretch' style = 'background-repeat: no-repeat; background-image: url(https:\/\/arionapools.com\/wp-content\/uploads\/2019\/03\/Ariona-Pools_Slider_01.jpg);background-attachment: scroll; background-position: center center; ' ><\/div><\/div><div class='container' ><div class='template-page content  av-content-small alpha units'><div class='post-entry post-entry-type-page post-entry-5318'><div class='entry-content-wrapper clearfix'>\n<div  style='height:400px' class='hr hr-invisible   avia-builder-el-13  avia-builder-el-no-sibling '><span class='hr-inner ' ><span class='hr-inner-style'><\/span><\/span><\/div>\n<\/div><\/div><\/div><!-- close content main div --><\/div><\/div><div id='after_section_2'  class='main_color av_default_container_wrap container_wrap sidebar_right' style=' '  ><div class='container' ><div class='template-page content  av-content-small alpha units'><div class='post-entry post-entry-type-page post-entry-5318'><div class='entry-content-wrapper clearfix'><\/p>\n","protected":false},"excerpt":{"rendered":"<p>Bomba centr\u00edfuga de gran caudal, a las que se le ha aplicado un prefiltro en la aspiraci\u00f3n, lo cual hace de ellas la bomba ideal para grandes equipos de filtraci\u00f3n. Cuerpo bomba, prefiltro, acoplamiento y turbina en fundici\u00f3n de hierro. Eje y cesto prefiltro en acero inoxidable AISI 316. Cierre mec\u00e1nico en carb\u00f3ncer\u00e1mica. Bajo demanda la turbina puede ser en bronce.<\/p>\n","protected":false},"author":2,"featured_media":5313,"parent":0,"menu_order":0,"comment_status":"closed","ping_status":"closed","template":"","meta":{"footnotes":""},"class_list":["post-5318","page","type-page","status-publish","has-post-thumbnail","hentry"],"_links":{"self":[{"href":"https:\/\/arionapools.com\/fr\/wp-json\/wp\/v2\/pages\/5318","targetHints":{"allow":["GET"]}}],"collection":[{"href":"https:\/\/arionapools.com\/fr\/wp-json\/wp\/v2\/pages"}],"about":[{"href":"https:\/\/arionapools.com\/fr\/wp-json\/wp\/v2\/types\/page"}],"author":[{"embeddable":true,"href":"https:\/\/arionapools.com\/fr\/wp-json\/wp\/v2\/users\/2"}],"replies":[{"embeddable":true,"href":"https:\/\/arionapools.com\/fr\/wp-json\/wp\/v2\/comments?post=5318"}],"version-history":[{"count":6,"href":"https:\/\/arionapools.com\/fr\/wp-json\/wp\/v2\/pages\/5318\/revisions"}],"predecessor-version":[{"id":5329,"href":"https:\/\/arionapools.com\/fr\/wp-json\/wp\/v2\/pages\/5318\/revisions\/5329"}],"wp:featuredmedia":[{"embeddable":true,"href":"https:\/\/arionapools.com\/fr\/wp-json\/wp\/v2\/media\/5313"}],"wp:attachment":[{"href":"https:\/\/arionapools.com\/fr\/wp-json\/wp\/v2\/media?parent=5318"}],"curies":[{"name":"wp","href":"https:\/\/api.w.org\/{rel}","templated":true}]}}