{"id":5367,"date":"2025-10-09T17:20:27","date_gmt":"2025-10-09T17:20:27","guid":{"rendered":"https:\/\/arionapools.com\/i-pro\/"},"modified":"2025-10-09T17:27:48","modified_gmt":"2025-10-09T17:27:48","slug":"i-pro","status":"publish","type":"page","link":"https:\/\/arionapools.com\/fr\/i-pro\/","title":{"rendered":"I-PRO"},"content":{"rendered":"<div id='av_section_1'  class='avia-section main_color avia-section-default avia-no-border-styling  avia-bg-style-scroll  avia-builder-el-0  el_before_av_section  avia-builder-el-first   container_wrap sidebar_right' style=' '  ><div class='container' ><main  role=\"main\" itemprop=\"mainContentOfPage\"  class='template-page content  av-content-small alpha units'><div class='post-entry post-entry-type-page post-entry-5367'><div class='entry-content-wrapper clearfix'>\n<div class=\"flex_column av_three_fifth  flex_column_div av-zero-column-padding first  avia-builder-el-1  el_before_av_two_fifth  avia-builder-el-first  \" style='border-radius:0px; '><section class=\"av_textblock_section \"  itemscope=\"itemscope\" itemtype=\"https:\/\/schema.org\/CreativeWork\" ><div class='avia_textblock  '   itemprop=\"text\" ><h1>I-PRO<\/h1>\n<div class=\"page\" title=\"Page 28\">\n<div class=\"section\">\n<div class=\"layoutArea\">\n<div class=\"column\">\n<p><strong>POMPE DE PISCINE A\u0301 VITESSE VARIABLE (IE4)<\/strong><\/p>\n<\/div>\n<\/div>\n<\/div>\n<\/div>\n<\/div><\/section><br \/>\n<div  style=' margin-top:0px; margin-bottom:10px;'  class='hr hr-custom hr-center hr-icon-no   avia-builder-el-3  el_after_av_textblock  el_before_av_textblock '><span class='hr-inner  inner-border-av-border-thin' style=' width:100%; border-color:#4488f5;' ><span class='hr-inner-style'><\/span><\/span><\/div><br \/>\n<section class=\"av_textblock_section \"  itemscope=\"itemscope\" itemtype=\"https:\/\/schema.org\/CreativeWork\" ><div class='avia_textblock  '   itemprop=\"text\" ><h4 class=\"p1\"><strong>CHARACTERISTICS<\/strong><\/h4>\n<\/div><\/section><br \/>\n<div  style=' margin-top:0px; margin-bottom:10px;'  class='hr hr-custom hr-center hr-icon-no   avia-builder-el-5  el_after_av_textblock  el_before_av_textblock '><span class='hr-inner  inner-border-av-border-thin' style=' width:100%; border-color:#4488f5;' ><span class='hr-inner-style'><\/span><\/span><\/div><br \/>\n<section class=\"av_textblock_section \"  itemscope=\"itemscope\" itemtype=\"https:\/\/schema.org\/CreativeWork\" ><div class='avia_textblock  '   itemprop=\"text\" ><div class=\"page\" title=\"Page 27\">\n<div class=\"section\">\n<div class=\"layoutArea\">\n<div class=\"column\">\n<div class=\"page\" title=\"Page 28\">\n<div class=\"section\">\n<div class=\"layoutArea\">\n<div class=\"column\">\n<div class=\"page\" title=\"Page 28\">\n<div class=\"section\">\n<div class=\"layoutArea\">\n<div class=\"column\">\n<p><strong>La pompe I-PRO est une pompe de piscine a\u0300 vitesse variable qui inte\u0300gre la technologie InverSilence\u00ae pour obtenir la pompe la plus silencieuse et la plus e\u0301conome en e\u0301nergie.<\/strong><\/p>\n<p><strong>Il combine une technologie d&rsquo;onduleur complet, un syste\u0300me hydraulique a\u0300 volute et un moteur a\u0300 courant continu sans balais, qui permet non seulement a\u0300 la pompe de fonctionner intelligemment entre 30 et 120% de sa capacite\u0301 de fonctionnement pour re\u0301pondre a\u0300 ses diffe\u0301rentes applications telles que la filtration et le lavage a\u0300 contre-courant, mais re\u0301duit e\u0301galement davantage le bruit. plus de 30 fois et permet d&rsquo;e\u0301conomiser de l&rsquo;e\u0301nergie jusqu&rsquo;a\u0300 90%.<\/strong><\/p>\n<p><strong>\u2022 Grand e\u0301cran tactile.<\/strong><br \/>\n<strong>\u2022 Lecture du de\u0301bit.<\/strong><br \/>\n<strong>\u2022 Lecture de la consommation d&rsquo;e\u0301nergie.<br \/>\n\u2022 Mode inverseur automatique ou inverseur Manuel.<\/strong><br \/>\n<strong>\u2022 De\u0301marrage progressif : protection du syste\u0300me e\u0301lectrique.<\/strong><br \/>\n<strong>\u2022 Wi-Fi inte\u0301gre\u0301.<\/strong><br \/>\n<strong>\u2022 Contro\u0302les externes: modbus RS485, entre\u0301e nume\u0301rique, entre\u0301e analogique, sortie relais.<\/strong><br \/>\n<strong>\u2022 Re\u0301trolavage en un clic.<\/strong><\/p>\n<\/div>\n<\/div>\n<\/div>\n<\/div>\n<\/div>\n<\/div>\n<\/div>\n<\/div>\n<\/div>\n<\/div>\n<\/div>\n<\/div>\n<\/div><\/section><\/p><\/div><div class=\"flex_column av_two_fifth  flex_column_div av-zero-column-padding   avia-builder-el-7  el_after_av_three_fifth  el_before_av_hr  \" style='border-radius:0px; '><div  class='avia-image-container  av-styling-    avia-builder-el-8  avia-builder-el-no-sibling  avia-align-center '  itemprop=\"image\" itemscope=\"itemscope\" itemtype=\"https:\/\/schema.org\/ImageObject\"  ><div class='avia-image-container-inner'><div class='avia-image-overlay-wrap'><img decoding=\"async\" class='wp-image-5360 avia-img-lazy-loading-not-5360 avia_image' src=\"https:\/\/arionapools.com\/wp-content\/uploads\/2025\/10\/I-PRO-1-495x400.jpg\" alt='' title='I-PRO (1)' height=\"400\" width=\"495\"  itemprop=\"thumbnailUrl\"  \/><\/div><\/div><\/div><\/div><div  style='height:50px' class='hr hr-invisible   avia-builder-el-9  el_after_av_two_fifth  el_before_av_one_full '><span class='hr-inner ' ><span class='hr-inner-style'><\/span><\/span><\/div>\n<div class=\"flex_column av_one_full  flex_column_div av-zero-column-padding first  avia-builder-el-10  el_after_av_hr  avia-builder-el-last  \" style='border-radius:0px; '><div  class='avia-image-container  av-styling-    avia-builder-el-11  avia-builder-el-no-sibling  avia-align-left '  itemprop=\"image\" itemscope=\"itemscope\" itemtype=\"https:\/\/schema.org\/ImageObject\"  ><div class='avia-image-container-inner'><div class='avia-image-overlay-wrap'><a href='https:\/\/arionapools.com\/wp-content\/uploads\/2025\/10\/I-PRO-904x1030.jpg' class='avia_image'  ><img decoding=\"async\" width=\"1000\" height=\"1140\" class='wp-image-5363 avia-img-lazy-loading-not-5363 avia_image' src=\"https:\/\/arionapools.com\/wp-content\/uploads\/2025\/10\/I-PRO.jpg\" alt='' title='I-PRO DATA'  itemprop=\"thumbnailUrl\" srcset=\"https:\/\/arionapools.com\/wp-content\/uploads\/2025\/10\/I-PRO.jpg 1000w, https:\/\/arionapools.com\/wp-content\/uploads\/2025\/10\/I-PRO-263x300.jpg 263w, https:\/\/arionapools.com\/wp-content\/uploads\/2025\/10\/I-PRO-904x1030.jpg 904w, https:\/\/arionapools.com\/wp-content\/uploads\/2025\/10\/I-PRO-768x876.jpg 768w, https:\/\/arionapools.com\/wp-content\/uploads\/2025\/10\/I-PRO-618x705.jpg 618w\" sizes=\"(max-width: 1000px) 100vw, 1000px\" \/><\/a><\/div><\/div><\/div><\/div><\/div><\/div><\/main><!-- close content main element --><\/div><\/div><div id='av_section_2'  class='avia-section main_color avia-section-default avia-no-border-styling  avia-full-stretch av-parallax-section avia-bg-style-parallax  avia-builder-el-12  el_after_av_section  avia-builder-el-last   container_wrap sidebar_right' style=' '  data-section-bg-repeat='stretch'><div class='av-parallax' data-avia-parallax-ratio='0.3' ><div class='av-parallax-inner main_color  avia-full-stretch' style = 'background-repeat: no-repeat; background-image: url(https:\/\/arionapools.com\/wp-content\/uploads\/2019\/03\/Ariona-Pools_Slider_01.jpg);background-attachment: scroll; background-position: center center; ' ><\/div><\/div><div class='container' ><div class='template-page content  av-content-small alpha units'><div class='post-entry post-entry-type-page post-entry-5367'><div class='entry-content-wrapper clearfix'>\n<div  style='height:400px' class='hr hr-invisible   avia-builder-el-13  avia-builder-el-no-sibling '><span class='hr-inner ' ><span class='hr-inner-style'><\/span><\/span><\/div>\n<\/div><\/div><\/div><!-- close content main div --><\/div><\/div><div id='after_section_2'  class='main_color av_default_container_wrap container_wrap sidebar_right' style=' '  ><div class='container' ><div class='template-page content  av-content-small alpha units'><div class='post-entry post-entry-type-page post-entry-5367'><div class='entry-content-wrapper clearfix'><\/p>\n","protected":false},"excerpt":{"rendered":"<p>Bomba centr\u00edfuga de gran caudal, a las que se le ha aplicado un prefiltro en la aspiraci\u00f3n, lo cual hace de ellas la bomba ideal para grandes equipos de filtraci\u00f3n. Cuerpo bomba, prefiltro, acoplamiento y turbina en fundici\u00f3n de hierro. Eje y cesto prefiltro en acero inoxidable AISI 316. Cierre mec\u00e1nico en carb\u00f3ncer\u00e1mica. Bajo demanda la turbina puede ser en bronce.<\/p>\n","protected":false},"author":2,"featured_media":5360,"parent":0,"menu_order":0,"comment_status":"closed","ping_status":"closed","template":"","meta":{"footnotes":""},"class_list":["post-5367","page","type-page","status-publish","has-post-thumbnail","hentry"],"_links":{"self":[{"href":"https:\/\/arionapools.com\/fr\/wp-json\/wp\/v2\/pages\/5367","targetHints":{"allow":["GET"]}}],"collection":[{"href":"https:\/\/arionapools.com\/fr\/wp-json\/wp\/v2\/pages"}],"about":[{"href":"https:\/\/arionapools.com\/fr\/wp-json\/wp\/v2\/types\/page"}],"author":[{"embeddable":true,"href":"https:\/\/arionapools.com\/fr\/wp-json\/wp\/v2\/users\/2"}],"replies":[{"embeddable":true,"href":"https:\/\/arionapools.com\/fr\/wp-json\/wp\/v2\/comments?post=5367"}],"version-history":[{"count":4,"href":"https:\/\/arionapools.com\/fr\/wp-json\/wp\/v2\/pages\/5367\/revisions"}],"predecessor-version":[{"id":5372,"href":"https:\/\/arionapools.com\/fr\/wp-json\/wp\/v2\/pages\/5367\/revisions\/5372"}],"wp:featuredmedia":[{"embeddable":true,"href":"https:\/\/arionapools.com\/fr\/wp-json\/wp\/v2\/media\/5360"}],"wp:attachment":[{"href":"https:\/\/arionapools.com\/fr\/wp-json\/wp\/v2\/media?parent=5367"}],"curies":[{"name":"wp","href":"https:\/\/api.w.org\/{rel}","templated":true}]}}