{"id":5588,"date":"2026-03-17T12:10:14","date_gmt":"2026-03-17T11:10:14","guid":{"rendered":"https:\/\/arionapools.com\/?page_id=5588"},"modified":"2026-03-17T12:10:27","modified_gmt":"2026-03-17T11:10:27","slug":"superb","status":"publish","type":"page","link":"https:\/\/arionapools.com\/fr\/superb\/","title":{"rendered":"Superb"},"content":{"rendered":"<div id='av_section_1'  class='avia-section main_color avia-section-default avia-no-border-styling  avia-bg-style-scroll  avia-builder-el-0  el_before_av_section  avia-builder-el-first   container_wrap sidebar_right' style=' '  ><div class='container' ><main  role=\"main\" itemprop=\"mainContentOfPage\"  class='template-page content  av-content-small alpha units'><div class='post-entry post-entry-type-page post-entry-5588'><div class='entry-content-wrapper clearfix'>\n<div class=\"flex_column av_three_fifth  flex_column_div av-zero-column-padding first  avia-builder-el-1  el_before_av_two_fifth  avia-builder-el-first  \" style='border-radius:0px; '><section class=\"av_textblock_section \"  itemscope=\"itemscope\" itemtype=\"https:\/\/schema.org\/CreativeWork\" ><div class='avia_textblock  '   itemprop=\"text\" ><h1>Superb<\/h1>\n<p class=\"p1\"><strong><span class=\"a_GcMg font-feature-liga-off font-feature-clig-off font-feature-calt-off text-decoration-none text-strikethrough-none\">POMPE AUTO-ASPIRANTE POUR PISCINE<\/span><\/strong><\/p>\n<\/div><\/section><br \/>\n<div  style=' margin-top:0px; margin-bottom:10px;'  class='hr hr-custom hr-center hr-icon-no   avia-builder-el-3  el_after_av_textblock  el_before_av_textblock '><span class='hr-inner  inner-border-av-border-thin' style=' width:100%; border-color:#4488f5;' ><span class='hr-inner-style'><\/span><\/span><\/div><br \/>\n<section class=\"av_textblock_section \"  itemscope=\"itemscope\" itemtype=\"https:\/\/schema.org\/CreativeWork\" ><div class='avia_textblock  '   itemprop=\"text\" ><h4 class=\"p1\"><strong>CARACT\u00c9RISTIQUES<\/strong><\/h4>\n<\/div><\/section><br \/>\n<div  style=' margin-top:0px; margin-bottom:10px;'  class='hr hr-custom hr-center hr-icon-no   avia-builder-el-5  el_after_av_textblock  el_before_av_textblock '><span class='hr-inner  inner-border-av-border-thin' style=' width:100%; border-color:#4488f5;' ><span class='hr-inner-style'><\/span><\/span><\/div><br \/>\n<section class=\"av_textblock_section \"  itemscope=\"itemscope\" itemtype=\"https:\/\/schema.org\/CreativeWork\" ><div class='avia_textblock  av_inherit_color '  style='color:#7bb0e7; '  itemprop=\"text\" ><p>Pompe \u00e9lectrique auto-amor\u00e7ante pour piscines, avec pr\u00e9filtre int\u00e9gr\u00e9 de grande capacit\u00e9. Filtre avec couvercle transparent en polycarbonate et \u00e9crou filet\u00e9. Kit de fixation standard pour soudage par solvant inclus. Corps de pompe, logement du joint et diffuseur en polypropyl\u00e8ne r\u00e9sistant aux produits chimiques et renforc\u00e9 de fibre de verre. Arbre en acier inoxydable AISI-316. Turbine en Noryl. Garniture m\u00e9canique en acier inoxydable AISI-316 (adapt\u00e9e \u00e0 l&rsquo;eau de mer). Visserie en acier inoxydable AISI-304. Moteur surdimensionn\u00e9 pour \u00e9viter la surchauffe, notamment dans les locaux techniques.<\/p>\n<p>\u2022 Raccord filet\u00e9 femelle 2&Prime;.<\/p>\n<p>\u2022 Raccord pour tuyau PVC \u00d8 63 mm pour soudage par solvant.<\/p>\n<p>Moteur :<\/p>\n<p>\u2022 Moteur asynchrone \u00e0 ventilation externe.<\/p>\n<p>\u2022 Indice de protection IP55. 50-60 Hz.<\/p>\n<p>\u2022 Isolation classe F.<\/p>\n<p>\u2022 Moteur rev\u00eatu d&rsquo;une peinture cataphor\u00e9tique, jusqu&rsquo;\u00e0 8 fois plus r\u00e9sistante \u00e0 la corrosion.<\/p>\n<\/div><\/section><\/p><\/div><div class=\"flex_column av_two_fifth  flex_column_div av-zero-column-padding   avia-builder-el-7  el_after_av_three_fifth  el_before_av_hr  \" style='border-radius:0px; '><div  class='avia-gallery  avia-gallery-1 avia_lazyload avia-gallery-animate avia_animate_when_visible  avia-builder-el-8  avia-builder-el-no-sibling '  itemprop=\"image\" itemscope=\"itemscope\" itemtype=\"https:\/\/schema.org\/ImageObject\" ><a class='avia-gallery-big fakeLightbox lightbox avia-gallery-big-crop-thumb ' href='https:\/\/arionapools.com\/wp-content\/uploads\/2026\/03\/SUPERB-1030x695.png'  data-onclick='1' title='Sin variador' ><span class='avia-gallery-big-inner'  itemprop=\"thumbnailUrl\" ><img decoding=\"async\" class=\"wp-image-5566 avia-img-lazy-loading-not-5566\"  width=\"2560\" height=\"1727\" src=\"https:\/\/arionapools.com\/wp-content\/uploads\/2026\/03\/SUPERB-scaled.png\" title='SUPERB' alt='' srcset=\"https:\/\/arionapools.com\/wp-content\/uploads\/2026\/03\/SUPERB-scaled.png 2560w, https:\/\/arionapools.com\/wp-content\/uploads\/2026\/03\/SUPERB-300x202.png 300w, https:\/\/arionapools.com\/wp-content\/uploads\/2026\/03\/SUPERB-1030x695.png 1030w, https:\/\/arionapools.com\/wp-content\/uploads\/2026\/03\/SUPERB-768x518.png 768w, https:\/\/arionapools.com\/wp-content\/uploads\/2026\/03\/SUPERB-1536x1036.png 1536w, https:\/\/arionapools.com\/wp-content\/uploads\/2026\/03\/SUPERB-2048x1382.png 2048w, https:\/\/arionapools.com\/wp-content\/uploads\/2026\/03\/SUPERB-1500x1012.png 1500w, https:\/\/arionapools.com\/wp-content\/uploads\/2026\/03\/SUPERB-705x476.png 705w\" sizes=\"(max-width: 2560px) 100vw, 2560px\" \/>\t<span class='avia-gallery-caption'>Sin variador<\/span><\/span><\/a><div class='avia-gallery-thumb'> <a href='https:\/\/arionapools.com\/wp-content\/uploads\/2026\/03\/SUPERB-1030x695.png' data-rel='gallery-1' data-prev-img='https:\/\/arionapools.com\/wp-content\/uploads\/2026\/03\/SUPERB-scaled.png' class='first_thumb lightbox ' data-onclick='1' title='Sin variador'  itemprop=\"thumbnailUrl\"  ><img decoding=\"async\" class=\"wp-image-5566 avia-img-lazy-loading-not-5566\"  data-avia-tooltip='Sin variador' src=\"https:\/\/arionapools.com\/wp-content\/uploads\/2026\/03\/SUPERB-scaled.png\" width=\"2560\" height=\"1727\"  title='SUPERB' alt='' srcset=\"https:\/\/arionapools.com\/wp-content\/uploads\/2026\/03\/SUPERB-scaled.png 2560w, https:\/\/arionapools.com\/wp-content\/uploads\/2026\/03\/SUPERB-300x202.png 300w, https:\/\/arionapools.com\/wp-content\/uploads\/2026\/03\/SUPERB-1030x695.png 1030w, https:\/\/arionapools.com\/wp-content\/uploads\/2026\/03\/SUPERB-768x518.png 768w, https:\/\/arionapools.com\/wp-content\/uploads\/2026\/03\/SUPERB-1536x1036.png 1536w, https:\/\/arionapools.com\/wp-content\/uploads\/2026\/03\/SUPERB-2048x1382.png 2048w, https:\/\/arionapools.com\/wp-content\/uploads\/2026\/03\/SUPERB-1500x1012.png 1500w, https:\/\/arionapools.com\/wp-content\/uploads\/2026\/03\/SUPERB-705x476.png 705w\" sizes=\"(max-width: 2560px) 100vw, 2560px\" \/><\/a> <a href='https:\/\/arionapools.com\/wp-content\/uploads\/2026\/03\/SUPERB-CON-VARIADOR-1030x695.png' data-rel='gallery-1' data-prev-img='https:\/\/arionapools.com\/wp-content\/uploads\/2026\/03\/SUPERB-CON-VARIADOR-scaled.png' class='lightbox ' data-onclick='2' title='Con variador'  itemprop=\"thumbnailUrl\"  ><img decoding=\"async\" class=\"wp-image-5563 avia-img-lazy-loading-not-5563\"  data-avia-tooltip='Con variador' src=\"https:\/\/arionapools.com\/wp-content\/uploads\/2026\/03\/SUPERB-CON-VARIADOR-scaled.png\" width=\"2560\" height=\"1727\"  title='SUPERB CON VARIADOR' alt='' srcset=\"https:\/\/arionapools.com\/wp-content\/uploads\/2026\/03\/SUPERB-CON-VARIADOR-scaled.png 2560w, https:\/\/arionapools.com\/wp-content\/uploads\/2026\/03\/SUPERB-CON-VARIADOR-300x202.png 300w, https:\/\/arionapools.com\/wp-content\/uploads\/2026\/03\/SUPERB-CON-VARIADOR-1030x695.png 1030w, https:\/\/arionapools.com\/wp-content\/uploads\/2026\/03\/SUPERB-CON-VARIADOR-768x518.png 768w, https:\/\/arionapools.com\/wp-content\/uploads\/2026\/03\/SUPERB-CON-VARIADOR-1536x1036.png 1536w, https:\/\/arionapools.com\/wp-content\/uploads\/2026\/03\/SUPERB-CON-VARIADOR-2048x1382.png 2048w, https:\/\/arionapools.com\/wp-content\/uploads\/2026\/03\/SUPERB-CON-VARIADOR-1500x1012.png 1500w, https:\/\/arionapools.com\/wp-content\/uploads\/2026\/03\/SUPERB-CON-VARIADOR-705x476.png 705w\" sizes=\"(max-width: 2560px) 100vw, 2560px\" \/><\/a><\/div><\/div><\/div><div  style='height:50px' class='hr hr-invisible   avia-builder-el-9  el_after_av_two_fifth  el_before_av_one_full '><span class='hr-inner ' ><span class='hr-inner-style'><\/span><\/span><\/div>\n<div class=\"flex_column av_one_full  flex_column_div av-zero-column-padding first  avia-builder-el-10  el_after_av_hr  avia-builder-el-last  \" style='border-radius:0px; '><div  class='avia-image-container  av-styling-    avia-builder-el-11  avia-builder-el-no-sibling  avia-align-center '  itemprop=\"image\" itemscope=\"itemscope\" itemtype=\"https:\/\/schema.org\/ImageObject\"  ><div class='avia-image-container-inner'><div class='avia-image-overlay-wrap'><a href='https:\/\/arionapools.com\/wp-content\/uploads\/2026\/03\/Captura-de-Pantalla-2026-03-11-a-las-13.09.35.png' class='avia_image'  ><img decoding=\"async\" width=\"867\" height=\"552\" class='wp-image-5570 avia-img-lazy-loading-not-5570 avia_image' src=\"https:\/\/arionapools.com\/wp-content\/uploads\/2026\/03\/Captura-de-Pantalla-2026-03-11-a-las-13.09.35.png\" alt='' title='Captura de Pantalla 2026-03-11 a las 13.09.35'  itemprop=\"thumbnailUrl\" srcset=\"https:\/\/arionapools.com\/wp-content\/uploads\/2026\/03\/Captura-de-Pantalla-2026-03-11-a-las-13.09.35.png 867w, https:\/\/arionapools.com\/wp-content\/uploads\/2026\/03\/Captura-de-Pantalla-2026-03-11-a-las-13.09.35-300x191.png 300w, https:\/\/arionapools.com\/wp-content\/uploads\/2026\/03\/Captura-de-Pantalla-2026-03-11-a-las-13.09.35-768x489.png 768w, https:\/\/arionapools.com\/wp-content\/uploads\/2026\/03\/Captura-de-Pantalla-2026-03-11-a-las-13.09.35-705x449.png 705w\" sizes=\"(max-width: 867px) 100vw, 867px\" \/><\/a><\/div><\/div><\/div><\/div><\/div><\/div><\/main><!-- close content main element --><\/div><\/div><div id='av_section_2'  class='avia-section main_color avia-section-default avia-no-border-styling  avia-full-stretch av-parallax-section avia-bg-style-parallax  avia-builder-el-12  el_after_av_section  avia-builder-el-last   container_wrap sidebar_right' style=' '  data-section-bg-repeat='stretch'><div class='av-parallax' data-avia-parallax-ratio='0.3' ><div class='av-parallax-inner main_color  avia-full-stretch' style = 'background-repeat: no-repeat; background-image: url(https:\/\/arionapools.com\/wp-content\/uploads\/2019\/03\/Ariona-Pools_Slider_01.jpg);background-attachment: scroll; background-position: center center; ' ><\/div><\/div><div class='container' ><div class='template-page content  av-content-small alpha units'><div class='post-entry post-entry-type-page post-entry-5588'><div class='entry-content-wrapper clearfix'>\n<div  style='height:400px' class='hr hr-invisible   avia-builder-el-13  avia-builder-el-no-sibling '><span class='hr-inner ' ><span class='hr-inner-style'><\/span><\/span><\/div>\n<\/div><\/div><\/div><!-- close content main div --><\/div><\/div><div id='after_section_2'  class='main_color av_default_container_wrap container_wrap sidebar_right' style=' '  ><div class='container' ><div class='template-page content  av-content-small alpha units'><div class='post-entry post-entry-type-page post-entry-5588'><div class='entry-content-wrapper clearfix'><\/p>\n","protected":false},"excerpt":{"rendered":"<p>Electrobomba autoaspirante para piscinas, con prefiltro incorporado de grandes dimensiones. Filtro con tapa transparente en policarbonato. Cuerpo bomba, disco portasello y difusor en polipropileno resistente a los productos qu\u00edmicos y reforzado con fibra de vidrio. Eje en acero inoxidable AISI-316. Turbina en Noryl. Tapa transparente en policarbonato. Cierre mec\u00e1nico en carb\u00f3n-cer\u00e1mica y acero inoxidable AISI 316. Torniller\u00eda en Acero Inoxidable AISI 304.<\/p>\n","protected":false},"author":2,"featured_media":5566,"parent":0,"menu_order":0,"comment_status":"closed","ping_status":"closed","template":"","meta":{"footnotes":""},"class_list":["post-5588","page","type-page","status-publish","has-post-thumbnail","hentry"],"_links":{"self":[{"href":"https:\/\/arionapools.com\/fr\/wp-json\/wp\/v2\/pages\/5588","targetHints":{"allow":["GET"]}}],"collection":[{"href":"https:\/\/arionapools.com\/fr\/wp-json\/wp\/v2\/pages"}],"about":[{"href":"https:\/\/arionapools.com\/fr\/wp-json\/wp\/v2\/types\/page"}],"author":[{"embeddable":true,"href":"https:\/\/arionapools.com\/fr\/wp-json\/wp\/v2\/users\/2"}],"replies":[{"embeddable":true,"href":"https:\/\/arionapools.com\/fr\/wp-json\/wp\/v2\/comments?post=5588"}],"version-history":[{"count":4,"href":"https:\/\/arionapools.com\/fr\/wp-json\/wp\/v2\/pages\/5588\/revisions"}],"predecessor-version":[{"id":5601,"href":"https:\/\/arionapools.com\/fr\/wp-json\/wp\/v2\/pages\/5588\/revisions\/5601"}],"wp:featuredmedia":[{"embeddable":true,"href":"https:\/\/arionapools.com\/fr\/wp-json\/wp\/v2\/media\/5566"}],"wp:attachment":[{"href":"https:\/\/arionapools.com\/fr\/wp-json\/wp\/v2\/media?parent=5588"}],"curies":[{"name":"wp","href":"https:\/\/api.w.org\/{rel}","templated":true}]}}