{"id":876,"date":"2019-04-21T16:21:29","date_gmt":"2019-04-21T16:21:29","guid":{"rendered":"https:\/\/arionapools.com\/ap-2"},"modified":"2019-05-30T11:14:48","modified_gmt":"2019-05-30T11:14:48","slug":"ap-2","status":"publish","type":"page","link":"https:\/\/arionapools.com\/fr\/ap-2\/","title":{"rendered":"AP-2"},"content":{"rendered":"<div id='av_section_1'  class='avia-section main_color avia-section-default avia-no-border-styling  avia-bg-style-scroll  avia-builder-el-0  el_before_av_section  avia-builder-el-first   container_wrap sidebar_right' style=' '  ><div class='container' ><main  role=\"main\" itemprop=\"mainContentOfPage\"  class='template-page content  av-content-small alpha units'><div class='post-entry post-entry-type-page post-entry-876'><div class='entry-content-wrapper clearfix'>\n<div class=\"flex_column av_three_fifth  flex_column_div av-zero-column-padding first  avia-builder-el-1  el_before_av_two_fifth  avia-builder-el-first  \" style='border-radius:0px; '><section class=\"av_textblock_section \"  itemscope=\"itemscope\" itemtype=\"https:\/\/schema.org\/CreativeWork\" ><div class='avia_textblock  '   itemprop=\"text\" ><h1>AP-2<\/h1>\n<p><strong>POMPE CENTRIFUGE EN FONTE POUR PISCINES<\/strong><\/p>\n<\/div><\/section><br \/>\n<div  style=' margin-top:0px; margin-bottom:10px;'  class='hr hr-custom hr-center hr-icon-no   avia-builder-el-3  el_after_av_textblock  el_before_av_textblock '><span class='hr-inner  inner-border-av-border-thin' style=' width:100%; border-color:#4488f5;' ><span class='hr-inner-style'><\/span><\/span><\/div><br \/>\n<section class=\"av_textblock_section \"  itemscope=\"itemscope\" itemtype=\"https:\/\/schema.org\/CreativeWork\" ><div class='avia_textblock  '   itemprop=\"text\" ><h4 class=\"p1\"><strong>CARACTERISTIQUES<\/strong><\/h4>\n<\/div><\/section><br \/>\n<div  style=' margin-top:0px; margin-bottom:10px;'  class='hr hr-custom hr-center hr-icon-no   avia-builder-el-5  el_after_av_textblock  el_before_av_textblock '><span class='hr-inner  inner-border-av-border-thin' style=' width:100%; border-color:#4488f5;' ><span class='hr-inner-style'><\/span><\/span><\/div><br \/>\n<section class=\"av_textblock_section \"  itemscope=\"itemscope\" itemtype=\"https:\/\/schema.org\/CreativeWork\" ><div class='avia_textblock  '   itemprop=\"text\" ><p><strong>Pompe centrifuge \u00e0 grand d\u00e9bit, \u00e9quip\u00e9e d\u2019un pr\u00e9filtre pour l\u2019aspiration, la <\/strong><strong>convertissant en une pompe id\u00e9ale pour de grandes installations de filtration. Le corps de la pompe, le pr\u00e9filtre, le couple et la turbine sont en fonte. L\u2019axe et le panier de pr\u00e9filtrage sont en acier inoxydable AISI 316. La fermeture m\u00e9canique est en carbone-c\u00e9ramique. A la demande, la turbine peut \u00eatre en bronze.<\/strong><\/p>\n<p><strong>Moteur:<\/strong><\/p>\n<ul>\n<li><strong> Asynchrone ferm\u00e9, \u00e0 ventilation externe.<\/strong><\/li>\n<li><strong> Degr\u00e9 de protection IP-55.<\/strong><\/li>\n<li><strong> 2 p\u00f4les, 50-60 Hz.<\/strong><\/li>\n<\/ul>\n<\/div><\/section><\/p><\/div><div class=\"flex_column av_two_fifth  flex_column_div av-zero-column-padding   avia-builder-el-7  el_after_av_three_fifth  el_before_av_hr  \" style='border-radius:0px; '><div  class='avia-gallery  avia-gallery-1 avia_lazyload avia-gallery-animate avia_animate_when_visible  avia-builder-el-8  avia-builder-el-no-sibling '  itemprop=\"image\" itemscope=\"itemscope\" itemtype=\"https:\/\/schema.org\/ImageObject\" ><a class='avia-gallery-big fakeLightbox lightbox avia-gallery-big-crop-thumb ' href='https:\/\/arionapools.com\/wp-content\/uploads\/2019\/04\/AP-2-BOMBAS-ARIONA-POOLS.png'  data-onclick='1' title='AP-2-BOMBAS-ARIONA-POOLS' ><span class='avia-gallery-big-inner'  itemprop=\"thumbnailUrl\" ><img decoding=\"async\" class=\"wp-image-776 avia-img-lazy-loading-not-776\"  width=\"800\" height=\"600\" src=\"https:\/\/arionapools.com\/wp-content\/uploads\/2019\/04\/AP-2-BOMBAS-ARIONA-POOLS.png\" title='AP-2-BOMBAS-ARIONA-POOLS' alt='' srcset=\"https:\/\/arionapools.com\/wp-content\/uploads\/2019\/04\/AP-2-BOMBAS-ARIONA-POOLS.png 800w, https:\/\/arionapools.com\/wp-content\/uploads\/2019\/04\/AP-2-BOMBAS-ARIONA-POOLS-300x225.png 300w, https:\/\/arionapools.com\/wp-content\/uploads\/2019\/04\/AP-2-BOMBAS-ARIONA-POOLS-768x576.png 768w, https:\/\/arionapools.com\/wp-content\/uploads\/2019\/04\/AP-2-BOMBAS-ARIONA-POOLS-705x529.png 705w, https:\/\/arionapools.com\/wp-content\/uploads\/2019\/04\/AP-2-BOMBAS-ARIONA-POOLS-450x338.png 450w\" sizes=\"(max-width: 800px) 100vw, 800px\" \/><\/span><\/a><div class='avia-gallery-thumb'> <a href='https:\/\/arionapools.com\/wp-content\/uploads\/2019\/04\/AP-2-BOMBAS-ARIONA-POOLS.png' data-rel='gallery-1' data-prev-img='https:\/\/arionapools.com\/wp-content\/uploads\/2019\/04\/AP-2-BOMBAS-ARIONA-POOLS.png' class='first_thumb lightbox ' data-onclick='1' title='AP-2-BOMBAS-ARIONA-POOLS'  itemprop=\"thumbnailUrl\"  ><img decoding=\"async\" class=\"wp-image-776 avia-img-lazy-loading-not-776\"   src=\"https:\/\/arionapools.com\/wp-content\/uploads\/2019\/04\/AP-2-BOMBAS-ARIONA-POOLS.png\" width=\"800\" height=\"600\"  title='AP-2-BOMBAS-ARIONA-POOLS' alt='' srcset=\"https:\/\/arionapools.com\/wp-content\/uploads\/2019\/04\/AP-2-BOMBAS-ARIONA-POOLS.png 800w, https:\/\/arionapools.com\/wp-content\/uploads\/2019\/04\/AP-2-BOMBAS-ARIONA-POOLS-300x225.png 300w, https:\/\/arionapools.com\/wp-content\/uploads\/2019\/04\/AP-2-BOMBAS-ARIONA-POOLS-768x576.png 768w, https:\/\/arionapools.com\/wp-content\/uploads\/2019\/04\/AP-2-BOMBAS-ARIONA-POOLS-705x529.png 705w, https:\/\/arionapools.com\/wp-content\/uploads\/2019\/04\/AP-2-BOMBAS-ARIONA-POOLS-450x338.png 450w\" sizes=\"(max-width: 800px) 100vw, 800px\" \/><\/a> <a href='https:\/\/arionapools.com\/wp-content\/uploads\/2019\/04\/Sello-IE3_ArionaPools.jpg' data-rel='gallery-1' data-prev-img='https:\/\/arionapools.com\/wp-content\/uploads\/2019\/04\/Sello-IE3_ArionaPools.jpg' class='lightbox ' data-onclick='2' title='Sello IE3_ArionaPools'  itemprop=\"thumbnailUrl\"  ><img decoding=\"async\" class=\"wp-image-1101 avia-img-lazy-loading-not-1101\"   src=\"https:\/\/arionapools.com\/wp-content\/uploads\/2019\/04\/Sello-IE3_ArionaPools.jpg\" width=\"800\" height=\"600\"  title='Sello IE3_ArionaPools' alt='' srcset=\"https:\/\/arionapools.com\/wp-content\/uploads\/2019\/04\/Sello-IE3_ArionaPools.jpg 800w, https:\/\/arionapools.com\/wp-content\/uploads\/2019\/04\/Sello-IE3_ArionaPools-300x225.jpg 300w, https:\/\/arionapools.com\/wp-content\/uploads\/2019\/04\/Sello-IE3_ArionaPools-768x576.jpg 768w, https:\/\/arionapools.com\/wp-content\/uploads\/2019\/04\/Sello-IE3_ArionaPools-705x529.jpg 705w, https:\/\/arionapools.com\/wp-content\/uploads\/2019\/04\/Sello-IE3_ArionaPools-450x338.jpg 450w\" sizes=\"(max-width: 800px) 100vw, 800px\" \/><\/a> <a href='https:\/\/arionapools.com\/wp-content\/uploads\/2019\/04\/Sello-2900_ArionaPools.jpg' data-rel='gallery-1' data-prev-img='https:\/\/arionapools.com\/wp-content\/uploads\/2019\/04\/Sello-2900_ArionaPools.jpg' class='lightbox ' data-onclick='3' title='Sello 2900_ArionaPools'  itemprop=\"thumbnailUrl\"  ><img decoding=\"async\" class=\"wp-image-1161 avia-img-lazy-loading-not-1161\"   src=\"https:\/\/arionapools.com\/wp-content\/uploads\/2019\/04\/Sello-2900_ArionaPools.jpg\" width=\"800\" height=\"600\"  title='Sello 2900_ArionaPools' alt='' srcset=\"https:\/\/arionapools.com\/wp-content\/uploads\/2019\/04\/Sello-2900_ArionaPools.jpg 800w, https:\/\/arionapools.com\/wp-content\/uploads\/2019\/04\/Sello-2900_ArionaPools-300x225.jpg 300w, https:\/\/arionapools.com\/wp-content\/uploads\/2019\/04\/Sello-2900_ArionaPools-768x576.jpg 768w, https:\/\/arionapools.com\/wp-content\/uploads\/2019\/04\/Sello-2900_ArionaPools-705x529.jpg 705w, https:\/\/arionapools.com\/wp-content\/uploads\/2019\/04\/Sello-2900_ArionaPools-450x338.jpg 450w\" sizes=\"(max-width: 800px) 100vw, 800px\" \/><\/a><\/div><\/div><\/div><div  style='height:50px' class='hr hr-invisible   avia-builder-el-9  el_after_av_two_fifth  el_before_av_one_full '><span class='hr-inner ' ><span class='hr-inner-style'><\/span><\/span><\/div>\n<div class=\"flex_column av_one_full  flex_column_div av-zero-column-padding first  avia-builder-el-10  el_after_av_hr  avia-builder-el-last  \" style='border-radius:0px; '><p><div  class='avia-image-container  av-styling-    avia-builder-el-11  el_before_av_image  avia-builder-el-first  avia-align-center '  itemprop=\"image\" itemscope=\"itemscope\" itemtype=\"https:\/\/schema.org\/ImageObject\"  ><div class='avia-image-container-inner'><div class='avia-image-overlay-wrap'><a href='https:\/\/arionapools.com\/wp-content\/uploads\/2019\/05\/9.AP-2-A.png' class='avia_image'  ><img decoding=\"async\" width=\"998\" height=\"646\" class='wp-image-1540 avia-img-lazy-loading-not-1540 avia_image' src=\"https:\/\/arionapools.com\/wp-content\/uploads\/2019\/05\/9.AP-2-A.png\" alt='' title='9.AP-2 A'  itemprop=\"thumbnailUrl\" srcset=\"https:\/\/arionapools.com\/wp-content\/uploads\/2019\/05\/9.AP-2-A.png 998w, https:\/\/arionapools.com\/wp-content\/uploads\/2019\/05\/9.AP-2-A-300x194.png 300w, https:\/\/arionapools.com\/wp-content\/uploads\/2019\/05\/9.AP-2-A-768x497.png 768w, https:\/\/arionapools.com\/wp-content\/uploads\/2019\/05\/9.AP-2-A-705x456.png 705w, https:\/\/arionapools.com\/wp-content\/uploads\/2019\/05\/9.AP-2-A-450x291.png 450w\" sizes=\"(max-width: 998px) 100vw, 998px\" \/><\/a><\/div><\/div><\/div><br \/>\n<div  class='avia-image-container  av-styling-    avia-builder-el-12  el_after_av_image  avia-builder-el-last  avia-align-center '  itemprop=\"image\" itemscope=\"itemscope\" itemtype=\"https:\/\/schema.org\/ImageObject\"  ><div class='avia-image-container-inner'><div class='avia-image-overlay-wrap'><a href='https:\/\/arionapools.com\/wp-content\/uploads\/2019\/05\/9.AP-2-B.png' class='avia_image'  ><img decoding=\"async\" width=\"977\" height=\"562\" class='wp-image-1543 avia-img-lazy-loading-not-1543 avia_image' src=\"https:\/\/arionapools.com\/wp-content\/uploads\/2019\/05\/9.AP-2-B.png\" alt='' title='9.AP-2 B'  itemprop=\"thumbnailUrl\" srcset=\"https:\/\/arionapools.com\/wp-content\/uploads\/2019\/05\/9.AP-2-B.png 977w, https:\/\/arionapools.com\/wp-content\/uploads\/2019\/05\/9.AP-2-B-300x173.png 300w, https:\/\/arionapools.com\/wp-content\/uploads\/2019\/05\/9.AP-2-B-768x442.png 768w, https:\/\/arionapools.com\/wp-content\/uploads\/2019\/05\/9.AP-2-B-705x406.png 705w, https:\/\/arionapools.com\/wp-content\/uploads\/2019\/05\/9.AP-2-B-450x259.png 450w\" sizes=\"(max-width: 977px) 100vw, 977px\" \/><\/a><\/div><\/div><\/div><\/p><\/div><\/div><\/div><\/main><!-- close content main element --><\/div><\/div><div id='av_section_2'  class='avia-section main_color avia-section-default avia-no-border-styling  avia-full-stretch av-parallax-section avia-bg-style-parallax  avia-builder-el-13  el_after_av_section  avia-builder-el-last   container_wrap sidebar_right' style=' '  data-section-bg-repeat='stretch'><div class='av-parallax' data-avia-parallax-ratio='0.3' ><div class='av-parallax-inner main_color  avia-full-stretch' style = 'background-repeat: no-repeat; background-image: url(https:\/\/arionapools.com\/wp-content\/uploads\/2019\/03\/Ariona-Pools_Slider_01.jpg);background-attachment: scroll; background-position: center center; ' ><\/div><\/div><div class='container' ><div class='template-page content  av-content-small alpha units'><div class='post-entry post-entry-type-page post-entry-876'><div class='entry-content-wrapper clearfix'>\n<div  style='height:400px' class='hr hr-invisible   avia-builder-el-14  avia-builder-el-no-sibling '><span class='hr-inner ' ><span class='hr-inner-style'><\/span><\/span><\/div>\n<\/div><\/div><\/div><!-- close content main div --><\/div><\/div><div id='after_section_2'  class='main_color av_default_container_wrap container_wrap sidebar_right' style=' '  ><div class='container' ><div class='template-page content  av-content-small alpha units'><div class='post-entry post-entry-type-page post-entry-876'><div class='entry-content-wrapper clearfix'><\/p>\n","protected":false},"excerpt":{"rendered":"<p>Bomba centr\u00edfuga de gran caudal, a las que se le ha aplicado un prefiltro en la aspiraci\u00f3n, lo cual hace de ellas la bomba ideal para grandes equipos de filtraci\u00f3n. Cuerpo bomba, prefiltro, acoplamiento y turbina en fundici\u00f3n de hierro. Eje y cesto prefiltro en acero inoxidable AISI 316. Cierre mec\u00e1nico en carb\u00f3ncer\u00e1mica. Bajo demanda la turbina puede ser en bronce.<\/p>\n","protected":false},"author":1,"featured_media":776,"parent":0,"menu_order":0,"comment_status":"closed","ping_status":"closed","template":"","meta":{"footnotes":""},"class_list":["post-876","page","type-page","status-publish","has-post-thumbnail","hentry"],"_links":{"self":[{"href":"https:\/\/arionapools.com\/fr\/wp-json\/wp\/v2\/pages\/876","targetHints":{"allow":["GET"]}}],"collection":[{"href":"https:\/\/arionapools.com\/fr\/wp-json\/wp\/v2\/pages"}],"about":[{"href":"https:\/\/arionapools.com\/fr\/wp-json\/wp\/v2\/types\/page"}],"author":[{"embeddable":true,"href":"https:\/\/arionapools.com\/fr\/wp-json\/wp\/v2\/users\/1"}],"replies":[{"embeddable":true,"href":"https:\/\/arionapools.com\/fr\/wp-json\/wp\/v2\/comments?post=876"}],"version-history":[{"count":8,"href":"https:\/\/arionapools.com\/fr\/wp-json\/wp\/v2\/pages\/876\/revisions"}],"predecessor-version":[{"id":1967,"href":"https:\/\/arionapools.com\/fr\/wp-json\/wp\/v2\/pages\/876\/revisions\/1967"}],"wp:featuredmedia":[{"embeddable":true,"href":"https:\/\/arionapools.com\/fr\/wp-json\/wp\/v2\/media\/776"}],"wp:attachment":[{"href":"https:\/\/arionapools.com\/fr\/wp-json\/wp\/v2\/media?parent=876"}],"curies":[{"name":"wp","href":"https:\/\/api.w.org\/{rel}","templated":true}]}}