{"id":905,"date":"2019-04-21T13:17:59","date_gmt":"2019-04-21T13:17:59","guid":{"rendered":"https:\/\/arionapools.com\/barent"},"modified":"2025-10-09T08:47:25","modified_gmt":"2025-10-09T08:47:25","slug":"barent","status":"publish","type":"page","link":"https:\/\/arionapools.com\/fr\/barent\/","title":{"rendered":"Barent"},"content":{"rendered":"<div id='av_section_1'  class='avia-section main_color avia-section-default avia-no-border-styling  avia-bg-style-scroll  avia-builder-el-0  el_before_av_section  avia-builder-el-first   container_wrap sidebar_right' style=' '  ><div class='container' ><main  role=\"main\" itemprop=\"mainContentOfPage\"  class='template-page content  av-content-small alpha units'><div class='post-entry post-entry-type-page post-entry-905'><div class='entry-content-wrapper clearfix'>\n<div class=\"flex_column av_three_fifth  flex_column_div av-zero-column-padding first  avia-builder-el-1  el_before_av_two_fifth  avia-builder-el-first  \" style='border-radius:0px; '><section class=\"av_textblock_section \"  itemscope=\"itemscope\" itemtype=\"https:\/\/schema.org\/CreativeWork\" ><div class='avia_textblock  '   itemprop=\"text\" ><h1>Barent<\/h1>\n<p><strong>FILTRE POUR PISCINE PRIV\u00c9E<\/strong><\/p>\n<\/div><\/section><br \/>\n<div  style=' margin-top:0px; margin-bottom:10px;'  class='hr hr-custom hr-center hr-icon-no   avia-builder-el-3  el_after_av_textblock  el_before_av_textblock '><span class='hr-inner  inner-border-av-border-thin' style=' width:100%; border-color:#4488f5;' ><span class='hr-inner-style'><\/span><\/span><\/div><br \/>\n<section class=\"av_textblock_section \"  itemscope=\"itemscope\" itemtype=\"https:\/\/schema.org\/CreativeWork\" ><div class='avia_textblock  '   itemprop=\"text\" ><h4 class=\"p1\"><strong>CARACTERISTIQUES<\/strong><\/h4>\n<\/div><\/section><br \/>\n<div  style=' margin-top:0px; margin-bottom:10px;'  class='hr hr-custom hr-center hr-icon-no   avia-builder-el-5  el_after_av_textblock  el_before_av_textblock '><span class='hr-inner  inner-border-av-border-thin' style=' width:100%; border-color:#4488f5;' ><span class='hr-inner-style'><\/span><\/span><\/div><br \/>\n<section class=\"av_textblock_section \"  itemscope=\"itemscope\" itemtype=\"https:\/\/schema.org\/CreativeWork\" ><div class='avia_textblock  '   itemprop=\"text\" ><p><strong>Filtre pour piscine priv\u00e9e, fabriqu\u00e9 avec normes industrielles, r\u00e9servoir en fibre de verre renforc\u00e9, avec traitement r\u00e9sistant aux UV. Avec embouchure lat\u00e9rale et viseur. Connexion 2\u201d. Diam\u00e8tre des filtres: 620, 750 et 900 mm. Comprend manom\u00e8tre et valve 6 voies 2\u201d. Lit filtrant: 1 m\u00e8tre. Version avec bras collecteurs ou avec plaque de fond, disponible.<\/strong><\/p>\n<ul>\n<li><strong> Couvercle sup\u00e9rieur avec ouverture facile.<\/strong><\/li>\n<li><strong> Diffuseur repliable facilitant le chargement du m\u00e9dia filtrant.<\/strong><\/li>\n<li><strong> Embouchure lat\u00e9rale pour faciliter l&rsquo;\u00e9vacuation du m\u00e9dia filtrant et l&rsquo;acc\u00e8s aux parties int\u00e9rieures.<\/strong><\/li>\n<li><strong> Ensemble de vidange con\u00e7u pour faciliter l&rsquo;\u00e9vacuation de l&rsquo;eau et du sable.<\/strong><\/li>\n<li><strong> Purge d&rsquo;air interne pour \u00e9viter la formation de bulles d\u00b4air \u00e0 l&rsquo;int\u00e9rieur du filtre.<\/strong><\/li>\n<\/ul>\n<\/div><\/section><\/p><\/div><div class=\"flex_column av_two_fifth  flex_column_div av-zero-column-padding   avia-builder-el-7  el_after_av_three_fifth  el_before_av_one_full  \" style='border-radius:0px; '><div  class='avia-image-container  av-styling-    avia-builder-el-8  avia-builder-el-no-sibling  avia-align-center '  itemprop=\"image\" itemscope=\"itemscope\" itemtype=\"https:\/\/schema.org\/ImageObject\"  ><div class='avia-image-container-inner'><div class='avia-image-overlay-wrap'><a href='https:\/\/arionapools.com\/wp-content\/uploads\/2019\/11\/Barent-750_Ariona-Pools.jpg' class='avia_image'  ><img decoding=\"async\" width=\"800\" height=\"600\" class='wp-image-2709 avia-img-lazy-loading-not-2709 avia_image' src=\"https:\/\/arionapools.com\/wp-content\/uploads\/2019\/11\/Barent-750_Ariona-Pools.jpg\" alt='' title='Barent 750_Ariona Pools'  itemprop=\"thumbnailUrl\" srcset=\"https:\/\/arionapools.com\/wp-content\/uploads\/2019\/11\/Barent-750_Ariona-Pools.jpg 800w, https:\/\/arionapools.com\/wp-content\/uploads\/2019\/11\/Barent-750_Ariona-Pools-300x225.jpg 300w, https:\/\/arionapools.com\/wp-content\/uploads\/2019\/11\/Barent-750_Ariona-Pools-768x576.jpg 768w, https:\/\/arionapools.com\/wp-content\/uploads\/2019\/11\/Barent-750_Ariona-Pools-705x529.jpg 705w, https:\/\/arionapools.com\/wp-content\/uploads\/2019\/11\/Barent-750_Ariona-Pools-600x450.jpg 600w\" sizes=\"(max-width: 800px) 100vw, 800px\" \/><\/a><\/div><\/div><\/div><\/div><div class=\"flex_column av_one_full  flex_column_div av-zero-column-padding first  avia-builder-el-9  el_after_av_two_fifth  avia-builder-el-last  \" style='border-radius:0px; '><p><div  style='height:50px' class='hr hr-invisible   avia-builder-el-10  el_before_av_image  avia-builder-el-first '><span class='hr-inner ' ><span class='hr-inner-style'><\/span><\/span><\/div><br \/>\n<div  class='avia-image-container  av-styling-    avia-builder-el-11  el_after_av_hr  avia-builder-el-last  avia-align-left '  itemprop=\"image\" itemscope=\"itemscope\" itemtype=\"https:\/\/schema.org\/ImageObject\"  ><div class='avia-image-container-inner'><div class='avia-image-overlay-wrap'><img decoding=\"async\" class='wp-image-5050 avia-img-lazy-loading-not-5050 avia_image' src=\"https:\/\/arionapools.com\/wp-content\/uploads\/2025\/10\/BARENT-DATA-1.jpg\" alt='' title='Barent data' height=\"1140\" width=\"1000\"  itemprop=\"thumbnailUrl\" srcset=\"https:\/\/arionapools.com\/wp-content\/uploads\/2025\/10\/BARENT-DATA-1.jpg 1000w, https:\/\/arionapools.com\/wp-content\/uploads\/2025\/10\/BARENT-DATA-1-263x300.jpg 263w, https:\/\/arionapools.com\/wp-content\/uploads\/2025\/10\/BARENT-DATA-1-904x1030.jpg 904w, https:\/\/arionapools.com\/wp-content\/uploads\/2025\/10\/BARENT-DATA-1-768x876.jpg 768w, https:\/\/arionapools.com\/wp-content\/uploads\/2025\/10\/BARENT-DATA-1-618x705.jpg 618w\" sizes=\"(max-width: 1000px) 100vw, 1000px\" \/><\/div><\/div><\/div><\/p><\/div><\/div><\/div><\/main><!-- close content main element --><\/div><\/div><div id='av_section_2'  class='avia-section main_color avia-section-default avia-no-border-styling  avia-full-stretch av-parallax-section avia-bg-style-parallax  avia-builder-el-12  el_after_av_section  avia-builder-el-last   container_wrap sidebar_right' style=' '  data-section-bg-repeat='stretch'><div class='av-parallax' data-avia-parallax-ratio='0.3' ><div class='av-parallax-inner main_color  avia-full-stretch' style = 'background-repeat: no-repeat; background-image: url(https:\/\/arionapools.com\/wp-content\/uploads\/2019\/03\/Ariona-Pools_Slider_01.jpg);background-attachment: scroll; background-position: center center; ' ><\/div><\/div><div class='container' ><div class='template-page content  av-content-small alpha units'><div class='post-entry post-entry-type-page post-entry-905'><div class='entry-content-wrapper clearfix'>\n<div  style='height:400px' class='hr hr-invisible   avia-builder-el-13  avia-builder-el-no-sibling '><span class='hr-inner ' ><span class='hr-inner-style'><\/span><\/span><\/div>\n<\/div><\/div><\/div><!-- close content main div --><\/div><\/div><div id='after_section_2'  class='main_color av_default_container_wrap container_wrap sidebar_right' style=' '  ><div class='container' ><div class='template-page content  av-content-small alpha units'><div class='post-entry post-entry-type-page post-entry-905'><div class='entry-content-wrapper clearfix'><\/p>\n","protected":false},"excerpt":{"rendered":"<p>Filtro para piscina privada, fabricado con est\u00e1ndares industriales, tanque en fibra de vidrio reforzado, resistente a rayos UV. Con boca lateral y visor transparente. Conexi\u00f3n 2\u201d.<\/p>\n","protected":false},"author":1,"featured_media":507,"parent":0,"menu_order":0,"comment_status":"closed","ping_status":"closed","template":"","meta":{"footnotes":""},"class_list":["post-905","page","type-page","status-publish","has-post-thumbnail","hentry"],"_links":{"self":[{"href":"https:\/\/arionapools.com\/fr\/wp-json\/wp\/v2\/pages\/905","targetHints":{"allow":["GET"]}}],"collection":[{"href":"https:\/\/arionapools.com\/fr\/wp-json\/wp\/v2\/pages"}],"about":[{"href":"https:\/\/arionapools.com\/fr\/wp-json\/wp\/v2\/types\/page"}],"author":[{"embeddable":true,"href":"https:\/\/arionapools.com\/fr\/wp-json\/wp\/v2\/users\/1"}],"replies":[{"embeddable":true,"href":"https:\/\/arionapools.com\/fr\/wp-json\/wp\/v2\/comments?post=905"}],"version-history":[{"count":5,"href":"https:\/\/arionapools.com\/fr\/wp-json\/wp\/v2\/pages\/905\/revisions"}],"predecessor-version":[{"id":5053,"href":"https:\/\/arionapools.com\/fr\/wp-json\/wp\/v2\/pages\/905\/revisions\/5053"}],"wp:featuredmedia":[{"embeddable":true,"href":"https:\/\/arionapools.com\/fr\/wp-json\/wp\/v2\/media\/507"}],"wp:attachment":[{"href":"https:\/\/arionapools.com\/fr\/wp-json\/wp\/v2\/media?parent=905"}],"curies":[{"name":"wp","href":"https:\/\/api.w.org\/{rel}","templated":true}]}}