{"id":913,"date":"2019-04-21T16:37:46","date_gmt":"2019-04-21T16:37:46","guid":{"rendered":"https:\/\/arionapools.com\/controlador-inteligente-panel"},"modified":"2019-06-02T10:50:37","modified_gmt":"2019-06-02T10:50:37","slug":"controleur-intelligent-panel","status":"publish","type":"page","link":"https:\/\/arionapools.com\/fr\/controleur-intelligent-panel\/","title":{"rendered":"Contr\u00f4leur Intelligent Panel"},"content":{"rendered":"<div id='av_section_1'  class='avia-section main_color avia-section-default avia-no-border-styling  avia-bg-style-scroll  avia-builder-el-0  el_before_av_section  avia-builder-el-first   container_wrap sidebar_right' style=' '  ><div class='container' ><main  role=\"main\" itemprop=\"mainContentOfPage\"  class='template-page content  av-content-small alpha units'><div class='post-entry post-entry-type-page post-entry-913'><div class='entry-content-wrapper clearfix'>\n<div class=\"flex_column av_three_fifth  flex_column_div av-zero-column-padding first  avia-builder-el-1  el_before_av_two_fifth  avia-builder-el-first  \" style='border-radius:0px; '><section class=\"av_textblock_section \"  itemscope=\"itemscope\" itemtype=\"https:\/\/schema.org\/CreativeWork\" ><div class='avia_textblock  '   itemprop=\"text\" ><h1><span style=\"font-weight: 400;\">CONTR\u00d4LEUR INTELLIGENT PANEL<\/span><\/h1>\n<p><strong>SYST\u00c8ME DE CONTR\u00d4LE INT\u00c9GRAL DE PISCINE<\/strong><\/p>\n<\/div><\/section><br \/>\n<div  style=' margin-top:0px; margin-bottom:10px;'  class='hr hr-custom hr-center hr-icon-no   avia-builder-el-3  el_after_av_textblock  el_before_av_textblock '><span class='hr-inner  inner-border-av-border-thin' style=' width:100%; border-color:#4488f5;' ><span class='hr-inner-style'><\/span><\/span><\/div><br \/>\n<section class=\"av_textblock_section \"  itemscope=\"itemscope\" itemtype=\"https:\/\/schema.org\/CreativeWork\" ><div class='avia_textblock  '   itemprop=\"text\" ><h4 class=\"p1\"><strong>CARACTERISTIQUES<\/strong><\/h4>\n<\/div><\/section><br \/>\n<div  style=' margin-top:0px; margin-bottom:10px;'  class='hr hr-custom hr-center hr-icon-no   avia-builder-el-5  el_after_av_textblock  el_before_av_textblock '><span class='hr-inner  inner-border-av-border-thin' style=' width:100%; border-color:#4488f5;' ><span class='hr-inner-style'><\/span><\/span><\/div><br \/>\n<section class=\"av_textblock_section \"  itemscope=\"itemscope\" itemtype=\"https:\/\/schema.org\/CreativeWork\" ><div class='avia_textblock  '   itemprop=\"text\" ><p><strong>Le nouveau Intelligent Panel est un syst\u00e8me de contr\u00f4le int\u00e9gral du pool. Cette carte \u00e9lectronique nous permet une programmation facile et intuitive et un contr\u00f4le complet de la piscine. Il int\u00e8gre les protections maximales pour la pompe (travail \u00e0 sec et consommation). Il comprend \u00e9galement des horloges de programmation pour le filtrage, des entr\u00e9e\/sortie pour le syst\u00e8me d\u2019\u00e9clairage, du l\u2019\u00e9lectrolyseur, une pompe \u00e0 chaleur, une sonde de temp\u00e9rature, etc.<\/strong><\/p>\n<ul>\n<li><strong> Valable pour toutes les pompes du march\u00e9.<\/strong><\/li>\n<li><strong> Installation facile et intuitive.<\/strong><\/li>\n<li><strong> Contr\u00f4le total de notre piscine.<\/strong><\/li>\n<li><strong> Il int\u00e8gre les protections n\u00e9cessaires pour la pompe (travail \u00e0 sec et \u00e0 la consommation).<\/strong><\/li>\n<li><strong> S\u00e9curit\u00e9 des personnes.<\/strong><\/li>\n<li><strong> Horloge de programmation pour le contr\u00f4le de la filtration et de l\u2019\u00e9clairage.<\/strong><\/li>\n<li><strong> Entr\u00e9es et sorties pour le contr\u00f4le et la gesti\u00f3n du syst\u00e8me d\u2019\u00e9clairage.<\/strong><\/li>\n<li><strong> Contr\u00f4le de l\u2019\u00e9lectrolyseur.<\/strong><\/li>\n<li><strong> Pompe \u00e0 chaleur.<\/strong><\/li>\n<li><strong> Sonde de temp\u00e9rature PT-100, etc.<\/strong><\/li>\n<\/ul>\n<\/div><\/section><\/p><\/div><div class=\"flex_column av_two_fifth  flex_column_div av-zero-column-padding   avia-builder-el-7  el_after_av_three_fifth  el_before_av_hr  \" style='border-radius:0px; '><p><div  class='avia-gallery  avia-gallery-1 avia_lazyload avia-gallery-animate avia_animate_when_visible  avia-builder-el-8  el_before_av_hr  avia-builder-el-first '  itemprop=\"image\" itemscope=\"itemscope\" itemtype=\"https:\/\/schema.org\/ImageObject\" ><a class='avia-gallery-big fakeLightbox lightbox avia-gallery-big-crop-thumb ' href='https:\/\/arionapools.com\/wp-content\/uploads\/2019\/04\/E-SUMMUM-CONTROLADOR-INTELIGENTE-BOMBAS-ARIONA-POOLS.png'  data-onclick='1' title='E-SUMMUM-CONTROLADOR-INTELIGENTE-BOMBAS-ARIONA-POOLS' ><span class='avia-gallery-big-inner'  itemprop=\"thumbnailUrl\" ><img decoding=\"async\" class=\"wp-image-748 avia-img-lazy-loading-not-748\"  width=\"800\" height=\"600\" src=\"https:\/\/arionapools.com\/wp-content\/uploads\/2019\/04\/E-SUMMUM-CONTROLADOR-INTELIGENTE-BOMBAS-ARIONA-POOLS.png\" title='E-SUMMUM-CONTROLADOR-INTELIGENTE-BOMBAS-ARIONA-POOLS' alt='' srcset=\"https:\/\/arionapools.com\/wp-content\/uploads\/2019\/04\/E-SUMMUM-CONTROLADOR-INTELIGENTE-BOMBAS-ARIONA-POOLS.png 800w, https:\/\/arionapools.com\/wp-content\/uploads\/2019\/04\/E-SUMMUM-CONTROLADOR-INTELIGENTE-BOMBAS-ARIONA-POOLS-300x225.png 300w, https:\/\/arionapools.com\/wp-content\/uploads\/2019\/04\/E-SUMMUM-CONTROLADOR-INTELIGENTE-BOMBAS-ARIONA-POOLS-768x576.png 768w, https:\/\/arionapools.com\/wp-content\/uploads\/2019\/04\/E-SUMMUM-CONTROLADOR-INTELIGENTE-BOMBAS-ARIONA-POOLS-705x529.png 705w, https:\/\/arionapools.com\/wp-content\/uploads\/2019\/04\/E-SUMMUM-CONTROLADOR-INTELIGENTE-BOMBAS-ARIONA-POOLS-450x338.png 450w\" sizes=\"(max-width: 800px) 100vw, 800px\" \/><\/span><\/a><div class='avia-gallery-thumb'> <a href='https:\/\/arionapools.com\/wp-content\/uploads\/2019\/04\/E-SUMMUM-CONTROLADOR-INTELIGENTE-BOMBAS-ARIONA-POOLS.png' data-rel='gallery-1' data-prev-img='https:\/\/arionapools.com\/wp-content\/uploads\/2019\/04\/E-SUMMUM-CONTROLADOR-INTELIGENTE-BOMBAS-ARIONA-POOLS.png' class='first_thumb lightbox ' data-onclick='1' title='E-SUMMUM-CONTROLADOR-INTELIGENTE-BOMBAS-ARIONA-POOLS'  itemprop=\"thumbnailUrl\"  ><img decoding=\"async\" class=\"wp-image-748 avia-img-lazy-loading-not-748\"   src=\"https:\/\/arionapools.com\/wp-content\/uploads\/2019\/04\/E-SUMMUM-CONTROLADOR-INTELIGENTE-BOMBAS-ARIONA-POOLS.png\" width=\"800\" height=\"600\"  title='E-SUMMUM-CONTROLADOR-INTELIGENTE-BOMBAS-ARIONA-POOLS' alt='' srcset=\"https:\/\/arionapools.com\/wp-content\/uploads\/2019\/04\/E-SUMMUM-CONTROLADOR-INTELIGENTE-BOMBAS-ARIONA-POOLS.png 800w, https:\/\/arionapools.com\/wp-content\/uploads\/2019\/04\/E-SUMMUM-CONTROLADOR-INTELIGENTE-BOMBAS-ARIONA-POOLS-300x225.png 300w, https:\/\/arionapools.com\/wp-content\/uploads\/2019\/04\/E-SUMMUM-CONTROLADOR-INTELIGENTE-BOMBAS-ARIONA-POOLS-768x576.png 768w, https:\/\/arionapools.com\/wp-content\/uploads\/2019\/04\/E-SUMMUM-CONTROLADOR-INTELIGENTE-BOMBAS-ARIONA-POOLS-705x529.png 705w, https:\/\/arionapools.com\/wp-content\/uploads\/2019\/04\/E-SUMMUM-CONTROLADOR-INTELIGENTE-BOMBAS-ARIONA-POOLS-450x338.png 450w\" sizes=\"(max-width: 800px) 100vw, 800px\" \/><\/a><\/div><\/div><br \/>\n<div  style='height:50px' class='hr hr-invisible   avia-builder-el-9  el_after_av_gallery  avia-builder-el-last '><span class='hr-inner ' ><span class='hr-inner-style'><\/span><\/span><\/div><\/p><\/div><div  style='height:50px' class='hr hr-invisible   avia-builder-el-10  el_after_av_two_fifth  el_before_av_one_full '><span class='hr-inner ' ><span class='hr-inner-style'><\/span><\/span><\/div>\n<div class=\"flex_column av_one_full  flex_column_div av-zero-column-padding first  avia-builder-el-11  el_after_av_hr  avia-builder-el-last  \" style='border-radius:0px; '><p><div  class='avia-image-container  av-styling-    avia-builder-el-12  el_before_av_image  avia-builder-el-first  avia-align-center '  itemprop=\"image\" itemscope=\"itemscope\" itemtype=\"https:\/\/schema.org\/ImageObject\"  ><div class='avia-image-container-inner'><div class='avia-image-overlay-wrap'><a href='https:\/\/arionapools.com\/wp-content\/uploads\/2019\/05\/11.-CONTROLADOR-A.png' class='avia_image'  ><img decoding=\"async\" width=\"996\" height=\"464\" class='wp-image-1560 avia-img-lazy-loading-not-1560 avia_image' src=\"https:\/\/arionapools.com\/wp-content\/uploads\/2019\/05\/11.-CONTROLADOR-A.png\" alt='' title='11. CONTROLADOR A'  itemprop=\"thumbnailUrl\" srcset=\"https:\/\/arionapools.com\/wp-content\/uploads\/2019\/05\/11.-CONTROLADOR-A.png 996w, https:\/\/arionapools.com\/wp-content\/uploads\/2019\/05\/11.-CONTROLADOR-A-300x140.png 300w, https:\/\/arionapools.com\/wp-content\/uploads\/2019\/05\/11.-CONTROLADOR-A-768x358.png 768w, https:\/\/arionapools.com\/wp-content\/uploads\/2019\/05\/11.-CONTROLADOR-A-705x328.png 705w, https:\/\/arionapools.com\/wp-content\/uploads\/2019\/05\/11.-CONTROLADOR-A-450x210.png 450w\" sizes=\"(max-width: 996px) 100vw, 996px\" \/><\/a><\/div><\/div><\/div><br \/>\n<div  class='avia-image-container  av-styling-    avia-builder-el-13  el_after_av_image  avia-builder-el-last  avia-align-center '  itemprop=\"image\" itemscope=\"itemscope\" itemtype=\"https:\/\/schema.org\/ImageObject\"  ><div class='avia-image-container-inner'><div class='avia-image-overlay-wrap'><a href='https:\/\/arionapools.com\/wp-content\/uploads\/2019\/05\/11.-CONTROLADOR-B.png' class='avia_image'  ><img decoding=\"async\" width=\"948\" height=\"533\" class='wp-image-1563 avia-img-lazy-loading-not-1563 avia_image' src=\"https:\/\/arionapools.com\/wp-content\/uploads\/2019\/05\/11.-CONTROLADOR-B.png\" alt='' title='11. CONTROLADOR B'  itemprop=\"thumbnailUrl\" srcset=\"https:\/\/arionapools.com\/wp-content\/uploads\/2019\/05\/11.-CONTROLADOR-B.png 948w, https:\/\/arionapools.com\/wp-content\/uploads\/2019\/05\/11.-CONTROLADOR-B-300x169.png 300w, https:\/\/arionapools.com\/wp-content\/uploads\/2019\/05\/11.-CONTROLADOR-B-768x432.png 768w, https:\/\/arionapools.com\/wp-content\/uploads\/2019\/05\/11.-CONTROLADOR-B-705x396.png 705w, https:\/\/arionapools.com\/wp-content\/uploads\/2019\/05\/11.-CONTROLADOR-B-450x253.png 450w\" sizes=\"(max-width: 948px) 100vw, 948px\" \/><\/a><\/div><\/div><\/div><\/p><\/div><\/div><\/div><\/main><!-- close content main element --><\/div><\/div><div id='av_section_2'  class='avia-section main_color avia-section-default avia-no-border-styling  avia-full-stretch av-parallax-section avia-bg-style-parallax  avia-builder-el-14  el_after_av_section  avia-builder-el-last   container_wrap sidebar_right' style=' '  data-section-bg-repeat='stretch'><div class='av-parallax' data-avia-parallax-ratio='0.3' ><div class='av-parallax-inner main_color  avia-full-stretch' style = 'background-repeat: no-repeat; background-image: url(https:\/\/arionapools.com\/wp-content\/uploads\/2019\/03\/Ariona-Pools_Slider_01.jpg);background-attachment: scroll; background-position: center center; ' ><\/div><\/div><div class='container' ><div class='template-page content  av-content-small alpha units'><div class='post-entry post-entry-type-page post-entry-913'><div class='entry-content-wrapper clearfix'>\n<div  style='height:400px' class='hr hr-invisible   avia-builder-el-15  avia-builder-el-no-sibling '><span class='hr-inner ' ><span class='hr-inner-style'><\/span><\/span><\/div>\n<\/div><\/div><\/div><!-- close content main div --><\/div><\/div><div id='after_section_2'  class='main_color av_default_container_wrap container_wrap sidebar_right' style=' '  ><div class='container' ><div class='template-page content  av-content-small alpha units'><div class='post-entry post-entry-type-page post-entry-913'><div class='entry-content-wrapper clearfix'><\/p>\n","protected":false},"excerpt":{"rendered":"<p>Electrobomba autoaspirante para piscinas, con prefiltro incorporado de grandes dimensiones. Filtro con tapa transparente en policarbonato. Cuerpo bomba, disco portasello y difusor en polipropileno resistente a los productos qu\u00edmicos y reforzado con fibra de vidrio. Eje en acero inoxidable AISI-316. Turbina en Noryl. Tapa transparente en policarbonato. Cierre mec\u00e1nico en carb\u00f3n-cer\u00e1mica y acero inoxidable AISI 316. Torniller\u00eda en Acero Inoxidable AISI 304.<\/p>\n","protected":false},"author":1,"featured_media":748,"parent":0,"menu_order":0,"comment_status":"closed","ping_status":"closed","template":"","meta":{"footnotes":""},"class_list":["post-913","page","type-page","status-publish","has-post-thumbnail","hentry"],"_links":{"self":[{"href":"https:\/\/arionapools.com\/fr\/wp-json\/wp\/v2\/pages\/913","targetHints":{"allow":["GET"]}}],"collection":[{"href":"https:\/\/arionapools.com\/fr\/wp-json\/wp\/v2\/pages"}],"about":[{"href":"https:\/\/arionapools.com\/fr\/wp-json\/wp\/v2\/types\/page"}],"author":[{"embeddable":true,"href":"https:\/\/arionapools.com\/fr\/wp-json\/wp\/v2\/users\/1"}],"replies":[{"embeddable":true,"href":"https:\/\/arionapools.com\/fr\/wp-json\/wp\/v2\/comments?post=913"}],"version-history":[{"count":8,"href":"https:\/\/arionapools.com\/fr\/wp-json\/wp\/v2\/pages\/913\/revisions"}],"predecessor-version":[{"id":2188,"href":"https:\/\/arionapools.com\/fr\/wp-json\/wp\/v2\/pages\/913\/revisions\/2188"}],"wp:featuredmedia":[{"embeddable":true,"href":"https:\/\/arionapools.com\/fr\/wp-json\/wp\/v2\/media\/748"}],"wp:attachment":[{"href":"https:\/\/arionapools.com\/fr\/wp-json\/wp\/v2\/media?parent=913"}],"curies":[{"name":"wp","href":"https:\/\/api.w.org\/{rel}","templated":true}]}}