{"id":928,"date":"2019-04-21T15:07:30","date_gmt":"2019-04-21T15:07:30","guid":{"rendered":"https:\/\/arionapools.com\/e-teide"},"modified":"2019-05-30T12:25:03","modified_gmt":"2019-05-30T12:25:03","slug":"e-teide","status":"publish","type":"page","link":"https:\/\/arionapools.com\/fr\/e-teide\/","title":{"rendered":"E-Teide"},"content":{"rendered":"<div id='av_section_1'  class='avia-section main_color avia-section-default avia-no-border-styling  avia-bg-style-scroll  avia-builder-el-0  el_before_av_section  avia-builder-el-first   container_wrap sidebar_right' style=' '  ><div class='container' ><main  role=\"main\" itemprop=\"mainContentOfPage\"  class='template-page content  av-content-small alpha units'><div class='post-entry post-entry-type-page post-entry-928'><div class='entry-content-wrapper clearfix'>\n<div class=\"flex_column av_three_fifth  flex_column_div av-zero-column-padding first  avia-builder-el-1  el_before_av_two_fifth  avia-builder-el-first  \" style='border-radius:0px; '><section class=\"av_textblock_section \"  itemscope=\"itemscope\" itemtype=\"https:\/\/schema.org\/CreativeWork\" ><div class='avia_textblock  '   itemprop=\"text\" ><h1>E-Teide<\/h1>\n<p><strong>POMPE DE PISCINE AVEC VARIATEUR DE VITESSE<\/strong><\/p>\n<\/div><\/section><br \/>\n<div  style=' margin-top:0px; margin-bottom:10px;'  class='hr hr-custom hr-center hr-icon-no   avia-builder-el-3  el_after_av_textblock  el_before_av_textblock '><span class='hr-inner  inner-border-av-border-thin' style=' width:100%; border-color:#4488f5;' ><span class='hr-inner-style'><\/span><\/span><\/div><br \/>\n<section class=\"av_textblock_section \"  itemscope=\"itemscope\" itemtype=\"https:\/\/schema.org\/CreativeWork\" ><div class='avia_textblock  '   itemprop=\"text\" ><h4 class=\"p1\"><strong>CARACTERISTIQUES<\/strong><\/h4>\n<\/div><\/section><br \/>\n<div  style=' margin-top:0px; margin-bottom:10px;'  class='hr hr-custom hr-center hr-icon-no   avia-builder-el-5  el_after_av_textblock  el_before_av_textblock '><span class='hr-inner  inner-border-av-border-thin' style=' width:100%; border-color:#4488f5;' ><span class='hr-inner-style'><\/span><\/span><\/div><br \/>\n<section class=\"av_textblock_section \"  itemscope=\"itemscope\" itemtype=\"https:\/\/schema.org\/CreativeWork\" ><div class='avia_textblock  '   itemprop=\"text\" ><p><strong>La gamme de pompes de piscine comprend le nouveau convertisseur de vitesse ainsi que les moteurs synchrones haute eficacit\u00e9 \u00e0 aimants permanents.<\/strong><\/p>\n<ul>\n<li><strong> Comprend un software sp\u00e9cialement d\u00e9velopp\u00e9 pour l\u2019automatisation de la <\/strong><strong>pompe avec une programmation simple et intuitive. Aucune connaissance technique n\u2019est n\u00e9cessaire pour le programmer.<\/strong><\/li>\n<li><strong>Des \u00e9conomies d\u2019\u00e9nergie significatives, pouvant atteindre plus de 80 % du co\u00fbt de l\u2019\u00e9nergie.<\/strong><\/li>\n<li><strong> Extr\u00eamement silencieux (\u2248 40 dB).<\/strong><\/li>\n<li><strong> Plage de vitesse entre 600 rpm et 2,850 rpm.<\/strong><\/li>\n<li><strong> Grande polyvalence, un seul mod\u00e8le convenant \u00e0 toute taille de piscine entre 15 m3 et 450 m3, est capable de contr\u00f4ler le filtrage, les fontaines, le lavage \u00e0 contre courant et l\u2019aspiration \u00e0 tout moment.<\/strong><\/li>\n<li><strong> Nouveau moteur brushless sensorless IPM \u00e0 aimants permanents.<\/strong><\/li>\n<li><strong> Haute protection.<\/strong><\/li>\n<li><strong> Connectivit\u00e9 int\u00e9gr\u00e9e pour commande du chlorateur, de la pompe \u00e0 chaleur, de l\u2019\u00e9clairage, etc.<\/strong><\/li>\n<li><strong> Grand \u00e9cran LCD af chant clairement toutes les informations n\u00e9cessaires.<\/strong><\/li>\n<\/ul>\n<\/div><\/section><\/p><\/div><div class=\"flex_column av_two_fifth  flex_column_div av-zero-column-padding   avia-builder-el-7  el_after_av_three_fifth  el_before_av_hr  \" style='border-radius:0px; '><p><div  class='avia-gallery  avia-gallery-1 avia_lazyload avia-gallery-animate avia_animate_when_visible  avia-builder-el-8  el_before_av_hr  avia-builder-el-first '  itemprop=\"image\" itemscope=\"itemscope\" itemtype=\"https:\/\/schema.org\/ImageObject\" ><a class='avia-gallery-big fakeLightbox lightbox avia-gallery-big-crop-thumb ' href='https:\/\/arionapools.com\/wp-content\/uploads\/2019\/04\/E-TEIDE-BOMBAS-ARIONA-POOLS.png'  data-onclick='1' title='E-TEIDE-BOMBAS-ARIONA-POOLS' ><span class='avia-gallery-big-inner'  itemprop=\"thumbnailUrl\" ><img decoding=\"async\" class=\"wp-image-653 avia-img-lazy-loading-not-653\"  width=\"800\" height=\"600\" src=\"https:\/\/arionapools.com\/wp-content\/uploads\/2019\/04\/E-TEIDE-BOMBAS-ARIONA-POOLS.png\" title='E-TEIDE-BOMBAS-ARIONA-POOLS' alt='' srcset=\"https:\/\/arionapools.com\/wp-content\/uploads\/2019\/04\/E-TEIDE-BOMBAS-ARIONA-POOLS.png 800w, https:\/\/arionapools.com\/wp-content\/uploads\/2019\/04\/E-TEIDE-BOMBAS-ARIONA-POOLS-300x225.png 300w, https:\/\/arionapools.com\/wp-content\/uploads\/2019\/04\/E-TEIDE-BOMBAS-ARIONA-POOLS-768x576.png 768w, https:\/\/arionapools.com\/wp-content\/uploads\/2019\/04\/E-TEIDE-BOMBAS-ARIONA-POOLS-705x529.png 705w, https:\/\/arionapools.com\/wp-content\/uploads\/2019\/04\/E-TEIDE-BOMBAS-ARIONA-POOLS-450x338.png 450w\" sizes=\"(max-width: 800px) 100vw, 800px\" \/><\/span><\/a><div class='avia-gallery-thumb'> <a href='https:\/\/arionapools.com\/wp-content\/uploads\/2019\/04\/E-TEIDE-BOMBAS-ARIONA-POOLS.png' data-rel='gallery-1' data-prev-img='https:\/\/arionapools.com\/wp-content\/uploads\/2019\/04\/E-TEIDE-BOMBAS-ARIONA-POOLS.png' class='first_thumb lightbox ' data-onclick='1' title='E-TEIDE-BOMBAS-ARIONA-POOLS'  itemprop=\"thumbnailUrl\"  ><img decoding=\"async\" class=\"wp-image-653 avia-img-lazy-loading-not-653\"   src=\"https:\/\/arionapools.com\/wp-content\/uploads\/2019\/04\/E-TEIDE-BOMBAS-ARIONA-POOLS.png\" width=\"800\" height=\"600\"  title='E-TEIDE-BOMBAS-ARIONA-POOLS' alt='' srcset=\"https:\/\/arionapools.com\/wp-content\/uploads\/2019\/04\/E-TEIDE-BOMBAS-ARIONA-POOLS.png 800w, https:\/\/arionapools.com\/wp-content\/uploads\/2019\/04\/E-TEIDE-BOMBAS-ARIONA-POOLS-300x225.png 300w, https:\/\/arionapools.com\/wp-content\/uploads\/2019\/04\/E-TEIDE-BOMBAS-ARIONA-POOLS-768x576.png 768w, https:\/\/arionapools.com\/wp-content\/uploads\/2019\/04\/E-TEIDE-BOMBAS-ARIONA-POOLS-705x529.png 705w, https:\/\/arionapools.com\/wp-content\/uploads\/2019\/04\/E-TEIDE-BOMBAS-ARIONA-POOLS-450x338.png 450w\" sizes=\"(max-width: 800px) 100vw, 800px\" \/><\/a> <a href='https:\/\/arionapools.com\/wp-content\/uploads\/2019\/04\/E-TEIDE-CONTROLADOR-INTELIGENTE-BOMBAS-ARIONA-POOLS.png' data-rel='gallery-1' data-prev-img='https:\/\/arionapools.com\/wp-content\/uploads\/2019\/04\/E-TEIDE-CONTROLADOR-INTELIGENTE-BOMBAS-ARIONA-POOLS.png' class='lightbox ' data-onclick='2' title='E-TEIDE-CONTROLADOR-INTELIGENTE-BOMBAS-ARIONA-POOLS'  itemprop=\"thumbnailUrl\"  ><img decoding=\"async\" class=\"wp-image-662 avia-img-lazy-loading-not-662\"   src=\"https:\/\/arionapools.com\/wp-content\/uploads\/2019\/04\/E-TEIDE-CONTROLADOR-INTELIGENTE-BOMBAS-ARIONA-POOLS.png\" width=\"800\" height=\"600\"  title='E-TEIDE-CONTROLADOR-INTELIGENTE-BOMBAS-ARIONA-POOLS' alt='' srcset=\"https:\/\/arionapools.com\/wp-content\/uploads\/2019\/04\/E-TEIDE-CONTROLADOR-INTELIGENTE-BOMBAS-ARIONA-POOLS.png 800w, https:\/\/arionapools.com\/wp-content\/uploads\/2019\/04\/E-TEIDE-CONTROLADOR-INTELIGENTE-BOMBAS-ARIONA-POOLS-300x225.png 300w, https:\/\/arionapools.com\/wp-content\/uploads\/2019\/04\/E-TEIDE-CONTROLADOR-INTELIGENTE-BOMBAS-ARIONA-POOLS-768x576.png 768w, https:\/\/arionapools.com\/wp-content\/uploads\/2019\/04\/E-TEIDE-CONTROLADOR-INTELIGENTE-BOMBAS-ARIONA-POOLS-705x529.png 705w, https:\/\/arionapools.com\/wp-content\/uploads\/2019\/04\/E-TEIDE-CONTROLADOR-INTELIGENTE-BOMBAS-ARIONA-POOLS-450x338.png 450w\" sizes=\"(max-width: 800px) 100vw, 800px\" \/><\/a> <a href='https:\/\/arionapools.com\/wp-content\/uploads\/2019\/04\/E-TEIDE-SOPORTE-CONTROLADOR-INTELIGENTE-BOMBAS-ARIONA-POOLS.png' data-rel='gallery-1' data-prev-img='https:\/\/arionapools.com\/wp-content\/uploads\/2019\/04\/E-TEIDE-SOPORTE-CONTROLADOR-INTELIGENTE-BOMBAS-ARIONA-POOLS.png' class='lightbox ' data-onclick='3' title='E-TEIDE-SOPORTE-CONTROLADOR-INTELIGENTE-BOMBAS-ARIONA-POOLS'  itemprop=\"thumbnailUrl\"  ><img decoding=\"async\" class=\"wp-image-665 avia-img-lazy-loading-not-665\"   src=\"https:\/\/arionapools.com\/wp-content\/uploads\/2019\/04\/E-TEIDE-SOPORTE-CONTROLADOR-INTELIGENTE-BOMBAS-ARIONA-POOLS.png\" width=\"800\" height=\"600\"  title='E-TEIDE-SOPORTE-CONTROLADOR-INTELIGENTE-BOMBAS-ARIONA-POOLS' alt='' srcset=\"https:\/\/arionapools.com\/wp-content\/uploads\/2019\/04\/E-TEIDE-SOPORTE-CONTROLADOR-INTELIGENTE-BOMBAS-ARIONA-POOLS.png 800w, https:\/\/arionapools.com\/wp-content\/uploads\/2019\/04\/E-TEIDE-SOPORTE-CONTROLADOR-INTELIGENTE-BOMBAS-ARIONA-POOLS-300x225.png 300w, https:\/\/arionapools.com\/wp-content\/uploads\/2019\/04\/E-TEIDE-SOPORTE-CONTROLADOR-INTELIGENTE-BOMBAS-ARIONA-POOLS-768x576.png 768w, https:\/\/arionapools.com\/wp-content\/uploads\/2019\/04\/E-TEIDE-SOPORTE-CONTROLADOR-INTELIGENTE-BOMBAS-ARIONA-POOLS-705x529.png 705w, https:\/\/arionapools.com\/wp-content\/uploads\/2019\/04\/E-TEIDE-SOPORTE-CONTROLADOR-INTELIGENTE-BOMBAS-ARIONA-POOLS-450x338.png 450w\" sizes=\"(max-width: 800px) 100vw, 800px\" \/><\/a> <a href='https:\/\/arionapools.com\/wp-content\/uploads\/2019\/04\/Sello-80_ArionaPools.jpg' data-rel='gallery-1' data-prev-img='https:\/\/arionapools.com\/wp-content\/uploads\/2019\/04\/Sello-80_ArionaPools.jpg' class='lightbox ' data-onclick='4' title='Sello 80_ArionaPools'  itemprop=\"thumbnailUrl\"  ><img decoding=\"async\" class=\"wp-image-1111 avia-img-lazy-loading-not-1111\"   src=\"https:\/\/arionapools.com\/wp-content\/uploads\/2019\/04\/Sello-80_ArionaPools.jpg\" width=\"800\" height=\"600\"  title='Sello 80_ArionaPools' alt='' srcset=\"https:\/\/arionapools.com\/wp-content\/uploads\/2019\/04\/Sello-80_ArionaPools.jpg 800w, https:\/\/arionapools.com\/wp-content\/uploads\/2019\/04\/Sello-80_ArionaPools-300x225.jpg 300w, https:\/\/arionapools.com\/wp-content\/uploads\/2019\/04\/Sello-80_ArionaPools-768x576.jpg 768w, https:\/\/arionapools.com\/wp-content\/uploads\/2019\/04\/Sello-80_ArionaPools-705x529.jpg 705w, https:\/\/arionapools.com\/wp-content\/uploads\/2019\/04\/Sello-80_ArionaPools-450x338.jpg 450w\" sizes=\"(max-width: 800px) 100vw, 800px\" \/><\/a> <a href='https:\/\/arionapools.com\/wp-content\/uploads\/2019\/04\/Sello-IE5_ArionaPools.jpg' data-rel='gallery-1' data-prev-img='https:\/\/arionapools.com\/wp-content\/uploads\/2019\/04\/Sello-IE5_ArionaPools.jpg' class='lightbox ' data-onclick='5' title='Sello IE5_ArionaPools'  itemprop=\"thumbnailUrl\"  ><img decoding=\"async\" class=\"wp-image-1114 avia-img-lazy-loading-not-1114\"   src=\"https:\/\/arionapools.com\/wp-content\/uploads\/2019\/04\/Sello-IE5_ArionaPools.jpg\" width=\"800\" height=\"600\"  title='Sello IE5_ArionaPools' alt='' srcset=\"https:\/\/arionapools.com\/wp-content\/uploads\/2019\/04\/Sello-IE5_ArionaPools.jpg 800w, https:\/\/arionapools.com\/wp-content\/uploads\/2019\/04\/Sello-IE5_ArionaPools-300x225.jpg 300w, https:\/\/arionapools.com\/wp-content\/uploads\/2019\/04\/Sello-IE5_ArionaPools-768x576.jpg 768w, https:\/\/arionapools.com\/wp-content\/uploads\/2019\/04\/Sello-IE5_ArionaPools-705x529.jpg 705w, https:\/\/arionapools.com\/wp-content\/uploads\/2019\/04\/Sello-IE5_ArionaPools-450x338.jpg 450w\" sizes=\"(max-width: 800px) 100vw, 800px\" \/><\/a><\/div><\/div><br \/>\n<div  style='height:50px' class='hr hr-invisible   avia-builder-el-9  el_after_av_gallery  avia-builder-el-last '><span class='hr-inner ' ><span class='hr-inner-style'><\/span><\/span><\/div><\/p><\/div><div  style='height:50px' class='hr hr-invisible   avia-builder-el-10  el_after_av_two_fifth  el_before_av_one_full '><span class='hr-inner ' ><span class='hr-inner-style'><\/span><\/span><\/div>\n<div class=\"flex_column av_one_full  flex_column_div av-zero-column-padding first  avia-builder-el-11  el_after_av_hr  avia-builder-el-last  \" style='border-radius:0px; '><div  class='avia-image-container  av-styling-    avia-builder-el-12  avia-builder-el-no-sibling  avia-align-center '  itemprop=\"image\" itemscope=\"itemscope\" itemtype=\"https:\/\/schema.org\/ImageObject\"  ><div class='avia-image-container-inner'><div class='avia-image-overlay-wrap'><a href='https:\/\/arionapools.com\/wp-content\/uploads\/2019\/05\/4.-E-TEIDE.png' class='avia_image'  ><img decoding=\"async\" width=\"856\" height=\"771\" class='wp-image-1493 avia-img-lazy-loading-not-1493 avia_image' src=\"https:\/\/arionapools.com\/wp-content\/uploads\/2019\/05\/4.-E-TEIDE.png\" alt='' title='4. E-TEIDE'  itemprop=\"thumbnailUrl\" srcset=\"https:\/\/arionapools.com\/wp-content\/uploads\/2019\/05\/4.-E-TEIDE.png 856w, https:\/\/arionapools.com\/wp-content\/uploads\/2019\/05\/4.-E-TEIDE-300x270.png 300w, https:\/\/arionapools.com\/wp-content\/uploads\/2019\/05\/4.-E-TEIDE-768x692.png 768w, https:\/\/arionapools.com\/wp-content\/uploads\/2019\/05\/4.-E-TEIDE-705x635.png 705w, https:\/\/arionapools.com\/wp-content\/uploads\/2019\/05\/4.-E-TEIDE-450x405.png 450w\" sizes=\"(max-width: 856px) 100vw, 856px\" \/><\/a><\/div><\/div><\/div><\/div><\/div><\/div><\/main><!-- close content main element --><\/div><\/div><div id='av_section_2'  class='avia-section main_color avia-section-default avia-no-border-styling  avia-full-stretch av-parallax-section avia-bg-style-parallax  avia-builder-el-13  el_after_av_section  avia-builder-el-last   container_wrap sidebar_right' style=' '  data-section-bg-repeat='stretch'><div class='av-parallax' data-avia-parallax-ratio='0.3' ><div class='av-parallax-inner main_color  avia-full-stretch' style = 'background-repeat: no-repeat; background-image: url(https:\/\/arionapools.com\/wp-content\/uploads\/2019\/03\/Ariona-Pools_Slider_01.jpg);background-attachment: scroll; background-position: center center; ' ><\/div><\/div><div class='container' ><div class='template-page content  av-content-small alpha units'><div class='post-entry post-entry-type-page post-entry-928'><div class='entry-content-wrapper clearfix'>\n<div  style='height:400px' class='hr hr-invisible   avia-builder-el-14  avia-builder-el-no-sibling '><span class='hr-inner ' ><span class='hr-inner-style'><\/span><\/span><\/div>\n<\/div><\/div><\/div><!-- close content main div --><\/div><\/div><div id='after_section_2'  class='main_color av_default_container_wrap container_wrap sidebar_right' style=' '  ><div class='container' ><div class='template-page content  av-content-small alpha units'><div class='post-entry post-entry-type-page post-entry-928'><div class='entry-content-wrapper clearfix'><\/p>\n","protected":false},"excerpt":{"rendered":"<p>Electrobomba autoaspirante para piscinas, con prefiltro incorporado de grandes dimensiones. Filtro con tapa transparente en policarbonato. Cuerpo bomba, disco portasello y difusor en polipropileno resistente a los productos qu\u00edmicos y reforzado con fibra de vidrio. Eje en acero inoxidable AISI-316. Turbina en Noryl. Tapa transparente en policarbonato. Cierre mec\u00e1nico en carb\u00f3n-cer\u00e1mica y acero inoxidable AISI 316. Torniller\u00eda en Acero Inoxidable AISI 304.<\/p>\n","protected":false},"author":1,"featured_media":653,"parent":0,"menu_order":0,"comment_status":"closed","ping_status":"closed","template":"","meta":{"footnotes":""},"class_list":["post-928","page","type-page","status-publish","has-post-thumbnail","hentry"],"_links":{"self":[{"href":"https:\/\/arionapools.com\/fr\/wp-json\/wp\/v2\/pages\/928","targetHints":{"allow":["GET"]}}],"collection":[{"href":"https:\/\/arionapools.com\/fr\/wp-json\/wp\/v2\/pages"}],"about":[{"href":"https:\/\/arionapools.com\/fr\/wp-json\/wp\/v2\/types\/page"}],"author":[{"embeddable":true,"href":"https:\/\/arionapools.com\/fr\/wp-json\/wp\/v2\/users\/1"}],"replies":[{"embeddable":true,"href":"https:\/\/arionapools.com\/fr\/wp-json\/wp\/v2\/comments?post=928"}],"version-history":[{"count":8,"href":"https:\/\/arionapools.com\/fr\/wp-json\/wp\/v2\/pages\/928\/revisions"}],"predecessor-version":[{"id":2060,"href":"https:\/\/arionapools.com\/fr\/wp-json\/wp\/v2\/pages\/928\/revisions\/2060"}],"wp:featuredmedia":[{"embeddable":true,"href":"https:\/\/arionapools.com\/fr\/wp-json\/wp\/v2\/media\/653"}],"wp:attachment":[{"href":"https:\/\/arionapools.com\/fr\/wp-json\/wp\/v2\/media?parent=928"}],"curies":[{"name":"wp","href":"https:\/\/api.w.org\/{rel}","templated":true}]}}