{"id":935,"date":"2019-04-21T14:35:47","date_gmt":"2019-04-21T14:35:47","guid":{"rendered":"https:\/\/arionapools.com\/excel"},"modified":"2019-05-29T21:27:48","modified_gmt":"2019-05-29T21:27:48","slug":"excel","status":"publish","type":"page","link":"https:\/\/arionapools.com\/fr\/excel\/","title":{"rendered":"Excel"},"content":{"rendered":"<div id='av_section_1'  class='avia-section main_color avia-section-default avia-no-border-styling  avia-bg-style-scroll  avia-builder-el-0  el_before_av_section  avia-builder-el-first   container_wrap sidebar_right' style=' '  ><div class='container' ><main  role=\"main\" itemprop=\"mainContentOfPage\"  class='template-page content  av-content-small alpha units'><div class='post-entry post-entry-type-page post-entry-935'><div class='entry-content-wrapper clearfix'>\n<div class=\"flex_column av_three_fifth  flex_column_div av-zero-column-padding first  avia-builder-el-1  el_before_av_two_fifth  avia-builder-el-first  \" style='border-radius:0px; '><section class=\"av_textblock_section \"  itemscope=\"itemscope\" itemtype=\"https:\/\/schema.org\/CreativeWork\" ><div class='avia_textblock  '   itemprop=\"text\" ><h1>Excel<\/h1>\n<p><strong>POMPE AUTO-ASPIRANTE POUR PISCINE<\/strong><\/p>\n<\/div><\/section><br \/>\n<div  style=' margin-top:0px; margin-bottom:10px;'  class='hr hr-custom hr-center hr-icon-no   avia-builder-el-3  el_after_av_textblock  el_before_av_textblock '><span class='hr-inner  inner-border-av-border-thin' style=' width:100%; border-color:#4488f5;' ><span class='hr-inner-style'><\/span><\/span><\/div><br \/>\n<section class=\"av_textblock_section \"  itemscope=\"itemscope\" itemtype=\"https:\/\/schema.org\/CreativeWork\" ><div class='avia_textblock  '   itemprop=\"text\" ><h4 class=\"p1\"><strong>CARACTERISTIQUES<\/strong><\/h4>\n<\/div><\/section><br \/>\n<div  style=' margin-top:0px; margin-bottom:10px;'  class='hr hr-custom hr-center hr-icon-no   avia-builder-el-5  el_after_av_textblock  el_before_av_textblock '><span class='hr-inner  inner-border-av-border-thin' style=' width:100%; border-color:#4488f5;' ><span class='hr-inner-style'><\/span><\/span><\/div><br \/>\n<section class=\"av_textblock_section \"  itemscope=\"itemscope\" itemtype=\"https:\/\/schema.org\/CreativeWork\" ><div class='avia_textblock  '   itemprop=\"text\" ><p><strong>Pompe auto-aspirante pour piscines, avec pr\u00e9filtre incorpor\u00e9 de grandes dimensions. Filtre avec couvercle transparent en polycarbonate. Le corps de la pompe, le couvercle du corps et le diffuseur sont en polypropyl\u00e8ne, r\u00e9sistant aux produits chimiques des piscines et renforc\u00e9 avec de la fibre de verre. L\u2019axe est en acier inoxydable AISI-316. Impeller en Noryl. Fermeture m\u00e9canique en carbone-c\u00e9ramique et acier inoxydable AISI 316. Visserie en acier inoxydable AISI 304.<\/strong><\/p>\n<ul>\n<li><strong> Connexion femelle \u00e0 vis 11\/2\u201d.<\/strong><\/li>\n<li><strong> Connexion pour tube du PVC \u00d8 50 encole.<\/strong><\/li>\n<\/ul>\n<p><strong>Moteur:<\/strong><\/p>\n<ul>\n<li><strong> Asynchrone ferm\u00e9, \u00e0 ventilation externe.<\/strong><\/li>\n<li><strong>Degr\u00e9 de protection IP-55. 50 Hz.<\/strong><\/li>\n<li><strong> Isolation classe F.<\/strong><\/li>\n<li><strong> Temp\u00e9rature maximale de l\u2019eau: +40\u00baC.<\/strong><\/li>\n<\/ul>\n<\/div><\/section><\/p><\/div><div class=\"flex_column av_two_fifth  flex_column_div av-zero-column-padding   avia-builder-el-7  el_after_av_three_fifth  el_before_av_hr  \" style='border-radius:0px; '><div  class='avia-image-container  av-styling-    avia-builder-el-8  avia-builder-el-no-sibling  avia-align-center '  itemprop=\"image\" itemscope=\"itemscope\" itemtype=\"https:\/\/schema.org\/ImageObject\"  ><div class='avia-image-container-inner'><div class='avia-image-overlay-wrap'><img decoding=\"async\" class='wp-image-628 avia-img-lazy-loading-not-628 avia_image' src=\"https:\/\/arionapools.com\/wp-content\/uploads\/2019\/04\/EXCEL-BOMBAS-ARIONA-POOLS.png\" alt='' title='EXCEL-BOMBAS-ARIONA-POOLS' height=\"600\" width=\"800\"  itemprop=\"thumbnailUrl\" srcset=\"https:\/\/arionapools.com\/wp-content\/uploads\/2019\/04\/EXCEL-BOMBAS-ARIONA-POOLS.png 800w, https:\/\/arionapools.com\/wp-content\/uploads\/2019\/04\/EXCEL-BOMBAS-ARIONA-POOLS-300x225.png 300w, https:\/\/arionapools.com\/wp-content\/uploads\/2019\/04\/EXCEL-BOMBAS-ARIONA-POOLS-768x576.png 768w, https:\/\/arionapools.com\/wp-content\/uploads\/2019\/04\/EXCEL-BOMBAS-ARIONA-POOLS-705x529.png 705w, https:\/\/arionapools.com\/wp-content\/uploads\/2019\/04\/EXCEL-BOMBAS-ARIONA-POOLS-450x338.png 450w\" sizes=\"(max-width: 800px) 100vw, 800px\" \/><\/div><\/div><\/div><\/div><div  style='height:50px' class='hr hr-invisible   avia-builder-el-9  el_after_av_two_fifth  el_before_av_one_full '><span class='hr-inner ' ><span class='hr-inner-style'><\/span><\/span><\/div>\n<div class=\"flex_column av_one_full  flex_column_div av-zero-column-padding first  avia-builder-el-10  el_after_av_hr  el_before_av_one_full  \" style='border-radius:0px; '><div  class='avia-image-container  av-styling- av-hover-grow   avia-builder-el-11  avia-builder-el-no-sibling  avia-align-center '  itemprop=\"image\" itemscope=\"itemscope\" itemtype=\"https:\/\/schema.org\/ImageObject\"  ><div class='avia-image-container-inner'><div class='avia-image-overlay-wrap'><a href='https:\/\/arionapools.com\/wp-content\/uploads\/2019\/05\/1.-EXCEL-A.png' class='avia_image'  ><img decoding=\"async\" width=\"963\" height=\"590\" class='wp-image-1456 avia-img-lazy-loading-not-1456 avia_image' src=\"https:\/\/arionapools.com\/wp-content\/uploads\/2019\/05\/1.-EXCEL-A.png\" alt='' title='1. EXCEL A'  itemprop=\"thumbnailUrl\" srcset=\"https:\/\/arionapools.com\/wp-content\/uploads\/2019\/05\/1.-EXCEL-A.png 963w, https:\/\/arionapools.com\/wp-content\/uploads\/2019\/05\/1.-EXCEL-A-300x184.png 300w, https:\/\/arionapools.com\/wp-content\/uploads\/2019\/05\/1.-EXCEL-A-768x471.png 768w, https:\/\/arionapools.com\/wp-content\/uploads\/2019\/05\/1.-EXCEL-A-705x432.png 705w, https:\/\/arionapools.com\/wp-content\/uploads\/2019\/05\/1.-EXCEL-A-450x276.png 450w\" sizes=\"(max-width: 963px) 100vw, 963px\" \/><\/a><\/div><\/div><\/div><\/div><div class=\"flex_column av_one_full  flex_column_div av-zero-column-padding first  avia-builder-el-12  el_after_av_one_full  avia-builder-el-last  column-top-margin\" style='border-radius:0px; '><div  class='avia-image-container  av-styling- av-hover-grow   avia-builder-el-13  avia-builder-el-no-sibling  avia-align-center '  itemprop=\"image\" itemscope=\"itemscope\" itemtype=\"https:\/\/schema.org\/ImageObject\"  ><div class='avia-image-container-inner'><div class='avia-image-overlay-wrap'><a href='https:\/\/arionapools.com\/wp-content\/uploads\/2019\/05\/1.-EXCEL-B.png' class='avia_image'  ><img decoding=\"async\" width=\"964\" height=\"530\" class='wp-image-1459 avia-img-lazy-loading-not-1459 avia_image' src=\"https:\/\/arionapools.com\/wp-content\/uploads\/2019\/05\/1.-EXCEL-B.png\" alt='' title='1. EXCEL B'  itemprop=\"thumbnailUrl\" srcset=\"https:\/\/arionapools.com\/wp-content\/uploads\/2019\/05\/1.-EXCEL-B.png 964w, https:\/\/arionapools.com\/wp-content\/uploads\/2019\/05\/1.-EXCEL-B-300x165.png 300w, https:\/\/arionapools.com\/wp-content\/uploads\/2019\/05\/1.-EXCEL-B-768x422.png 768w, https:\/\/arionapools.com\/wp-content\/uploads\/2019\/05\/1.-EXCEL-B-705x388.png 705w, https:\/\/arionapools.com\/wp-content\/uploads\/2019\/05\/1.-EXCEL-B-450x247.png 450w\" sizes=\"(max-width: 964px) 100vw, 964px\" \/><\/a><\/div><\/div><\/div><\/div><\/div><\/div><\/main><!-- close content main element --><\/div><\/div><div id='av_section_2'  class='avia-section main_color avia-section-default avia-no-border-styling  avia-full-stretch av-parallax-section avia-bg-style-parallax  avia-builder-el-14  el_after_av_section  avia-builder-el-last   container_wrap sidebar_right' style=' '  data-section-bg-repeat='stretch'><div class='av-parallax' data-avia-parallax-ratio='0.3' ><div class='av-parallax-inner main_color  avia-full-stretch' style = 'background-repeat: no-repeat; background-image: url(https:\/\/arionapools.com\/wp-content\/uploads\/2019\/03\/Ariona-Pools_Slider_01.jpg);background-attachment: scroll; background-position: center center; ' ><\/div><\/div><div class='container' ><div class='template-page content  av-content-small alpha units'><div class='post-entry post-entry-type-page post-entry-935'><div class='entry-content-wrapper clearfix'>\n<div  style='height:400px' class='hr hr-invisible   avia-builder-el-15  avia-builder-el-no-sibling '><span class='hr-inner ' ><span class='hr-inner-style'><\/span><\/span><\/div>\n<\/div><\/div><\/div><!-- close content main div --><\/div><\/div><div id='after_section_2'  class='main_color av_default_container_wrap container_wrap sidebar_right' style=' '  ><div class='container' ><div class='template-page content  av-content-small alpha units'><div class='post-entry post-entry-type-page post-entry-935'><div class='entry-content-wrapper clearfix'><\/p>\n","protected":false},"excerpt":{"rendered":"<p>Electrobomba autoaspirante para piscinas, con prefiltro incorporado de grandes dimensiones. Filtro con tapa transparente en policarbonato. Cuerpo bomba, disco portasello y difusor en polipropileno resistente a los productos qu\u00edmicos y reforzado con fibra de vidrio. Eje en acero inoxidable AISI-316. Turbina en Noryl. Tapa transparente en policarbonato. Cierre mec\u00e1nico en carb\u00f3n-cer\u00e1mica y acero inoxidable AISI 316. Torniller\u00eda en Acero Inoxidable AISI 304.<\/p>\n","protected":false},"author":1,"featured_media":628,"parent":0,"menu_order":0,"comment_status":"closed","ping_status":"closed","template":"","meta":{"footnotes":""},"class_list":["post-935","page","type-page","status-publish","has-post-thumbnail","hentry"],"_links":{"self":[{"href":"https:\/\/arionapools.com\/fr\/wp-json\/wp\/v2\/pages\/935","targetHints":{"allow":["GET"]}}],"collection":[{"href":"https:\/\/arionapools.com\/fr\/wp-json\/wp\/v2\/pages"}],"about":[{"href":"https:\/\/arionapools.com\/fr\/wp-json\/wp\/v2\/types\/page"}],"author":[{"embeddable":true,"href":"https:\/\/arionapools.com\/fr\/wp-json\/wp\/v2\/users\/1"}],"replies":[{"embeddable":true,"href":"https:\/\/arionapools.com\/fr\/wp-json\/wp\/v2\/comments?post=935"}],"version-history":[{"count":15,"href":"https:\/\/arionapools.com\/fr\/wp-json\/wp\/v2\/pages\/935\/revisions"}],"predecessor-version":[{"id":2017,"href":"https:\/\/arionapools.com\/fr\/wp-json\/wp\/v2\/pages\/935\/revisions\/2017"}],"wp:featuredmedia":[{"embeddable":true,"href":"https:\/\/arionapools.com\/fr\/wp-json\/wp\/v2\/media\/628"}],"wp:attachment":[{"href":"https:\/\/arionapools.com\/fr\/wp-json\/wp\/v2\/media?parent=935"}],"curies":[{"name":"wp","href":"https:\/\/api.w.org\/{rel}","templated":true}]}}