{"id":945,"date":"2019-04-21T15:52:20","date_gmt":"2019-04-21T15:52:20","guid":{"rendered":"https:\/\/arionapools.com\/v-summum"},"modified":"2019-05-30T11:02:19","modified_gmt":"2019-05-30T11:02:19","slug":"v-summum","status":"publish","type":"page","link":"https:\/\/arionapools.com\/fr\/v-summum\/","title":{"rendered":"V-Summum"},"content":{"rendered":"<div id='av_section_1'  class='avia-section main_color avia-section-default avia-no-border-styling  avia-bg-style-scroll  avia-builder-el-0  el_before_av_section  avia-builder-el-first   container_wrap sidebar_right' style=' '  ><div class='container' ><main  role=\"main\" itemprop=\"mainContentOfPage\"  class='template-page content  av-content-small alpha units'><div class='post-entry post-entry-type-page post-entry-945'><div class='entry-content-wrapper clearfix'>\n<div class=\"flex_column av_three_fifth  flex_column_div av-zero-column-padding first  avia-builder-el-1  el_before_av_two_fifth  avia-builder-el-first  \" style='border-radius:0px; '><section class=\"av_textblock_section \"  itemscope=\"itemscope\" itemtype=\"https:\/\/schema.org\/CreativeWork\" ><div class='avia_textblock  '   itemprop=\"text\" ><h1>V-Summum<\/h1>\n<p><strong>POMPE \u00c0 HAUT RENDEMENT AVEC VARIATEUR DE FR\u00c9QUENCE<\/strong><\/p>\n<\/div><\/section><br \/>\n<div  style=' margin-top:0px; margin-bottom:10px;'  class='hr hr-custom hr-center hr-icon-no   avia-builder-el-3  el_after_av_textblock  el_before_av_textblock '><span class='hr-inner  inner-border-av-border-thin' style=' width:100%; border-color:#4488f5;' ><span class='hr-inner-style'><\/span><\/span><\/div><br \/>\n<section class=\"av_textblock_section \"  itemscope=\"itemscope\" itemtype=\"https:\/\/schema.org\/CreativeWork\" ><div class='avia_textblock  '   itemprop=\"text\" ><h4 class=\"p1\"><strong>CARACTERISTIQUE<\/strong><strong>S<\/strong><\/h4>\n<\/div><\/section><br \/>\n<div  style=' margin-top:0px; margin-bottom:10px;'  class='hr hr-custom hr-center hr-icon-no   avia-builder-el-5  el_after_av_textblock  el_before_av_textblock '><span class='hr-inner  inner-border-av-border-thin' style=' width:100%; border-color:#4488f5;' ><span class='hr-inner-style'><\/span><\/span><\/div><br \/>\n<section class=\"av_textblock_section \"  itemscope=\"itemscope\" itemtype=\"https:\/\/schema.org\/CreativeWork\" ><div class='avia_textblock  '   itemprop=\"text\" ><p><strong>Nouvelle g\u00e9n\u00e9ration de pompes pour piscine publique int\u00e9grant un nouveau convertisseur de fr\u00e9quence qui fonctionne par modulation de fr\u00e9quence pour obtenir un grand confort et minimiser les co\u00fbts d\u2019\u00e9nergie. Le software est sp\u00e9cialement d\u00e9velopp\u00e9 pour l\u2019automatisation de la pompe. Un assistant de configuration est fourni pour permettre \u00e0 la pompe et \u00e0 l\u2019installation d\u2019\u00eatre compl\u00e8tement op\u00e9rationnelle. Le syst\u00e8me permet la programmation de plusieurs cycles par jour avec une vitesse diff\u00e9rente pour chaque cycle. Dans les installations avec plusieurs pompes, les pompes communiquent automatiquement et alternent pour travailler la m\u00eame quantit\u00e9 d\u2019heures. Possibilit\u00e9 de travailler plus d\u2019une pompe en m\u00eame temps.<\/strong><\/p>\n<ul>\n<li><strong> Une \u00e9conomie d\u2019\u00e9nergie tr\u00e8s importante gr\u00e2ce \u00e0 la pompe qui peut modifier sa vitesse de travail aux exigences d\u2019installation.<\/strong><\/li>\n<li><strong> Diff\u00e9rentes vitesses de travail pour diff\u00e9rents horaires.<\/strong><\/li>\n<li><strong> Communication entre les pompes.<\/strong><\/li>\n<li><strong> Fonctionnement alternatif par temps.<\/strong><\/li>\n<li><strong> Extr\u00eamement silencieux.<\/strong><\/li>\n<li><strong> Protection contre les surcharges du moteur par consommation.<\/strong><\/li>\n<li><strong> Syst\u00e8me d\u2019auto-apprentissage pour la recherche constante pour les param\u00e8tres qui d\u00e9terminent en cours d\u2019ex\u00e9cution \u00e0 sec.<\/strong><\/li>\n<\/ul>\n<\/div><\/section><\/p><\/div><div class=\"flex_column av_two_fifth  flex_column_div av-zero-column-padding   avia-builder-el-7  el_after_av_three_fifth  el_before_av_hr  \" style='border-radius:0px; '><div  class='avia-gallery  avia-gallery-1 avia_lazyload avia-gallery-animate avia_animate_when_visible  avia-builder-el-8  avia-builder-el-no-sibling '  itemprop=\"image\" itemscope=\"itemscope\" itemtype=\"https:\/\/schema.org\/ImageObject\" ><a class='avia-gallery-big fakeLightbox lightbox avia-gallery-big-crop-thumb ' href='https:\/\/arionapools.com\/wp-content\/uploads\/2019\/04\/V-SUMMUM-BOMBAS-ARIONA-POOLS.png'  data-onclick='1' title='V-SUMMUM-BOMBAS-ARIONA-POOLS' ><span class='avia-gallery-big-inner'  itemprop=\"thumbnailUrl\" ><img decoding=\"async\" class=\"wp-image-724 avia-img-lazy-loading-not-724\"  width=\"800\" height=\"600\" src=\"https:\/\/arionapools.com\/wp-content\/uploads\/2019\/04\/V-SUMMUM-BOMBAS-ARIONA-POOLS.png\" title='V-SUMMUM-BOMBAS-ARIONA-POOLS' alt='' srcset=\"https:\/\/arionapools.com\/wp-content\/uploads\/2019\/04\/V-SUMMUM-BOMBAS-ARIONA-POOLS.png 800w, https:\/\/arionapools.com\/wp-content\/uploads\/2019\/04\/V-SUMMUM-BOMBAS-ARIONA-POOLS-300x225.png 300w, https:\/\/arionapools.com\/wp-content\/uploads\/2019\/04\/V-SUMMUM-BOMBAS-ARIONA-POOLS-768x576.png 768w, https:\/\/arionapools.com\/wp-content\/uploads\/2019\/04\/V-SUMMUM-BOMBAS-ARIONA-POOLS-705x529.png 705w, https:\/\/arionapools.com\/wp-content\/uploads\/2019\/04\/V-SUMMUM-BOMBAS-ARIONA-POOLS-450x338.png 450w\" sizes=\"(max-width: 800px) 100vw, 800px\" \/><\/span><\/a><div class='avia-gallery-thumb'> <a href='https:\/\/arionapools.com\/wp-content\/uploads\/2019\/04\/V-SUMMUM-BOMBAS-ARIONA-POOLS.png' data-rel='gallery-1' data-prev-img='https:\/\/arionapools.com\/wp-content\/uploads\/2019\/04\/V-SUMMUM-BOMBAS-ARIONA-POOLS.png' class='first_thumb lightbox ' data-onclick='1' title='V-SUMMUM-BOMBAS-ARIONA-POOLS'  itemprop=\"thumbnailUrl\"  ><img decoding=\"async\" class=\"wp-image-724 avia-img-lazy-loading-not-724\"   src=\"https:\/\/arionapools.com\/wp-content\/uploads\/2019\/04\/V-SUMMUM-BOMBAS-ARIONA-POOLS.png\" width=\"800\" height=\"600\"  title='V-SUMMUM-BOMBAS-ARIONA-POOLS' alt='' srcset=\"https:\/\/arionapools.com\/wp-content\/uploads\/2019\/04\/V-SUMMUM-BOMBAS-ARIONA-POOLS.png 800w, https:\/\/arionapools.com\/wp-content\/uploads\/2019\/04\/V-SUMMUM-BOMBAS-ARIONA-POOLS-300x225.png 300w, https:\/\/arionapools.com\/wp-content\/uploads\/2019\/04\/V-SUMMUM-BOMBAS-ARIONA-POOLS-768x576.png 768w, https:\/\/arionapools.com\/wp-content\/uploads\/2019\/04\/V-SUMMUM-BOMBAS-ARIONA-POOLS-705x529.png 705w, https:\/\/arionapools.com\/wp-content\/uploads\/2019\/04\/V-SUMMUM-BOMBAS-ARIONA-POOLS-450x338.png 450w\" sizes=\"(max-width: 800px) 100vw, 800px\" \/><\/a> <a href='https:\/\/arionapools.com\/wp-content\/uploads\/2019\/04\/V-SUMMUM-CONTROLADOR-INTELIGENTE-BOMBAS-ARIONA-POOLS.png' data-rel='gallery-1' data-prev-img='https:\/\/arionapools.com\/wp-content\/uploads\/2019\/04\/V-SUMMUM-CONTROLADOR-INTELIGENTE-BOMBAS-ARIONA-POOLS.png' class='lightbox ' data-onclick='2' title='V-SUMMUM-CONTROLADOR-INTELIGENTE-BOMBAS-ARIONA-POOLS'  itemprop=\"thumbnailUrl\"  ><img decoding=\"async\" class=\"wp-image-730 avia-img-lazy-loading-not-730\"   src=\"https:\/\/arionapools.com\/wp-content\/uploads\/2019\/04\/V-SUMMUM-CONTROLADOR-INTELIGENTE-BOMBAS-ARIONA-POOLS.png\" width=\"800\" height=\"600\"  title='V-SUMMUM-CONTROLADOR-INTELIGENTE-BOMBAS-ARIONA-POOLS' alt='' srcset=\"https:\/\/arionapools.com\/wp-content\/uploads\/2019\/04\/V-SUMMUM-CONTROLADOR-INTELIGENTE-BOMBAS-ARIONA-POOLS.png 800w, https:\/\/arionapools.com\/wp-content\/uploads\/2019\/04\/V-SUMMUM-CONTROLADOR-INTELIGENTE-BOMBAS-ARIONA-POOLS-300x225.png 300w, https:\/\/arionapools.com\/wp-content\/uploads\/2019\/04\/V-SUMMUM-CONTROLADOR-INTELIGENTE-BOMBAS-ARIONA-POOLS-768x576.png 768w, https:\/\/arionapools.com\/wp-content\/uploads\/2019\/04\/V-SUMMUM-CONTROLADOR-INTELIGENTE-BOMBAS-ARIONA-POOLS-705x529.png 705w, https:\/\/arionapools.com\/wp-content\/uploads\/2019\/04\/V-SUMMUM-CONTROLADOR-INTELIGENTE-BOMBAS-ARIONA-POOLS-450x338.png 450w\" sizes=\"(max-width: 800px) 100vw, 800px\" \/><\/a> <a href='https:\/\/arionapools.com\/wp-content\/uploads\/2019\/04\/V-SUMMUM-SOPORTE-CONTROLADOR-INTELIGENTE-BOMBAS-ARIONA-POOLS.png' data-rel='gallery-1' data-prev-img='https:\/\/arionapools.com\/wp-content\/uploads\/2019\/04\/V-SUMMUM-SOPORTE-CONTROLADOR-INTELIGENTE-BOMBAS-ARIONA-POOLS.png' class='lightbox ' data-onclick='3' title='V-SUMMUM-SOPORTE-CONTROLADOR-INTELIGENTE-BOMBAS-ARIONA-POOLS'  itemprop=\"thumbnailUrl\"  ><img decoding=\"async\" class=\"wp-image-733 avia-img-lazy-loading-not-733\"   src=\"https:\/\/arionapools.com\/wp-content\/uploads\/2019\/04\/V-SUMMUM-SOPORTE-CONTROLADOR-INTELIGENTE-BOMBAS-ARIONA-POOLS.png\" width=\"800\" height=\"600\"  title='V-SUMMUM-SOPORTE-CONTROLADOR-INTELIGENTE-BOMBAS-ARIONA-POOLS' alt='' srcset=\"https:\/\/arionapools.com\/wp-content\/uploads\/2019\/04\/V-SUMMUM-SOPORTE-CONTROLADOR-INTELIGENTE-BOMBAS-ARIONA-POOLS.png 800w, https:\/\/arionapools.com\/wp-content\/uploads\/2019\/04\/V-SUMMUM-SOPORTE-CONTROLADOR-INTELIGENTE-BOMBAS-ARIONA-POOLS-300x225.png 300w, https:\/\/arionapools.com\/wp-content\/uploads\/2019\/04\/V-SUMMUM-SOPORTE-CONTROLADOR-INTELIGENTE-BOMBAS-ARIONA-POOLS-768x576.png 768w, https:\/\/arionapools.com\/wp-content\/uploads\/2019\/04\/V-SUMMUM-SOPORTE-CONTROLADOR-INTELIGENTE-BOMBAS-ARIONA-POOLS-705x529.png 705w, https:\/\/arionapools.com\/wp-content\/uploads\/2019\/04\/V-SUMMUM-SOPORTE-CONTROLADOR-INTELIGENTE-BOMBAS-ARIONA-POOLS-450x338.png 450w\" sizes=\"(max-width: 800px) 100vw, 800px\" \/><\/a> <a href='https:\/\/arionapools.com\/wp-content\/uploads\/2019\/04\/Sello-IE3_ArionaPools.jpg' data-rel='gallery-1' data-prev-img='https:\/\/arionapools.com\/wp-content\/uploads\/2019\/04\/Sello-IE3_ArionaPools.jpg' class='lightbox ' data-onclick='4' title='Sello IE3_ArionaPools'  itemprop=\"thumbnailUrl\"  ><img decoding=\"async\" class=\"wp-image-1101 avia-img-lazy-loading-not-1101\"   src=\"https:\/\/arionapools.com\/wp-content\/uploads\/2019\/04\/Sello-IE3_ArionaPools.jpg\" width=\"800\" height=\"600\"  title='Sello IE3_ArionaPools' alt='' srcset=\"https:\/\/arionapools.com\/wp-content\/uploads\/2019\/04\/Sello-IE3_ArionaPools.jpg 800w, https:\/\/arionapools.com\/wp-content\/uploads\/2019\/04\/Sello-IE3_ArionaPools-300x225.jpg 300w, https:\/\/arionapools.com\/wp-content\/uploads\/2019\/04\/Sello-IE3_ArionaPools-768x576.jpg 768w, https:\/\/arionapools.com\/wp-content\/uploads\/2019\/04\/Sello-IE3_ArionaPools-705x529.jpg 705w, https:\/\/arionapools.com\/wp-content\/uploads\/2019\/04\/Sello-IE3_ArionaPools-450x338.jpg 450w\" sizes=\"(max-width: 800px) 100vw, 800px\" \/><\/a><\/div><\/div><\/div><div  style='height:50px' class='hr hr-invisible   avia-builder-el-9  el_after_av_two_fifth  el_before_av_one_full '><span class='hr-inner ' ><span class='hr-inner-style'><\/span><\/span><\/div>\n<div class=\"flex_column av_one_full  flex_column_div av-zero-column-padding first  avia-builder-el-10  el_after_av_hr  avia-builder-el-last  \" style='border-radius:0px; '><p><div  class='avia-image-container  av-styling-    avia-builder-el-11  el_before_av_image  avia-builder-el-first  avia-align-center '  itemprop=\"image\" itemscope=\"itemscope\" itemtype=\"https:\/\/schema.org\/ImageObject\"  ><div class='avia-image-container-inner'><div class='avia-image-overlay-wrap'><a href='https:\/\/arionapools.com\/wp-content\/uploads\/2019\/05\/6.-V-SUMMUM-A.png' class='avia_image'  ><img decoding=\"async\" width=\"938\" height=\"808\" class='wp-image-1510 avia-img-lazy-loading-not-1510 avia_image' src=\"https:\/\/arionapools.com\/wp-content\/uploads\/2019\/05\/6.-V-SUMMUM-A.png\" alt='' title='6. V-SUMMUM A'  itemprop=\"thumbnailUrl\" srcset=\"https:\/\/arionapools.com\/wp-content\/uploads\/2019\/05\/6.-V-SUMMUM-A.png 938w, https:\/\/arionapools.com\/wp-content\/uploads\/2019\/05\/6.-V-SUMMUM-A-300x258.png 300w, https:\/\/arionapools.com\/wp-content\/uploads\/2019\/05\/6.-V-SUMMUM-A-768x662.png 768w, https:\/\/arionapools.com\/wp-content\/uploads\/2019\/05\/6.-V-SUMMUM-A-705x607.png 705w, https:\/\/arionapools.com\/wp-content\/uploads\/2019\/05\/6.-V-SUMMUM-A-450x388.png 450w\" sizes=\"(max-width: 938px) 100vw, 938px\" \/><\/a><\/div><\/div><\/div><br \/>\n<div  class='avia-image-container  av-styling-    avia-builder-el-12  el_after_av_image  avia-builder-el-last  avia-align-center '  itemprop=\"image\" itemscope=\"itemscope\" itemtype=\"https:\/\/schema.org\/ImageObject\"  ><div class='avia-image-container-inner'><div class='avia-image-overlay-wrap'><a href='https:\/\/arionapools.com\/wp-content\/uploads\/2019\/05\/6.-V-SUMMUM-B.png' class='avia_image'  ><img decoding=\"async\" width=\"956\" height=\"231\" class='wp-image-1513 avia-img-lazy-loading-not-1513 avia_image' src=\"https:\/\/arionapools.com\/wp-content\/uploads\/2019\/05\/6.-V-SUMMUM-B.png\" alt='' title='6. V-SUMMUM B'  itemprop=\"thumbnailUrl\" srcset=\"https:\/\/arionapools.com\/wp-content\/uploads\/2019\/05\/6.-V-SUMMUM-B.png 956w, https:\/\/arionapools.com\/wp-content\/uploads\/2019\/05\/6.-V-SUMMUM-B-300x72.png 300w, https:\/\/arionapools.com\/wp-content\/uploads\/2019\/05\/6.-V-SUMMUM-B-768x186.png 768w, https:\/\/arionapools.com\/wp-content\/uploads\/2019\/05\/6.-V-SUMMUM-B-705x170.png 705w, https:\/\/arionapools.com\/wp-content\/uploads\/2019\/05\/6.-V-SUMMUM-B-450x109.png 450w\" sizes=\"(max-width: 956px) 100vw, 956px\" \/><\/a><\/div><\/div><\/div><\/p><\/div><\/div><\/div><\/main><!-- close content main element --><\/div><\/div><div id='av_section_2'  class='avia-section main_color avia-section-default avia-no-border-styling  avia-full-stretch av-parallax-section avia-bg-style-parallax  avia-builder-el-13  el_after_av_section  avia-builder-el-last   container_wrap sidebar_right' style=' '  data-section-bg-repeat='stretch'><div class='av-parallax' data-avia-parallax-ratio='0.3' ><div class='av-parallax-inner main_color  avia-full-stretch' style = 'background-repeat: no-repeat; background-image: url(https:\/\/arionapools.com\/wp-content\/uploads\/2019\/03\/Ariona-Pools_Slider_01.jpg);background-attachment: scroll; background-position: center center; ' ><\/div><\/div><div class='container' ><div class='template-page content  av-content-small alpha units'><div class='post-entry post-entry-type-page post-entry-945'><div class='entry-content-wrapper clearfix'>\n<div  style='height:400px' class='hr hr-invisible   avia-builder-el-14  avia-builder-el-no-sibling '><span class='hr-inner ' ><span class='hr-inner-style'><\/span><\/span><\/div>\n<\/div><\/div><\/div><!-- close content main div --><\/div><\/div><div id='after_section_2'  class='main_color av_default_container_wrap container_wrap sidebar_right' style=' '  ><div class='container' ><div class='template-page content  av-content-small alpha units'><div class='post-entry post-entry-type-page post-entry-945'><div class='entry-content-wrapper clearfix'><\/p>\n","protected":false},"excerpt":{"rendered":"<p>Electrobomba autoaspirante para piscinas, con prefiltro incorporado de grandes dimensiones. Filtro con tapa transparente en policarbonato. Cuerpo bomba, disco portasello y difusor en polipropileno resistente a los productos qu\u00edmicos y reforzado con fibra de vidrio. Eje en acero inoxidable AISI-316. Turbina en Noryl. Tapa transparente en policarbonato. Cierre mec\u00e1nico en carb\u00f3n-cer\u00e1mica y acero inoxidable AISI 316. Torniller\u00eda en Acero Inoxidable AISI 304.<\/p>\n","protected":false},"author":1,"featured_media":724,"parent":0,"menu_order":0,"comment_status":"closed","ping_status":"closed","template":"","meta":{"footnotes":""},"class_list":["post-945","page","type-page","status-publish","has-post-thumbnail","hentry"],"_links":{"self":[{"href":"https:\/\/arionapools.com\/fr\/wp-json\/wp\/v2\/pages\/945","targetHints":{"allow":["GET"]}}],"collection":[{"href":"https:\/\/arionapools.com\/fr\/wp-json\/wp\/v2\/pages"}],"about":[{"href":"https:\/\/arionapools.com\/fr\/wp-json\/wp\/v2\/types\/page"}],"author":[{"embeddable":true,"href":"https:\/\/arionapools.com\/fr\/wp-json\/wp\/v2\/users\/1"}],"replies":[{"embeddable":true,"href":"https:\/\/arionapools.com\/fr\/wp-json\/wp\/v2\/comments?post=945"}],"version-history":[{"count":7,"href":"https:\/\/arionapools.com\/fr\/wp-json\/wp\/v2\/pages\/945\/revisions"}],"predecessor-version":[{"id":1938,"href":"https:\/\/arionapools.com\/fr\/wp-json\/wp\/v2\/pages\/945\/revisions\/1938"}],"wp:featuredmedia":[{"embeddable":true,"href":"https:\/\/arionapools.com\/fr\/wp-json\/wp\/v2\/media\/724"}],"wp:attachment":[{"href":"https:\/\/arionapools.com\/fr\/wp-json\/wp\/v2\/media?parent=945"}],"curies":[{"name":"wp","href":"https:\/\/api.w.org\/{rel}","templated":true}]}}