{"id":955,"date":"2019-04-21T14:16:37","date_gmt":"2019-04-21T14:16:37","guid":{"rendered":"https:\/\/arionapools.com\/indico"},"modified":"2025-10-09T11:26:14","modified_gmt":"2025-10-09T11:26:14","slug":"indico","status":"publish","type":"page","link":"https:\/\/arionapools.com\/fr\/indico\/","title":{"rendered":"Indico"},"content":{"rendered":"<div id='av_section_1'  class='avia-section main_color avia-section-default avia-no-border-styling  avia-bg-style-scroll  avia-builder-el-0  el_before_av_section  avia-builder-el-first   container_wrap sidebar_right' style=' '  ><div class='container' ><main  role=\"main\" itemprop=\"mainContentOfPage\"  class='template-page content  av-content-small alpha units'><div class='post-entry post-entry-type-page post-entry-955'><div class='entry-content-wrapper clearfix'>\n<div class=\"flex_column av_three_fifth  flex_column_div av-zero-column-padding first  avia-builder-el-1  el_before_av_two_fifth  avia-builder-el-first  \" style='border-radius:0px; '><section class=\"av_textblock_section \"  itemscope=\"itemscope\" itemtype=\"https:\/\/schema.org\/CreativeWork\" ><div class='avia_textblock  '   itemprop=\"text\" ><h1>Indico<\/h1>\n<p class=\"p3\"><b>FILTRE DE HAUTE PERFORMANCE<\/b><\/p>\n<\/div><\/section><br \/>\n<div  style=' margin-top:0px; margin-bottom:10px;'  class='hr hr-custom hr-center hr-icon-no   avia-builder-el-3  el_after_av_textblock  el_before_av_textblock '><span class='hr-inner  inner-border-av-border-thin' style=' width:100%; border-color:#4488f5;' ><span class='hr-inner-style'><\/span><\/span><\/div><br \/>\n<section class=\"av_textblock_section \"  itemscope=\"itemscope\" itemtype=\"https:\/\/schema.org\/CreativeWork\" ><div class='avia_textblock  '   itemprop=\"text\" ><h4 class=\"p1\"><strong>CARACTERISTIQUES<\/strong><\/h4>\n<\/div><\/section><br \/>\n<div  style=' margin-top:0px; margin-bottom:10px;'  class='hr hr-custom hr-center hr-icon-no   avia-builder-el-5  el_after_av_textblock  el_before_av_textblock '><span class='hr-inner  inner-border-av-border-thin' style=' width:100%; border-color:#4488f5;' ><span class='hr-inner-style'><\/span><\/span><\/div><br \/>\n<section class=\"av_textblock_section \"  itemscope=\"itemscope\" itemtype=\"https:\/\/schema.org\/CreativeWork\" ><div class='avia_textblock  '   itemprop=\"text\" ><p><strong>Filtre pour piscine publique, fabriqu\u00e9 avec des normes industrielles, r\u00e9servoir en fibre de verre renforc\u00e9, avec traitement r\u00e9sistant aux UV. Fond \u00e0 bras collecteurs. Bouche d&rsquo;homme lat\u00e9ral. Couvercle sup\u00e9rieur et lat\u00e9ral de 400 mm fabriqu\u00e9 en fibre de verre renforc\u00e9. \u00c9quip\u00e9 en standard d\u2019une vanne de s\u00e9curit\u00e9 contre la surpression.<\/strong><\/p>\n<ul>\n<li><strong> Lit filtrant: 1,2 metre.<\/strong><\/li>\n<li><strong> Vidange 75 mm avec prise 1\u201d.<\/strong><\/li>\n<li><strong> Brides de connexion en PVC.<\/strong><\/li>\n<li><strong> Filtre avec traitement sp\u00e9cial pour l\u00b4ozone, disponible sur demande.<\/strong><\/li>\n<li><strong> Optionnel, batterie de 5 vannes en PVC.<\/strong><\/li>\n<li><strong>OPTIONNEL: verre de regard FIMIR400 (2 unite\u0301s).<\/strong><\/li>\n<li><strong>OPTIONNEL: bouche d\u2019homme late\u0301ral FIBHL400. <\/strong><\/li>\n<\/ul>\n<\/div><\/section><br \/>\n<div  class='avia-image-container  av-styling-    avia-builder-el-7  el_after_av_textblock  avia-builder-el-last  avia-align-center '  itemprop=\"image\" itemscope=\"itemscope\" itemtype=\"https:\/\/schema.org\/ImageObject\"  ><div class='avia-image-container-inner'><div class='avia-image-overlay-wrap'><a href='https:\/\/arionapools.com\/wp-content\/uploads\/2019\/04\/INDICO-HERRAMIENTA.png' class='avia_image'  ><img decoding=\"async\" width=\"804\" height=\"235\" class='wp-image-591 avia-img-lazy-loading-not-591 avia_image' src=\"https:\/\/arionapools.com\/wp-content\/uploads\/2019\/04\/INDICO-HERRAMIENTA.png\" alt='' title='INDICO HERRAMIENTA'  itemprop=\"thumbnailUrl\" srcset=\"https:\/\/arionapools.com\/wp-content\/uploads\/2019\/04\/INDICO-HERRAMIENTA.png 804w, https:\/\/arionapools.com\/wp-content\/uploads\/2019\/04\/INDICO-HERRAMIENTA-300x88.png 300w, https:\/\/arionapools.com\/wp-content\/uploads\/2019\/04\/INDICO-HERRAMIENTA-768x224.png 768w, https:\/\/arionapools.com\/wp-content\/uploads\/2019\/04\/INDICO-HERRAMIENTA-705x206.png 705w, https:\/\/arionapools.com\/wp-content\/uploads\/2019\/04\/INDICO-HERRAMIENTA-450x132.png 450w\" sizes=\"(max-width: 804px) 100vw, 804px\" \/><\/a><\/div><\/div><\/div><\/p><\/div><div class=\"flex_column av_two_fifth  flex_column_div av-zero-column-padding   avia-builder-el-8  el_after_av_three_fifth  el_before_av_one_full  \" style='border-radius:0px; '><div  class='avia-gallery  avia-gallery-1 avia_lazyload avia-gallery-animate avia_animate_when_visible  avia-builder-el-9  avia-builder-el-no-sibling '  itemprop=\"image\" itemscope=\"itemscope\" itemtype=\"https:\/\/schema.org\/ImageObject\" ><a class='avia-gallery-big fakeLightbox lightbox avia-gallery-big-crop-thumb ' href='https:\/\/arionapools.com\/wp-content\/uploads\/2019\/04\/INDICO-INDUSTRIALES-ARIONA-POOLS.png'  data-onclick='1' title='INDICO-INDUSTRIALES-ARIONA-POOLS' ><span class='avia-gallery-big-inner'  itemprop=\"thumbnailUrl\" ><img decoding=\"async\" class=\"wp-image-573 avia-img-lazy-loading-not-573\"  width=\"800\" height=\"600\" src=\"https:\/\/arionapools.com\/wp-content\/uploads\/2019\/04\/INDICO-INDUSTRIALES-ARIONA-POOLS.png\" title='INDICO-INDUSTRIALES-ARIONA-POOLS' alt='' srcset=\"https:\/\/arionapools.com\/wp-content\/uploads\/2019\/04\/INDICO-INDUSTRIALES-ARIONA-POOLS.png 800w, https:\/\/arionapools.com\/wp-content\/uploads\/2019\/04\/INDICO-INDUSTRIALES-ARIONA-POOLS-300x225.png 300w, https:\/\/arionapools.com\/wp-content\/uploads\/2019\/04\/INDICO-INDUSTRIALES-ARIONA-POOLS-768x576.png 768w, https:\/\/arionapools.com\/wp-content\/uploads\/2019\/04\/INDICO-INDUSTRIALES-ARIONA-POOLS-705x529.png 705w, https:\/\/arionapools.com\/wp-content\/uploads\/2019\/04\/INDICO-INDUSTRIALES-ARIONA-POOLS-450x338.png 450w\" sizes=\"(max-width: 800px) 100vw, 800px\" \/><\/span><\/a><div class='avia-gallery-thumb'> <a href='https:\/\/arionapools.com\/wp-content\/uploads\/2019\/04\/INDICO-INDUSTRIALES-ARIONA-POOLS.png' data-rel='gallery-1' data-prev-img='https:\/\/arionapools.com\/wp-content\/uploads\/2019\/04\/INDICO-INDUSTRIALES-ARIONA-POOLS.png' class='first_thumb lightbox ' data-onclick='1' title='INDICO-INDUSTRIALES-ARIONA-POOLS'  itemprop=\"thumbnailUrl\"  ><img decoding=\"async\" class=\"wp-image-573 avia-img-lazy-loading-not-573\"   src=\"https:\/\/arionapools.com\/wp-content\/uploads\/2019\/04\/INDICO-INDUSTRIALES-ARIONA-POOLS.png\" width=\"800\" height=\"600\"  title='INDICO-INDUSTRIALES-ARIONA-POOLS' alt='' srcset=\"https:\/\/arionapools.com\/wp-content\/uploads\/2019\/04\/INDICO-INDUSTRIALES-ARIONA-POOLS.png 800w, https:\/\/arionapools.com\/wp-content\/uploads\/2019\/04\/INDICO-INDUSTRIALES-ARIONA-POOLS-300x225.png 300w, https:\/\/arionapools.com\/wp-content\/uploads\/2019\/04\/INDICO-INDUSTRIALES-ARIONA-POOLS-768x576.png 768w, https:\/\/arionapools.com\/wp-content\/uploads\/2019\/04\/INDICO-INDUSTRIALES-ARIONA-POOLS-705x529.png 705w, https:\/\/arionapools.com\/wp-content\/uploads\/2019\/04\/INDICO-INDUSTRIALES-ARIONA-POOLS-450x338.png 450w\" sizes=\"(max-width: 800px) 100vw, 800px\" \/><\/a> <a href='https:\/\/arionapools.com\/wp-content\/uploads\/2019\/04\/INDICO-INDUSTRIALES-BATERIA-ARIONA-POOLS.png' data-rel='gallery-1' data-prev-img='https:\/\/arionapools.com\/wp-content\/uploads\/2019\/04\/INDICO-INDUSTRIALES-BATERIA-ARIONA-POOLS.png' class='lightbox ' data-onclick='2' title='INDICO-INDUSTRIALES-BATERIA-ARIONA-POOLS'  itemprop=\"thumbnailUrl\"  ><img decoding=\"async\" class=\"wp-image-576 avia-img-lazy-loading-not-576\"   src=\"https:\/\/arionapools.com\/wp-content\/uploads\/2019\/04\/INDICO-INDUSTRIALES-BATERIA-ARIONA-POOLS.png\" width=\"800\" height=\"600\"  title='INDICO-INDUSTRIALES-BATERIA-ARIONA-POOLS' alt='' srcset=\"https:\/\/arionapools.com\/wp-content\/uploads\/2019\/04\/INDICO-INDUSTRIALES-BATERIA-ARIONA-POOLS.png 800w, https:\/\/arionapools.com\/wp-content\/uploads\/2019\/04\/INDICO-INDUSTRIALES-BATERIA-ARIONA-POOLS-300x225.png 300w, https:\/\/arionapools.com\/wp-content\/uploads\/2019\/04\/INDICO-INDUSTRIALES-BATERIA-ARIONA-POOLS-768x576.png 768w, https:\/\/arionapools.com\/wp-content\/uploads\/2019\/04\/INDICO-INDUSTRIALES-BATERIA-ARIONA-POOLS-705x529.png 705w, https:\/\/arionapools.com\/wp-content\/uploads\/2019\/04\/INDICO-INDUSTRIALES-BATERIA-ARIONA-POOLS-450x338.png 450w\" sizes=\"(max-width: 800px) 100vw, 800px\" \/><\/a><\/div><\/div><\/div><div class=\"flex_column av_one_full  flex_column_div av-zero-column-padding first  avia-builder-el-10  el_after_av_two_fifth  avia-builder-el-last  \" style='border-radius:0px; '><p><div  style='height:50px' class='hr hr-invisible   avia-builder-el-11  el_before_av_image  avia-builder-el-first '><span class='hr-inner ' ><span class='hr-inner-style'><\/span><\/span><\/div><br \/>\n<div  class='avia-image-container  av-styling-    avia-builder-el-12  el_after_av_hr  avia-builder-el-last  avia-align-left '  itemprop=\"image\" itemscope=\"itemscope\" itemtype=\"https:\/\/schema.org\/ImageObject\"  ><div class='avia-image-container-inner'><div class='avia-image-overlay-wrap'><a href='https:\/\/arionapools.com\/wp-content\/uploads\/2025\/10\/INDICO-FILTER-MODELS-AND-DATA-904x1030.jpg' class='avia_image'  ><img decoding=\"async\" width=\"1000\" height=\"1140\" class='wp-image-5214 avia-img-lazy-loading-not-5214 avia_image' src=\"https:\/\/arionapools.com\/wp-content\/uploads\/2025\/10\/INDICO-FILTER-MODELS-AND-DATA.jpg\" alt='' title='INDICO FILTER MODELS AND DATA'  itemprop=\"thumbnailUrl\" srcset=\"https:\/\/arionapools.com\/wp-content\/uploads\/2025\/10\/INDICO-FILTER-MODELS-AND-DATA.jpg 1000w, https:\/\/arionapools.com\/wp-content\/uploads\/2025\/10\/INDICO-FILTER-MODELS-AND-DATA-263x300.jpg 263w, https:\/\/arionapools.com\/wp-content\/uploads\/2025\/10\/INDICO-FILTER-MODELS-AND-DATA-904x1030.jpg 904w, https:\/\/arionapools.com\/wp-content\/uploads\/2025\/10\/INDICO-FILTER-MODELS-AND-DATA-768x876.jpg 768w, https:\/\/arionapools.com\/wp-content\/uploads\/2025\/10\/INDICO-FILTER-MODELS-AND-DATA-618x705.jpg 618w\" sizes=\"(max-width: 1000px) 100vw, 1000px\" \/><\/a><\/div><\/div><\/div><\/p><\/div><\/div><\/div><\/main><!-- close content main element --><\/div><\/div><div id='av_section_2'  class='avia-section main_color avia-section-default avia-no-border-styling  avia-full-stretch av-parallax-section avia-bg-style-parallax  avia-builder-el-13  el_after_av_section  avia-builder-el-last   container_wrap sidebar_right' style=' '  data-section-bg-repeat='stretch'><div class='av-parallax' data-avia-parallax-ratio='0.3' ><div class='av-parallax-inner main_color  avia-full-stretch' style = 'background-repeat: no-repeat; background-image: url(https:\/\/arionapools.com\/wp-content\/uploads\/2019\/03\/Ariona-Pools_Slider_01.jpg);background-attachment: scroll; background-position: center center; ' ><\/div><\/div><div class='container' ><div class='template-page content  av-content-small alpha units'><div class='post-entry post-entry-type-page post-entry-955'><div class='entry-content-wrapper clearfix'>\n<div  style='height:400px' class='hr hr-invisible   avia-builder-el-14  avia-builder-el-no-sibling '><span class='hr-inner ' ><span class='hr-inner-style'><\/span><\/span><\/div>\n<\/div><\/div><\/div><!-- close content main div --><\/div><\/div><div id='after_section_2'  class='main_color av_default_container_wrap container_wrap sidebar_right' style=' '  ><div class='container' ><div class='template-page content  av-content-small alpha units'><div class='post-entry post-entry-type-page post-entry-955'><div class='entry-content-wrapper clearfix'><\/p>\n","protected":false},"excerpt":{"rendered":"<p>Filtro para piscina p\u00fablica, fabricado con est\u00e1ndares industriales, tanque en fibra de vidrio reforzado, resistente a los rayos UV. Fondo de brazos colectores. Boca de hombre lateral. Tapa superior y tapa lateral de 400mm en fibra de vidrio reforzado. Equipado de serie con v\u00e1lvula de seguridad de sobrepresi\u00f3n.<\/p>\n","protected":false},"author":1,"featured_media":4522,"parent":0,"menu_order":0,"comment_status":"closed","ping_status":"closed","template":"","meta":{"footnotes":""},"class_list":["post-955","page","type-page","status-publish","has-post-thumbnail","hentry"],"_links":{"self":[{"href":"https:\/\/arionapools.com\/fr\/wp-json\/wp\/v2\/pages\/955","targetHints":{"allow":["GET"]}}],"collection":[{"href":"https:\/\/arionapools.com\/fr\/wp-json\/wp\/v2\/pages"}],"about":[{"href":"https:\/\/arionapools.com\/fr\/wp-json\/wp\/v2\/types\/page"}],"author":[{"embeddable":true,"href":"https:\/\/arionapools.com\/fr\/wp-json\/wp\/v2\/users\/1"}],"replies":[{"embeddable":true,"href":"https:\/\/arionapools.com\/fr\/wp-json\/wp\/v2\/comments?post=955"}],"version-history":[{"count":8,"href":"https:\/\/arionapools.com\/fr\/wp-json\/wp\/v2\/pages\/955\/revisions"}],"predecessor-version":[{"id":5219,"href":"https:\/\/arionapools.com\/fr\/wp-json\/wp\/v2\/pages\/955\/revisions\/5219"}],"wp:featuredmedia":[{"embeddable":true,"href":"https:\/\/arionapools.com\/fr\/wp-json\/wp\/v2\/media\/4522"}],"wp:attachment":[{"href":"https:\/\/arionapools.com\/fr\/wp-json\/wp\/v2\/media?parent=955"}],"curies":[{"name":"wp","href":"https:\/\/api.w.org\/{rel}","templated":true}]}}