{"id":960,"date":"2019-04-21T16:47:09","date_gmt":"2019-04-21T16:47:09","guid":{"rendered":"https:\/\/arionapools.com\/modelos-domesticos"},"modified":"2019-06-02T10:54:08","modified_gmt":"2019-06-02T10:54:08","slug":"modeles-privees","status":"publish","type":"page","link":"https:\/\/arionapools.com\/fr\/modeles-privees\/","title":{"rendered":"Mod\u00e8les Priv\u00e9es"},"content":{"rendered":"<div id='av_section_1'  class='avia-section main_color avia-section-default avia-no-border-styling  avia-bg-style-scroll  avia-builder-el-0  el_before_av_section  avia-builder-el-first   container_wrap sidebar_right' style=' '  ><div class='container' ><main  role=\"main\" itemprop=\"mainContentOfPage\"  class='template-page content  av-content-small alpha units'><div class='post-entry post-entry-type-page post-entry-960'><div class='entry-content-wrapper clearfix'>\n<div class=\"flex_column av_three_fifth  flex_column_div av-zero-column-padding first  avia-builder-el-1  el_before_av_two_fifth  avia-builder-el-first  \" style='border-radius:0px; '><section class=\"av_textblock_section \"  itemscope=\"itemscope\" itemtype=\"https:\/\/schema.org\/CreativeWork\" ><div class='avia_textblock  '   itemprop=\"text\" ><h1><strong>MOD\u00c8LES PRIV\u00c9ES<\/strong><\/h1>\n<\/div><\/section><br \/>\n<div  style=' margin-top:0px; margin-bottom:10px;'  class='hr hr-custom hr-center hr-icon-no   avia-builder-el-3  el_after_av_textblock  el_before_av_textblock '><span class='hr-inner  inner-border-av-border-thin' style=' width:100%; border-color:#4488f5;' ><span class='hr-inner-style'><\/span><\/span><\/div><br \/>\n<section class=\"av_textblock_section \"  itemscope=\"itemscope\" itemtype=\"https:\/\/schema.org\/CreativeWork\" ><div class='avia_textblock  '   itemprop=\"text\" ><h4 class=\"p1\"><strong>CARACTERISTIQUES<\/strong><\/h4>\n<\/div><\/section><br \/>\n<div  style=' margin-top:0px; margin-bottom:10px;'  class='hr hr-custom hr-center hr-icon-no   avia-builder-el-5  el_after_av_textblock  el_before_av_textblock '><span class='hr-inner  inner-border-av-border-thin' style=' width:100%; border-color:#4488f5;' ><span class='hr-inner-style'><\/span><\/span><\/div><br \/>\n<section class=\"av_textblock_section \"  itemscope=\"itemscope\" itemtype=\"https:\/\/schema.org\/CreativeWork\" ><div class='avia_textblock  '   itemprop=\"text\" ><p><strong>Nouvelle source de puissance \u00e9tanche \u00e0 haut rendement. Elimination de ventilation forc\u00e9e ce qui conf\u00e8re une grande diminution de pannes et r\u00e9sistance aux atmosph\u00e8res corrosives. Nouvelle interface de navigation tr\u00e8s simple avec \u00e9cran LCD r\u00e9tro-\u00e9clair\u00e9 et 4 boutons.<\/strong><\/p>\n<p><strong>Nouvelle fixation murale avec support ind\u00e9pendant en acier inoxydable.<\/strong><\/p>\n<p><strong>C\u00e2ble d\u2019alimentation d\u00e9branchable qui permet une rapide intervention sans acc\u00e9der au coffret \u00e9lectrique. Raccordement de cellule avec prise \u00e9tanche sans \u00e9crous en thermo caoutchouc. \u00c9lectronique et software de contr\u00f4le et mesure de pH int\u00e9gr\u00e9s.<\/strong><\/p>\n<\/div><\/section><\/p><\/div><div class=\"flex_column av_two_fifth  flex_column_div av-zero-column-padding   avia-builder-el-7  el_after_av_three_fifth  el_before_av_hr  \" style='border-radius:0px; '><div  class='avia-gallery  avia-gallery-1 avia_lazyload avia-gallery-animate avia_animate_when_visible  avia-builder-el-8  avia-builder-el-no-sibling '  itemprop=\"image\" itemscope=\"itemscope\" itemtype=\"https:\/\/schema.org\/ImageObject\" ><a class='avia-gallery-big fakeLightbox lightbox avia-gallery-big-crop-thumb ' href='https:\/\/arionapools.com\/wp-content\/uploads\/2019\/04\/MODELOS-DOMESTICOS-1-ELECTROCLORACION-SALINA.png'  data-onclick='1' title='MODELOS-DOMESTICOS-1-ELECTROCLORACION-SALINA' ><span class='avia-gallery-big-inner'  itemprop=\"thumbnailUrl\" ><img decoding=\"async\" class=\"wp-image-816 avia-img-lazy-loading-not-816\"  width=\"800\" height=\"600\" src=\"https:\/\/arionapools.com\/wp-content\/uploads\/2019\/04\/MODELOS-DOMESTICOS-1-ELECTROCLORACION-SALINA.png\" title='MODELOS-DOMESTICOS-1-ELECTROCLORACION-SALINA' alt='' srcset=\"https:\/\/arionapools.com\/wp-content\/uploads\/2019\/04\/MODELOS-DOMESTICOS-1-ELECTROCLORACION-SALINA.png 800w, https:\/\/arionapools.com\/wp-content\/uploads\/2019\/04\/MODELOS-DOMESTICOS-1-ELECTROCLORACION-SALINA-300x225.png 300w, https:\/\/arionapools.com\/wp-content\/uploads\/2019\/04\/MODELOS-DOMESTICOS-1-ELECTROCLORACION-SALINA-768x576.png 768w, https:\/\/arionapools.com\/wp-content\/uploads\/2019\/04\/MODELOS-DOMESTICOS-1-ELECTROCLORACION-SALINA-705x529.png 705w, https:\/\/arionapools.com\/wp-content\/uploads\/2019\/04\/MODELOS-DOMESTICOS-1-ELECTROCLORACION-SALINA-450x338.png 450w\" sizes=\"(max-width: 800px) 100vw, 800px\" \/><\/span><\/a><div class='avia-gallery-thumb'> <a href='https:\/\/arionapools.com\/wp-content\/uploads\/2019\/04\/MODELOS-DOMESTICOS-1-ELECTROCLORACION-SALINA.png' data-rel='gallery-1' data-prev-img='https:\/\/arionapools.com\/wp-content\/uploads\/2019\/04\/MODELOS-DOMESTICOS-1-ELECTROCLORACION-SALINA.png' class='first_thumb lightbox ' data-onclick='1' title='MODELOS-DOMESTICOS-1-ELECTROCLORACION-SALINA'  itemprop=\"thumbnailUrl\"  ><img decoding=\"async\" class=\"wp-image-816 avia-img-lazy-loading-not-816\"   src=\"https:\/\/arionapools.com\/wp-content\/uploads\/2019\/04\/MODELOS-DOMESTICOS-1-ELECTROCLORACION-SALINA.png\" width=\"800\" height=\"600\"  title='MODELOS-DOMESTICOS-1-ELECTROCLORACION-SALINA' alt='' srcset=\"https:\/\/arionapools.com\/wp-content\/uploads\/2019\/04\/MODELOS-DOMESTICOS-1-ELECTROCLORACION-SALINA.png 800w, https:\/\/arionapools.com\/wp-content\/uploads\/2019\/04\/MODELOS-DOMESTICOS-1-ELECTROCLORACION-SALINA-300x225.png 300w, https:\/\/arionapools.com\/wp-content\/uploads\/2019\/04\/MODELOS-DOMESTICOS-1-ELECTROCLORACION-SALINA-768x576.png 768w, https:\/\/arionapools.com\/wp-content\/uploads\/2019\/04\/MODELOS-DOMESTICOS-1-ELECTROCLORACION-SALINA-705x529.png 705w, https:\/\/arionapools.com\/wp-content\/uploads\/2019\/04\/MODELOS-DOMESTICOS-1-ELECTROCLORACION-SALINA-450x338.png 450w\" sizes=\"(max-width: 800px) 100vw, 800px\" \/><\/a> <a href='https:\/\/arionapools.com\/wp-content\/uploads\/2019\/04\/MODELOS-DOMESTICOS-2-ELECTROCLORACION-SALINA-ARIONA-POOLS.png' data-rel='gallery-1' data-prev-img='https:\/\/arionapools.com\/wp-content\/uploads\/2019\/04\/MODELOS-DOMESTICOS-2-ELECTROCLORACION-SALINA-ARIONA-POOLS.png' class='lightbox ' data-onclick='2' title='MODELOS-DOMESTICOS-2-ELECTROCLORACION-SALINA-ARIONA-POOLS'  itemprop=\"thumbnailUrl\"  ><img decoding=\"async\" class=\"wp-image-819 avia-img-lazy-loading-not-819\"   src=\"https:\/\/arionapools.com\/wp-content\/uploads\/2019\/04\/MODELOS-DOMESTICOS-2-ELECTROCLORACION-SALINA-ARIONA-POOLS.png\" width=\"800\" height=\"600\"  title='MODELOS-DOMESTICOS-2-ELECTROCLORACION-SALINA-ARIONA-POOLS' alt='' srcset=\"https:\/\/arionapools.com\/wp-content\/uploads\/2019\/04\/MODELOS-DOMESTICOS-2-ELECTROCLORACION-SALINA-ARIONA-POOLS.png 800w, https:\/\/arionapools.com\/wp-content\/uploads\/2019\/04\/MODELOS-DOMESTICOS-2-ELECTROCLORACION-SALINA-ARIONA-POOLS-300x225.png 300w, https:\/\/arionapools.com\/wp-content\/uploads\/2019\/04\/MODELOS-DOMESTICOS-2-ELECTROCLORACION-SALINA-ARIONA-POOLS-768x576.png 768w, https:\/\/arionapools.com\/wp-content\/uploads\/2019\/04\/MODELOS-DOMESTICOS-2-ELECTROCLORACION-SALINA-ARIONA-POOLS-705x529.png 705w, https:\/\/arionapools.com\/wp-content\/uploads\/2019\/04\/MODELOS-DOMESTICOS-2-ELECTROCLORACION-SALINA-ARIONA-POOLS-450x338.png 450w\" sizes=\"(max-width: 800px) 100vw, 800px\" \/><\/a><\/div><\/div><\/div><div  style='height:50px' class='hr hr-invisible   avia-builder-el-9  el_after_av_two_fifth  el_before_av_one_third '><span class='hr-inner ' ><span class='hr-inner-style'><\/span><\/span><\/div>\n<div class=\"flex_column av_one_third  flex_column_div av-zero-column-padding first  avia-builder-el-10  el_after_av_hr  el_before_av_two_third  \" style='border-radius:0px; '><p><section class=\"av_textblock_section \"  itemscope=\"itemscope\" itemtype=\"https:\/\/schema.org\/CreativeWork\" ><div class='avia_textblock  '   itemprop=\"text\" ><p><strong>DATOS T\u00c9CNICOS<\/strong><\/p>\n<p><strong>TECHNICAL DATA<\/strong><\/p>\n<p><strong>DONN\u00c9ES TECHNIQUES<\/strong><\/p>\n<\/div><\/section><br \/>\n<div  style=' margin-top:0px; margin-bottom:10px;'  class='hr hr-custom hr-center hr-icon-no   avia-builder-el-12  el_after_av_textblock  avia-builder-el-last '><span class='hr-inner  inner-border-av-border-thin' style=' width:100%; border-color:#4488f5;' ><span class='hr-inner-style'><\/span><\/span><\/div><\/p><\/div><div class=\"flex_column av_two_third  flex_column_div av-zero-column-padding   avia-builder-el-13  el_after_av_one_third  el_before_av_one_full  \" style='border-radius:0px; '><div  class='avia-image-container  av-styling-    avia-builder-el-14  avia-builder-el-no-sibling  avia-align-center '  itemprop=\"image\" itemscope=\"itemscope\" itemtype=\"https:\/\/schema.org\/ImageObject\"  ><div class='avia-image-container-inner'><div class='avia-image-overlay-wrap'><a href='https:\/\/arionapools.com\/wp-content\/uploads\/2019\/05\/1A.-MODELO-DOMESTICO-1030x660.png' class='avia_image'  ><img decoding=\"async\" width=\"1413\" height=\"906\" class='wp-image-1603 avia-img-lazy-loading-not-1603 avia_image' src=\"https:\/\/arionapools.com\/wp-content\/uploads\/2019\/05\/1A.-MODELO-DOMESTICO.png\" alt='' title='1A. MODELO-DOMESTICO'  itemprop=\"thumbnailUrl\" srcset=\"https:\/\/arionapools.com\/wp-content\/uploads\/2019\/05\/1A.-MODELO-DOMESTICO.png 1413w, https:\/\/arionapools.com\/wp-content\/uploads\/2019\/05\/1A.-MODELO-DOMESTICO-300x192.png 300w, https:\/\/arionapools.com\/wp-content\/uploads\/2019\/05\/1A.-MODELO-DOMESTICO-768x492.png 768w, https:\/\/arionapools.com\/wp-content\/uploads\/2019\/05\/1A.-MODELO-DOMESTICO-1030x660.png 1030w, https:\/\/arionapools.com\/wp-content\/uploads\/2019\/05\/1A.-MODELO-DOMESTICO-705x452.png 705w, https:\/\/arionapools.com\/wp-content\/uploads\/2019\/05\/1A.-MODELO-DOMESTICO-450x289.png 450w\" sizes=\"(max-width: 1413px) 100vw, 1413px\" \/><\/a><\/div><\/div><\/div><\/div><div class=\"flex_column av_one_full  no_margin flex_column_div av-zero-column-padding first  avia-builder-el-15  el_after_av_two_third  avia-builder-el-last  column-top-margin\" style='border-radius:0px; '><div  class='avia-image-container  av-styling-    avia-builder-el-16  avia-builder-el-no-sibling  avia-align-center '  itemprop=\"image\" itemscope=\"itemscope\" itemtype=\"https:\/\/schema.org\/ImageObject\"  ><div class='avia-image-container-inner'><div class='avia-image-overlay-wrap'><a href='https:\/\/arionapools.com\/wp-content\/uploads\/2019\/05\/1B.-MODELO-DOMESTICO-1030x498.png' class='avia_image'  ><img decoding=\"async\" width=\"1416\" height=\"685\" class='wp-image-1606 avia-img-lazy-loading-not-1606 avia_image' src=\"https:\/\/arionapools.com\/wp-content\/uploads\/2019\/05\/1B.-MODELO-DOMESTICO.png\" alt='' title='1B. MODELO-DOMESTICO'  itemprop=\"thumbnailUrl\" srcset=\"https:\/\/arionapools.com\/wp-content\/uploads\/2019\/05\/1B.-MODELO-DOMESTICO.png 1416w, https:\/\/arionapools.com\/wp-content\/uploads\/2019\/05\/1B.-MODELO-DOMESTICO-300x145.png 300w, https:\/\/arionapools.com\/wp-content\/uploads\/2019\/05\/1B.-MODELO-DOMESTICO-768x372.png 768w, https:\/\/arionapools.com\/wp-content\/uploads\/2019\/05\/1B.-MODELO-DOMESTICO-1030x498.png 1030w, https:\/\/arionapools.com\/wp-content\/uploads\/2019\/05\/1B.-MODELO-DOMESTICO-705x341.png 705w, https:\/\/arionapools.com\/wp-content\/uploads\/2019\/05\/1B.-MODELO-DOMESTICO-450x218.png 450w\" sizes=\"(max-width: 1416px) 100vw, 1416px\" \/><\/a><\/div><\/div><\/div><\/div><\/div><\/div><\/main><!-- close content main element --><\/div><\/div><div id='av_section_2'  class='avia-section main_color avia-section-default avia-no-border-styling  avia-full-stretch av-parallax-section avia-bg-style-parallax  avia-builder-el-17  el_after_av_section  avia-builder-el-last   container_wrap sidebar_right' style=' '  data-section-bg-repeat='stretch'><div class='av-parallax' data-avia-parallax-ratio='0.3' ><div class='av-parallax-inner main_color  avia-full-stretch' style = 'background-repeat: no-repeat; background-image: url(https:\/\/arionapools.com\/wp-content\/uploads\/2019\/03\/Ariona-Pools_Slider_01.jpg);background-attachment: scroll; background-position: center center; ' ><\/div><\/div><div class='container' ><div class='template-page content  av-content-small alpha units'><div class='post-entry post-entry-type-page post-entry-960'><div class='entry-content-wrapper clearfix'>\n<div  style='height:400px' class='hr hr-invisible   avia-builder-el-18  avia-builder-el-no-sibling '><span class='hr-inner ' ><span class='hr-inner-style'><\/span><\/span><\/div>\n<\/div><\/div><\/div><!-- close content main div --><\/div><\/div><div id='after_section_2'  class='main_color av_default_container_wrap container_wrap sidebar_right' style=' '  ><div class='container' ><div class='template-page content  av-content-small alpha units'><div class='post-entry post-entry-type-page post-entry-960'><div class='entry-content-wrapper clearfix'><\/p>\n","protected":false},"excerpt":{"rendered":"<p>Nueva fuente de alimentaci\u00f3n sellada de alto rendimiento. Eliminaci\u00f3n de ventilaci\u00f3n por aire forzado: gran resistencia a atm\u00f3sferas corrosivas y disminuci\u00f3n notable de aver\u00edas. Nueva interfaz de manejo muy sencillo con pantalla LCD retro-iluminada.<\/p>\n","protected":false},"author":1,"featured_media":816,"parent":0,"menu_order":0,"comment_status":"closed","ping_status":"closed","template":"","meta":{"footnotes":""},"class_list":["post-960","page","type-page","status-publish","has-post-thumbnail","hentry"],"_links":{"self":[{"href":"https:\/\/arionapools.com\/fr\/wp-json\/wp\/v2\/pages\/960","targetHints":{"allow":["GET"]}}],"collection":[{"href":"https:\/\/arionapools.com\/fr\/wp-json\/wp\/v2\/pages"}],"about":[{"href":"https:\/\/arionapools.com\/fr\/wp-json\/wp\/v2\/types\/page"}],"author":[{"embeddable":true,"href":"https:\/\/arionapools.com\/fr\/wp-json\/wp\/v2\/users\/1"}],"replies":[{"embeddable":true,"href":"https:\/\/arionapools.com\/fr\/wp-json\/wp\/v2\/comments?post=960"}],"version-history":[{"count":10,"href":"https:\/\/arionapools.com\/fr\/wp-json\/wp\/v2\/pages\/960\/revisions"}],"predecessor-version":[{"id":2202,"href":"https:\/\/arionapools.com\/fr\/wp-json\/wp\/v2\/pages\/960\/revisions\/2202"}],"wp:featuredmedia":[{"embeddable":true,"href":"https:\/\/arionapools.com\/fr\/wp-json\/wp\/v2\/media\/816"}],"wp:attachment":[{"href":"https:\/\/arionapools.com\/fr\/wp-json\/wp\/v2\/media?parent=960"}],"curies":[{"name":"wp","href":"https:\/\/api.w.org\/{rel}","templated":true}]}}