{"id":965,"date":"2019-04-21T16:54:57","date_gmt":"2019-04-21T16:54:57","guid":{"rendered":"https:\/\/arionapools.com\/modelos-domesticos-ph-wireles"},"modified":"2019-06-02T11:00:26","modified_gmt":"2019-06-02T11:00:26","slug":"modeles-privees-ph-wireless","status":"publish","type":"page","link":"https:\/\/arionapools.com\/fr\/modeles-privees-ph-wireless\/","title":{"rendered":"Mod\u00e8les Priv\u00e9es + PH Wireless"},"content":{"rendered":"<div id='av_section_1'  class='avia-section main_color avia-section-default avia-no-border-styling  avia-bg-style-scroll  avia-builder-el-0  el_before_av_section  avia-builder-el-first   container_wrap sidebar_right' style=' '  ><div class='container' ><main  role=\"main\" itemprop=\"mainContentOfPage\"  class='template-page content  av-content-small alpha units'><div class='post-entry post-entry-type-page post-entry-965'><div class='entry-content-wrapper clearfix'>\n<div class=\"flex_column av_three_fifth  flex_column_div av-zero-column-padding first  avia-builder-el-1  el_before_av_two_fifth  avia-builder-el-first  \" style='border-radius:0px; '><section class=\"av_textblock_section \"  itemscope=\"itemscope\" itemtype=\"https:\/\/schema.org\/CreativeWork\" ><div class='avia_textblock  '   itemprop=\"text\" ><h1><span style=\"font-weight: 400;\">MOD\u00c8LES PRIV\u00c9ES + PH WIRELESS<\/span><\/h1>\n<\/div><\/section><br \/>\n<div  style=' margin-top:0px; margin-bottom:10px;'  class='hr hr-custom hr-center hr-icon-no   avia-builder-el-3  el_after_av_textblock  el_before_av_textblock '><span class='hr-inner  inner-border-av-border-thin' style=' width:100%; border-color:#4488f5;' ><span class='hr-inner-style'><\/span><\/span><\/div><br \/>\n<section class=\"av_textblock_section \"  itemscope=\"itemscope\" itemtype=\"https:\/\/schema.org\/CreativeWork\" ><div class='avia_textblock  '   itemprop=\"text\" ><h4 class=\"p1\"><strong>CARACTERISTIQUES<\/strong><\/h4>\n<\/div><\/section><br \/>\n<div  style=' margin-top:0px; margin-bottom:10px;'  class='hr hr-custom hr-center hr-icon-no   avia-builder-el-5  el_after_av_textblock  el_before_av_textblock '><span class='hr-inner  inner-border-av-border-thin' style=' width:100%; border-color:#4488f5;' ><span class='hr-inner-style'><\/span><\/span><\/div><br \/>\n<section class=\"av_textblock_section \"  itemscope=\"itemscope\" itemtype=\"https:\/\/schema.org\/CreativeWork\" ><div class='avia_textblock  '   itemprop=\"text\" ><p><strong>Electrolyseur<\/strong><\/p>\n<p><strong>Nouvelle source de puissance \u00e9tanche \u00e0 haut rendement. Elimination de ventilation forc\u00e9e ce qui conf\u00e8re une grande diminution de pannes et r\u00e9sistance aux atmosph\u00e8res corrosives. Nouvelle interface de navigation tr\u00e8s simple avec \u00e9cran LCD r\u00e9tro-\u00e9clair\u00e9 et 4 boutons. Nouvelle fixation murale avec support ind\u00e9pendant en acier inoxydable. C\u00e2ble d\u2019alimentation d\u00e9branchable qui permet une rapide intervention sans acc\u00e9der au coffret \u00e9lectrique. Raccordement de cellule avec prise \u00e9tanche sans \u00e9crous en thermo caoutchouc. \u00c9lectronique et software de contr\u00f4le et mesure de ph int\u00e9gr\u00e9s.<\/strong><\/p>\n<p><strong>Pompe sans fil<\/strong><\/p>\n<p><strong>Pompe doseuse ind\u00e9pendante avec contr\u00f4le sans fils \u00e0 haute port\u00e9e. La pompe permet l\u2019emplacement \u00e9loign\u00e9e de l\u2019\u00e9lectrolyseur ou en hors du local technique pour \u00e9viter les dommages caus\u00e9s par l\u2019acide. Installation facile et rapide. Etalonnage et configuration tr\u00e8s simple \u00e0 travers l\u2019\u00e9cran LCD sur l\u2019\u00e9lectrolyseur. Contr\u00f4le proportionnel de dosage. D\u00e9tecteur du niveau d\u2019acide. Bouton poussoir pour actionnement manuel. D\u00e9bit: 1,5 l\/h. Pression : 1,5 bar.<\/strong><\/p>\n<\/div><\/section><\/p><\/div><div class=\"flex_column av_two_fifth  flex_column_div av-zero-column-padding   avia-builder-el-7  el_after_av_three_fifth  el_before_av_hr  \" style='border-radius:0px; '><p><div  class='avia-gallery  avia-gallery-1 avia_lazyload avia-gallery-animate avia_animate_when_visible  avia-builder-el-8  el_before_av_hr  avia-builder-el-first '  itemprop=\"image\" itemscope=\"itemscope\" itemtype=\"https:\/\/schema.org\/ImageObject\" ><a class='avia-gallery-big fakeLightbox lightbox avia-gallery-big-crop-thumb ' href='https:\/\/arionapools.com\/wp-content\/uploads\/2019\/04\/MODELOS-DOMESTICOS-PH-WIRELESS-1-ELECTROCLORACION-SALINA.png'  data-onclick='1' title='MODELOS-DOMESTICOS-PH-WIRELESS-1-ELECTROCLORACION-SALINA' ><span class='avia-gallery-big-inner'  itemprop=\"thumbnailUrl\" ><img decoding=\"async\" class=\"wp-image-829 avia-img-lazy-loading-not-829\"  width=\"800\" height=\"600\" src=\"https:\/\/arionapools.com\/wp-content\/uploads\/2019\/04\/MODELOS-DOMESTICOS-PH-WIRELESS-1-ELECTROCLORACION-SALINA.png\" title='MODELOS-DOMESTICOS-PH-WIRELESS-1-ELECTROCLORACION-SALINA' alt='' srcset=\"https:\/\/arionapools.com\/wp-content\/uploads\/2019\/04\/MODELOS-DOMESTICOS-PH-WIRELESS-1-ELECTROCLORACION-SALINA.png 800w, https:\/\/arionapools.com\/wp-content\/uploads\/2019\/04\/MODELOS-DOMESTICOS-PH-WIRELESS-1-ELECTROCLORACION-SALINA-300x225.png 300w, https:\/\/arionapools.com\/wp-content\/uploads\/2019\/04\/MODELOS-DOMESTICOS-PH-WIRELESS-1-ELECTROCLORACION-SALINA-768x576.png 768w, https:\/\/arionapools.com\/wp-content\/uploads\/2019\/04\/MODELOS-DOMESTICOS-PH-WIRELESS-1-ELECTROCLORACION-SALINA-705x529.png 705w, https:\/\/arionapools.com\/wp-content\/uploads\/2019\/04\/MODELOS-DOMESTICOS-PH-WIRELESS-1-ELECTROCLORACION-SALINA-450x338.png 450w\" sizes=\"(max-width: 800px) 100vw, 800px\" \/><\/span><\/a><div class='avia-gallery-thumb'> <a href='https:\/\/arionapools.com\/wp-content\/uploads\/2019\/04\/MODELOS-DOMESTICOS-PH-WIRELESS-1-ELECTROCLORACION-SALINA.png' data-rel='gallery-1' data-prev-img='https:\/\/arionapools.com\/wp-content\/uploads\/2019\/04\/MODELOS-DOMESTICOS-PH-WIRELESS-1-ELECTROCLORACION-SALINA.png' class='first_thumb lightbox ' data-onclick='1' title='MODELOS-DOMESTICOS-PH-WIRELESS-1-ELECTROCLORACION-SALINA'  itemprop=\"thumbnailUrl\"  ><img decoding=\"async\" class=\"wp-image-829 avia-img-lazy-loading-not-829\"   src=\"https:\/\/arionapools.com\/wp-content\/uploads\/2019\/04\/MODELOS-DOMESTICOS-PH-WIRELESS-1-ELECTROCLORACION-SALINA.png\" width=\"800\" height=\"600\"  title='MODELOS-DOMESTICOS-PH-WIRELESS-1-ELECTROCLORACION-SALINA' alt='' srcset=\"https:\/\/arionapools.com\/wp-content\/uploads\/2019\/04\/MODELOS-DOMESTICOS-PH-WIRELESS-1-ELECTROCLORACION-SALINA.png 800w, https:\/\/arionapools.com\/wp-content\/uploads\/2019\/04\/MODELOS-DOMESTICOS-PH-WIRELESS-1-ELECTROCLORACION-SALINA-300x225.png 300w, https:\/\/arionapools.com\/wp-content\/uploads\/2019\/04\/MODELOS-DOMESTICOS-PH-WIRELESS-1-ELECTROCLORACION-SALINA-768x576.png 768w, https:\/\/arionapools.com\/wp-content\/uploads\/2019\/04\/MODELOS-DOMESTICOS-PH-WIRELESS-1-ELECTROCLORACION-SALINA-705x529.png 705w, https:\/\/arionapools.com\/wp-content\/uploads\/2019\/04\/MODELOS-DOMESTICOS-PH-WIRELESS-1-ELECTROCLORACION-SALINA-450x338.png 450w\" sizes=\"(max-width: 800px) 100vw, 800px\" \/><\/a> <a href='https:\/\/arionapools.com\/wp-content\/uploads\/2019\/04\/MODELOS-DOMESTICOS-PH-WIRELESS-2-ELECTROCLORACION-SALINA-ARIONA-POOLS.png' data-rel='gallery-1' data-prev-img='https:\/\/arionapools.com\/wp-content\/uploads\/2019\/04\/MODELOS-DOMESTICOS-PH-WIRELESS-2-ELECTROCLORACION-SALINA-ARIONA-POOLS.png' class='lightbox ' data-onclick='2' title='MODELOS-DOMESTICOS-PH-WIRELESS-2-ELECTROCLORACION-SALINA-ARIONA-POOLS'  itemprop=\"thumbnailUrl\"  ><img decoding=\"async\" class=\"wp-image-832 avia-img-lazy-loading-not-832\"   src=\"https:\/\/arionapools.com\/wp-content\/uploads\/2019\/04\/MODELOS-DOMESTICOS-PH-WIRELESS-2-ELECTROCLORACION-SALINA-ARIONA-POOLS.png\" width=\"800\" height=\"600\"  title='MODELOS-DOMESTICOS-PH-WIRELESS-2-ELECTROCLORACION-SALINA-ARIONA-POOLS' alt='' srcset=\"https:\/\/arionapools.com\/wp-content\/uploads\/2019\/04\/MODELOS-DOMESTICOS-PH-WIRELESS-2-ELECTROCLORACION-SALINA-ARIONA-POOLS.png 800w, https:\/\/arionapools.com\/wp-content\/uploads\/2019\/04\/MODELOS-DOMESTICOS-PH-WIRELESS-2-ELECTROCLORACION-SALINA-ARIONA-POOLS-300x225.png 300w, https:\/\/arionapools.com\/wp-content\/uploads\/2019\/04\/MODELOS-DOMESTICOS-PH-WIRELESS-2-ELECTROCLORACION-SALINA-ARIONA-POOLS-768x576.png 768w, https:\/\/arionapools.com\/wp-content\/uploads\/2019\/04\/MODELOS-DOMESTICOS-PH-WIRELESS-2-ELECTROCLORACION-SALINA-ARIONA-POOLS-705x529.png 705w, https:\/\/arionapools.com\/wp-content\/uploads\/2019\/04\/MODELOS-DOMESTICOS-PH-WIRELESS-2-ELECTROCLORACION-SALINA-ARIONA-POOLS-450x338.png 450w\" sizes=\"(max-width: 800px) 100vw, 800px\" \/><\/a> <a href='https:\/\/arionapools.com\/wp-content\/uploads\/2019\/04\/MODELOS-DOMESTICOS-PH-WIRELESS-3-ELECTROCLORACION-SALINA-ARIONA-POOLS.png' data-rel='gallery-1' data-prev-img='https:\/\/arionapools.com\/wp-content\/uploads\/2019\/04\/MODELOS-DOMESTICOS-PH-WIRELESS-3-ELECTROCLORACION-SALINA-ARIONA-POOLS.png' class='lightbox ' data-onclick='3' title='MODELOS-DOMESTICOS-PH-WIRELESS-3-ELECTROCLORACION-SALINA-ARIONA-POOLS'  itemprop=\"thumbnailUrl\"  ><img decoding=\"async\" class=\"wp-image-835 avia-img-lazy-loading-not-835\"   src=\"https:\/\/arionapools.com\/wp-content\/uploads\/2019\/04\/MODELOS-DOMESTICOS-PH-WIRELESS-3-ELECTROCLORACION-SALINA-ARIONA-POOLS.png\" width=\"800\" height=\"600\"  title='MODELOS-DOMESTICOS-PH-WIRELESS-3-ELECTROCLORACION-SALINA-ARIONA-POOLS' alt='' srcset=\"https:\/\/arionapools.com\/wp-content\/uploads\/2019\/04\/MODELOS-DOMESTICOS-PH-WIRELESS-3-ELECTROCLORACION-SALINA-ARIONA-POOLS.png 800w, https:\/\/arionapools.com\/wp-content\/uploads\/2019\/04\/MODELOS-DOMESTICOS-PH-WIRELESS-3-ELECTROCLORACION-SALINA-ARIONA-POOLS-300x225.png 300w, https:\/\/arionapools.com\/wp-content\/uploads\/2019\/04\/MODELOS-DOMESTICOS-PH-WIRELESS-3-ELECTROCLORACION-SALINA-ARIONA-POOLS-768x576.png 768w, https:\/\/arionapools.com\/wp-content\/uploads\/2019\/04\/MODELOS-DOMESTICOS-PH-WIRELESS-3-ELECTROCLORACION-SALINA-ARIONA-POOLS-705x529.png 705w, https:\/\/arionapools.com\/wp-content\/uploads\/2019\/04\/MODELOS-DOMESTICOS-PH-WIRELESS-3-ELECTROCLORACION-SALINA-ARIONA-POOLS-450x338.png 450w\" sizes=\"(max-width: 800px) 100vw, 800px\" \/><\/a><\/div><\/div><br \/>\n<div  style='height:50px' class='hr hr-invisible   avia-builder-el-9  el_after_av_gallery  avia-builder-el-last '><span class='hr-inner ' ><span class='hr-inner-style'><\/span><\/span><\/div><\/p><\/div><div  style='height:50px' class='hr hr-invisible   avia-builder-el-10  el_after_av_two_fifth  el_before_av_one_third '><span class='hr-inner ' ><span class='hr-inner-style'><\/span><\/span><\/div>\n<div class=\"flex_column av_one_third  flex_column_div av-zero-column-padding first  avia-builder-el-11  el_after_av_hr  el_before_av_two_third  \" style='border-radius:0px; '><p><section class=\"av_textblock_section \"  itemscope=\"itemscope\" itemtype=\"https:\/\/schema.org\/CreativeWork\" ><div class='avia_textblock  '   itemprop=\"text\" ><p><strong>DATOS T\u00c9CNICOS<\/strong><\/p>\n<p><strong>TECHNICAL DATA<\/strong><\/p>\n<p><strong>DONN\u00c9ES TECHNIQUES<\/strong><\/p>\n<\/div><\/section><br \/>\n<div  style=' margin-top:0px; margin-bottom:10px;'  class='hr hr-custom hr-center hr-icon-no   avia-builder-el-13  el_after_av_textblock  avia-builder-el-last '><span class='hr-inner  inner-border-av-border-thin' style=' width:100%; border-color:#4488f5;' ><span class='hr-inner-style'><\/span><\/span><\/div><\/p><\/div><div class=\"flex_column av_two_third  flex_column_div av-zero-column-padding   avia-builder-el-14  el_after_av_one_third  el_before_av_one_full  \" style='border-radius:0px; '><div  class='avia-image-container  av-styling-    avia-builder-el-15  avia-builder-el-no-sibling  avia-align-center '  itemprop=\"image\" itemscope=\"itemscope\" itemtype=\"https:\/\/schema.org\/ImageObject\"  ><div class='avia-image-container-inner'><div class='avia-image-overlay-wrap'><a href='https:\/\/arionapools.com\/wp-content\/uploads\/2019\/05\/2A.MODELO-DOMESTICO-PH-WIRELESS.png' class='avia_image'  ><img decoding=\"async\" width=\"790\" height=\"343\" class='wp-image-1609 avia-img-lazy-loading-not-1609 avia_image' src=\"https:\/\/arionapools.com\/wp-content\/uploads\/2019\/05\/2A.MODELO-DOMESTICO-PH-WIRELESS.png\" alt='' title='2A.MODELO-DOMESTICO-PH-WIRELESS'  itemprop=\"thumbnailUrl\" srcset=\"https:\/\/arionapools.com\/wp-content\/uploads\/2019\/05\/2A.MODELO-DOMESTICO-PH-WIRELESS.png 790w, https:\/\/arionapools.com\/wp-content\/uploads\/2019\/05\/2A.MODELO-DOMESTICO-PH-WIRELESS-300x130.png 300w, https:\/\/arionapools.com\/wp-content\/uploads\/2019\/05\/2A.MODELO-DOMESTICO-PH-WIRELESS-768x333.png 768w, https:\/\/arionapools.com\/wp-content\/uploads\/2019\/05\/2A.MODELO-DOMESTICO-PH-WIRELESS-705x306.png 705w, https:\/\/arionapools.com\/wp-content\/uploads\/2019\/05\/2A.MODELO-DOMESTICO-PH-WIRELESS-450x195.png 450w\" sizes=\"(max-width: 790px) 100vw, 790px\" \/><\/a><\/div><\/div><\/div><\/div><div class=\"flex_column av_one_full  flex_column_div av-zero-column-padding first  avia-builder-el-16  el_after_av_two_third  avia-builder-el-last  column-top-margin\" style='border-radius:0px; '><div  class='avia-image-container  av-styling-    avia-builder-el-17  avia-builder-el-no-sibling  avia-align-center '  itemprop=\"image\" itemscope=\"itemscope\" itemtype=\"https:\/\/schema.org\/ImageObject\"  ><div class='avia-image-container-inner'><div class='avia-image-overlay-wrap'><a href='https:\/\/arionapools.com\/wp-content\/uploads\/2019\/05\/2B.MODELO-DOMESTICO-PH-WIRELESS-1030x349.png' class='avia_image'  ><img decoding=\"async\" width=\"1300\" height=\"440\" class='wp-image-1612 avia-img-lazy-loading-not-1612 avia_image' src=\"https:\/\/arionapools.com\/wp-content\/uploads\/2019\/05\/2B.MODELO-DOMESTICO-PH-WIRELESS.png\" alt='' title='2B.MODELO-DOMESTICO-PH-WIRELESS'  itemprop=\"thumbnailUrl\" srcset=\"https:\/\/arionapools.com\/wp-content\/uploads\/2019\/05\/2B.MODELO-DOMESTICO-PH-WIRELESS.png 1300w, https:\/\/arionapools.com\/wp-content\/uploads\/2019\/05\/2B.MODELO-DOMESTICO-PH-WIRELESS-300x102.png 300w, https:\/\/arionapools.com\/wp-content\/uploads\/2019\/05\/2B.MODELO-DOMESTICO-PH-WIRELESS-768x260.png 768w, https:\/\/arionapools.com\/wp-content\/uploads\/2019\/05\/2B.MODELO-DOMESTICO-PH-WIRELESS-1030x349.png 1030w, https:\/\/arionapools.com\/wp-content\/uploads\/2019\/05\/2B.MODELO-DOMESTICO-PH-WIRELESS-705x239.png 705w, https:\/\/arionapools.com\/wp-content\/uploads\/2019\/05\/2B.MODELO-DOMESTICO-PH-WIRELESS-450x152.png 450w\" sizes=\"(max-width: 1300px) 100vw, 1300px\" \/><\/a><\/div><\/div><\/div><\/div><\/div><\/div><\/main><!-- close content main element --><\/div><\/div><div id='av_section_2'  class='avia-section main_color avia-section-default avia-no-border-styling  avia-full-stretch av-parallax-section avia-bg-style-parallax  avia-builder-el-18  el_after_av_section  avia-builder-el-last   container_wrap sidebar_right' style=' '  data-section-bg-repeat='stretch'><div class='av-parallax' data-avia-parallax-ratio='0.3' ><div class='av-parallax-inner main_color  avia-full-stretch' style = 'background-repeat: no-repeat; background-image: url(https:\/\/arionapools.com\/wp-content\/uploads\/2019\/03\/Ariona-Pools_Slider_01.jpg);background-attachment: scroll; background-position: center center; ' ><\/div><\/div><div class='container' ><div class='template-page content  av-content-small alpha units'><div class='post-entry post-entry-type-page post-entry-965'><div class='entry-content-wrapper clearfix'>\n<div  style='height:400px' class='hr hr-invisible   avia-builder-el-19  avia-builder-el-no-sibling '><span class='hr-inner ' ><span class='hr-inner-style'><\/span><\/span><\/div>\n<\/div><\/div><\/div><!-- close content main div --><\/div><\/div><div id='after_section_2'  class='main_color av_default_container_wrap container_wrap sidebar_right' style=' '  ><div class='container' ><div class='template-page content  av-content-small alpha units'><div class='post-entry post-entry-type-page post-entry-965'><div class='entry-content-wrapper clearfix'><\/p>\n","protected":false},"excerpt":{"rendered":"<p>Nueva fuente de alimentaci\u00f3n sellada de alto rendimiento. Eliminaci\u00f3n de ventilaci\u00f3n por aire forzado: gran resistencia a atm\u00f3sferas corrosivas y disminuci\u00f3n notable de aver\u00edas. Nueva interfaz de manejo muy sencillo con pantalla LCD retro-iluminada.<\/p>\n","protected":false},"author":1,"featured_media":829,"parent":0,"menu_order":0,"comment_status":"closed","ping_status":"closed","template":"","meta":{"footnotes":""},"class_list":["post-965","page","type-page","status-publish","has-post-thumbnail","hentry"],"_links":{"self":[{"href":"https:\/\/arionapools.com\/fr\/wp-json\/wp\/v2\/pages\/965","targetHints":{"allow":["GET"]}}],"collection":[{"href":"https:\/\/arionapools.com\/fr\/wp-json\/wp\/v2\/pages"}],"about":[{"href":"https:\/\/arionapools.com\/fr\/wp-json\/wp\/v2\/types\/page"}],"author":[{"embeddable":true,"href":"https:\/\/arionapools.com\/fr\/wp-json\/wp\/v2\/users\/1"}],"replies":[{"embeddable":true,"href":"https:\/\/arionapools.com\/fr\/wp-json\/wp\/v2\/comments?post=965"}],"version-history":[{"count":9,"href":"https:\/\/arionapools.com\/fr\/wp-json\/wp\/v2\/pages\/965\/revisions"}],"predecessor-version":[{"id":2201,"href":"https:\/\/arionapools.com\/fr\/wp-json\/wp\/v2\/pages\/965\/revisions\/2201"}],"wp:featuredmedia":[{"embeddable":true,"href":"https:\/\/arionapools.com\/fr\/wp-json\/wp\/v2\/media\/829"}],"wp:attachment":[{"href":"https:\/\/arionapools.com\/fr\/wp-json\/wp\/v2\/media?parent=965"}],"curies":[{"name":"wp","href":"https:\/\/api.w.org\/{rel}","templated":true}]}}