{"id":968,"date":"2019-04-21T17:02:06","date_gmt":"2019-04-21T17:02:06","guid":{"rendered":"https:\/\/arionapools.com\/modelos-semi-industriales"},"modified":"2019-06-02T10:55:28","modified_gmt":"2019-06-02T10:55:28","slug":"modeles-semi-publiques","status":"publish","type":"page","link":"https:\/\/arionapools.com\/fr\/modeles-semi-publiques\/","title":{"rendered":"Mod\u00e8les Semi Publiques"},"content":{"rendered":"<div id='av_section_1'  class='avia-section main_color avia-section-default avia-no-border-styling  avia-bg-style-scroll  avia-builder-el-0  el_before_av_section  avia-builder-el-first   container_wrap sidebar_right' style=' '  ><div class='container' ><main  role=\"main\" itemprop=\"mainContentOfPage\"  class='template-page content  av-content-small alpha units'><div class='post-entry post-entry-type-page post-entry-968'><div class='entry-content-wrapper clearfix'>\n<div class=\"flex_column av_three_fifth  flex_column_div av-zero-column-padding first  avia-builder-el-1  el_before_av_two_fifth  avia-builder-el-first  \" style='border-radius:0px; '><section class=\"av_textblock_section \"  itemscope=\"itemscope\" itemtype=\"https:\/\/schema.org\/CreativeWork\" ><div class='avia_textblock  '   itemprop=\"text\" ><h1><span style=\"font-weight: 400;\">MOD\u00c8LES SEMI PUBLIQUES<\/span><\/h1>\n<\/div><\/section><br \/>\n<div  style=' margin-top:0px; margin-bottom:10px;'  class='hr hr-custom hr-center hr-icon-no   avia-builder-el-3  el_after_av_textblock  el_before_av_textblock '><span class='hr-inner  inner-border-av-border-thin' style=' width:100%; border-color:#4488f5;' ><span class='hr-inner-style'><\/span><\/span><\/div><br \/>\n<section class=\"av_textblock_section \"  itemscope=\"itemscope\" itemtype=\"https:\/\/schema.org\/CreativeWork\" ><div class='avia_textblock  '   itemprop=\"text\" ><h4 class=\"p1\"><strong>CARACTERISTIQUE<\/strong><strong>S<\/strong><\/h4>\n<\/div><\/section><br \/>\n<div  style=' margin-top:0px; margin-bottom:10px;'  class='hr hr-custom hr-center hr-icon-no   avia-builder-el-5  el_after_av_textblock  el_before_av_textblock '><span class='hr-inner  inner-border-av-border-thin' style=' width:100%; border-color:#4488f5;' ><span class='hr-inner-style'><\/span><\/span><\/div><br \/>\n<section class=\"av_textblock_section \"  itemscope=\"itemscope\" itemtype=\"https:\/\/schema.org\/CreativeWork\" ><div class='avia_textblock  '   itemprop=\"text\" ><p><strong>\u00c9lectrolyseurs \u00e0 haut rendement pour exploitations commerciale ou intensives \u00e0 capacit\u00e9 moyenne (r\u00e9sidences et h\u00f4tels). Sources de puissance \u00e9tanches \u00e0 haut rendement sans ventilation forc\u00e9e. \u00c9lectronique et puissance dans coffret \u00e9tanche IP-65 en acier inoxydable AISI 316 sans communication avec l\u2019atmosph\u00e8re ext\u00e9rieure corrosive. Contr\u00f4le \u00e9lectronique du courant \u00e9lectrique. \u00c9lectronique totalement programmable avec registre accessible de fonctionnement. Contr\u00f4le \u00e0 distance par protocole 4-20 mA. <\/strong><\/p>\n<p><strong>Interface utilisateur de navigation simple avec grand \u00e9cran LCD r\u00e9tro illumin\u00e9. Porte \u00e9lectrodes en m\u00e9thacrylate qui permet l\u2019inspection visuelle des \u00e9lectrodes sans d\u00e9monter la cellule. Cellule autonettoyante tr\u00e8s accessible \u00e0 faible entretien. Dur\u00e9e de vie du recouvrement catalytique 20.000 heures. Software et \u00e9lectronique de contr\u00f4le de pH et ORP en option. Interrupteur de d\u00e9bit d\u2019eau. Appareils soumis \u00e0 plan d\u2019entretien obligatoire et gratuit pendant les deux ans de garantie.<\/strong><\/p>\n<\/div><\/section><\/p><\/div><div class=\"flex_column av_two_fifth  flex_column_div av-zero-column-padding   avia-builder-el-7  el_after_av_three_fifth  el_before_av_hr  \" style='border-radius:0px; '><div  class='avia-image-container  av-styling-    avia-builder-el-8  avia-builder-el-no-sibling  avia-align-center '  itemprop=\"image\" itemscope=\"itemscope\" itemtype=\"https:\/\/schema.org\/ImageObject\"  ><div class='avia-image-container-inner'><div class='avia-image-overlay-wrap'><img decoding=\"async\" class='wp-image-843 avia-img-lazy-loading-not-843 avia_image' src=\"https:\/\/arionapools.com\/wp-content\/uploads\/2019\/04\/MODELOS-SEMI-INDUSTRIALES-ELECTROCLORACION-SALINA.ARIONA-POOLS.png\" alt='' title='MODELOS-SEMI-INDUSTRIALES-ELECTROCLORACION-SALINA.ARIONA-POOLS' height=\"600\" width=\"800\"  itemprop=\"thumbnailUrl\" srcset=\"https:\/\/arionapools.com\/wp-content\/uploads\/2019\/04\/MODELOS-SEMI-INDUSTRIALES-ELECTROCLORACION-SALINA.ARIONA-POOLS.png 800w, https:\/\/arionapools.com\/wp-content\/uploads\/2019\/04\/MODELOS-SEMI-INDUSTRIALES-ELECTROCLORACION-SALINA.ARIONA-POOLS-300x225.png 300w, https:\/\/arionapools.com\/wp-content\/uploads\/2019\/04\/MODELOS-SEMI-INDUSTRIALES-ELECTROCLORACION-SALINA.ARIONA-POOLS-768x576.png 768w, https:\/\/arionapools.com\/wp-content\/uploads\/2019\/04\/MODELOS-SEMI-INDUSTRIALES-ELECTROCLORACION-SALINA.ARIONA-POOLS-705x529.png 705w, https:\/\/arionapools.com\/wp-content\/uploads\/2019\/04\/MODELOS-SEMI-INDUSTRIALES-ELECTROCLORACION-SALINA.ARIONA-POOLS-450x338.png 450w\" sizes=\"(max-width: 800px) 100vw, 800px\" \/><\/div><\/div><\/div><\/div><div  style='height:50px' class='hr hr-invisible   avia-builder-el-9  el_after_av_two_fifth  el_before_av_one_third '><span class='hr-inner ' ><span class='hr-inner-style'><\/span><\/span><\/div>\n<div class=\"flex_column av_one_third  flex_column_div av-zero-column-padding first  avia-builder-el-10  el_after_av_hr  el_before_av_two_third  \" style='border-radius:0px; '><p><section class=\"av_textblock_section \"  itemscope=\"itemscope\" itemtype=\"https:\/\/schema.org\/CreativeWork\" ><div class='avia_textblock  '   itemprop=\"text\" ><p><strong>DATOS T\u00c9CNICOS<\/strong><\/p>\n<p><strong>TECHNICAL DATA<\/strong><\/p>\n<p><strong>DONN\u00c9ES TECHNIQUES<\/strong><\/p>\n<\/div><\/section><br \/>\n<div  style=' margin-top:0px; margin-bottom:10px;'  class='hr hr-custom hr-center hr-icon-no   avia-builder-el-12  el_after_av_textblock  avia-builder-el-last '><span class='hr-inner  inner-border-av-border-thin' style=' width:100%; border-color:#4488f5;' ><span class='hr-inner-style'><\/span><\/span><\/div><\/p><\/div><div class=\"flex_column av_two_third  flex_column_div av-zero-column-padding   avia-builder-el-13  el_after_av_one_third  el_before_av_one_full  \" style='border-radius:0px; '><div  class='avia-image-container  av-styling-    avia-builder-el-14  avia-builder-el-no-sibling  avia-align-center '  itemprop=\"image\" itemscope=\"itemscope\" itemtype=\"https:\/\/schema.org\/ImageObject\"  ><div class='avia-image-container-inner'><div class='avia-image-overlay-wrap'><a href='https:\/\/arionapools.com\/wp-content\/uploads\/2019\/05\/3A.MODELO-SEMI-INDUSTRIAL-1030x277.png' class='avia_image'  ><img decoding=\"async\" width=\"1171\" height=\"315\" class='wp-image-1615 avia-img-lazy-loading-not-1615 avia_image' src=\"https:\/\/arionapools.com\/wp-content\/uploads\/2019\/05\/3A.MODELO-SEMI-INDUSTRIAL.png\" alt='' title='3A.MODELO-SEMI-INDUSTRIAL'  itemprop=\"thumbnailUrl\" srcset=\"https:\/\/arionapools.com\/wp-content\/uploads\/2019\/05\/3A.MODELO-SEMI-INDUSTRIAL.png 1171w, https:\/\/arionapools.com\/wp-content\/uploads\/2019\/05\/3A.MODELO-SEMI-INDUSTRIAL-300x81.png 300w, https:\/\/arionapools.com\/wp-content\/uploads\/2019\/05\/3A.MODELO-SEMI-INDUSTRIAL-768x207.png 768w, https:\/\/arionapools.com\/wp-content\/uploads\/2019\/05\/3A.MODELO-SEMI-INDUSTRIAL-1030x277.png 1030w, https:\/\/arionapools.com\/wp-content\/uploads\/2019\/05\/3A.MODELO-SEMI-INDUSTRIAL-705x190.png 705w, https:\/\/arionapools.com\/wp-content\/uploads\/2019\/05\/3A.MODELO-SEMI-INDUSTRIAL-450x121.png 450w\" sizes=\"(max-width: 1171px) 100vw, 1171px\" \/><\/a><\/div><\/div><\/div><\/div><div class=\"flex_column av_one_full  flex_column_div av-zero-column-padding first  avia-builder-el-15  el_after_av_two_third  avia-builder-el-last  column-top-margin\" style='border-radius:0px; '><div  class='avia-image-container  av-styling-    avia-builder-el-16  avia-builder-el-no-sibling  avia-align-center '  itemprop=\"image\" itemscope=\"itemscope\" itemtype=\"https:\/\/schema.org\/ImageObject\"  ><div class='avia-image-container-inner'><div class='avia-image-overlay-wrap'><a href='https:\/\/arionapools.com\/wp-content\/uploads\/2019\/05\/3B.MODELO-SEMI-INDUSTRIAL-1030x560.png' class='avia_image'  ><img decoding=\"async\" width=\"1095\" height=\"595\" class='wp-image-1618 avia-img-lazy-loading-not-1618 avia_image' src=\"https:\/\/arionapools.com\/wp-content\/uploads\/2019\/05\/3B.MODELO-SEMI-INDUSTRIAL.png\" alt='' title='3B.MODELO-SEMI-INDUSTRIAL'  itemprop=\"thumbnailUrl\" srcset=\"https:\/\/arionapools.com\/wp-content\/uploads\/2019\/05\/3B.MODELO-SEMI-INDUSTRIAL.png 1095w, https:\/\/arionapools.com\/wp-content\/uploads\/2019\/05\/3B.MODELO-SEMI-INDUSTRIAL-300x163.png 300w, https:\/\/arionapools.com\/wp-content\/uploads\/2019\/05\/3B.MODELO-SEMI-INDUSTRIAL-768x417.png 768w, https:\/\/arionapools.com\/wp-content\/uploads\/2019\/05\/3B.MODELO-SEMI-INDUSTRIAL-1030x560.png 1030w, https:\/\/arionapools.com\/wp-content\/uploads\/2019\/05\/3B.MODELO-SEMI-INDUSTRIAL-705x383.png 705w, https:\/\/arionapools.com\/wp-content\/uploads\/2019\/05\/3B.MODELO-SEMI-INDUSTRIAL-450x245.png 450w\" sizes=\"(max-width: 1095px) 100vw, 1095px\" \/><\/a><\/div><\/div><\/div><\/div><\/div><\/div><\/main><!-- close content main element --><\/div><\/div><div id='av_section_2'  class='avia-section main_color avia-section-default avia-no-border-styling  avia-full-stretch av-parallax-section avia-bg-style-parallax  avia-builder-el-17  el_after_av_section  avia-builder-el-last   container_wrap sidebar_right' style=' '  data-section-bg-repeat='stretch'><div class='av-parallax' data-avia-parallax-ratio='0.3' ><div class='av-parallax-inner main_color  avia-full-stretch' style = 'background-repeat: no-repeat; background-image: url(https:\/\/arionapools.com\/wp-content\/uploads\/2019\/03\/Ariona-Pools_Slider_01.jpg);background-attachment: scroll; background-position: center center; ' ><\/div><\/div><div class='container' ><div class='template-page content  av-content-small alpha units'><div class='post-entry post-entry-type-page post-entry-968'><div class='entry-content-wrapper clearfix'>\n<div  style='height:400px' class='hr hr-invisible   avia-builder-el-18  avia-builder-el-no-sibling '><span class='hr-inner ' ><span class='hr-inner-style'><\/span><\/span><\/div>\n<\/div><\/div><\/div><!-- close content main div --><\/div><\/div><div id='after_section_2'  class='main_color av_default_container_wrap container_wrap sidebar_right' style=' '  ><div class='container' ><div class='template-page content  av-content-small alpha units'><div class='post-entry post-entry-type-page post-entry-968'><div class='entry-content-wrapper clearfix'><\/p>\n","protected":false},"excerpt":{"rendered":"<p>Nueva fuente de alimentaci\u00f3n sellada de alto rendimiento. Eliminaci\u00f3n de ventilaci\u00f3n por aire forzado: gran resistencia a atm\u00f3sferas corrosivas y disminuci\u00f3n notable de aver\u00edas. Nueva interfaz de manejo muy sencillo con pantalla LCD retro-iluminada.<\/p>\n","protected":false},"author":1,"featured_media":843,"parent":0,"menu_order":0,"comment_status":"closed","ping_status":"closed","template":"","meta":{"footnotes":""},"class_list":["post-968","page","type-page","status-publish","has-post-thumbnail","hentry"],"_links":{"self":[{"href":"https:\/\/arionapools.com\/fr\/wp-json\/wp\/v2\/pages\/968","targetHints":{"allow":["GET"]}}],"collection":[{"href":"https:\/\/arionapools.com\/fr\/wp-json\/wp\/v2\/pages"}],"about":[{"href":"https:\/\/arionapools.com\/fr\/wp-json\/wp\/v2\/types\/page"}],"author":[{"embeddable":true,"href":"https:\/\/arionapools.com\/fr\/wp-json\/wp\/v2\/users\/1"}],"replies":[{"embeddable":true,"href":"https:\/\/arionapools.com\/fr\/wp-json\/wp\/v2\/comments?post=968"}],"version-history":[{"count":8,"href":"https:\/\/arionapools.com\/fr\/wp-json\/wp\/v2\/pages\/968\/revisions"}],"predecessor-version":[{"id":2194,"href":"https:\/\/arionapools.com\/fr\/wp-json\/wp\/v2\/pages\/968\/revisions\/2194"}],"wp:featuredmedia":[{"embeddable":true,"href":"https:\/\/arionapools.com\/fr\/wp-json\/wp\/v2\/media\/843"}],"wp:attachment":[{"href":"https:\/\/arionapools.com\/fr\/wp-json\/wp\/v2\/media?parent=968"}],"curies":[{"name":"wp","href":"https:\/\/api.w.org\/{rel}","templated":true}]}}