{"id":994,"date":"2019-04-21T15:37:12","date_gmt":"2019-04-21T15:37:12","guid":{"rendered":"https:\/\/arionapools.com\/summum"},"modified":"2019-05-30T10:58:30","modified_gmt":"2019-05-30T10:58:30","slug":"summum","status":"publish","type":"page","link":"https:\/\/arionapools.com\/fr\/summum\/","title":{"rendered":"Summum"},"content":{"rendered":"<div id='av_section_1'  class='avia-section main_color avia-section-default avia-no-border-styling  avia-bg-style-scroll  avia-builder-el-0  el_before_av_section  avia-builder-el-first   container_wrap sidebar_right' style=' '  ><div class='container' ><main  role=\"main\" itemprop=\"mainContentOfPage\"  class='template-page content  av-content-small alpha units'><div class='post-entry post-entry-type-page post-entry-994'><div class='entry-content-wrapper clearfix'>\n<div class=\"flex_column av_three_fifth  flex_column_div av-zero-column-padding first  avia-builder-el-1  el_before_av_two_fifth  avia-builder-el-first  \" style='border-radius:0px; '><section class=\"av_textblock_section \"  itemscope=\"itemscope\" itemtype=\"https:\/\/schema.org\/CreativeWork\" ><div class='avia_textblock  '   itemprop=\"text\" ><h1>Summum<\/h1>\n<p><strong>POMPE AUTO-ASPIRANTE POUR PISCINE<\/strong><\/p>\n<\/div><\/section><br \/>\n<div  style=' margin-top:0px; margin-bottom:10px;'  class='hr hr-custom hr-center hr-icon-no   avia-builder-el-3  el_after_av_textblock  el_before_av_textblock '><span class='hr-inner  inner-border-av-border-thin' style=' width:100%; border-color:#4488f5;' ><span class='hr-inner-style'><\/span><\/span><\/div><br \/>\n<section class=\"av_textblock_section \"  itemscope=\"itemscope\" itemtype=\"https:\/\/schema.org\/CreativeWork\" ><div class='avia_textblock  '   itemprop=\"text\" ><h4 class=\"p1\"><strong>CARACTERISTIQUES<\/strong><\/h4>\n<\/div><\/section><br \/>\n<div  style=' margin-top:0px; margin-bottom:10px;'  class='hr hr-custom hr-center hr-icon-no   avia-builder-el-5  el_after_av_textblock  el_before_av_textblock '><span class='hr-inner  inner-border-av-border-thin' style=' width:100%; border-color:#4488f5;' ><span class='hr-inner-style'><\/span><\/span><\/div><br \/>\n<section class=\"av_textblock_section \"  itemscope=\"itemscope\" itemtype=\"https:\/\/schema.org\/CreativeWork\" ><div class='avia_textblock  '   itemprop=\"text\" ><p><strong>Pompe extr\u00eamement silencieuse (moteur \u00e0 4 p\u00f4les). Pompe auto-aspirante de grand d\u00e9bit avec moteurs tournant \u00e0 2 et 4 p\u00f4les, id\u00e9ale pour de grands \u00e9quipements de filtration. Elle incorpore un pr\u00e9filtre de grandes dimensions. Filtre avec couvercle transparent en polycarbonate. Brides de connexion standard. Turbine en Noryl. Corps pr\u00e9filtre, corps pompe, volute, contrevolute et couvercle corps pompe en polypropyl\u00e8ne r\u00e9sistant aux produits chimiques des piscines et renforc\u00e9 de fibre de verre. Panier pr\u00e9filtre en poly\u00e9thyl\u00e8ne. Couvercle pr\u00e9filtre en polycarbonate avec syst\u00e8me de fermeture \u00e0 quatre poign\u00e9es. Turbine en Noryl. Fermeture m\u00e9canique en carbone-c\u00e9ramique et acier inoxydable AISI 316. Visserie en acier inoxydable AISI 316. Axe en acier inoxydable AISI 316.<\/strong><\/p>\n<p><strong>Moteur:<\/strong><\/p>\n<ul>\n<li><strong> Asynchrone ferm\u00e9, \u00e0 ventilation externe.<\/strong><\/li>\n<li><strong> Degr\u00e9 de protection IP-55.<\/strong><\/li>\n<li><strong> Isolation classe F.<\/strong><\/li>\n<li><strong> Double fr\u00e9quence 50 Hz et 60 Hz.<\/strong><\/li>\n<li><strong> Temp\u00e9rature maximale de l\u2019eau: +40\u00baC.<\/strong><\/li>\n<\/ul>\n<\/div><\/section><\/p><\/div><div class=\"flex_column av_two_fifth  flex_column_div av-zero-column-padding   avia-builder-el-7  el_after_av_three_fifth  el_before_av_hr  \" style='border-radius:0px; '><div  class='avia-gallery  avia-gallery-1 avia_lazyload avia-gallery-animate avia_animate_when_visible  avia-builder-el-8  avia-builder-el-no-sibling '  itemprop=\"image\" itemscope=\"itemscope\" itemtype=\"https:\/\/schema.org\/ImageObject\" ><a class='avia-gallery-big fakeLightbox lightbox avia-gallery-big-crop-thumb ' href='https:\/\/arionapools.com\/wp-content\/uploads\/2019\/04\/SUMMUM-BOMBAS-ARIONA-POOLS.png'  data-onclick='1' title='SUMMUM-BOMBAS-ARIONA-POOLS' ><span class='avia-gallery-big-inner'  itemprop=\"thumbnailUrl\" ><img decoding=\"async\" class=\"wp-image-704 avia-img-lazy-loading-not-704\"  width=\"800\" height=\"600\" src=\"https:\/\/arionapools.com\/wp-content\/uploads\/2019\/04\/SUMMUM-BOMBAS-ARIONA-POOLS.png\" title='SUMMUM-BOMBAS-ARIONA-POOLS' alt='' srcset=\"https:\/\/arionapools.com\/wp-content\/uploads\/2019\/04\/SUMMUM-BOMBAS-ARIONA-POOLS.png 800w, https:\/\/arionapools.com\/wp-content\/uploads\/2019\/04\/SUMMUM-BOMBAS-ARIONA-POOLS-300x225.png 300w, https:\/\/arionapools.com\/wp-content\/uploads\/2019\/04\/SUMMUM-BOMBAS-ARIONA-POOLS-768x576.png 768w, https:\/\/arionapools.com\/wp-content\/uploads\/2019\/04\/SUMMUM-BOMBAS-ARIONA-POOLS-705x529.png 705w, https:\/\/arionapools.com\/wp-content\/uploads\/2019\/04\/SUMMUM-BOMBAS-ARIONA-POOLS-450x338.png 450w\" sizes=\"(max-width: 800px) 100vw, 800px\" \/><\/span><\/a><div class='avia-gallery-thumb'> <a href='https:\/\/arionapools.com\/wp-content\/uploads\/2019\/04\/SUMMUM-BOMBAS-ARIONA-POOLS.png' data-rel='gallery-1' data-prev-img='https:\/\/arionapools.com\/wp-content\/uploads\/2019\/04\/SUMMUM-BOMBAS-ARIONA-POOLS.png' class='first_thumb lightbox ' data-onclick='1' title='SUMMUM-BOMBAS-ARIONA-POOLS'  itemprop=\"thumbnailUrl\"  ><img decoding=\"async\" class=\"wp-image-704 avia-img-lazy-loading-not-704\"   src=\"https:\/\/arionapools.com\/wp-content\/uploads\/2019\/04\/SUMMUM-BOMBAS-ARIONA-POOLS.png\" width=\"800\" height=\"600\"  title='SUMMUM-BOMBAS-ARIONA-POOLS' alt='' srcset=\"https:\/\/arionapools.com\/wp-content\/uploads\/2019\/04\/SUMMUM-BOMBAS-ARIONA-POOLS.png 800w, https:\/\/arionapools.com\/wp-content\/uploads\/2019\/04\/SUMMUM-BOMBAS-ARIONA-POOLS-300x225.png 300w, https:\/\/arionapools.com\/wp-content\/uploads\/2019\/04\/SUMMUM-BOMBAS-ARIONA-POOLS-768x576.png 768w, https:\/\/arionapools.com\/wp-content\/uploads\/2019\/04\/SUMMUM-BOMBAS-ARIONA-POOLS-705x529.png 705w, https:\/\/arionapools.com\/wp-content\/uploads\/2019\/04\/SUMMUM-BOMBAS-ARIONA-POOLS-450x338.png 450w\" sizes=\"(max-width: 800px) 100vw, 800px\" \/><\/a> <a href='https:\/\/arionapools.com\/wp-content\/uploads\/2019\/04\/Sello-IE3_ArionaPools.jpg' data-rel='gallery-1' data-prev-img='https:\/\/arionapools.com\/wp-content\/uploads\/2019\/04\/Sello-IE3_ArionaPools.jpg' class='lightbox ' data-onclick='2' title='Sello IE3_ArionaPools'  itemprop=\"thumbnailUrl\"  ><img decoding=\"async\" class=\"wp-image-1101 avia-img-lazy-loading-not-1101\"   src=\"https:\/\/arionapools.com\/wp-content\/uploads\/2019\/04\/Sello-IE3_ArionaPools.jpg\" width=\"800\" height=\"600\"  title='Sello IE3_ArionaPools' alt='' srcset=\"https:\/\/arionapools.com\/wp-content\/uploads\/2019\/04\/Sello-IE3_ArionaPools.jpg 800w, https:\/\/arionapools.com\/wp-content\/uploads\/2019\/04\/Sello-IE3_ArionaPools-300x225.jpg 300w, https:\/\/arionapools.com\/wp-content\/uploads\/2019\/04\/Sello-IE3_ArionaPools-768x576.jpg 768w, https:\/\/arionapools.com\/wp-content\/uploads\/2019\/04\/Sello-IE3_ArionaPools-705x529.jpg 705w, https:\/\/arionapools.com\/wp-content\/uploads\/2019\/04\/Sello-IE3_ArionaPools-450x338.jpg 450w\" sizes=\"(max-width: 800px) 100vw, 800px\" \/><\/a> <a href='https:\/\/arionapools.com\/wp-content\/uploads\/2019\/04\/Sello-1450rpm_ArionaPools.jpg' data-rel='gallery-1' data-prev-img='https:\/\/arionapools.com\/wp-content\/uploads\/2019\/04\/Sello-1450rpm_ArionaPools.jpg' class='lightbox ' data-onclick='3' title='Sello 1450rpm_ArionaPools'  itemprop=\"thumbnailUrl\"  ><img decoding=\"async\" class=\"wp-image-1136 avia-img-lazy-loading-not-1136\"   src=\"https:\/\/arionapools.com\/wp-content\/uploads\/2019\/04\/Sello-1450rpm_ArionaPools.jpg\" width=\"800\" height=\"600\"  title='Sello 1450rpm_ArionaPools' alt='' srcset=\"https:\/\/arionapools.com\/wp-content\/uploads\/2019\/04\/Sello-1450rpm_ArionaPools.jpg 800w, https:\/\/arionapools.com\/wp-content\/uploads\/2019\/04\/Sello-1450rpm_ArionaPools-300x225.jpg 300w, https:\/\/arionapools.com\/wp-content\/uploads\/2019\/04\/Sello-1450rpm_ArionaPools-768x576.jpg 768w, https:\/\/arionapools.com\/wp-content\/uploads\/2019\/04\/Sello-1450rpm_ArionaPools-705x529.jpg 705w, https:\/\/arionapools.com\/wp-content\/uploads\/2019\/04\/Sello-1450rpm_ArionaPools-450x338.jpg 450w\" sizes=\"(max-width: 800px) 100vw, 800px\" \/><\/a><\/div><\/div><\/div><div  style='height:50px' class='hr hr-invisible   avia-builder-el-9  el_after_av_two_fifth  el_before_av_one_full '><span class='hr-inner ' ><span class='hr-inner-style'><\/span><\/span><\/div>\n<div class=\"flex_column av_one_full  flex_column_div av-zero-column-padding first  avia-builder-el-10  el_after_av_hr  avia-builder-el-last  \" style='border-radius:0px; '><p><div  class='avia-image-container  av-styling-    avia-builder-el-11  el_before_av_image  avia-builder-el-first  avia-align-center '  itemprop=\"image\" itemscope=\"itemscope\" itemtype=\"https:\/\/schema.org\/ImageObject\"  ><div class='avia-image-container-inner'><div class='avia-image-overlay-wrap'><a href='https:\/\/arionapools.com\/wp-content\/uploads\/2019\/05\/5.-SUMMUM-A.png' class='avia_image'  ><img decoding=\"async\" width=\"993\" height=\"635\" class='wp-image-1500 avia-img-lazy-loading-not-1500 avia_image' src=\"https:\/\/arionapools.com\/wp-content\/uploads\/2019\/05\/5.-SUMMUM-A.png\" alt='' title='5. SUMMUM A'  itemprop=\"thumbnailUrl\" srcset=\"https:\/\/arionapools.com\/wp-content\/uploads\/2019\/05\/5.-SUMMUM-A.png 993w, https:\/\/arionapools.com\/wp-content\/uploads\/2019\/05\/5.-SUMMUM-A-300x192.png 300w, https:\/\/arionapools.com\/wp-content\/uploads\/2019\/05\/5.-SUMMUM-A-768x491.png 768w, https:\/\/arionapools.com\/wp-content\/uploads\/2019\/05\/5.-SUMMUM-A-705x451.png 705w, https:\/\/arionapools.com\/wp-content\/uploads\/2019\/05\/5.-SUMMUM-A-450x288.png 450w\" sizes=\"(max-width: 993px) 100vw, 993px\" \/><\/a><\/div><\/div><\/div><br \/>\n<div  class='avia-image-container  av-styling-    avia-builder-el-12  el_after_av_image  avia-builder-el-last  avia-align-center '  itemprop=\"image\" itemscope=\"itemscope\" itemtype=\"https:\/\/schema.org\/ImageObject\"  ><div class='avia-image-container-inner'><div class='avia-image-overlay-wrap'><a href='https:\/\/arionapools.com\/wp-content\/uploads\/2019\/05\/5.-SUMMUM-B.png' class='avia_image'  ><img decoding=\"async\" width=\"1006\" height=\"547\" class='wp-image-1503 avia-img-lazy-loading-not-1503 avia_image' src=\"https:\/\/arionapools.com\/wp-content\/uploads\/2019\/05\/5.-SUMMUM-B.png\" alt='' title='5. SUMMUM B'  itemprop=\"thumbnailUrl\" srcset=\"https:\/\/arionapools.com\/wp-content\/uploads\/2019\/05\/5.-SUMMUM-B.png 1006w, https:\/\/arionapools.com\/wp-content\/uploads\/2019\/05\/5.-SUMMUM-B-300x163.png 300w, https:\/\/arionapools.com\/wp-content\/uploads\/2019\/05\/5.-SUMMUM-B-768x418.png 768w, https:\/\/arionapools.com\/wp-content\/uploads\/2019\/05\/5.-SUMMUM-B-705x383.png 705w, https:\/\/arionapools.com\/wp-content\/uploads\/2019\/05\/5.-SUMMUM-B-450x245.png 450w\" sizes=\"(max-width: 1006px) 100vw, 1006px\" \/><\/a><\/div><\/div><\/div><\/p><\/div><\/div><\/div><\/main><!-- close content main element --><\/div><\/div><div id='av_section_2'  class='avia-section main_color avia-section-default avia-no-border-styling  avia-full-stretch av-parallax-section avia-bg-style-parallax  avia-builder-el-13  el_after_av_section  avia-builder-el-last   container_wrap sidebar_right' style=' '  data-section-bg-repeat='stretch'><div class='av-parallax' data-avia-parallax-ratio='0.3' ><div class='av-parallax-inner main_color  avia-full-stretch' style = 'background-repeat: no-repeat; background-image: url(https:\/\/arionapools.com\/wp-content\/uploads\/2019\/03\/Ariona-Pools_Slider_01.jpg);background-attachment: scroll; background-position: center center; ' ><\/div><\/div><div class='container' ><div class='template-page content  av-content-small alpha units'><div class='post-entry post-entry-type-page post-entry-994'><div class='entry-content-wrapper clearfix'>\n<div  style='height:400px' class='hr hr-invisible   avia-builder-el-14  avia-builder-el-no-sibling '><span class='hr-inner ' ><span class='hr-inner-style'><\/span><\/span><\/div>\n<\/div><\/div><\/div><!-- close content main div --><\/div><\/div><div id='after_section_2'  class='main_color av_default_container_wrap container_wrap sidebar_right' style=' '  ><div class='container' ><div class='template-page content  av-content-small alpha units'><div class='post-entry post-entry-type-page post-entry-994'><div class='entry-content-wrapper clearfix'><\/p>\n","protected":false},"excerpt":{"rendered":"<p>Electrobomba autoaspirante para piscinas, con prefiltro incorporado de grandes dimensiones. Filtro con tapa transparente en policarbonato. Cuerpo bomba, disco portasello y difusor en polipropileno resistente a los productos qu\u00edmicos y reforzado con fibra de vidrio. Eje en acero inoxidable AISI-316. Turbina en Noryl. Tapa transparente en policarbonato. Cierre mec\u00e1nico en carb\u00f3n-cer\u00e1mica y acero inoxidable AISI 316. Torniller\u00eda en Acero Inoxidable AISI 304.<\/p>\n","protected":false},"author":1,"featured_media":704,"parent":0,"menu_order":0,"comment_status":"closed","ping_status":"closed","template":"","meta":{"footnotes":""},"class_list":["post-994","page","type-page","status-publish","has-post-thumbnail","hentry"],"_links":{"self":[{"href":"https:\/\/arionapools.com\/fr\/wp-json\/wp\/v2\/pages\/994","targetHints":{"allow":["GET"]}}],"collection":[{"href":"https:\/\/arionapools.com\/fr\/wp-json\/wp\/v2\/pages"}],"about":[{"href":"https:\/\/arionapools.com\/fr\/wp-json\/wp\/v2\/types\/page"}],"author":[{"embeddable":true,"href":"https:\/\/arionapools.com\/fr\/wp-json\/wp\/v2\/users\/1"}],"replies":[{"embeddable":true,"href":"https:\/\/arionapools.com\/fr\/wp-json\/wp\/v2\/comments?post=994"}],"version-history":[{"count":6,"href":"https:\/\/arionapools.com\/fr\/wp-json\/wp\/v2\/pages\/994\/revisions"}],"predecessor-version":[{"id":1921,"href":"https:\/\/arionapools.com\/fr\/wp-json\/wp\/v2\/pages\/994\/revisions\/1921"}],"wp:featuredmedia":[{"embeddable":true,"href":"https:\/\/arionapools.com\/fr\/wp-json\/wp\/v2\/media\/704"}],"wp:attachment":[{"href":"https:\/\/arionapools.com\/fr\/wp-json\/wp\/v2\/media?parent=994"}],"curies":[{"name":"wp","href":"https:\/\/api.w.org\/{rel}","templated":true}]}}