{"id":999,"date":"2019-03-27T16:34:37","date_gmt":"2019-03-27T16:34:37","guid":{"rendered":"https:\/\/arionapools.com\/quienes-somos"},"modified":"2019-06-02T10:24:12","modified_gmt":"2019-06-02T10:24:12","slug":"qui-sommes-nous","status":"publish","type":"page","link":"https:\/\/arionapools.com\/fr\/qui-sommes-nous\/","title":{"rendered":"Qui sommes-nous?"},"content":{"rendered":"<div id='av-layout-grid-1'  class='av-layout-grid-container entry-content-wrapper main_color av-flex-cells     avia-builder-el-0  el_before_av_layout_row  avia-builder-el-first  container_wrap sidebar_right' style=' '  >\n<div class=\"flex_cell no_margin av_one_half  avia-builder-el-1  el_before_av_cell_one_half  avia-builder-el-first   \"  style='height:300px; min-height:300px;vertical-align:top; padding:30px 60px 30px 60px ; ' ><div class='flex_cell_inner' ><p><div  style='height:30px' class='hr hr-invisible   avia-builder-el-2  el_before_av_textblock  avia-builder-el-first '><span class='hr-inner ' ><span class='hr-inner-style'><\/span><\/span><\/div><br \/>\n<section class=\"av_textblock_section \"  itemscope=\"itemscope\" itemtype=\"https:\/\/schema.org\/CreativeWork\" ><div class='avia_textblock  '   itemprop=\"text\" ><h1><strong>Bienvenu \u00e0 Ariona Pools<\/strong><\/h1>\n<\/div><\/section><br \/>\n<section class=\"av_textblock_section \"  itemscope=\"itemscope\" itemtype=\"https:\/\/schema.org\/CreativeWork\" ><div class='avia_textblock  '   itemprop=\"text\" ><p><span style=\"font-weight: 400;\">Nous sommes des fabricants sp\u00e9cialis\u00e9s, avec nos propres brevets, de <\/span><span style=\"font-weight: 400;\">filtres en fibre de verre pour piscines, priv\u00e9es et publiques, et nous <\/span><span style=\"font-weight: 400;\">proposons une ample gamme de solutions novatrices pour \u00eatre toujours <\/span><span style=\"font-weight: 400;\">\u00e0 l\u2019avant-garde des besoins et des exigences de nos clients.<\/span><\/p>\n<p><span style=\"font-weight: 400;\">\u00c0 notre centre moderne de production, sis dans la province de Gipuzkoa <\/span><span style=\"font-weight: 400;\">(Espagne), nous mettons au point, concevons et fabriquons tous <\/span><span style=\"font-weight: 400;\">nos produits selon les plus hauts standards de qualit\u00e9. <\/span><span style=\"font-weight: 400;\">La fabrication int\u00e9grale \u00e0 notre usine d\u2019Espagne, l\u2019essai hydraulique <\/span><span style=\"font-weight: 400;\">de 100% des filtres et un emballage particuli\u00e8rement adapt\u00e9 aux dures <\/span><span style=\"font-weight: 400;\">conditions du transport, nous permettent de garantir le parfait <\/span><span style=\"font-weight: 400;\">fonctionnement de tous nos filtres.<\/span><\/p>\n<\/div><\/section><br \/>\n<div  style='height:30px' class='hr hr-invisible   avia-builder-el-5  el_after_av_textblock  avia-builder-el-last '><span class='hr-inner ' ><span class='hr-inner-style'><\/span><\/span><\/div><\/p>\n<\/div><\/div><div class=\"flex_cell no_margin av_one_half  avia-builder-el-6  el_after_av_cell_one_half  avia-builder-el-last   avia-full-stretch \"  style='height:300px; min-height:300px;background:url(https:\/\/arionapools.com\/wp-content\/uploads\/2019\/03\/AdobeStock_133916566.jpg) center center no-repeat fixed; vertical-align:top; padding:30px; ' ><div class='flex_cell_inner' ><\/div><\/div><\/div><div id='av-layout-grid-2'  class='av-layout-grid-container entry-content-wrapper main_color av-flex-cells     avia-builder-el-7  el_after_av_layout_row  avia-builder-el-last  submenu-not-first container_wrap sidebar_right' style=' '  >\n<div class=\"flex_cell no_margin av_one_half  avia-builder-el-8  el_before_av_cell_one_half  avia-builder-el-first   avia-full-contain \"  style='height:400px; min-height:400px;background:url(https:\/\/arionapools.com\/wp-content\/uploads\/2019\/03\/AdobeStock_133916566.jpg) bottom left no-repeat fixed; vertical-align:top; padding:30px 60px 30px 60px ; ' ><div class='flex_cell_inner' ><\/div><\/div><div class=\"flex_cell no_margin av_one_half  avia-builder-el-9  el_after_av_cell_one_half  avia-builder-el-last   avia-full-stretch \"  style='height:400px; min-height:400px;vertical-align:top; padding:30px; ' ><div class='flex_cell_inner' ><p><div  style='height:10px' class='hr hr-invisible   avia-builder-el-10  el_before_av_textblock  avia-builder-el-first '><span class='hr-inner ' ><span class='hr-inner-style'><\/span><\/span><\/div><br \/>\n<section class=\"av_textblock_section \"  itemscope=\"itemscope\" itemtype=\"https:\/\/schema.org\/CreativeWork\" ><div class='avia_textblock  '   itemprop=\"text\" ><h1><strong>Notre equipe<\/strong><\/h1>\n<\/div><\/section><br \/>\n<div  style='height:20px' class='hr hr-invisible   avia-builder-el-12  el_after_av_textblock  el_before_av_textblock '><span class='hr-inner ' ><span class='hr-inner-style'><\/span><\/span><\/div><br \/>\n<section class=\"av_textblock_section \"  itemscope=\"itemscope\" itemtype=\"https:\/\/schema.org\/CreativeWork\" ><div class='avia_textblock  '   itemprop=\"text\" ><p><span style=\"font-weight: 400;\">Notre \u00e9quipe de travail accumule plus de 30 ans d\u2019exp\u00e9rience dans <\/span><span style=\"font-weight: 400;\">le secteur, en ayant mis au point des solutions adapt\u00e9es aux diverses <\/span><span style=\"font-weight: 400;\">r\u00e9glementations des march\u00e9s dans plus de 60 pays.<\/span><\/p>\n<\/div><\/section><br \/>\n<div  style='height:60px' class='hr hr-invisible   avia-builder-el-14  el_after_av_textblock  el_before_av_button '><span class='hr-inner ' ><span class='hr-inner-style'><\/span><\/span><\/div><br \/>\n<div  class='avia-button-wrap avia-button-center  avia-builder-el-15  el_after_av_hr  avia-builder-el-last ' ><a href='https:\/\/arionapools.com\/fr#contact'  class='avia-button av-icon-on-hover avia-color-theme-color   avia-icon_select-yes-right-icon avia-size-large avia-position-center '   ><span class='avia_iconbox_title' >Contactez-nous<\/span><span class='avia_button_icon avia_button_icon_right' aria-hidden='true' data-av_icon='\ue82b' data-av_iconfont='entypo-fontello'><\/span><\/a><\/div><\/p>\n<\/div><\/div>\n<\/div><\/p>\n","protected":false},"excerpt":{"rendered":"<p>Nous sommes des fabricants sp\u00e9cialis\u00e9s, avec nos propres brevets, de filtres en fibre de verre pour piscines, priv\u00e9es et publiques, et nous proposons une ample gamme de solutions novatrices pour \u00eatre toujours \u00e0 l\u2019avant-garde des besoins et des exigences de nos clients.<\/p>\n","protected":false},"author":1,"featured_media":890,"parent":0,"menu_order":0,"comment_status":"closed","ping_status":"closed","template":"","meta":{"footnotes":""},"class_list":["post-999","page","type-page","status-publish","has-post-thumbnail","hentry"],"_links":{"self":[{"href":"https:\/\/arionapools.com\/fr\/wp-json\/wp\/v2\/pages\/999","targetHints":{"allow":["GET"]}}],"collection":[{"href":"https:\/\/arionapools.com\/fr\/wp-json\/wp\/v2\/pages"}],"about":[{"href":"https:\/\/arionapools.com\/fr\/wp-json\/wp\/v2\/types\/page"}],"author":[{"embeddable":true,"href":"https:\/\/arionapools.com\/fr\/wp-json\/wp\/v2\/users\/1"}],"replies":[{"embeddable":true,"href":"https:\/\/arionapools.com\/fr\/wp-json\/wp\/v2\/comments?post=999"}],"version-history":[{"count":7,"href":"https:\/\/arionapools.com\/fr\/wp-json\/wp\/v2\/pages\/999\/revisions"}],"predecessor-version":[{"id":2166,"href":"https:\/\/arionapools.com\/fr\/wp-json\/wp\/v2\/pages\/999\/revisions\/2166"}],"wp:featuredmedia":[{"embeddable":true,"href":"https:\/\/arionapools.com\/fr\/wp-json\/wp\/v2\/media\/890"}],"wp:attachment":[{"href":"https:\/\/arionapools.com\/fr\/wp-json\/wp\/v2\/media?parent=999"}],"curies":[{"name":"wp","href":"https:\/\/api.w.org\/{rel}","templated":true}]}}